{"id":133720,"date":"2024-02-13T15:25:05","date_gmt":"2024-02-13T13:25:05","guid":{"rendered":"https:\/\/metaltale.com\/produktas\/loft-seinakell-motocykl\/"},"modified":"2024-02-13T15:25:05","modified_gmt":"2024-02-13T13:25:05","slug":"loft-seinakell-motocykl","status":"publish","type":"product","link":"https:\/\/metaltale.com\/et\/toode\/loft-seinakell-motocykl\/","title":{"rendered":"Loft seinakell MOTOCYKL"},"content":{"rendered":"<div class=\"prod_data\"><strong>Mudel<\/strong> DI.6742  <br \/><strong>Materjal<\/strong> teras, klaas  <br \/><strong>\u00dcldine k\u00f5rgus (cm)<\/strong> 50  <br \/><strong>\u00dcldine laius (cm)<\/strong> 120  <br \/><strong>S\u00fcgavus (cm)<\/strong> 11  <\/p>\n<p>t\u00f6\u00f6stuslikus stiilis rippuv kell<\/p>\n<p>mootorrattakujuline terastoode<\/p>\n<p>ebatavaline, kuid ajatu seinakaunistus<\/p>\n<hr>\n<p>See ainulaadne seinakaunistus toob teie interj\u00f6\u00f6ri pisut mootorratturivaimu ja on suurep\u00e4rane meelelahutus k\u00f5igile mootorrattaf\u00e4nnidele. Mootorratas on valmistatud terasest, mis tagab selle vastupidavuse ja tugevuse. Kella paigutamine mootorratta keskele annab sellele funktsionaalse iseloomu ja muudab selle sisustuse keskpunktiks. Kavandatav kell on suurep\u00e4rane v\u00f5imalus r\u00f5hutada oma hobisid ja ruumi iseloomu.<\/p>\n<\/div>\n","protected":false},"excerpt":{"rendered":"<p>Mudel DI.6742 Materjal teras, klaas \u00dcldine k\u00f5rgus (cm) 50 \u00dcldine laius (cm) 120 S\u00fcgavus (cm) 11 t\u00f6\u00f6stuslikus stiilis rippuv kell<\/p>\n","protected":false},"featured_media":115093,"comment_status":"open","ping_status":"closed","template":"","meta":{"_acf_changed":false,"pmpro_default_level":""},"product_brand":[],"product_cat":[24192],"product_tag":[],"class_list":{"0":"post-133720","1":"product","2":"type-product","3":"status-publish","4":"has-post-thumbnail","6":"product_cat-seinakellad","7":"pmpro-has-access","9":"first","10":"instock","11":"shipping-taxable","12":"purchasable","13":"product-type-simple"},"acf":[],"yoast_head":"<!-- This site is optimized with the Yoast SEO plugin v24.9 - https:\/\/yoast.com\/wordpress\/plugins\/seo\/ -->\n<title>Loft seinakell MOTOCYKL - MetalTale.com<\/title>\n<meta name=\"robots\" content=\"index, follow, max-snippet:-1, max-image-preview:large, max-video-preview:-1\" \/>\n<link rel=\"canonical\" href=\"https:\/\/metaltale.com\/et\/toode\/loft-seinakell-motocykl\/\" \/>\n<meta property=\"og:locale\" content=\"et_EE\" \/>\n<meta property=\"og:type\" content=\"article\" \/>\n<meta property=\"og:title\" content=\"Loft seinakell MOTOCYKL - MetalTale.com\" \/>\n<meta property=\"og:description\" content=\"Mudel DI.6742 Materjal teras, klaas \u00dcldine k\u00f5rgus (cm) 50 \u00dcldine laius (cm) 120 S\u00fcgavus (cm) 11 t\u00f6\u00f6stuslikus stiilis rippuv kell\" \/>\n<meta property=\"og:url\" content=\"https:\/\/metaltale.com\/et\/toode\/loft-seinakell-motocykl\/\" \/>\n<meta property=\"og:site_name\" content=\"MetalTale.com\" \/>\n<meta name=\"twitter:card\" content=\"summary_large_image\" \/>\n<script type=\"application\/ld+json\" class=\"yoast-schema-graph\">{\"@context\":\"https:\/\/schema.org\",\"@graph\":[{\"@type\":\"WebPage\",\"@id\":\"https:\/\/metaltale.com\/et\/toode\/loft-seinakell-motocykl\/\",\"url\":\"https:\/\/metaltale.com\/et\/toode\/loft-seinakell-motocykl\/\",\"name\":\"Loft seinakell MOTOCYKL - MetalTale.com\",\"isPartOf\":{\"@id\":\"https:\/\/metaltale.com\/et\/#website\"},\"primaryImageOfPage\":{\"@id\":\"https:\/\/metaltale.com\/et\/toode\/loft-seinakell-motocykl\/#primaryimage\"},\"image\":{\"@id\":\"https:\/\/metaltale.com\/et\/toode\/loft-seinakell-motocykl\/#primaryimage\"},\"thumbnailUrl\":\"https:\/\/metaltale.com\/wp-content\/uploads\/2023\/11\/Palx117px117s-sieninis-laikrodis-MOTOCYKL.jpg\",\"datePublished\":\"2024-02-13T13:25:05+00:00\",\"breadcrumb\":{\"@id\":\"https:\/\/metaltale.com\/et\/toode\/loft-seinakell-motocykl\/#breadcrumb\"},\"inLanguage\":\"et\",\"potentialAction\":[{\"@type\":\"ReadAction\",\"target\":[\"https:\/\/metaltale.com\/et\/toode\/loft-seinakell-motocykl\/\"]}]},{\"@type\":\"ImageObject\",\"inLanguage\":\"et\",\"@id\":\"https:\/\/metaltale.com\/et\/toode\/loft-seinakell-motocykl\/#primaryimage\",\"url\":\"https:\/\/metaltale.com\/wp-content\/uploads\/2023\/11\/Palx117px117s-sieninis-laikrodis-MOTOCYKL.jpg\",\"contentUrl\":\"https:\/\/metaltale.com\/wp-content\/uploads\/2023\/11\/Palx117px117s-sieninis-laikrodis-MOTOCYKL.jpg\",\"width\":800,\"height\":800},{\"@type\":\"BreadcrumbList\",\"@id\":\"https:\/\/metaltale.com\/et\/toode\/loft-seinakell-motocykl\/#breadcrumb\",\"itemListElement\":[{\"@type\":\"ListItem\",\"position\":1,\"name\":\"Home\",\"item\":\"https:\/\/metaltale.com\/et\/kodu\/\"},{\"@type\":\"ListItem\",\"position\":2,\"name\":\"Kauplus\",\"item\":\"https:\/\/metaltale.com\/et\/shop\/\"},{\"@type\":\"ListItem\",\"position\":3,\"name\":\"Loft seinakell MOTOCYKL\"}]},{\"@type\":\"WebSite\",\"@id\":\"https:\/\/metaltale.com\/et\/#website\",\"url\":\"https:\/\/metaltale.com\/et\/\",\"name\":\"Metaltale.com\",\"description\":\"\",\"potentialAction\":[{\"@type\":\"SearchAction\",\"target\":{\"@type\":\"EntryPoint\",\"urlTemplate\":\"https:\/\/metaltale.com\/et\/?s={search_term_string}\"},\"query-input\":{\"@type\":\"PropertyValueSpecification\",\"valueRequired\":true,\"valueName\":\"search_term_string\"}}],\"inLanguage\":\"et\"}]}<\/script>\n<!-- \/ Yoast SEO plugin. -->","yoast_head_json":{"title":"Loft seinakell MOTOCYKL - MetalTale.com","robots":{"index":"index","follow":"follow","max-snippet":"max-snippet:-1","max-image-preview":"max-image-preview:large","max-video-preview":"max-video-preview:-1"},"canonical":"https:\/\/metaltale.com\/et\/toode\/loft-seinakell-motocykl\/","og_locale":"et_EE","og_type":"article","og_title":"Loft seinakell MOTOCYKL - MetalTale.com","og_description":"Mudel DI.6742 Materjal teras, klaas \u00dcldine k\u00f5rgus (cm) 50 \u00dcldine laius (cm) 120 S\u00fcgavus (cm) 11 t\u00f6\u00f6stuslikus stiilis rippuv kell","og_url":"https:\/\/metaltale.com\/et\/toode\/loft-seinakell-motocykl\/","og_site_name":"MetalTale.com","twitter_card":"summary_large_image","schema":{"@context":"https:\/\/schema.org","@graph":[{"@type":"WebPage","@id":"https:\/\/metaltale.com\/et\/toode\/loft-seinakell-motocykl\/","url":"https:\/\/metaltale.com\/et\/toode\/loft-seinakell-motocykl\/","name":"Loft seinakell MOTOCYKL - MetalTale.com","isPartOf":{"@id":"https:\/\/metaltale.com\/et\/#website"},"primaryImageOfPage":{"@id":"https:\/\/metaltale.com\/et\/toode\/loft-seinakell-motocykl\/#primaryimage"},"image":{"@id":"https:\/\/metaltale.com\/et\/toode\/loft-seinakell-motocykl\/#primaryimage"},"thumbnailUrl":"https:\/\/metaltale.com\/wp-content\/uploads\/2023\/11\/Palx117px117s-sieninis-laikrodis-MOTOCYKL.jpg","datePublished":"2024-02-13T13:25:05+00:00","breadcrumb":{"@id":"https:\/\/metaltale.com\/et\/toode\/loft-seinakell-motocykl\/#breadcrumb"},"inLanguage":"et","potentialAction":[{"@type":"ReadAction","target":["https:\/\/metaltale.com\/et\/toode\/loft-seinakell-motocykl\/"]}]},{"@type":"ImageObject","inLanguage":"et","@id":"https:\/\/metaltale.com\/et\/toode\/loft-seinakell-motocykl\/#primaryimage","url":"https:\/\/metaltale.com\/wp-content\/uploads\/2023\/11\/Palx117px117s-sieninis-laikrodis-MOTOCYKL.jpg","contentUrl":"https:\/\/metaltale.com\/wp-content\/uploads\/2023\/11\/Palx117px117s-sieninis-laikrodis-MOTOCYKL.jpg","width":800,"height":800},{"@type":"BreadcrumbList","@id":"https:\/\/metaltale.com\/et\/toode\/loft-seinakell-motocykl\/#breadcrumb","itemListElement":[{"@type":"ListItem","position":1,"name":"Home","item":"https:\/\/metaltale.com\/et\/kodu\/"},{"@type":"ListItem","position":2,"name":"Kauplus","item":"https:\/\/metaltale.com\/et\/shop\/"},{"@type":"ListItem","position":3,"name":"Loft seinakell MOTOCYKL"}]},{"@type":"WebSite","@id":"https:\/\/metaltale.com\/et\/#website","url":"https:\/\/metaltale.com\/et\/","name":"Metaltale.com","description":"","potentialAction":[{"@type":"SearchAction","target":{"@type":"EntryPoint","urlTemplate":"https:\/\/metaltale.com\/et\/?s={search_term_string}"},"query-input":{"@type":"PropertyValueSpecification","valueRequired":true,"valueName":"search_term_string"}}],"inLanguage":"et"}]}},"_links":{"self":[{"href":"https:\/\/metaltale.com\/et\/wp-json\/wp\/v2\/product\/133720","targetHints":{"allow":["GET"]}}],"collection":[{"href":"https:\/\/metaltale.com\/et\/wp-json\/wp\/v2\/product"}],"about":[{"href":"https:\/\/metaltale.com\/et\/wp-json\/wp\/v2\/types\/product"}],"replies":[{"embeddable":true,"href":"https:\/\/metaltale.com\/et\/wp-json\/wp\/v2\/comments?post=133720"}],"version-history":[{"count":0,"href":"https:\/\/metaltale.com\/et\/wp-json\/wp\/v2\/product\/133720\/revisions"}],"wp:featuredmedia":[{"embeddable":true,"href":"https:\/\/metaltale.com\/et\/wp-json\/wp\/v2\/media\/115093"}],"wp:attachment":[{"href":"https:\/\/metaltale.com\/et\/wp-json\/wp\/v2\/media?parent=133720"}],"wp:term":[{"taxonomy":"product_brand","embeddable":true,"href":"https:\/\/metaltale.com\/et\/wp-json\/wp\/v2\/product_brand?post=133720"},{"taxonomy":"product_cat","embeddable":true,"href":"https:\/\/metaltale.com\/et\/wp-json\/wp\/v2\/product_cat?post=133720"},{"taxonomy":"product_tag","embeddable":true,"href":"https:\/\/metaltale.com\/et\/wp-json\/wp\/v2\/product_tag?post=133720"}],"curies":[{"name":"wp","href":"https:\/\/api.w.org\/{rel}","templated":true}]}}