{"id":133705,"date":"2024-02-13T15:25:05","date_gmt":"2024-02-13T13:25:05","guid":{"rendered":"https:\/\/metaltale.com\/produktas\/statsionaarne-koogisegisti-ronda-antiik-kuldne\/"},"modified":"2024-02-13T15:25:05","modified_gmt":"2024-02-13T13:25:05","slug":"statsionaarne-koogisegisti-ronda-antiik-kuldne","status":"publish","type":"product","link":"https:\/\/metaltale.com\/et\/toode\/statsionaarne-koogisegisti-ronda-antiik-kuldne\/","title":{"rendered":"Statsionaarne k\u00f6\u00f6gisegisti RONDA, antiik kuldne"},"content":{"rendered":"<div class=\"prod_data\">\n<p><strong>Mudel<\/strong> QZ.CF-00103-AZL<br \/>\nKaasaegne <strong>kollektsioon<\/strong><br \/>\n<strong>K\u00f5rgus (cm)<\/strong> 33,5<br \/>\n<strong>Aluse l\u00e4bim\u00f5\u00f5t (cm)<\/strong> 4,5<br \/>\n<strong>V\u00e4ljalaskeava pikkus (cm<\/strong> ) 17<br \/>\n<strong>K\u00f5rgus ninaotsani (cm)<\/strong> 18<br \/>\n<strong>Materjal<\/strong> Roostevaba teras<br \/>\n<strong>V\u00e4rv<\/strong> Antiik kuld<br \/>\nViimistlus Matte<br \/>\n<strong>P\u00f6\u00f6rlev v\u00e4ljalaskeava<\/strong> Jah<br \/>\n<strong>Perlator (\u00f5hutaja)<\/strong> Jah<\/p>\n<p>roostevabast terasest seinasegisti<\/p>\n<p>360&#8242; p\u00f6\u00f6rlev otsak<\/p>\n<p>keraamiline pea &#8211; element, mis tagab vee n\u00f5uetekohase jaotamise<\/p>\n<p>\u00d5hutaja &#8211; vee tarbimise v\u00e4hendamiseks<\/p>\n<p>K\u00f5ik paigaldamiseks vajalikud elemendid (voolik, kruvi lauaplaadi jaoks, kruvitihendid) kuuluvad komplekti.<\/p>\n<hr>\n<p>K\u00f6\u00f6gikraan on esteetika ja funktsionaalsuse kombinatsioon, mis vastab ka k\u00f5ige n\u00f5udlikumate kasutajate ootustele. P\u00f6\u00f6rlev otsik annab teile v\u00f5rratu liikumisvabaduse ja \u00f5hutaja tagab vee ja \u00f5hu \u00fchtlase segunemise, mis t\u00e4hendab raha kokkuhoidu ilma mugavuse kaotamiseta. Antiikkullast valmistatud segisti lisab teie k\u00f6\u00f6ki rafineeritud luksust. Selle elegantsed vormid lisavad interj\u00f6\u00f6rile peenust ja klassi, muutes selle samas ruumis silmapaistvaks.<\/p>\n<\/div>\n","protected":false},"excerpt":{"rendered":"<p>Mudel QZ.CF-00103-AZL Kaasaegne kollektsioon K\u00f5rgus (cm) 33,5 Aluse l\u00e4bim\u00f5\u00f5t (cm) 4,5 V\u00e4ljalaskeava pikkus (cm ) 17 K\u00f5rgus ninaotsani (cm) 18<\/p>\n","protected":false},"featured_media":96129,"comment_status":"open","ping_status":"closed","template":"","meta":{"_acf_changed":false,"pmpro_default_level":""},"product_brand":[],"product_cat":[24178,24179],"product_tag":[],"class_list":{"0":"post-133705","1":"product","2":"type-product","3":"status-publish","4":"has-post-thumbnail","6":"product_cat-koogisegistid","7":"product_cat-vabalt-seisvad-koogisegistid","8":"pmpro-has-access","10":"first","11":"instock","12":"shipping-taxable","13":"purchasable","14":"product-type-simple"},"acf":[],"yoast_head":"<!-- This site is optimized with the Yoast SEO plugin v24.9 - https:\/\/yoast.com\/wordpress\/plugins\/seo\/ -->\n<title>Statsionaarne k\u00f6\u00f6gisegisti RONDA, antiik kuldne - MetalTale.com<\/title>\n<meta name=\"robots\" content=\"index, follow, max-snippet:-1, max-image-preview:large, max-video-preview:-1\" \/>\n<link rel=\"canonical\" href=\"https:\/\/metaltale.com\/et\/toode\/statsionaarne-koogisegisti-ronda-antiik-kuldne\/\" \/>\n<meta property=\"og:locale\" content=\"et_EE\" \/>\n<meta property=\"og:type\" content=\"article\" \/>\n<meta property=\"og:title\" content=\"Statsionaarne k\u00f6\u00f6gisegisti RONDA, antiik kuldne - MetalTale.com\" \/>\n<meta property=\"og:description\" content=\"Mudel QZ.CF-00103-AZL Kaasaegne kollektsioon K\u00f5rgus (cm) 33,5 Aluse l\u00e4bim\u00f5\u00f5t (cm) 4,5 V\u00e4ljalaskeava pikkus (cm ) 17 K\u00f5rgus ninaotsani (cm) 18\" \/>\n<meta property=\"og:url\" content=\"https:\/\/metaltale.com\/et\/toode\/statsionaarne-koogisegisti-ronda-antiik-kuldne\/\" \/>\n<meta property=\"og:site_name\" content=\"MetalTale.com\" \/>\n<meta property=\"og:image\" content=\"https:\/\/metaltale.com\/wp-content\/uploads\/2023\/10\/Stacionarus-virtuvx117s-maix161ytuvas-Antikvarinis-auksas-RONDA.jpg\" \/>\n\t<meta property=\"og:image:width\" content=\"800\" \/>\n\t<meta property=\"og:image:height\" content=\"800\" \/>\n\t<meta property=\"og:image:type\" content=\"image\/jpeg\" \/>\n<meta name=\"twitter:card\" content=\"summary_large_image\" \/>\n<meta name=\"twitter:label1\" content=\"Est. reading time\" \/>\n\t<meta name=\"twitter:data1\" content=\"1 minut\" \/>\n<script type=\"application\/ld+json\" class=\"yoast-schema-graph\">{\"@context\":\"https:\/\/schema.org\",\"@graph\":[{\"@type\":\"WebPage\",\"@id\":\"https:\/\/metaltale.com\/et\/toode\/statsionaarne-koogisegisti-ronda-antiik-kuldne\/\",\"url\":\"https:\/\/metaltale.com\/et\/toode\/statsionaarne-koogisegisti-ronda-antiik-kuldne\/\",\"name\":\"Statsionaarne k\u00f6\u00f6gisegisti RONDA, antiik kuldne - MetalTale.com\",\"isPartOf\":{\"@id\":\"https:\/\/metaltale.com\/et\/#website\"},\"primaryImageOfPage\":{\"@id\":\"https:\/\/metaltale.com\/et\/toode\/statsionaarne-koogisegisti-ronda-antiik-kuldne\/#primaryimage\"},\"image\":{\"@id\":\"https:\/\/metaltale.com\/et\/toode\/statsionaarne-koogisegisti-ronda-antiik-kuldne\/#primaryimage\"},\"thumbnailUrl\":\"https:\/\/metaltale.com\/wp-content\/uploads\/2023\/10\/Stacionarus-virtuvx117s-maix161ytuvas-Antikvarinis-auksas-RONDA.jpg\",\"datePublished\":\"2024-02-13T13:25:05+00:00\",\"breadcrumb\":{\"@id\":\"https:\/\/metaltale.com\/et\/toode\/statsionaarne-koogisegisti-ronda-antiik-kuldne\/#breadcrumb\"},\"inLanguage\":\"et\",\"potentialAction\":[{\"@type\":\"ReadAction\",\"target\":[\"https:\/\/metaltale.com\/et\/toode\/statsionaarne-koogisegisti-ronda-antiik-kuldne\/\"]}]},{\"@type\":\"ImageObject\",\"inLanguage\":\"et\",\"@id\":\"https:\/\/metaltale.com\/et\/toode\/statsionaarne-koogisegisti-ronda-antiik-kuldne\/#primaryimage\",\"url\":\"https:\/\/metaltale.com\/wp-content\/uploads\/2023\/10\/Stacionarus-virtuvx117s-maix161ytuvas-Antikvarinis-auksas-RONDA.jpg\",\"contentUrl\":\"https:\/\/metaltale.com\/wp-content\/uploads\/2023\/10\/Stacionarus-virtuvx117s-maix161ytuvas-Antikvarinis-auksas-RONDA.jpg\",\"width\":800,\"height\":800,\"caption\":\"Statsionaarne k\u00f6\u00f6gisegisti RONDA, antiik kuldne\"},{\"@type\":\"BreadcrumbList\",\"@id\":\"https:\/\/metaltale.com\/et\/toode\/statsionaarne-koogisegisti-ronda-antiik-kuldne\/#breadcrumb\",\"itemListElement\":[{\"@type\":\"ListItem\",\"position\":1,\"name\":\"Home\",\"item\":\"https:\/\/metaltale.com\/et\/kodu\/\"},{\"@type\":\"ListItem\",\"position\":2,\"name\":\"Kauplus\",\"item\":\"https:\/\/metaltale.com\/et\/shop\/\"},{\"@type\":\"ListItem\",\"position\":3,\"name\":\"Statsionaarne k\u00f6\u00f6gisegisti RONDA, antiik kuldne\"}]},{\"@type\":\"WebSite\",\"@id\":\"https:\/\/metaltale.com\/et\/#website\",\"url\":\"https:\/\/metaltale.com\/et\/\",\"name\":\"Metaltale.com\",\"description\":\"\",\"potentialAction\":[{\"@type\":\"SearchAction\",\"target\":{\"@type\":\"EntryPoint\",\"urlTemplate\":\"https:\/\/metaltale.com\/et\/?s={search_term_string}\"},\"query-input\":{\"@type\":\"PropertyValueSpecification\",\"valueRequired\":true,\"valueName\":\"search_term_string\"}}],\"inLanguage\":\"et\"}]}<\/script>\n<!-- \/ Yoast SEO plugin. -->","yoast_head_json":{"title":"Statsionaarne k\u00f6\u00f6gisegisti RONDA, antiik kuldne - MetalTale.com","robots":{"index":"index","follow":"follow","max-snippet":"max-snippet:-1","max-image-preview":"max-image-preview:large","max-video-preview":"max-video-preview:-1"},"canonical":"https:\/\/metaltale.com\/et\/toode\/statsionaarne-koogisegisti-ronda-antiik-kuldne\/","og_locale":"et_EE","og_type":"article","og_title":"Statsionaarne k\u00f6\u00f6gisegisti RONDA, antiik kuldne - MetalTale.com","og_description":"Mudel QZ.CF-00103-AZL Kaasaegne kollektsioon K\u00f5rgus (cm) 33,5 Aluse l\u00e4bim\u00f5\u00f5t (cm) 4,5 V\u00e4ljalaskeava pikkus (cm ) 17 K\u00f5rgus ninaotsani (cm) 18","og_url":"https:\/\/metaltale.com\/et\/toode\/statsionaarne-koogisegisti-ronda-antiik-kuldne\/","og_site_name":"MetalTale.com","og_image":[{"width":800,"height":800,"url":"https:\/\/metaltale.com\/wp-content\/uploads\/2023\/10\/Stacionarus-virtuvx117s-maix161ytuvas-Antikvarinis-auksas-RONDA.jpg","type":"image\/jpeg"}],"twitter_card":"summary_large_image","twitter_misc":{"Est. reading time":"1 minut"},"schema":{"@context":"https:\/\/schema.org","@graph":[{"@type":"WebPage","@id":"https:\/\/metaltale.com\/et\/toode\/statsionaarne-koogisegisti-ronda-antiik-kuldne\/","url":"https:\/\/metaltale.com\/et\/toode\/statsionaarne-koogisegisti-ronda-antiik-kuldne\/","name":"Statsionaarne k\u00f6\u00f6gisegisti RONDA, antiik kuldne - MetalTale.com","isPartOf":{"@id":"https:\/\/metaltale.com\/et\/#website"},"primaryImageOfPage":{"@id":"https:\/\/metaltale.com\/et\/toode\/statsionaarne-koogisegisti-ronda-antiik-kuldne\/#primaryimage"},"image":{"@id":"https:\/\/metaltale.com\/et\/toode\/statsionaarne-koogisegisti-ronda-antiik-kuldne\/#primaryimage"},"thumbnailUrl":"https:\/\/metaltale.com\/wp-content\/uploads\/2023\/10\/Stacionarus-virtuvx117s-maix161ytuvas-Antikvarinis-auksas-RONDA.jpg","datePublished":"2024-02-13T13:25:05+00:00","breadcrumb":{"@id":"https:\/\/metaltale.com\/et\/toode\/statsionaarne-koogisegisti-ronda-antiik-kuldne\/#breadcrumb"},"inLanguage":"et","potentialAction":[{"@type":"ReadAction","target":["https:\/\/metaltale.com\/et\/toode\/statsionaarne-koogisegisti-ronda-antiik-kuldne\/"]}]},{"@type":"ImageObject","inLanguage":"et","@id":"https:\/\/metaltale.com\/et\/toode\/statsionaarne-koogisegisti-ronda-antiik-kuldne\/#primaryimage","url":"https:\/\/metaltale.com\/wp-content\/uploads\/2023\/10\/Stacionarus-virtuvx117s-maix161ytuvas-Antikvarinis-auksas-RONDA.jpg","contentUrl":"https:\/\/metaltale.com\/wp-content\/uploads\/2023\/10\/Stacionarus-virtuvx117s-maix161ytuvas-Antikvarinis-auksas-RONDA.jpg","width":800,"height":800,"caption":"Statsionaarne k\u00f6\u00f6gisegisti RONDA, antiik kuldne"},{"@type":"BreadcrumbList","@id":"https:\/\/metaltale.com\/et\/toode\/statsionaarne-koogisegisti-ronda-antiik-kuldne\/#breadcrumb","itemListElement":[{"@type":"ListItem","position":1,"name":"Home","item":"https:\/\/metaltale.com\/et\/kodu\/"},{"@type":"ListItem","position":2,"name":"Kauplus","item":"https:\/\/metaltale.com\/et\/shop\/"},{"@type":"ListItem","position":3,"name":"Statsionaarne k\u00f6\u00f6gisegisti RONDA, antiik kuldne"}]},{"@type":"WebSite","@id":"https:\/\/metaltale.com\/et\/#website","url":"https:\/\/metaltale.com\/et\/","name":"Metaltale.com","description":"","potentialAction":[{"@type":"SearchAction","target":{"@type":"EntryPoint","urlTemplate":"https:\/\/metaltale.com\/et\/?s={search_term_string}"},"query-input":{"@type":"PropertyValueSpecification","valueRequired":true,"valueName":"search_term_string"}}],"inLanguage":"et"}]}},"_links":{"self":[{"href":"https:\/\/metaltale.com\/et\/wp-json\/wp\/v2\/product\/133705","targetHints":{"allow":["GET"]}}],"collection":[{"href":"https:\/\/metaltale.com\/et\/wp-json\/wp\/v2\/product"}],"about":[{"href":"https:\/\/metaltale.com\/et\/wp-json\/wp\/v2\/types\/product"}],"replies":[{"embeddable":true,"href":"https:\/\/metaltale.com\/et\/wp-json\/wp\/v2\/comments?post=133705"}],"version-history":[{"count":0,"href":"https:\/\/metaltale.com\/et\/wp-json\/wp\/v2\/product\/133705\/revisions"}],"wp:featuredmedia":[{"embeddable":true,"href":"https:\/\/metaltale.com\/et\/wp-json\/wp\/v2\/media\/96129"}],"wp:attachment":[{"href":"https:\/\/metaltale.com\/et\/wp-json\/wp\/v2\/media?parent=133705"}],"wp:term":[{"taxonomy":"product_brand","embeddable":true,"href":"https:\/\/metaltale.com\/et\/wp-json\/wp\/v2\/product_brand?post=133705"},{"taxonomy":"product_cat","embeddable":true,"href":"https:\/\/metaltale.com\/et\/wp-json\/wp\/v2\/product_cat?post=133705"},{"taxonomy":"product_tag","embeddable":true,"href":"https:\/\/metaltale.com\/et\/wp-json\/wp\/v2\/product_tag?post=133705"}],"curies":[{"name":"wp","href":"https:\/\/api.w.org\/{rel}","templated":true}]}}