{"id":133702,"date":"2024-02-13T15:25:05","date_gmt":"2024-02-13T13:25:05","guid":{"rendered":"https:\/\/metaltale.com\/produktas\/loft-seinakell-tooth-wheels\/"},"modified":"2024-02-13T15:25:05","modified_gmt":"2024-02-13T13:25:05","slug":"loft-seinakell-tooth-wheels","status":"publish","type":"product","link":"https:\/\/metaltale.com\/et\/toode\/loft-seinakell-tooth-wheels\/","title":{"rendered":"Loft seinakell TOOTH WHEELS"},"content":{"rendered":"<div class=\"prod_data\"><strong>Mudel<\/strong> DI.7327  <br \/><strong>Materjal<\/strong> Metall, klaas  <br \/><strong>\u00dcldine k\u00f5rgus (cm)<\/strong> 53  <br \/><strong>\u00dcldine laius (cm<\/strong> ) 48  <br \/><strong>S\u00fcgavus (cm)<\/strong> 10  <\/p>\n<p>t\u00f6\u00f6stuslikus stiilis rippuv kell<\/p>\n<p>t\u00f6\u00f6stuslike elementidega tootedisain<\/p>\n<p>ebatavaline, kuid ajatu seinakaunistus<\/p>\n<hr>\n<p>Meie kell on ainulaadne kombinatsioon funktsionaalsusest ja esteetikast, mis viib teid p\u00f5nevasse mehhanismi ja tehnoloogia maailma. Unikaalne disain tuleneb hammasrataste kujulistest dekoratiivsetest elementidest, mis annavad sellele toore t\u00f6\u00f6stusliku iseloomu. T\u00e4iendavad elemendid, nagu metallkonteiner koos ventiiliga, termomeeter ja h\u00fcgromeeter, r\u00f5hutavad toote t\u00f6\u00f6stuslikku iseloomu. Kavandatud kell ei ole mitte ainult aja j\u00e4lgimise vahend, vaid ka pilkup\u00fc\u00fcdev dekoratsioon ja ruumi mitmek\u00fclgne element.<\/p>\n<\/div>\n","protected":false},"excerpt":{"rendered":"<p>Mudel DI.7327 Materjal Metall, klaas \u00dcldine k\u00f5rgus (cm) 53 \u00dcldine laius (cm ) 48 S\u00fcgavus (cm) 10 t\u00f6\u00f6stuslikus stiilis rippuv<\/p>\n","protected":false},"featured_media":96087,"comment_status":"open","ping_status":"closed","template":"","meta":{"_acf_changed":false,"pmpro_default_level":""},"product_brand":[],"product_cat":[24192],"product_tag":[],"class_list":{"0":"post-133702","1":"product","2":"type-product","3":"status-publish","4":"has-post-thumbnail","6":"product_cat-seinakellad","7":"pmpro-has-access","9":"first","10":"instock","11":"shipping-taxable","12":"purchasable","13":"product-type-simple"},"acf":[],"yoast_head":"<!-- This site is optimized with the Yoast SEO plugin v24.9 - https:\/\/yoast.com\/wordpress\/plugins\/seo\/ -->\n<title>Loft seinakell TOOTH WHEELS - MetalTale.com<\/title>\n<meta name=\"robots\" content=\"index, follow, max-snippet:-1, max-image-preview:large, max-video-preview:-1\" \/>\n<link rel=\"canonical\" href=\"https:\/\/metaltale.com\/et\/toode\/loft-seinakell-tooth-wheels\/\" \/>\n<meta property=\"og:locale\" content=\"et_EE\" \/>\n<meta property=\"og:type\" content=\"article\" \/>\n<meta property=\"og:title\" content=\"Loft seinakell TOOTH WHEELS - MetalTale.com\" \/>\n<meta property=\"og:description\" content=\"Mudel DI.7327 Materjal Metall, klaas \u00dcldine k\u00f5rgus (cm) 53 \u00dcldine laius (cm ) 48 S\u00fcgavus (cm) 10 t\u00f6\u00f6stuslikus stiilis rippuv\" \/>\n<meta property=\"og:url\" content=\"https:\/\/metaltale.com\/et\/toode\/loft-seinakell-tooth-wheels\/\" \/>\n<meta property=\"og:site_name\" content=\"MetalTale.com\" \/>\n<meta name=\"twitter:card\" content=\"summary_large_image\" \/>\n<script type=\"application\/ld+json\" class=\"yoast-schema-graph\">{\"@context\":\"https:\/\/schema.org\",\"@graph\":[{\"@type\":\"WebPage\",\"@id\":\"https:\/\/metaltale.com\/et\/toode\/loft-seinakell-tooth-wheels\/\",\"url\":\"https:\/\/metaltale.com\/et\/toode\/loft-seinakell-tooth-wheels\/\",\"name\":\"Loft seinakell TOOTH WHEELS - MetalTale.com\",\"isPartOf\":{\"@id\":\"https:\/\/metaltale.com\/et\/#website\"},\"primaryImageOfPage\":{\"@id\":\"https:\/\/metaltale.com\/et\/toode\/loft-seinakell-tooth-wheels\/#primaryimage\"},\"image\":{\"@id\":\"https:\/\/metaltale.com\/et\/toode\/loft-seinakell-tooth-wheels\/#primaryimage\"},\"thumbnailUrl\":\"https:\/\/metaltale.com\/wp-content\/uploads\/2023\/10\/Palx117px117s-sieninis-laikrodis-TOOTH-WHEELS.jpg\",\"datePublished\":\"2024-02-13T13:25:05+00:00\",\"breadcrumb\":{\"@id\":\"https:\/\/metaltale.com\/et\/toode\/loft-seinakell-tooth-wheels\/#breadcrumb\"},\"inLanguage\":\"et\",\"potentialAction\":[{\"@type\":\"ReadAction\",\"target\":[\"https:\/\/metaltale.com\/et\/toode\/loft-seinakell-tooth-wheels\/\"]}]},{\"@type\":\"ImageObject\",\"inLanguage\":\"et\",\"@id\":\"https:\/\/metaltale.com\/et\/toode\/loft-seinakell-tooth-wheels\/#primaryimage\",\"url\":\"https:\/\/metaltale.com\/wp-content\/uploads\/2023\/10\/Palx117px117s-sieninis-laikrodis-TOOTH-WHEELS.jpg\",\"contentUrl\":\"https:\/\/metaltale.com\/wp-content\/uploads\/2023\/10\/Palx117px117s-sieninis-laikrodis-TOOTH-WHEELS.jpg\",\"width\":800,\"height\":800},{\"@type\":\"BreadcrumbList\",\"@id\":\"https:\/\/metaltale.com\/et\/toode\/loft-seinakell-tooth-wheels\/#breadcrumb\",\"itemListElement\":[{\"@type\":\"ListItem\",\"position\":1,\"name\":\"Home\",\"item\":\"https:\/\/metaltale.com\/et\/kodu\/\"},{\"@type\":\"ListItem\",\"position\":2,\"name\":\"Kauplus\",\"item\":\"https:\/\/metaltale.com\/et\/shop\/\"},{\"@type\":\"ListItem\",\"position\":3,\"name\":\"Loft seinakell TOOTH WHEELS\"}]},{\"@type\":\"WebSite\",\"@id\":\"https:\/\/metaltale.com\/et\/#website\",\"url\":\"https:\/\/metaltale.com\/et\/\",\"name\":\"Metaltale.com\",\"description\":\"\",\"potentialAction\":[{\"@type\":\"SearchAction\",\"target\":{\"@type\":\"EntryPoint\",\"urlTemplate\":\"https:\/\/metaltale.com\/et\/?s={search_term_string}\"},\"query-input\":{\"@type\":\"PropertyValueSpecification\",\"valueRequired\":true,\"valueName\":\"search_term_string\"}}],\"inLanguage\":\"et\"}]}<\/script>\n<!-- \/ Yoast SEO plugin. -->","yoast_head_json":{"title":"Loft seinakell TOOTH WHEELS - MetalTale.com","robots":{"index":"index","follow":"follow","max-snippet":"max-snippet:-1","max-image-preview":"max-image-preview:large","max-video-preview":"max-video-preview:-1"},"canonical":"https:\/\/metaltale.com\/et\/toode\/loft-seinakell-tooth-wheels\/","og_locale":"et_EE","og_type":"article","og_title":"Loft seinakell TOOTH WHEELS - MetalTale.com","og_description":"Mudel DI.7327 Materjal Metall, klaas \u00dcldine k\u00f5rgus (cm) 53 \u00dcldine laius (cm ) 48 S\u00fcgavus (cm) 10 t\u00f6\u00f6stuslikus stiilis rippuv","og_url":"https:\/\/metaltale.com\/et\/toode\/loft-seinakell-tooth-wheels\/","og_site_name":"MetalTale.com","twitter_card":"summary_large_image","schema":{"@context":"https:\/\/schema.org","@graph":[{"@type":"WebPage","@id":"https:\/\/metaltale.com\/et\/toode\/loft-seinakell-tooth-wheels\/","url":"https:\/\/metaltale.com\/et\/toode\/loft-seinakell-tooth-wheels\/","name":"Loft seinakell TOOTH WHEELS - MetalTale.com","isPartOf":{"@id":"https:\/\/metaltale.com\/et\/#website"},"primaryImageOfPage":{"@id":"https:\/\/metaltale.com\/et\/toode\/loft-seinakell-tooth-wheels\/#primaryimage"},"image":{"@id":"https:\/\/metaltale.com\/et\/toode\/loft-seinakell-tooth-wheels\/#primaryimage"},"thumbnailUrl":"https:\/\/metaltale.com\/wp-content\/uploads\/2023\/10\/Palx117px117s-sieninis-laikrodis-TOOTH-WHEELS.jpg","datePublished":"2024-02-13T13:25:05+00:00","breadcrumb":{"@id":"https:\/\/metaltale.com\/et\/toode\/loft-seinakell-tooth-wheels\/#breadcrumb"},"inLanguage":"et","potentialAction":[{"@type":"ReadAction","target":["https:\/\/metaltale.com\/et\/toode\/loft-seinakell-tooth-wheels\/"]}]},{"@type":"ImageObject","inLanguage":"et","@id":"https:\/\/metaltale.com\/et\/toode\/loft-seinakell-tooth-wheels\/#primaryimage","url":"https:\/\/metaltale.com\/wp-content\/uploads\/2023\/10\/Palx117px117s-sieninis-laikrodis-TOOTH-WHEELS.jpg","contentUrl":"https:\/\/metaltale.com\/wp-content\/uploads\/2023\/10\/Palx117px117s-sieninis-laikrodis-TOOTH-WHEELS.jpg","width":800,"height":800},{"@type":"BreadcrumbList","@id":"https:\/\/metaltale.com\/et\/toode\/loft-seinakell-tooth-wheels\/#breadcrumb","itemListElement":[{"@type":"ListItem","position":1,"name":"Home","item":"https:\/\/metaltale.com\/et\/kodu\/"},{"@type":"ListItem","position":2,"name":"Kauplus","item":"https:\/\/metaltale.com\/et\/shop\/"},{"@type":"ListItem","position":3,"name":"Loft seinakell TOOTH WHEELS"}]},{"@type":"WebSite","@id":"https:\/\/metaltale.com\/et\/#website","url":"https:\/\/metaltale.com\/et\/","name":"Metaltale.com","description":"","potentialAction":[{"@type":"SearchAction","target":{"@type":"EntryPoint","urlTemplate":"https:\/\/metaltale.com\/et\/?s={search_term_string}"},"query-input":{"@type":"PropertyValueSpecification","valueRequired":true,"valueName":"search_term_string"}}],"inLanguage":"et"}]}},"_links":{"self":[{"href":"https:\/\/metaltale.com\/et\/wp-json\/wp\/v2\/product\/133702","targetHints":{"allow":["GET"]}}],"collection":[{"href":"https:\/\/metaltale.com\/et\/wp-json\/wp\/v2\/product"}],"about":[{"href":"https:\/\/metaltale.com\/et\/wp-json\/wp\/v2\/types\/product"}],"replies":[{"embeddable":true,"href":"https:\/\/metaltale.com\/et\/wp-json\/wp\/v2\/comments?post=133702"}],"version-history":[{"count":0,"href":"https:\/\/metaltale.com\/et\/wp-json\/wp\/v2\/product\/133702\/revisions"}],"wp:featuredmedia":[{"embeddable":true,"href":"https:\/\/metaltale.com\/et\/wp-json\/wp\/v2\/media\/96087"}],"wp:attachment":[{"href":"https:\/\/metaltale.com\/et\/wp-json\/wp\/v2\/media?parent=133702"}],"wp:term":[{"taxonomy":"product_brand","embeddable":true,"href":"https:\/\/metaltale.com\/et\/wp-json\/wp\/v2\/product_brand?post=133702"},{"taxonomy":"product_cat","embeddable":true,"href":"https:\/\/metaltale.com\/et\/wp-json\/wp\/v2\/product_cat?post=133702"},{"taxonomy":"product_tag","embeddable":true,"href":"https:\/\/metaltale.com\/et\/wp-json\/wp\/v2\/product_tag?post=133702"}],"curies":[{"name":"wp","href":"https:\/\/api.w.org\/{rel}","templated":true}]}}