{"id":133694,"date":"2024-02-13T15:25:05","date_gmt":"2024-02-13T13:25:05","guid":{"rendered":"https:\/\/metaltale.com\/produktas\/hoone-seinakell-motocycle\/"},"modified":"2024-02-13T15:25:05","modified_gmt":"2024-02-13T13:25:05","slug":"hoone-seinakell-motocycle","status":"publish","type":"product","link":"https:\/\/metaltale.com\/et\/toode\/hoone-seinakell-motocycle\/","title":{"rendered":"Hoone seinakell MOTOCYCLE"},"content":{"rendered":"<div class=\"prod_data\"><strong>Mudel<\/strong> DI.8411  <br \/><strong>Materjal<\/strong> Puit, teras, klaas  <br \/><strong>\u00dcldine k\u00f5rgus (cm)<\/strong> 120  <br \/><strong>\u00dcldine laius (cm)<\/strong> 60  <br \/><strong>S\u00fcgavus (cm)<\/strong> 6  <\/p>\n<p>3D metallist seinakaunistus kui kolme numbrikellaga kell<\/p>\n<p>vaoshoitud v\u00e4rvid ning puidu ja terase kombinatsioon, mis sobivad paljudesse interj\u00f6\u00f6ri stiilidesse.<\/p>\n<p>ebatavaline, kuid ajatu seinakaunistus<\/p>\n<hr>\n<p>Meie seinakaunistus on valmistatud kvaliteetsetest materjalidest. Dekoratsiooni taust on valmistatud puidust, mis annab sellele sooja hubasuse. Mootorrattafiguurid on valmistatud tugevast metallist, mis tagab vastupidavuse ja tugevuse. Igal mootorratta esiratta asemel on kella n\u00e4gu. Selline kompositsioon on ebatavaline komplekt, mis t\u00f5mbab t\u00e4helepanu. See on suurep\u00e4rane v\u00f5imalus lisada oma interj\u00f6\u00f6rile iseloomu ja stiili.<\/p>\n<\/div>\n","protected":false},"excerpt":{"rendered":"<p>Mudel DI.8411 Materjal Puit, teras, klaas \u00dcldine k\u00f5rgus (cm) 120 \u00dcldine laius (cm) 60 S\u00fcgavus (cm) 6 3D metallist seinakaunistus<\/p>\n","protected":false},"featured_media":96045,"comment_status":"open","ping_status":"closed","template":"","meta":{"_acf_changed":false,"pmpro_default_level":""},"product_brand":[],"product_cat":[24192],"product_tag":[],"class_list":{"0":"post-133694","1":"product","2":"type-product","3":"status-publish","4":"has-post-thumbnail","6":"product_cat-seinakellad","7":"pmpro-has-access","9":"first","10":"instock","11":"shipping-taxable","12":"purchasable","13":"product-type-simple"},"acf":[],"yoast_head":"<!-- This site is optimized with the Yoast SEO plugin v24.9 - https:\/\/yoast.com\/wordpress\/plugins\/seo\/ -->\n<title>Hoone seinakell MOTOCYCLE - MetalTale.com<\/title>\n<meta name=\"robots\" content=\"index, follow, max-snippet:-1, max-image-preview:large, max-video-preview:-1\" \/>\n<link rel=\"canonical\" href=\"https:\/\/metaltale.com\/et\/toode\/hoone-seinakell-motocycle\/\" \/>\n<meta property=\"og:locale\" content=\"et_EE\" \/>\n<meta property=\"og:type\" content=\"article\" \/>\n<meta property=\"og:title\" content=\"Hoone seinakell MOTOCYCLE - MetalTale.com\" \/>\n<meta property=\"og:description\" content=\"Mudel DI.8411 Materjal Puit, teras, klaas \u00dcldine k\u00f5rgus (cm) 120 \u00dcldine laius (cm) 60 S\u00fcgavus (cm) 6 3D metallist seinakaunistus\" \/>\n<meta property=\"og:url\" content=\"https:\/\/metaltale.com\/et\/toode\/hoone-seinakell-motocycle\/\" \/>\n<meta property=\"og:site_name\" content=\"MetalTale.com\" \/>\n<meta name=\"twitter:card\" content=\"summary_large_image\" \/>\n<script type=\"application\/ld+json\" class=\"yoast-schema-graph\">{\"@context\":\"https:\/\/schema.org\",\"@graph\":[{\"@type\":\"WebPage\",\"@id\":\"https:\/\/metaltale.com\/et\/toode\/hoone-seinakell-motocycle\/\",\"url\":\"https:\/\/metaltale.com\/et\/toode\/hoone-seinakell-motocycle\/\",\"name\":\"Hoone seinakell MOTOCYCLE - MetalTale.com\",\"isPartOf\":{\"@id\":\"https:\/\/metaltale.com\/et\/#website\"},\"primaryImageOfPage\":{\"@id\":\"https:\/\/metaltale.com\/et\/toode\/hoone-seinakell-motocycle\/#primaryimage\"},\"image\":{\"@id\":\"https:\/\/metaltale.com\/et\/toode\/hoone-seinakell-motocycle\/#primaryimage\"},\"thumbnailUrl\":\"https:\/\/metaltale.com\/wp-content\/uploads\/2023\/10\/Palx117px117s-sieninis-laikrodis-MOTOCIKLAS.jpg\",\"datePublished\":\"2024-02-13T13:25:05+00:00\",\"breadcrumb\":{\"@id\":\"https:\/\/metaltale.com\/et\/toode\/hoone-seinakell-motocycle\/#breadcrumb\"},\"inLanguage\":\"et\",\"potentialAction\":[{\"@type\":\"ReadAction\",\"target\":[\"https:\/\/metaltale.com\/et\/toode\/hoone-seinakell-motocycle\/\"]}]},{\"@type\":\"ImageObject\",\"inLanguage\":\"et\",\"@id\":\"https:\/\/metaltale.com\/et\/toode\/hoone-seinakell-motocycle\/#primaryimage\",\"url\":\"https:\/\/metaltale.com\/wp-content\/uploads\/2023\/10\/Palx117px117s-sieninis-laikrodis-MOTOCIKLAS.jpg\",\"contentUrl\":\"https:\/\/metaltale.com\/wp-content\/uploads\/2023\/10\/Palx117px117s-sieninis-laikrodis-MOTOCIKLAS.jpg\",\"width\":800,\"height\":800},{\"@type\":\"BreadcrumbList\",\"@id\":\"https:\/\/metaltale.com\/et\/toode\/hoone-seinakell-motocycle\/#breadcrumb\",\"itemListElement\":[{\"@type\":\"ListItem\",\"position\":1,\"name\":\"Home\",\"item\":\"https:\/\/metaltale.com\/et\/kodu\/\"},{\"@type\":\"ListItem\",\"position\":2,\"name\":\"Kauplus\",\"item\":\"https:\/\/metaltale.com\/et\/shop\/\"},{\"@type\":\"ListItem\",\"position\":3,\"name\":\"Hoone seinakell MOTOCYCLE\"}]},{\"@type\":\"WebSite\",\"@id\":\"https:\/\/metaltale.com\/et\/#website\",\"url\":\"https:\/\/metaltale.com\/et\/\",\"name\":\"Metaltale.com\",\"description\":\"\",\"potentialAction\":[{\"@type\":\"SearchAction\",\"target\":{\"@type\":\"EntryPoint\",\"urlTemplate\":\"https:\/\/metaltale.com\/et\/?s={search_term_string}\"},\"query-input\":{\"@type\":\"PropertyValueSpecification\",\"valueRequired\":true,\"valueName\":\"search_term_string\"}}],\"inLanguage\":\"et\"}]}<\/script>\n<!-- \/ Yoast SEO plugin. -->","yoast_head_json":{"title":"Hoone seinakell MOTOCYCLE - MetalTale.com","robots":{"index":"index","follow":"follow","max-snippet":"max-snippet:-1","max-image-preview":"max-image-preview:large","max-video-preview":"max-video-preview:-1"},"canonical":"https:\/\/metaltale.com\/et\/toode\/hoone-seinakell-motocycle\/","og_locale":"et_EE","og_type":"article","og_title":"Hoone seinakell MOTOCYCLE - MetalTale.com","og_description":"Mudel DI.8411 Materjal Puit, teras, klaas \u00dcldine k\u00f5rgus (cm) 120 \u00dcldine laius (cm) 60 S\u00fcgavus (cm) 6 3D metallist seinakaunistus","og_url":"https:\/\/metaltale.com\/et\/toode\/hoone-seinakell-motocycle\/","og_site_name":"MetalTale.com","twitter_card":"summary_large_image","schema":{"@context":"https:\/\/schema.org","@graph":[{"@type":"WebPage","@id":"https:\/\/metaltale.com\/et\/toode\/hoone-seinakell-motocycle\/","url":"https:\/\/metaltale.com\/et\/toode\/hoone-seinakell-motocycle\/","name":"Hoone seinakell MOTOCYCLE - MetalTale.com","isPartOf":{"@id":"https:\/\/metaltale.com\/et\/#website"},"primaryImageOfPage":{"@id":"https:\/\/metaltale.com\/et\/toode\/hoone-seinakell-motocycle\/#primaryimage"},"image":{"@id":"https:\/\/metaltale.com\/et\/toode\/hoone-seinakell-motocycle\/#primaryimage"},"thumbnailUrl":"https:\/\/metaltale.com\/wp-content\/uploads\/2023\/10\/Palx117px117s-sieninis-laikrodis-MOTOCIKLAS.jpg","datePublished":"2024-02-13T13:25:05+00:00","breadcrumb":{"@id":"https:\/\/metaltale.com\/et\/toode\/hoone-seinakell-motocycle\/#breadcrumb"},"inLanguage":"et","potentialAction":[{"@type":"ReadAction","target":["https:\/\/metaltale.com\/et\/toode\/hoone-seinakell-motocycle\/"]}]},{"@type":"ImageObject","inLanguage":"et","@id":"https:\/\/metaltale.com\/et\/toode\/hoone-seinakell-motocycle\/#primaryimage","url":"https:\/\/metaltale.com\/wp-content\/uploads\/2023\/10\/Palx117px117s-sieninis-laikrodis-MOTOCIKLAS.jpg","contentUrl":"https:\/\/metaltale.com\/wp-content\/uploads\/2023\/10\/Palx117px117s-sieninis-laikrodis-MOTOCIKLAS.jpg","width":800,"height":800},{"@type":"BreadcrumbList","@id":"https:\/\/metaltale.com\/et\/toode\/hoone-seinakell-motocycle\/#breadcrumb","itemListElement":[{"@type":"ListItem","position":1,"name":"Home","item":"https:\/\/metaltale.com\/et\/kodu\/"},{"@type":"ListItem","position":2,"name":"Kauplus","item":"https:\/\/metaltale.com\/et\/shop\/"},{"@type":"ListItem","position":3,"name":"Hoone seinakell MOTOCYCLE"}]},{"@type":"WebSite","@id":"https:\/\/metaltale.com\/et\/#website","url":"https:\/\/metaltale.com\/et\/","name":"Metaltale.com","description":"","potentialAction":[{"@type":"SearchAction","target":{"@type":"EntryPoint","urlTemplate":"https:\/\/metaltale.com\/et\/?s={search_term_string}"},"query-input":{"@type":"PropertyValueSpecification","valueRequired":true,"valueName":"search_term_string"}}],"inLanguage":"et"}]}},"_links":{"self":[{"href":"https:\/\/metaltale.com\/et\/wp-json\/wp\/v2\/product\/133694","targetHints":{"allow":["GET"]}}],"collection":[{"href":"https:\/\/metaltale.com\/et\/wp-json\/wp\/v2\/product"}],"about":[{"href":"https:\/\/metaltale.com\/et\/wp-json\/wp\/v2\/types\/product"}],"replies":[{"embeddable":true,"href":"https:\/\/metaltale.com\/et\/wp-json\/wp\/v2\/comments?post=133694"}],"version-history":[{"count":0,"href":"https:\/\/metaltale.com\/et\/wp-json\/wp\/v2\/product\/133694\/revisions"}],"wp:featuredmedia":[{"embeddable":true,"href":"https:\/\/metaltale.com\/et\/wp-json\/wp\/v2\/media\/96045"}],"wp:attachment":[{"href":"https:\/\/metaltale.com\/et\/wp-json\/wp\/v2\/media?parent=133694"}],"wp:term":[{"taxonomy":"product_brand","embeddable":true,"href":"https:\/\/metaltale.com\/et\/wp-json\/wp\/v2\/product_brand?post=133694"},{"taxonomy":"product_cat","embeddable":true,"href":"https:\/\/metaltale.com\/et\/wp-json\/wp\/v2\/product_cat?post=133694"},{"taxonomy":"product_tag","embeddable":true,"href":"https:\/\/metaltale.com\/et\/wp-json\/wp\/v2\/product_tag?post=133694"}],"curies":[{"name":"wp","href":"https:\/\/api.w.org\/{rel}","templated":true}]}}