{"id":133689,"date":"2024-02-13T15:25:05","date_gmt":"2024-02-13T13:25:05","guid":{"rendered":"https:\/\/metaltale.com\/produktas\/timber-loft-seinakell\/"},"modified":"2024-02-13T15:25:05","modified_gmt":"2024-02-13T13:25:05","slug":"timber-loft-seinakell","status":"publish","type":"product","link":"https:\/\/metaltale.com\/et\/toode\/timber-loft-seinakell\/","title":{"rendered":"TIMBER loft seinakell"},"content":{"rendered":"<div class=\"prod_data\"><strong>Mudel<\/strong> DI.7517  <br \/><strong>Materjal<\/strong> Puit, klaas  <br \/><strong>S\u00fcgavus (cm)<\/strong> 5  <br \/><strong>\u00dcldl\u00e4bim\u00f5\u00f5t (cm<\/strong> ) 40  <\/p>\n<p>kaasaegses stiilis rippuv kell<\/p>\n<p>puidust elementidest ja suitsuklaasist koosnev toode<\/p>\n<p>ebatavaline, kuid ajatu seinakaunistus<\/p>\n<hr>\n<p>Meie minimalistlik seinakell on elegantsi ja lihtsuse sisend, mis sobib ideaalselt kaasaegsetesse interj\u00f6\u00f6ridesse. Selles ainulaadses kellas on klassikaline vorm ja uuenduslik esteetika \u00fchendatud. Puidust l\u00fc\u00fcsi ja puust ruutude kasutamine, mis n\u00e4itavad aega, annab kellale sooja ja loomuliku tunnetuse. Klaasi suitsune v\u00e4rvus lisab kellale s\u00fcgavust ja salap\u00e4ra, mis suurendab selle ainulaadsust veelgi. Klaas ei ole mitte ainult praktiline, vaid ka stiilielement, mis r\u00f5hutab kaasaegset disaini.<\/p>\n<\/div>\n","protected":false},"excerpt":{"rendered":"<p>Mudel DI.7517 Materjal Puit, klaas S\u00fcgavus (cm) 5 \u00dcldl\u00e4bim\u00f5\u00f5t (cm ) 40 kaasaegses stiilis rippuv kell puidust elementidest ja suitsuklaasist<\/p>\n","protected":false},"featured_media":96060,"comment_status":"open","ping_status":"closed","template":"","meta":{"_acf_changed":false,"pmpro_default_level":""},"product_brand":[],"product_cat":[24192],"product_tag":[],"class_list":{"0":"post-133689","1":"product","2":"type-product","3":"status-publish","4":"has-post-thumbnail","6":"product_cat-seinakellad","7":"pmpro-has-access","9":"first","10":"instock","11":"shipping-taxable","12":"purchasable","13":"product-type-simple"},"acf":[],"yoast_head":"<!-- This site is optimized with the Yoast SEO plugin v24.9 - https:\/\/yoast.com\/wordpress\/plugins\/seo\/ -->\n<title>TIMBER loft seinakell - MetalTale.com<\/title>\n<meta name=\"robots\" content=\"index, follow, max-snippet:-1, max-image-preview:large, max-video-preview:-1\" \/>\n<link rel=\"canonical\" href=\"https:\/\/metaltale.com\/et\/toode\/timber-loft-seinakell\/\" \/>\n<meta property=\"og:locale\" content=\"et_EE\" \/>\n<meta property=\"og:type\" content=\"article\" \/>\n<meta property=\"og:title\" content=\"TIMBER loft seinakell - MetalTale.com\" \/>\n<meta property=\"og:description\" content=\"Mudel DI.7517 Materjal Puit, klaas S\u00fcgavus (cm) 5 \u00dcldl\u00e4bim\u00f5\u00f5t (cm ) 40 kaasaegses stiilis rippuv kell puidust elementidest ja suitsuklaasist\" \/>\n<meta property=\"og:url\" content=\"https:\/\/metaltale.com\/et\/toode\/timber-loft-seinakell\/\" \/>\n<meta property=\"og:site_name\" content=\"MetalTale.com\" \/>\n<meta name=\"twitter:card\" content=\"summary_large_image\" \/>\n<script type=\"application\/ld+json\" class=\"yoast-schema-graph\">{\"@context\":\"https:\/\/schema.org\",\"@graph\":[{\"@type\":\"WebPage\",\"@id\":\"https:\/\/metaltale.com\/et\/toode\/timber-loft-seinakell\/\",\"url\":\"https:\/\/metaltale.com\/et\/toode\/timber-loft-seinakell\/\",\"name\":\"TIMBER loft seinakell - MetalTale.com\",\"isPartOf\":{\"@id\":\"https:\/\/metaltale.com\/et\/#website\"},\"primaryImageOfPage\":{\"@id\":\"https:\/\/metaltale.com\/et\/toode\/timber-loft-seinakell\/#primaryimage\"},\"image\":{\"@id\":\"https:\/\/metaltale.com\/et\/toode\/timber-loft-seinakell\/#primaryimage\"},\"thumbnailUrl\":\"https:\/\/metaltale.com\/wp-content\/uploads\/2023\/10\/TIMBER-loft-sieninis-laikrodis.jpg\",\"datePublished\":\"2024-02-13T13:25:05+00:00\",\"breadcrumb\":{\"@id\":\"https:\/\/metaltale.com\/et\/toode\/timber-loft-seinakell\/#breadcrumb\"},\"inLanguage\":\"et\",\"potentialAction\":[{\"@type\":\"ReadAction\",\"target\":[\"https:\/\/metaltale.com\/et\/toode\/timber-loft-seinakell\/\"]}]},{\"@type\":\"ImageObject\",\"inLanguage\":\"et\",\"@id\":\"https:\/\/metaltale.com\/et\/toode\/timber-loft-seinakell\/#primaryimage\",\"url\":\"https:\/\/metaltale.com\/wp-content\/uploads\/2023\/10\/TIMBER-loft-sieninis-laikrodis.jpg\",\"contentUrl\":\"https:\/\/metaltale.com\/wp-content\/uploads\/2023\/10\/TIMBER-loft-sieninis-laikrodis.jpg\",\"width\":800,\"height\":800},{\"@type\":\"BreadcrumbList\",\"@id\":\"https:\/\/metaltale.com\/et\/toode\/timber-loft-seinakell\/#breadcrumb\",\"itemListElement\":[{\"@type\":\"ListItem\",\"position\":1,\"name\":\"Home\",\"item\":\"https:\/\/metaltale.com\/et\/kodu\/\"},{\"@type\":\"ListItem\",\"position\":2,\"name\":\"Kauplus\",\"item\":\"https:\/\/metaltale.com\/et\/shop\/\"},{\"@type\":\"ListItem\",\"position\":3,\"name\":\"TIMBER loft seinakell\"}]},{\"@type\":\"WebSite\",\"@id\":\"https:\/\/metaltale.com\/et\/#website\",\"url\":\"https:\/\/metaltale.com\/et\/\",\"name\":\"Metaltale.com\",\"description\":\"\",\"potentialAction\":[{\"@type\":\"SearchAction\",\"target\":{\"@type\":\"EntryPoint\",\"urlTemplate\":\"https:\/\/metaltale.com\/et\/?s={search_term_string}\"},\"query-input\":{\"@type\":\"PropertyValueSpecification\",\"valueRequired\":true,\"valueName\":\"search_term_string\"}}],\"inLanguage\":\"et\"}]}<\/script>\n<!-- \/ Yoast SEO plugin. -->","yoast_head_json":{"title":"TIMBER loft seinakell - MetalTale.com","robots":{"index":"index","follow":"follow","max-snippet":"max-snippet:-1","max-image-preview":"max-image-preview:large","max-video-preview":"max-video-preview:-1"},"canonical":"https:\/\/metaltale.com\/et\/toode\/timber-loft-seinakell\/","og_locale":"et_EE","og_type":"article","og_title":"TIMBER loft seinakell - MetalTale.com","og_description":"Mudel DI.7517 Materjal Puit, klaas S\u00fcgavus (cm) 5 \u00dcldl\u00e4bim\u00f5\u00f5t (cm ) 40 kaasaegses stiilis rippuv kell puidust elementidest ja suitsuklaasist","og_url":"https:\/\/metaltale.com\/et\/toode\/timber-loft-seinakell\/","og_site_name":"MetalTale.com","twitter_card":"summary_large_image","schema":{"@context":"https:\/\/schema.org","@graph":[{"@type":"WebPage","@id":"https:\/\/metaltale.com\/et\/toode\/timber-loft-seinakell\/","url":"https:\/\/metaltale.com\/et\/toode\/timber-loft-seinakell\/","name":"TIMBER loft seinakell - MetalTale.com","isPartOf":{"@id":"https:\/\/metaltale.com\/et\/#website"},"primaryImageOfPage":{"@id":"https:\/\/metaltale.com\/et\/toode\/timber-loft-seinakell\/#primaryimage"},"image":{"@id":"https:\/\/metaltale.com\/et\/toode\/timber-loft-seinakell\/#primaryimage"},"thumbnailUrl":"https:\/\/metaltale.com\/wp-content\/uploads\/2023\/10\/TIMBER-loft-sieninis-laikrodis.jpg","datePublished":"2024-02-13T13:25:05+00:00","breadcrumb":{"@id":"https:\/\/metaltale.com\/et\/toode\/timber-loft-seinakell\/#breadcrumb"},"inLanguage":"et","potentialAction":[{"@type":"ReadAction","target":["https:\/\/metaltale.com\/et\/toode\/timber-loft-seinakell\/"]}]},{"@type":"ImageObject","inLanguage":"et","@id":"https:\/\/metaltale.com\/et\/toode\/timber-loft-seinakell\/#primaryimage","url":"https:\/\/metaltale.com\/wp-content\/uploads\/2023\/10\/TIMBER-loft-sieninis-laikrodis.jpg","contentUrl":"https:\/\/metaltale.com\/wp-content\/uploads\/2023\/10\/TIMBER-loft-sieninis-laikrodis.jpg","width":800,"height":800},{"@type":"BreadcrumbList","@id":"https:\/\/metaltale.com\/et\/toode\/timber-loft-seinakell\/#breadcrumb","itemListElement":[{"@type":"ListItem","position":1,"name":"Home","item":"https:\/\/metaltale.com\/et\/kodu\/"},{"@type":"ListItem","position":2,"name":"Kauplus","item":"https:\/\/metaltale.com\/et\/shop\/"},{"@type":"ListItem","position":3,"name":"TIMBER loft seinakell"}]},{"@type":"WebSite","@id":"https:\/\/metaltale.com\/et\/#website","url":"https:\/\/metaltale.com\/et\/","name":"Metaltale.com","description":"","potentialAction":[{"@type":"SearchAction","target":{"@type":"EntryPoint","urlTemplate":"https:\/\/metaltale.com\/et\/?s={search_term_string}"},"query-input":{"@type":"PropertyValueSpecification","valueRequired":true,"valueName":"search_term_string"}}],"inLanguage":"et"}]}},"_links":{"self":[{"href":"https:\/\/metaltale.com\/et\/wp-json\/wp\/v2\/product\/133689","targetHints":{"allow":["GET"]}}],"collection":[{"href":"https:\/\/metaltale.com\/et\/wp-json\/wp\/v2\/product"}],"about":[{"href":"https:\/\/metaltale.com\/et\/wp-json\/wp\/v2\/types\/product"}],"replies":[{"embeddable":true,"href":"https:\/\/metaltale.com\/et\/wp-json\/wp\/v2\/comments?post=133689"}],"version-history":[{"count":0,"href":"https:\/\/metaltale.com\/et\/wp-json\/wp\/v2\/product\/133689\/revisions"}],"wp:featuredmedia":[{"embeddable":true,"href":"https:\/\/metaltale.com\/et\/wp-json\/wp\/v2\/media\/96060"}],"wp:attachment":[{"href":"https:\/\/metaltale.com\/et\/wp-json\/wp\/v2\/media?parent=133689"}],"wp:term":[{"taxonomy":"product_brand","embeddable":true,"href":"https:\/\/metaltale.com\/et\/wp-json\/wp\/v2\/product_brand?post=133689"},{"taxonomy":"product_cat","embeddable":true,"href":"https:\/\/metaltale.com\/et\/wp-json\/wp\/v2\/product_cat?post=133689"},{"taxonomy":"product_tag","embeddable":true,"href":"https:\/\/metaltale.com\/et\/wp-json\/wp\/v2\/product_tag?post=133689"}],"curies":[{"name":"wp","href":"https:\/\/api.w.org\/{rel}","templated":true}]}}