{"id":133686,"date":"2024-02-13T15:25:05","date_gmt":"2024-02-13T13:25:05","guid":{"rendered":"https:\/\/metaltale.com\/produktas\/valuraua-uksekaepide-rotted\/"},"modified":"2024-02-13T15:25:05","modified_gmt":"2024-02-13T13:25:05","slug":"valuraua-uksekaepide-rotted","status":"publish","type":"product","link":"https:\/\/metaltale.com\/et\/toode\/valuraua-uksekaepide-rotted\/","title":{"rendered":"Valuraua uksek\u00e4epide ROTTED"},"content":{"rendered":"<div class=\"prod_data\">\n<p><strong>Mudel<\/strong> 70.130.AI.50<br \/>\n<strong>EAN.<\/strong>  5905369918643<br \/>\nMaterjal Ketus<br \/>\n<strong>\u00dcldine k\u00f5rgus (cm)<\/strong> 5<br \/>\n<strong>\u00dcldine laius (cm<\/strong> ) 12,5<br \/>\n<strong>\u00dcldl\u00e4bim\u00f5\u00f5t (cm)<\/strong> 5<br \/>\n<strong>Koguprojektsioon (cm)<\/strong> 6,5<br \/>\n<strong>K\u00e4epideme ja v\u00f5tmeava vaheline kaugus (mm<\/strong> ) Universaalne<br \/>\n<strong>Toetus<\/strong> Jah<br \/>\n<strong>V\u00e4rv<\/strong> teras<\/p>\n<p>Meie siseruumides on ustel tavaliselt \u00fcks funktsioon &#8211; nad eraldavad meid t\u00f5husalt \u00fclej\u00e4\u00e4nud ruumist. Rustikalise toa sisustamisel on oluline, et k\u00f5ik valitud aksessuaarid ja sisustus sobiksid t\u00e4ielikult interj\u00f6\u00f6ri stiiliga.<\/p>\n<p>K\u00f5rgeima kvaliteediga malmist <strong>uksek\u00e4epide<\/strong> tagab kindla ja turvalise haarde. K\u00e4epideme alus on \u00fcmmargune, millel on dekoratiivne \u00e4\u00e4ristus, mis r\u00f5hutab veelgi selle ainulaadsust ja dekoratiivset iseloomu.<\/p>\n<p>Ostuhind on kahe komplektse k\u00e4epideme, sealhulgas kruvi ja automaatse vabastamismehhanismi eest.<\/p>\n<\/div>\n","protected":false},"excerpt":{"rendered":"<p>Mudel 70.130.AI.50 EAN. 5905369918643 Materjal Ketus \u00dcldine k\u00f5rgus (cm) 5 \u00dcldine laius (cm ) 12,5 \u00dcldl\u00e4bim\u00f5\u00f5t (cm) 5 Koguprojektsioon (cm)<\/p>\n","protected":false},"featured_media":75660,"comment_status":"open","ping_status":"closed","template":"","meta":{"_acf_changed":false,"pmpro_default_level":""},"product_brand":[],"product_cat":[23866,23836,23873],"product_tag":[],"class_list":{"0":"post-133686","1":"product","2":"type-product","3":"status-publish","4":"has-post-thumbnail","6":"product_cat-duru-rankeneles-et","7":"product_cat-moobli-tarvikud","8":"product_cat-rankeneles-et","9":"pmpro-has-access","11":"first","12":"instock","13":"shipping-taxable","14":"purchasable","15":"product-type-simple"},"acf":[],"yoast_head":"<!-- This site is optimized with the Yoast SEO plugin v24.9 - https:\/\/yoast.com\/wordpress\/plugins\/seo\/ -->\n<title>Valuraua uksek\u00e4epide ROTTED - MetalTale.com<\/title>\n<meta name=\"robots\" content=\"index, follow, max-snippet:-1, max-image-preview:large, max-video-preview:-1\" \/>\n<link rel=\"canonical\" href=\"https:\/\/metaltale.com\/et\/toode\/valuraua-uksekaepide-rotted\/\" \/>\n<meta property=\"og:locale\" content=\"et_EE\" \/>\n<meta property=\"og:type\" content=\"article\" \/>\n<meta property=\"og:title\" content=\"Valuraua uksek\u00e4epide ROTTED - MetalTale.com\" \/>\n<meta property=\"og:description\" content=\"Mudel 70.130.AI.50 EAN. 5905369918643 Materjal Ketus \u00dcldine k\u00f5rgus (cm) 5 \u00dcldine laius (cm ) 12,5 \u00dcldl\u00e4bim\u00f5\u00f5t (cm) 5 Koguprojektsioon (cm)\" \/>\n<meta property=\"og:url\" content=\"https:\/\/metaltale.com\/et\/toode\/valuraua-uksekaepide-rotted\/\" \/>\n<meta property=\"og:site_name\" content=\"MetalTale.com\" \/>\n<meta property=\"og:image\" content=\"https:\/\/metaltale.com\/wp-content\/uploads\/2023\/10\/retro-klamka-do-drzwi-rustykalneuchwyty-pl_3.jpg\" \/>\n\t<meta property=\"og:image:width\" content=\"800\" \/>\n\t<meta property=\"og:image:height\" content=\"800\" \/>\n\t<meta property=\"og:image:type\" content=\"image\/jpeg\" \/>\n<meta name=\"twitter:card\" content=\"summary_large_image\" \/>\n<meta name=\"twitter:label1\" content=\"Est. reading time\" \/>\n\t<meta name=\"twitter:data1\" content=\"1 minut\" \/>\n<script type=\"application\/ld+json\" class=\"yoast-schema-graph\">{\"@context\":\"https:\/\/schema.org\",\"@graph\":[{\"@type\":\"WebPage\",\"@id\":\"https:\/\/metaltale.com\/et\/toode\/valuraua-uksekaepide-rotted\/\",\"url\":\"https:\/\/metaltale.com\/et\/toode\/valuraua-uksekaepide-rotted\/\",\"name\":\"Valuraua uksek\u00e4epide ROTTED - MetalTale.com\",\"isPartOf\":{\"@id\":\"https:\/\/metaltale.com\/et\/#website\"},\"primaryImageOfPage\":{\"@id\":\"https:\/\/metaltale.com\/et\/toode\/valuraua-uksekaepide-rotted\/#primaryimage\"},\"image\":{\"@id\":\"https:\/\/metaltale.com\/et\/toode\/valuraua-uksekaepide-rotted\/#primaryimage\"},\"thumbnailUrl\":\"https:\/\/metaltale.com\/wp-content\/uploads\/2023\/10\/retro-klamka-do-drzwi-rustykalneuchwyty-pl_3.jpg\",\"datePublished\":\"2024-02-13T13:25:05+00:00\",\"breadcrumb\":{\"@id\":\"https:\/\/metaltale.com\/et\/toode\/valuraua-uksekaepide-rotted\/#breadcrumb\"},\"inLanguage\":\"et\",\"potentialAction\":[{\"@type\":\"ReadAction\",\"target\":[\"https:\/\/metaltale.com\/et\/toode\/valuraua-uksekaepide-rotted\/\"]}]},{\"@type\":\"ImageObject\",\"inLanguage\":\"et\",\"@id\":\"https:\/\/metaltale.com\/et\/toode\/valuraua-uksekaepide-rotted\/#primaryimage\",\"url\":\"https:\/\/metaltale.com\/wp-content\/uploads\/2023\/10\/retro-klamka-do-drzwi-rustykalneuchwyty-pl_3.jpg\",\"contentUrl\":\"https:\/\/metaltale.com\/wp-content\/uploads\/2023\/10\/retro-klamka-do-drzwi-rustykalneuchwyty-pl_3.jpg\",\"width\":800,\"height\":800,\"caption\":\"Valuraua uksek\u00e4epide ROTTED\"},{\"@type\":\"BreadcrumbList\",\"@id\":\"https:\/\/metaltale.com\/et\/toode\/valuraua-uksekaepide-rotted\/#breadcrumb\",\"itemListElement\":[{\"@type\":\"ListItem\",\"position\":1,\"name\":\"Home\",\"item\":\"https:\/\/metaltale.com\/et\/kodu\/\"},{\"@type\":\"ListItem\",\"position\":2,\"name\":\"Kauplus\",\"item\":\"https:\/\/metaltale.com\/et\/shop\/\"},{\"@type\":\"ListItem\",\"position\":3,\"name\":\"Valuraua uksek\u00e4epide ROTTED\"}]},{\"@type\":\"WebSite\",\"@id\":\"https:\/\/metaltale.com\/et\/#website\",\"url\":\"https:\/\/metaltale.com\/et\/\",\"name\":\"Metaltale.com\",\"description\":\"\",\"potentialAction\":[{\"@type\":\"SearchAction\",\"target\":{\"@type\":\"EntryPoint\",\"urlTemplate\":\"https:\/\/metaltale.com\/et\/?s={search_term_string}\"},\"query-input\":{\"@type\":\"PropertyValueSpecification\",\"valueRequired\":true,\"valueName\":\"search_term_string\"}}],\"inLanguage\":\"et\"}]}<\/script>\n<!-- \/ Yoast SEO plugin. -->","yoast_head_json":{"title":"Valuraua uksek\u00e4epide ROTTED - MetalTale.com","robots":{"index":"index","follow":"follow","max-snippet":"max-snippet:-1","max-image-preview":"max-image-preview:large","max-video-preview":"max-video-preview:-1"},"canonical":"https:\/\/metaltale.com\/et\/toode\/valuraua-uksekaepide-rotted\/","og_locale":"et_EE","og_type":"article","og_title":"Valuraua uksek\u00e4epide ROTTED - MetalTale.com","og_description":"Mudel 70.130.AI.50 EAN. 5905369918643 Materjal Ketus \u00dcldine k\u00f5rgus (cm) 5 \u00dcldine laius (cm ) 12,5 \u00dcldl\u00e4bim\u00f5\u00f5t (cm) 5 Koguprojektsioon (cm)","og_url":"https:\/\/metaltale.com\/et\/toode\/valuraua-uksekaepide-rotted\/","og_site_name":"MetalTale.com","og_image":[{"width":800,"height":800,"url":"https:\/\/metaltale.com\/wp-content\/uploads\/2023\/10\/retro-klamka-do-drzwi-rustykalneuchwyty-pl_3.jpg","type":"image\/jpeg"}],"twitter_card":"summary_large_image","twitter_misc":{"Est. reading time":"1 minut"},"schema":{"@context":"https:\/\/schema.org","@graph":[{"@type":"WebPage","@id":"https:\/\/metaltale.com\/et\/toode\/valuraua-uksekaepide-rotted\/","url":"https:\/\/metaltale.com\/et\/toode\/valuraua-uksekaepide-rotted\/","name":"Valuraua uksek\u00e4epide ROTTED - MetalTale.com","isPartOf":{"@id":"https:\/\/metaltale.com\/et\/#website"},"primaryImageOfPage":{"@id":"https:\/\/metaltale.com\/et\/toode\/valuraua-uksekaepide-rotted\/#primaryimage"},"image":{"@id":"https:\/\/metaltale.com\/et\/toode\/valuraua-uksekaepide-rotted\/#primaryimage"},"thumbnailUrl":"https:\/\/metaltale.com\/wp-content\/uploads\/2023\/10\/retro-klamka-do-drzwi-rustykalneuchwyty-pl_3.jpg","datePublished":"2024-02-13T13:25:05+00:00","breadcrumb":{"@id":"https:\/\/metaltale.com\/et\/toode\/valuraua-uksekaepide-rotted\/#breadcrumb"},"inLanguage":"et","potentialAction":[{"@type":"ReadAction","target":["https:\/\/metaltale.com\/et\/toode\/valuraua-uksekaepide-rotted\/"]}]},{"@type":"ImageObject","inLanguage":"et","@id":"https:\/\/metaltale.com\/et\/toode\/valuraua-uksekaepide-rotted\/#primaryimage","url":"https:\/\/metaltale.com\/wp-content\/uploads\/2023\/10\/retro-klamka-do-drzwi-rustykalneuchwyty-pl_3.jpg","contentUrl":"https:\/\/metaltale.com\/wp-content\/uploads\/2023\/10\/retro-klamka-do-drzwi-rustykalneuchwyty-pl_3.jpg","width":800,"height":800,"caption":"Valuraua uksek\u00e4epide ROTTED"},{"@type":"BreadcrumbList","@id":"https:\/\/metaltale.com\/et\/toode\/valuraua-uksekaepide-rotted\/#breadcrumb","itemListElement":[{"@type":"ListItem","position":1,"name":"Home","item":"https:\/\/metaltale.com\/et\/kodu\/"},{"@type":"ListItem","position":2,"name":"Kauplus","item":"https:\/\/metaltale.com\/et\/shop\/"},{"@type":"ListItem","position":3,"name":"Valuraua uksek\u00e4epide ROTTED"}]},{"@type":"WebSite","@id":"https:\/\/metaltale.com\/et\/#website","url":"https:\/\/metaltale.com\/et\/","name":"Metaltale.com","description":"","potentialAction":[{"@type":"SearchAction","target":{"@type":"EntryPoint","urlTemplate":"https:\/\/metaltale.com\/et\/?s={search_term_string}"},"query-input":{"@type":"PropertyValueSpecification","valueRequired":true,"valueName":"search_term_string"}}],"inLanguage":"et"}]}},"_links":{"self":[{"href":"https:\/\/metaltale.com\/et\/wp-json\/wp\/v2\/product\/133686","targetHints":{"allow":["GET"]}}],"collection":[{"href":"https:\/\/metaltale.com\/et\/wp-json\/wp\/v2\/product"}],"about":[{"href":"https:\/\/metaltale.com\/et\/wp-json\/wp\/v2\/types\/product"}],"replies":[{"embeddable":true,"href":"https:\/\/metaltale.com\/et\/wp-json\/wp\/v2\/comments?post=133686"}],"version-history":[{"count":0,"href":"https:\/\/metaltale.com\/et\/wp-json\/wp\/v2\/product\/133686\/revisions"}],"wp:featuredmedia":[{"embeddable":true,"href":"https:\/\/metaltale.com\/et\/wp-json\/wp\/v2\/media\/75660"}],"wp:attachment":[{"href":"https:\/\/metaltale.com\/et\/wp-json\/wp\/v2\/media?parent=133686"}],"wp:term":[{"taxonomy":"product_brand","embeddable":true,"href":"https:\/\/metaltale.com\/et\/wp-json\/wp\/v2\/product_brand?post=133686"},{"taxonomy":"product_cat","embeddable":true,"href":"https:\/\/metaltale.com\/et\/wp-json\/wp\/v2\/product_cat?post=133686"},{"taxonomy":"product_tag","embeddable":true,"href":"https:\/\/metaltale.com\/et\/wp-json\/wp\/v2\/product_tag?post=133686"}],"curies":[{"name":"wp","href":"https:\/\/api.w.org\/{rel}","templated":true}]}}