{"id":133681,"date":"2024-02-13T15:25:05","date_gmt":"2024-02-13T13:25:05","guid":{"rendered":"https:\/\/metaltale.com\/produktas\/wilson-koogi-kasipuud\/"},"modified":"2024-02-13T15:25:05","modified_gmt":"2024-02-13T13:25:05","slug":"wilson-koogi-kasipuud","status":"publish","type":"product","link":"https:\/\/metaltale.com\/et\/toode\/wilson-koogi-kasipuud\/","title":{"rendered":"WILSON k\u00f6\u00f6gi k\u00e4sipuud"},"content":{"rendered":"<div class=\"prod_data\"><strong>Mudel<\/strong> AF.794.93-PRGR  <br \/><strong>Materjal<\/strong> Metall  <br \/><strong> [cm]Kogupikkus<\/strong> 60, 91 <strong> <\/strong> <br \/>\u00dcldine k\u00f5rgus (cm) 8 <br \/>Koguprojektsioon (cm) 4 <br \/><strong>V\u00e4rv<\/strong> Must  <\/p>\n<p>&#8211; mustast metallist k\u00f6\u00f6gikaitsed<br \/>&#8211; k\u00e4sipuu pikkusele vastav konksude arv<br \/>&#8211; lihtne disain, mis sobib nii maal\u00e4hedaste kui ka kaasaegsete ettev\u00f5tete jaoks<br \/>Kinnituskruvid puuduvad<\/p>\n<hr>\n<p>Mis oleks k\u00f6\u00f6k ilma praktilise k\u00e4sipuuga? &#8220;Wilson v\u00f5imaldab teil intelligentselt hallata kapide vahelist ruumi. Kohandub vastavalt majapidamise vajadustele ja sobib ideaalselt k\u00f6\u00f6gitarvikute riiuliks, ravimtaimede riiuliks, riidepuude riiuliks. T\u00e4nu oma lihtsusele ja ajatusele kohandub see kergesti populaarsete sisustustrendidega.<\/p>\n<\/div>\n","protected":false},"excerpt":{"rendered":"<p>Mudel AF.794.93-PRGR Materjal Metall [cm]Kogupikkus 60, 91 \u00dcldine k\u00f5rgus (cm) 8 Koguprojektsioon (cm) 4 V\u00e4rv Must &#8211; mustast metallist k\u00f6\u00f6gikaitsed&#8211;<\/p>\n","protected":false},"featured_media":71682,"comment_status":"open","ping_status":"closed","template":"","meta":{"_acf_changed":false,"pmpro_default_level":""},"product_brand":[],"product_cat":[23895],"product_tag":[],"class_list":{"0":"post-133681","1":"product","2":"type-product","3":"status-publish","4":"has-post-thumbnail","6":"product_cat-kaunistused","7":"pmpro-has-access","9":"first","10":"instock","11":"shipping-taxable","12":"purchasable","13":"product-type-simple"},"acf":[],"yoast_head":"<!-- This site is optimized with the Yoast SEO plugin v24.9 - https:\/\/yoast.com\/wordpress\/plugins\/seo\/ -->\n<title>WILSON k\u00f6\u00f6gi k\u00e4sipuud - MetalTale.com<\/title>\n<meta name=\"robots\" content=\"index, follow, max-snippet:-1, max-image-preview:large, max-video-preview:-1\" \/>\n<link rel=\"canonical\" href=\"https:\/\/metaltale.com\/et\/toode\/wilson-koogi-kasipuud\/\" \/>\n<meta property=\"og:locale\" content=\"et_EE\" \/>\n<meta property=\"og:type\" content=\"article\" \/>\n<meta property=\"og:title\" content=\"WILSON k\u00f6\u00f6gi k\u00e4sipuud - MetalTale.com\" \/>\n<meta property=\"og:description\" content=\"Mudel AF.794.93-PRGR Materjal Metall [cm]Kogupikkus 60, 91 \u00dcldine k\u00f5rgus (cm) 8 Koguprojektsioon (cm) 4 V\u00e4rv Must &#8211; mustast metallist k\u00f6\u00f6gikaitsed&#8211;\" \/>\n<meta property=\"og:url\" content=\"https:\/\/metaltale.com\/et\/toode\/wilson-koogi-kasipuud\/\" \/>\n<meta property=\"og:site_name\" content=\"MetalTale.com\" \/>\n<meta name=\"twitter:card\" content=\"summary_large_image\" \/>\n<script type=\"application\/ld+json\" class=\"yoast-schema-graph\">{\"@context\":\"https:\/\/schema.org\",\"@graph\":[{\"@type\":\"WebPage\",\"@id\":\"https:\/\/metaltale.com\/et\/toode\/wilson-koogi-kasipuud\/\",\"url\":\"https:\/\/metaltale.com\/et\/toode\/wilson-koogi-kasipuud\/\",\"name\":\"WILSON k\u00f6\u00f6gi k\u00e4sipuud - MetalTale.com\",\"isPartOf\":{\"@id\":\"https:\/\/metaltale.com\/et\/#website\"},\"primaryImageOfPage\":{\"@id\":\"https:\/\/metaltale.com\/et\/toode\/wilson-koogi-kasipuud\/#primaryimage\"},\"image\":{\"@id\":\"https:\/\/metaltale.com\/et\/toode\/wilson-koogi-kasipuud\/#primaryimage\"},\"thumbnailUrl\":\"https:\/\/metaltale.com\/wp-content\/uploads\/2023\/09\/Turx117klai-kuchenny-WILSON-91cm.jpg\",\"datePublished\":\"2024-02-13T13:25:05+00:00\",\"breadcrumb\":{\"@id\":\"https:\/\/metaltale.com\/et\/toode\/wilson-koogi-kasipuud\/#breadcrumb\"},\"inLanguage\":\"et\",\"potentialAction\":[{\"@type\":\"ReadAction\",\"target\":[\"https:\/\/metaltale.com\/et\/toode\/wilson-koogi-kasipuud\/\"]}]},{\"@type\":\"ImageObject\",\"inLanguage\":\"et\",\"@id\":\"https:\/\/metaltale.com\/et\/toode\/wilson-koogi-kasipuud\/#primaryimage\",\"url\":\"https:\/\/metaltale.com\/wp-content\/uploads\/2023\/09\/Turx117klai-kuchenny-WILSON-91cm.jpg\",\"contentUrl\":\"https:\/\/metaltale.com\/wp-content\/uploads\/2023\/09\/Turx117klai-kuchenny-WILSON-91cm.jpg\",\"width\":800,\"height\":800},{\"@type\":\"BreadcrumbList\",\"@id\":\"https:\/\/metaltale.com\/et\/toode\/wilson-koogi-kasipuud\/#breadcrumb\",\"itemListElement\":[{\"@type\":\"ListItem\",\"position\":1,\"name\":\"Home\",\"item\":\"https:\/\/metaltale.com\/et\/kodu\/\"},{\"@type\":\"ListItem\",\"position\":2,\"name\":\"Kauplus\",\"item\":\"https:\/\/metaltale.com\/et\/shop\/\"},{\"@type\":\"ListItem\",\"position\":3,\"name\":\"WILSON k\u00f6\u00f6gi k\u00e4sipuud\"}]},{\"@type\":\"WebSite\",\"@id\":\"https:\/\/metaltale.com\/et\/#website\",\"url\":\"https:\/\/metaltale.com\/et\/\",\"name\":\"Metaltale.com\",\"description\":\"\",\"potentialAction\":[{\"@type\":\"SearchAction\",\"target\":{\"@type\":\"EntryPoint\",\"urlTemplate\":\"https:\/\/metaltale.com\/et\/?s={search_term_string}\"},\"query-input\":{\"@type\":\"PropertyValueSpecification\",\"valueRequired\":true,\"valueName\":\"search_term_string\"}}],\"inLanguage\":\"et\"}]}<\/script>\n<!-- \/ Yoast SEO plugin. -->","yoast_head_json":{"title":"WILSON k\u00f6\u00f6gi k\u00e4sipuud - MetalTale.com","robots":{"index":"index","follow":"follow","max-snippet":"max-snippet:-1","max-image-preview":"max-image-preview:large","max-video-preview":"max-video-preview:-1"},"canonical":"https:\/\/metaltale.com\/et\/toode\/wilson-koogi-kasipuud\/","og_locale":"et_EE","og_type":"article","og_title":"WILSON k\u00f6\u00f6gi k\u00e4sipuud - MetalTale.com","og_description":"Mudel AF.794.93-PRGR Materjal Metall [cm]Kogupikkus 60, 91 \u00dcldine k\u00f5rgus (cm) 8 Koguprojektsioon (cm) 4 V\u00e4rv Must &#8211; mustast metallist k\u00f6\u00f6gikaitsed&#8211;","og_url":"https:\/\/metaltale.com\/et\/toode\/wilson-koogi-kasipuud\/","og_site_name":"MetalTale.com","twitter_card":"summary_large_image","schema":{"@context":"https:\/\/schema.org","@graph":[{"@type":"WebPage","@id":"https:\/\/metaltale.com\/et\/toode\/wilson-koogi-kasipuud\/","url":"https:\/\/metaltale.com\/et\/toode\/wilson-koogi-kasipuud\/","name":"WILSON k\u00f6\u00f6gi k\u00e4sipuud - MetalTale.com","isPartOf":{"@id":"https:\/\/metaltale.com\/et\/#website"},"primaryImageOfPage":{"@id":"https:\/\/metaltale.com\/et\/toode\/wilson-koogi-kasipuud\/#primaryimage"},"image":{"@id":"https:\/\/metaltale.com\/et\/toode\/wilson-koogi-kasipuud\/#primaryimage"},"thumbnailUrl":"https:\/\/metaltale.com\/wp-content\/uploads\/2023\/09\/Turx117klai-kuchenny-WILSON-91cm.jpg","datePublished":"2024-02-13T13:25:05+00:00","breadcrumb":{"@id":"https:\/\/metaltale.com\/et\/toode\/wilson-koogi-kasipuud\/#breadcrumb"},"inLanguage":"et","potentialAction":[{"@type":"ReadAction","target":["https:\/\/metaltale.com\/et\/toode\/wilson-koogi-kasipuud\/"]}]},{"@type":"ImageObject","inLanguage":"et","@id":"https:\/\/metaltale.com\/et\/toode\/wilson-koogi-kasipuud\/#primaryimage","url":"https:\/\/metaltale.com\/wp-content\/uploads\/2023\/09\/Turx117klai-kuchenny-WILSON-91cm.jpg","contentUrl":"https:\/\/metaltale.com\/wp-content\/uploads\/2023\/09\/Turx117klai-kuchenny-WILSON-91cm.jpg","width":800,"height":800},{"@type":"BreadcrumbList","@id":"https:\/\/metaltale.com\/et\/toode\/wilson-koogi-kasipuud\/#breadcrumb","itemListElement":[{"@type":"ListItem","position":1,"name":"Home","item":"https:\/\/metaltale.com\/et\/kodu\/"},{"@type":"ListItem","position":2,"name":"Kauplus","item":"https:\/\/metaltale.com\/et\/shop\/"},{"@type":"ListItem","position":3,"name":"WILSON k\u00f6\u00f6gi k\u00e4sipuud"}]},{"@type":"WebSite","@id":"https:\/\/metaltale.com\/et\/#website","url":"https:\/\/metaltale.com\/et\/","name":"Metaltale.com","description":"","potentialAction":[{"@type":"SearchAction","target":{"@type":"EntryPoint","urlTemplate":"https:\/\/metaltale.com\/et\/?s={search_term_string}"},"query-input":{"@type":"PropertyValueSpecification","valueRequired":true,"valueName":"search_term_string"}}],"inLanguage":"et"}]}},"_links":{"self":[{"href":"https:\/\/metaltale.com\/et\/wp-json\/wp\/v2\/product\/133681","targetHints":{"allow":["GET"]}}],"collection":[{"href":"https:\/\/metaltale.com\/et\/wp-json\/wp\/v2\/product"}],"about":[{"href":"https:\/\/metaltale.com\/et\/wp-json\/wp\/v2\/types\/product"}],"replies":[{"embeddable":true,"href":"https:\/\/metaltale.com\/et\/wp-json\/wp\/v2\/comments?post=133681"}],"version-history":[{"count":0,"href":"https:\/\/metaltale.com\/et\/wp-json\/wp\/v2\/product\/133681\/revisions"}],"wp:featuredmedia":[{"embeddable":true,"href":"https:\/\/metaltale.com\/et\/wp-json\/wp\/v2\/media\/71682"}],"wp:attachment":[{"href":"https:\/\/metaltale.com\/et\/wp-json\/wp\/v2\/media?parent=133681"}],"wp:term":[{"taxonomy":"product_brand","embeddable":true,"href":"https:\/\/metaltale.com\/et\/wp-json\/wp\/v2\/product_brand?post=133681"},{"taxonomy":"product_cat","embeddable":true,"href":"https:\/\/metaltale.com\/et\/wp-json\/wp\/v2\/product_cat?post=133681"},{"taxonomy":"product_tag","embeddable":true,"href":"https:\/\/metaltale.com\/et\/wp-json\/wp\/v2\/product_tag?post=133681"}],"curies":[{"name":"wp","href":"https:\/\/api.w.org\/{rel}","templated":true}]}}