{"id":133674,"date":"2024-02-13T15:23:56","date_gmt":"2024-02-13T13:23:56","guid":{"rendered":"https:\/\/metaltale.com\/produktas\/riiulitugi-massive-300x250-mm-natural\/"},"modified":"2024-02-13T15:23:56","modified_gmt":"2024-02-13T13:23:56","slug":"riiulitugi-massive-300x250-mm-natural","status":"publish","type":"product","link":"https:\/\/metaltale.com\/et\/toode\/riiulitugi-massive-300x250-mm-natural\/","title":{"rendered":"Riiulitugi MASSIVE 300&#215;250 mm NATURAL"},"content":{"rendered":"<div class=\"prod_data\">\n<p><strong>Mudel<\/strong> 05.070C.AI.250<br \/>\n<strong>EAN.<\/strong>  5905369922169<br \/>\nMaterjal Ketus<br \/>\n<strong>\u00dcldine k\u00f5rgus (cm)<\/strong> 25<br \/>\n<strong>Koguprojektsioon (cm)<\/strong> 30<br \/>\n<strong>Aluse m\u00f5\u00f5tmed (cm)<\/strong> 5 (laius)<br \/>\nPaigalduskruvid Jah<br \/>\n<strong>V\u00e4rv<\/strong> teras<br \/>\nKogus komplekti kohta 1 tk.<\/p>\n<p><span style=\"font-size: medium;\">&#8211; massiivsest malmist konsool, millel on k\u00e4sitsi viimistletud detailid<\/span><br \/>\n<span style=\"font-size: medium;\">&#8211; Laineeritud kinnitusaugud v\u00f5imaldavad kruvide paigaldamist toetuspinnaga samal tasapinnal<\/span><br \/>\n<span style=\"font-size: medium;\">&#8211; toote vastupidavus tagab kogu riiuli stabiilsuse<\/span><br \/>\n<span style=\"font-size: medium;\">&#8211; see v\u00f5ib olla valmistatud MDF- v\u00f5i puitlaastplaadist, kuid k\u00f5ige paremini sobib hoidja naturaalsest puidust.<\/span><br \/>\n<span style=\"font-size: medium;\">&#8211; \u00fcmardatud servad on esteetiliselt meeldivad ja ohutud kasutada<\/span><br \/>\n<span style=\"font-size: medium;\">&#8211; toodet eristavad pol\u00fcgonaalsed dekoratiivsed aktsendid.<\/span><br \/>\n<span style=\"font-size: medium;\">&#8211; hoolikas t\u00f6\u00f6 ja t\u00e4helepanu detailidele muudab hoidja eriti muljetavaldavaks<\/span><\/p>\n<hr>\n<p><span style=\"font-size: medium;\">Kandilise aluse geomeetrilised vormid tulenevad m\u00f6\u00f6blit\u00f6\u00f6stuses kasutatavatest t\u00f6\u00f6stuslikest traditsioonidest. Valitud kuju ja vormid muudavad toote v\u00e4limuse v\u00e4ga muljetavaldavaks, s\u00e4ilitades samal ajal selle funktsiooni kui tugeva konsooli.<\/span><br \/>\n<span style=\"font-size: medium;\">T\u00e4pselt konstrueeritud konstruktsioon, mis tagab stabiilsuse ja tugevuse. Tootele saab asetada suuremaid esemeid. T\u00f6\u00f6tlemata malmist unikaalne struktuur muudab hoidja v\u00e4ljan\u00e4gemise t\u00f5elise antiikm\u00f6\u00f6bli sarnaseks.<\/span><\/p>\n<p>*Riiulite klambrid on k\u00e4sitsi valmistatud, seega v\u00f5ib esineda v\u00e4ike k\u00f5rvalekalle (mitte t\u00e4pselt 90\u00b0).<\/p>\n<hr>\n<p style=\"text-align: center;\">\n<\/div>\n","protected":false},"excerpt":{"rendered":"<p>Mudel 05.070C.AI.250 EAN. 5905369922169 Materjal Ketus \u00dcldine k\u00f5rgus (cm) 25 Koguprojektsioon (cm) 30 Aluse m\u00f5\u00f5tmed (cm) 5 (laius) Paigalduskruvid Jah<\/p>\n","protected":false},"featured_media":132229,"comment_status":"open","ping_status":"closed","template":"","meta":{"_acf_changed":false,"pmpro_default_level":""},"product_brand":[],"product_cat":[23859,23836],"product_tag":[],"class_list":{"0":"post-133674","1":"product","2":"type-product","3":"status-publish","4":"has-post-thumbnail","6":"product_cat-lentynu-laikikliai-et","7":"product_cat-moobli-tarvikud","8":"pmpro-has-access","10":"first","11":"instock","12":"shipping-taxable","13":"purchasable","14":"product-type-simple"},"acf":[],"yoast_head":"<!-- This site is optimized with the Yoast SEO plugin v24.9 - https:\/\/yoast.com\/wordpress\/plugins\/seo\/ -->\n<title>Riiulitugi MASSIVE 300x250 mm NATURAL - MetalTale.com<\/title>\n<meta name=\"robots\" content=\"index, follow, max-snippet:-1, max-image-preview:large, max-video-preview:-1\" \/>\n<link rel=\"canonical\" href=\"https:\/\/metaltale.com\/et\/toode\/riiulitugi-massive-300x250-mm-natural\/\" \/>\n<meta property=\"og:locale\" content=\"et_EE\" \/>\n<meta property=\"og:type\" content=\"article\" \/>\n<meta property=\"og:title\" content=\"Riiulitugi MASSIVE 300x250 mm NATURAL - MetalTale.com\" \/>\n<meta property=\"og:description\" content=\"Mudel 05.070C.AI.250 EAN. 5905369922169 Materjal Ketus \u00dcldine k\u00f5rgus (cm) 25 Koguprojektsioon (cm) 30 Aluse m\u00f5\u00f5tmed (cm) 5 (laius) Paigalduskruvid Jah\" \/>\n<meta property=\"og:url\" content=\"https:\/\/metaltale.com\/et\/toode\/riiulitugi-massive-300x250-mm-natural\/\" \/>\n<meta property=\"og:site_name\" content=\"MetalTale.com\" \/>\n<meta property=\"og:image\" content=\"https:\/\/metaltale.com\/wp-content\/uploads\/2024\/02\/Lentynos-atrama-MASSIVE-300x250-mm-NATURAL-2-1.jpg\" \/>\n\t<meta property=\"og:image:width\" content=\"800\" \/>\n\t<meta property=\"og:image:height\" content=\"800\" \/>\n\t<meta property=\"og:image:type\" content=\"image\/jpeg\" \/>\n<meta name=\"twitter:card\" content=\"summary_large_image\" \/>\n<meta name=\"twitter:label1\" content=\"Est. reading time\" \/>\n\t<meta name=\"twitter:data1\" content=\"1 minut\" \/>\n<script type=\"application\/ld+json\" class=\"yoast-schema-graph\">{\"@context\":\"https:\/\/schema.org\",\"@graph\":[{\"@type\":\"WebPage\",\"@id\":\"https:\/\/metaltale.com\/et\/toode\/riiulitugi-massive-300x250-mm-natural\/\",\"url\":\"https:\/\/metaltale.com\/et\/toode\/riiulitugi-massive-300x250-mm-natural\/\",\"name\":\"Riiulitugi MASSIVE 300x250 mm NATURAL - MetalTale.com\",\"isPartOf\":{\"@id\":\"https:\/\/metaltale.com\/et\/#website\"},\"primaryImageOfPage\":{\"@id\":\"https:\/\/metaltale.com\/et\/toode\/riiulitugi-massive-300x250-mm-natural\/#primaryimage\"},\"image\":{\"@id\":\"https:\/\/metaltale.com\/et\/toode\/riiulitugi-massive-300x250-mm-natural\/#primaryimage\"},\"thumbnailUrl\":\"https:\/\/metaltale.com\/wp-content\/uploads\/2024\/02\/Lentynos-atrama-MASSIVE-300x250-mm-NATURAL-2-1.jpg\",\"datePublished\":\"2024-02-13T13:23:56+00:00\",\"breadcrumb\":{\"@id\":\"https:\/\/metaltale.com\/et\/toode\/riiulitugi-massive-300x250-mm-natural\/#breadcrumb\"},\"inLanguage\":\"et\",\"potentialAction\":[{\"@type\":\"ReadAction\",\"target\":[\"https:\/\/metaltale.com\/et\/toode\/riiulitugi-massive-300x250-mm-natural\/\"]}]},{\"@type\":\"ImageObject\",\"inLanguage\":\"et\",\"@id\":\"https:\/\/metaltale.com\/et\/toode\/riiulitugi-massive-300x250-mm-natural\/#primaryimage\",\"url\":\"https:\/\/metaltale.com\/wp-content\/uploads\/2024\/02\/Lentynos-atrama-MASSIVE-300x250-mm-NATURAL-2-1.jpg\",\"contentUrl\":\"https:\/\/metaltale.com\/wp-content\/uploads\/2024\/02\/Lentynos-atrama-MASSIVE-300x250-mm-NATURAL-2-1.jpg\",\"width\":800,\"height\":800,\"caption\":\"Riiulitugi MASSIVE 300x250 mm NATURAL\"},{\"@type\":\"BreadcrumbList\",\"@id\":\"https:\/\/metaltale.com\/et\/toode\/riiulitugi-massive-300x250-mm-natural\/#breadcrumb\",\"itemListElement\":[{\"@type\":\"ListItem\",\"position\":1,\"name\":\"Home\",\"item\":\"https:\/\/metaltale.com\/et\/kodu\/\"},{\"@type\":\"ListItem\",\"position\":2,\"name\":\"Kauplus\",\"item\":\"https:\/\/metaltale.com\/et\/shop\/\"},{\"@type\":\"ListItem\",\"position\":3,\"name\":\"Riiulitugi MASSIVE 300&#215;250 mm NATURAL\"}]},{\"@type\":\"WebSite\",\"@id\":\"https:\/\/metaltale.com\/et\/#website\",\"url\":\"https:\/\/metaltale.com\/et\/\",\"name\":\"Metaltale.com\",\"description\":\"\",\"potentialAction\":[{\"@type\":\"SearchAction\",\"target\":{\"@type\":\"EntryPoint\",\"urlTemplate\":\"https:\/\/metaltale.com\/et\/?s={search_term_string}\"},\"query-input\":{\"@type\":\"PropertyValueSpecification\",\"valueRequired\":true,\"valueName\":\"search_term_string\"}}],\"inLanguage\":\"et\"}]}<\/script>\n<!-- \/ Yoast SEO plugin. -->","yoast_head_json":{"title":"Riiulitugi MASSIVE 300x250 mm NATURAL - MetalTale.com","robots":{"index":"index","follow":"follow","max-snippet":"max-snippet:-1","max-image-preview":"max-image-preview:large","max-video-preview":"max-video-preview:-1"},"canonical":"https:\/\/metaltale.com\/et\/toode\/riiulitugi-massive-300x250-mm-natural\/","og_locale":"et_EE","og_type":"article","og_title":"Riiulitugi MASSIVE 300x250 mm NATURAL - MetalTale.com","og_description":"Mudel 05.070C.AI.250 EAN. 5905369922169 Materjal Ketus \u00dcldine k\u00f5rgus (cm) 25 Koguprojektsioon (cm) 30 Aluse m\u00f5\u00f5tmed (cm) 5 (laius) Paigalduskruvid Jah","og_url":"https:\/\/metaltale.com\/et\/toode\/riiulitugi-massive-300x250-mm-natural\/","og_site_name":"MetalTale.com","og_image":[{"width":800,"height":800,"url":"https:\/\/metaltale.com\/wp-content\/uploads\/2024\/02\/Lentynos-atrama-MASSIVE-300x250-mm-NATURAL-2-1.jpg","type":"image\/jpeg"}],"twitter_card":"summary_large_image","twitter_misc":{"Est. reading time":"1 minut"},"schema":{"@context":"https:\/\/schema.org","@graph":[{"@type":"WebPage","@id":"https:\/\/metaltale.com\/et\/toode\/riiulitugi-massive-300x250-mm-natural\/","url":"https:\/\/metaltale.com\/et\/toode\/riiulitugi-massive-300x250-mm-natural\/","name":"Riiulitugi MASSIVE 300x250 mm NATURAL - MetalTale.com","isPartOf":{"@id":"https:\/\/metaltale.com\/et\/#website"},"primaryImageOfPage":{"@id":"https:\/\/metaltale.com\/et\/toode\/riiulitugi-massive-300x250-mm-natural\/#primaryimage"},"image":{"@id":"https:\/\/metaltale.com\/et\/toode\/riiulitugi-massive-300x250-mm-natural\/#primaryimage"},"thumbnailUrl":"https:\/\/metaltale.com\/wp-content\/uploads\/2024\/02\/Lentynos-atrama-MASSIVE-300x250-mm-NATURAL-2-1.jpg","datePublished":"2024-02-13T13:23:56+00:00","breadcrumb":{"@id":"https:\/\/metaltale.com\/et\/toode\/riiulitugi-massive-300x250-mm-natural\/#breadcrumb"},"inLanguage":"et","potentialAction":[{"@type":"ReadAction","target":["https:\/\/metaltale.com\/et\/toode\/riiulitugi-massive-300x250-mm-natural\/"]}]},{"@type":"ImageObject","inLanguage":"et","@id":"https:\/\/metaltale.com\/et\/toode\/riiulitugi-massive-300x250-mm-natural\/#primaryimage","url":"https:\/\/metaltale.com\/wp-content\/uploads\/2024\/02\/Lentynos-atrama-MASSIVE-300x250-mm-NATURAL-2-1.jpg","contentUrl":"https:\/\/metaltale.com\/wp-content\/uploads\/2024\/02\/Lentynos-atrama-MASSIVE-300x250-mm-NATURAL-2-1.jpg","width":800,"height":800,"caption":"Riiulitugi MASSIVE 300x250 mm NATURAL"},{"@type":"BreadcrumbList","@id":"https:\/\/metaltale.com\/et\/toode\/riiulitugi-massive-300x250-mm-natural\/#breadcrumb","itemListElement":[{"@type":"ListItem","position":1,"name":"Home","item":"https:\/\/metaltale.com\/et\/kodu\/"},{"@type":"ListItem","position":2,"name":"Kauplus","item":"https:\/\/metaltale.com\/et\/shop\/"},{"@type":"ListItem","position":3,"name":"Riiulitugi MASSIVE 300&#215;250 mm NATURAL"}]},{"@type":"WebSite","@id":"https:\/\/metaltale.com\/et\/#website","url":"https:\/\/metaltale.com\/et\/","name":"Metaltale.com","description":"","potentialAction":[{"@type":"SearchAction","target":{"@type":"EntryPoint","urlTemplate":"https:\/\/metaltale.com\/et\/?s={search_term_string}"},"query-input":{"@type":"PropertyValueSpecification","valueRequired":true,"valueName":"search_term_string"}}],"inLanguage":"et"}]}},"_links":{"self":[{"href":"https:\/\/metaltale.com\/et\/wp-json\/wp\/v2\/product\/133674","targetHints":{"allow":["GET"]}}],"collection":[{"href":"https:\/\/metaltale.com\/et\/wp-json\/wp\/v2\/product"}],"about":[{"href":"https:\/\/metaltale.com\/et\/wp-json\/wp\/v2\/types\/product"}],"replies":[{"embeddable":true,"href":"https:\/\/metaltale.com\/et\/wp-json\/wp\/v2\/comments?post=133674"}],"version-history":[{"count":0,"href":"https:\/\/metaltale.com\/et\/wp-json\/wp\/v2\/product\/133674\/revisions"}],"wp:featuredmedia":[{"embeddable":true,"href":"https:\/\/metaltale.com\/et\/wp-json\/wp\/v2\/media\/132229"}],"wp:attachment":[{"href":"https:\/\/metaltale.com\/et\/wp-json\/wp\/v2\/media?parent=133674"}],"wp:term":[{"taxonomy":"product_brand","embeddable":true,"href":"https:\/\/metaltale.com\/et\/wp-json\/wp\/v2\/product_brand?post=133674"},{"taxonomy":"product_cat","embeddable":true,"href":"https:\/\/metaltale.com\/et\/wp-json\/wp\/v2\/product_cat?post=133674"},{"taxonomy":"product_tag","embeddable":true,"href":"https:\/\/metaltale.com\/et\/wp-json\/wp\/v2\/product_tag?post=133674"}],"curies":[{"name":"wp","href":"https:\/\/api.w.org\/{rel}","templated":true}]}}