{"id":133661,"date":"2024-02-13T15:23:56","date_gmt":"2024-02-13T13:23:56","guid":{"rendered":"https:\/\/metaltale.com\/produktas\/uksekaepidemed-lincoln-aged-ilma-lukuta\/"},"modified":"2024-02-13T15:23:56","modified_gmt":"2024-02-13T13:23:56","slug":"uksekaepidemed-lincoln-aged-ilma-lukuta","status":"publish","type":"product","link":"https:\/\/metaltale.com\/et\/toode\/uksekaepidemed-lincoln-aged-ilma-lukuta\/","title":{"rendered":"Uksek\u00e4epidemed LINCOLN AGED ilma lukuta"},"content":{"rendered":"<div class=\"prod_data\">\n<p><strong>Mudel:<\/strong> B.KOLNAS. RD. PRGR<br \/>\n<strong>Materjal:<\/strong> teras<br \/>\n<strong>\u00dcldine k\u00f5rgus (cm):<\/strong> 25<br \/>\n<strong>\u00dcldine laius (cm):<\/strong> 13,5<br \/>\n<strong>Koguprojektsioon (cm):<\/strong> 6<br \/>\n<strong>Aluse m\u00f5\u00f5tmed (cm):<\/strong> 4,2&#215;25<br \/>\nAukude <strong>vahe (cm):<\/strong> 19,3<br \/>\n<strong>Abi:<\/strong> ei<br \/>\n<strong>Paigalduskruvid:<\/strong> jah<br \/>\n<strong>V\u00e4rv:<\/strong> Vanem, roostes<br \/>\n<strong>2<\/strong> x k\u00e4epide\/k\u00e4epide + s\u00fcdamik + kinnituskruvid<\/p>\n<p>Sisaldab kahte k\u00e4epidet (kuni 1 ukseleht), s\u00fcdamikku ja paigalduselemendid.<\/p>\n<p>Toodet saab kasutada sise- ja v\u00e4lisuste puhul.<\/p>\n<p>puudub k\u00e4epidemehhanism<\/p>\n<hr>\n<p>Elegantne ja ainulaadne k\u00e4epide LINCOLN AGED on ideaalne lahendus k\u00f5igile huvitava disaini ja rustikaalse stiili austajatele. Rooste kasutamine, mis on k\u00e4epidemete tahtlik t\u00f6\u00f6tlus, annab neile v\u00e4ga vananenud iseloomu. Selle sarja k\u00e4epidemed ei ole toetatud, st. nn. automaatne k\u00e4epideme p\u00f5rkemehhanism. Iga k\u00e4epideme komplekt sisaldab: kaks k\u00e4epidet (\u00fche ukset\u00fcki kohta), s\u00fcdamikku ja vajalikke kinnituselemente. LINCOLN-seeria k\u00e4epidemed on ilusaks t\u00e4ienduseks igale ukselehele. Selles pakkumises on mitmeid k\u00e4epideme mudeleid, nt v\u00f5tmem\u00e4rgiga k\u00e4epide, sisestusm\u00e4rgiga k\u00e4epide v\u00f5i tualettm\u00e4rgiga k\u00e4epide. Kui otsite aksessuaare oma industriaalstiilis v\u00f5i rustikaalsesse koju, on need mustad roostem\u00e4rgiga uksek\u00e4epidemed ideaalne valik. Need annavad teie interj\u00f6\u00f6rile ainulaadse iseloomu ja on samal ajal praktiline lahendus, mis kestab aastaid.<\/p>\n<\/div>\n","protected":false},"excerpt":{"rendered":"<p>Mudel: B.KOLNAS. RD. PRGR Materjal: teras \u00dcldine k\u00f5rgus (cm): 25 \u00dcldine laius (cm): 13,5 Koguprojektsioon (cm): 6 Aluse m\u00f5\u00f5tmed (cm):<\/p>\n","protected":false},"featured_media":131086,"comment_status":"open","ping_status":"closed","template":"","meta":{"_acf_changed":false,"pmpro_default_level":""},"product_brand":[],"product_cat":[24162,23882,23836],"product_tag":[],"class_list":{"0":"post-133661","1":"product","2":"type-product","3":"status-publish","4":"has-post-thumbnail","6":"product_cat-kaepidemed","7":"product_cat-duru-rankenos-duru-rankenos-et","8":"product_cat-moobli-tarvikud","9":"pmpro-has-access","11":"first","12":"instock","13":"shipping-taxable","14":"purchasable","15":"product-type-simple"},"acf":[],"yoast_head":"<!-- This site is optimized with the Yoast SEO plugin v24.9 - https:\/\/yoast.com\/wordpress\/plugins\/seo\/ -->\n<title>Uksek\u00e4epidemed LINCOLN AGED ilma lukuta - MetalTale.com<\/title>\n<meta name=\"robots\" content=\"index, follow, max-snippet:-1, max-image-preview:large, max-video-preview:-1\" \/>\n<link rel=\"canonical\" href=\"https:\/\/metaltale.com\/et\/toode\/uksekaepidemed-lincoln-aged-ilma-lukuta\/\" \/>\n<meta property=\"og:locale\" content=\"et_EE\" \/>\n<meta property=\"og:type\" content=\"article\" \/>\n<meta property=\"og:title\" content=\"Uksek\u00e4epidemed LINCOLN AGED ilma lukuta - MetalTale.com\" \/>\n<meta property=\"og:description\" content=\"Mudel: B.KOLNAS. RD. PRGR Materjal: teras \u00dcldine k\u00f5rgus (cm): 25 \u00dcldine laius (cm): 13,5 Koguprojektsioon (cm): 6 Aluse m\u00f5\u00f5tmed (cm):\" \/>\n<meta property=\"og:url\" content=\"https:\/\/metaltale.com\/et\/toode\/uksekaepidemed-lincoln-aged-ilma-lukuta\/\" \/>\n<meta property=\"og:site_name\" content=\"MetalTale.com\" \/>\n<meta property=\"og:image\" content=\"https:\/\/metaltale.com\/wp-content\/uploads\/2024\/02\/Duru-rankenos-LINCOLN-AGED-be-uzrakto.jpg\" \/>\n\t<meta property=\"og:image:width\" content=\"800\" \/>\n\t<meta property=\"og:image:height\" content=\"800\" \/>\n\t<meta property=\"og:image:type\" content=\"image\/jpeg\" \/>\n<meta name=\"twitter:card\" content=\"summary_large_image\" \/>\n<meta name=\"twitter:label1\" content=\"Est. reading time\" \/>\n\t<meta name=\"twitter:data1\" content=\"1 minut\" \/>\n<script type=\"application\/ld+json\" class=\"yoast-schema-graph\">{\"@context\":\"https:\/\/schema.org\",\"@graph\":[{\"@type\":\"WebPage\",\"@id\":\"https:\/\/metaltale.com\/et\/toode\/uksekaepidemed-lincoln-aged-ilma-lukuta\/\",\"url\":\"https:\/\/metaltale.com\/et\/toode\/uksekaepidemed-lincoln-aged-ilma-lukuta\/\",\"name\":\"Uksek\u00e4epidemed LINCOLN AGED ilma lukuta - MetalTale.com\",\"isPartOf\":{\"@id\":\"https:\/\/metaltale.com\/et\/#website\"},\"primaryImageOfPage\":{\"@id\":\"https:\/\/metaltale.com\/et\/toode\/uksekaepidemed-lincoln-aged-ilma-lukuta\/#primaryimage\"},\"image\":{\"@id\":\"https:\/\/metaltale.com\/et\/toode\/uksekaepidemed-lincoln-aged-ilma-lukuta\/#primaryimage\"},\"thumbnailUrl\":\"https:\/\/metaltale.com\/wp-content\/uploads\/2024\/02\/Duru-rankenos-LINCOLN-AGED-be-uzrakto.jpg\",\"datePublished\":\"2024-02-13T13:23:56+00:00\",\"breadcrumb\":{\"@id\":\"https:\/\/metaltale.com\/et\/toode\/uksekaepidemed-lincoln-aged-ilma-lukuta\/#breadcrumb\"},\"inLanguage\":\"et\",\"potentialAction\":[{\"@type\":\"ReadAction\",\"target\":[\"https:\/\/metaltale.com\/et\/toode\/uksekaepidemed-lincoln-aged-ilma-lukuta\/\"]}]},{\"@type\":\"ImageObject\",\"inLanguage\":\"et\",\"@id\":\"https:\/\/metaltale.com\/et\/toode\/uksekaepidemed-lincoln-aged-ilma-lukuta\/#primaryimage\",\"url\":\"https:\/\/metaltale.com\/wp-content\/uploads\/2024\/02\/Duru-rankenos-LINCOLN-AGED-be-uzrakto.jpg\",\"contentUrl\":\"https:\/\/metaltale.com\/wp-content\/uploads\/2024\/02\/Duru-rankenos-LINCOLN-AGED-be-uzrakto.jpg\",\"width\":800,\"height\":800,\"caption\":\"Uksek\u00e4epidemed LINCOLN AGED ilma lukuta\"},{\"@type\":\"BreadcrumbList\",\"@id\":\"https:\/\/metaltale.com\/et\/toode\/uksekaepidemed-lincoln-aged-ilma-lukuta\/#breadcrumb\",\"itemListElement\":[{\"@type\":\"ListItem\",\"position\":1,\"name\":\"Home\",\"item\":\"https:\/\/metaltale.com\/et\/kodu\/\"},{\"@type\":\"ListItem\",\"position\":2,\"name\":\"Kauplus\",\"item\":\"https:\/\/metaltale.com\/et\/shop\/\"},{\"@type\":\"ListItem\",\"position\":3,\"name\":\"Uksek\u00e4epidemed LINCOLN AGED ilma lukuta\"}]},{\"@type\":\"WebSite\",\"@id\":\"https:\/\/metaltale.com\/et\/#website\",\"url\":\"https:\/\/metaltale.com\/et\/\",\"name\":\"Metaltale.com\",\"description\":\"\",\"potentialAction\":[{\"@type\":\"SearchAction\",\"target\":{\"@type\":\"EntryPoint\",\"urlTemplate\":\"https:\/\/metaltale.com\/et\/?s={search_term_string}\"},\"query-input\":{\"@type\":\"PropertyValueSpecification\",\"valueRequired\":true,\"valueName\":\"search_term_string\"}}],\"inLanguage\":\"et\"}]}<\/script>\n<!-- \/ Yoast SEO plugin. -->","yoast_head_json":{"title":"Uksek\u00e4epidemed LINCOLN AGED ilma lukuta - MetalTale.com","robots":{"index":"index","follow":"follow","max-snippet":"max-snippet:-1","max-image-preview":"max-image-preview:large","max-video-preview":"max-video-preview:-1"},"canonical":"https:\/\/metaltale.com\/et\/toode\/uksekaepidemed-lincoln-aged-ilma-lukuta\/","og_locale":"et_EE","og_type":"article","og_title":"Uksek\u00e4epidemed LINCOLN AGED ilma lukuta - MetalTale.com","og_description":"Mudel: B.KOLNAS. RD. PRGR Materjal: teras \u00dcldine k\u00f5rgus (cm): 25 \u00dcldine laius (cm): 13,5 Koguprojektsioon (cm): 6 Aluse m\u00f5\u00f5tmed (cm):","og_url":"https:\/\/metaltale.com\/et\/toode\/uksekaepidemed-lincoln-aged-ilma-lukuta\/","og_site_name":"MetalTale.com","og_image":[{"width":800,"height":800,"url":"https:\/\/metaltale.com\/wp-content\/uploads\/2024\/02\/Duru-rankenos-LINCOLN-AGED-be-uzrakto.jpg","type":"image\/jpeg"}],"twitter_card":"summary_large_image","twitter_misc":{"Est. reading time":"1 minut"},"schema":{"@context":"https:\/\/schema.org","@graph":[{"@type":"WebPage","@id":"https:\/\/metaltale.com\/et\/toode\/uksekaepidemed-lincoln-aged-ilma-lukuta\/","url":"https:\/\/metaltale.com\/et\/toode\/uksekaepidemed-lincoln-aged-ilma-lukuta\/","name":"Uksek\u00e4epidemed LINCOLN AGED ilma lukuta - MetalTale.com","isPartOf":{"@id":"https:\/\/metaltale.com\/et\/#website"},"primaryImageOfPage":{"@id":"https:\/\/metaltale.com\/et\/toode\/uksekaepidemed-lincoln-aged-ilma-lukuta\/#primaryimage"},"image":{"@id":"https:\/\/metaltale.com\/et\/toode\/uksekaepidemed-lincoln-aged-ilma-lukuta\/#primaryimage"},"thumbnailUrl":"https:\/\/metaltale.com\/wp-content\/uploads\/2024\/02\/Duru-rankenos-LINCOLN-AGED-be-uzrakto.jpg","datePublished":"2024-02-13T13:23:56+00:00","breadcrumb":{"@id":"https:\/\/metaltale.com\/et\/toode\/uksekaepidemed-lincoln-aged-ilma-lukuta\/#breadcrumb"},"inLanguage":"et","potentialAction":[{"@type":"ReadAction","target":["https:\/\/metaltale.com\/et\/toode\/uksekaepidemed-lincoln-aged-ilma-lukuta\/"]}]},{"@type":"ImageObject","inLanguage":"et","@id":"https:\/\/metaltale.com\/et\/toode\/uksekaepidemed-lincoln-aged-ilma-lukuta\/#primaryimage","url":"https:\/\/metaltale.com\/wp-content\/uploads\/2024\/02\/Duru-rankenos-LINCOLN-AGED-be-uzrakto.jpg","contentUrl":"https:\/\/metaltale.com\/wp-content\/uploads\/2024\/02\/Duru-rankenos-LINCOLN-AGED-be-uzrakto.jpg","width":800,"height":800,"caption":"Uksek\u00e4epidemed LINCOLN AGED ilma lukuta"},{"@type":"BreadcrumbList","@id":"https:\/\/metaltale.com\/et\/toode\/uksekaepidemed-lincoln-aged-ilma-lukuta\/#breadcrumb","itemListElement":[{"@type":"ListItem","position":1,"name":"Home","item":"https:\/\/metaltale.com\/et\/kodu\/"},{"@type":"ListItem","position":2,"name":"Kauplus","item":"https:\/\/metaltale.com\/et\/shop\/"},{"@type":"ListItem","position":3,"name":"Uksek\u00e4epidemed LINCOLN AGED ilma lukuta"}]},{"@type":"WebSite","@id":"https:\/\/metaltale.com\/et\/#website","url":"https:\/\/metaltale.com\/et\/","name":"Metaltale.com","description":"","potentialAction":[{"@type":"SearchAction","target":{"@type":"EntryPoint","urlTemplate":"https:\/\/metaltale.com\/et\/?s={search_term_string}"},"query-input":{"@type":"PropertyValueSpecification","valueRequired":true,"valueName":"search_term_string"}}],"inLanguage":"et"}]}},"_links":{"self":[{"href":"https:\/\/metaltale.com\/et\/wp-json\/wp\/v2\/product\/133661","targetHints":{"allow":["GET"]}}],"collection":[{"href":"https:\/\/metaltale.com\/et\/wp-json\/wp\/v2\/product"}],"about":[{"href":"https:\/\/metaltale.com\/et\/wp-json\/wp\/v2\/types\/product"}],"replies":[{"embeddable":true,"href":"https:\/\/metaltale.com\/et\/wp-json\/wp\/v2\/comments?post=133661"}],"version-history":[{"count":0,"href":"https:\/\/metaltale.com\/et\/wp-json\/wp\/v2\/product\/133661\/revisions"}],"wp:featuredmedia":[{"embeddable":true,"href":"https:\/\/metaltale.com\/et\/wp-json\/wp\/v2\/media\/131086"}],"wp:attachment":[{"href":"https:\/\/metaltale.com\/et\/wp-json\/wp\/v2\/media?parent=133661"}],"wp:term":[{"taxonomy":"product_brand","embeddable":true,"href":"https:\/\/metaltale.com\/et\/wp-json\/wp\/v2\/product_brand?post=133661"},{"taxonomy":"product_cat","embeddable":true,"href":"https:\/\/metaltale.com\/et\/wp-json\/wp\/v2\/product_cat?post=133661"},{"taxonomy":"product_tag","embeddable":true,"href":"https:\/\/metaltale.com\/et\/wp-json\/wp\/v2\/product_tag?post=133661"}],"curies":[{"name":"wp","href":"https:\/\/api.w.org\/{rel}","templated":true}]}}