{"id":133656,"date":"2024-02-13T15:23:56","date_gmt":"2024-02-13T13:23:56","guid":{"rendered":"https:\/\/metaltale.com\/produktas\/koogikraanide-statiiv-must-swan\/"},"modified":"2024-02-13T15:23:56","modified_gmt":"2024-02-13T13:23:56","slug":"koogikraanide-statiiv-must-swan","status":"publish","type":"product","link":"https:\/\/metaltale.com\/et\/toode\/koogikraanide-statiiv-must-swan\/","title":{"rendered":"K\u00f6\u00f6gikraanide statiiv must SWAN"},"content":{"rendered":"<div class=\"prod_data\"><strong>Mudel<\/strong> QZ.CF-023-CZ  <br \/>Kaasaegne <strong>kollektsioon<\/strong>  <br \/>K\u00f5rgus (cm) 43 <br \/><strong>Laius (cm)<\/strong> 22  <br \/>Aluse l\u00e4bim\u00f5\u00f5t (cm) 5,2 <br \/>V\u00e4ljalaskeava pikkus (cm ) 17 <br \/>K\u00f5rgus ninaotsani (cm) 18 <br \/><strong>Materjal<\/strong> Roostevaba teras  <br \/><strong>V\u00e4rv<\/strong> Must  <br \/>Viimistlus Matt, l\u00e4ikiv <br \/>P\u00f6\u00f6rlev v\u00e4ljalaskeava Jah <br \/>Perlator (\u00f5hutaja) Jah <\/p>\n<p>roostevabast terasest seinasegisti<\/p>\n<p>360&#8242; p\u00f6\u00f6rlev otsak<\/p>\n<p>paindlik sisset\u00f5mmatav otsik lihtsaks n\u00f5udepesuks<\/p>\n<p>keraamiline pea &#8211; element, mis tagab vee n\u00f5uetekohase jaotamise<\/p>\n<p>\u00f5hutaja vee tarbimise v\u00e4hendamiseks<\/p>\n<p>veevoolu reguleerimine nupuvajutusega, mille puhul on v\u00f5imalik valida kahe variandi vahel<\/p>\n<p>K\u00f5ik paigaldamiseks vajalikud elemendid (voolik, lauakruvi, kruvitihendid) on kaasas.<\/p>\n<p>vt. muud mudelid Modern kollektsioonis<\/p>\n<hr>\n<p>Swan vabalt seisev k\u00f6\u00f6gikraan on pakkumine, mis r\u00f5\u00f5mustab k\u00f5iki, kes otsivad ebakonventsionaalseid lahendusi. Seda kraanikaussi iseloomustab paindlik v\u00e4ljat\u00f5mmatav kraanikaussi, mis toob igap\u00e4evastesse k\u00f6\u00f6gitoimingutesse vabaduse. Eksklusiivne eelis on v\u00f5imalus vahetada veevoolu sujuvalt ja \u00fche nupuvajutusega fikseeritud re\u017eiimilt du\u0161ire\u017eiimile. See muudab n\u00f5ude, puu- ja k\u00f6\u00f6giviljade loputamise t\u00f5husamaks ja mugavamaks kui kunagi varem. Vastupidavatest materjalidest valmistatud mattmust k\u00f6\u00f6gikraan ei taga mitte ainult vastupidavust ja tugevust, vaid sulandub ka erinevatesse k\u00f6\u00f6giruumidesse, lisades neile kaasaegset luksust.<\/p>\n<\/div>\n","protected":false},"excerpt":{"rendered":"<p>Mudel QZ.CF-023-CZ Kaasaegne kollektsioon K\u00f5rgus (cm) 43 Laius (cm) 22 Aluse l\u00e4bim\u00f5\u00f5t (cm) 5,2 V\u00e4ljalaskeava pikkus (cm ) 17 K\u00f5rgus<\/p>\n","protected":false},"featured_media":104589,"comment_status":"open","ping_status":"closed","template":"","meta":{"_acf_changed":false,"pmpro_default_level":""},"product_brand":[],"product_cat":[24179],"product_tag":[],"class_list":{"0":"post-133656","1":"product","2":"type-product","3":"status-publish","4":"has-post-thumbnail","6":"product_cat-vabalt-seisvad-koogisegistid","7":"pmpro-has-access","9":"first","10":"instock","11":"shipping-taxable","12":"purchasable","13":"product-type-simple"},"acf":[],"yoast_head":"<!-- This site is optimized with the Yoast SEO plugin v24.9 - https:\/\/yoast.com\/wordpress\/plugins\/seo\/ -->\n<title>K\u00f6\u00f6gikraanide statiiv must SWAN - MetalTale.com<\/title>\n<meta name=\"robots\" content=\"index, follow, max-snippet:-1, max-image-preview:large, max-video-preview:-1\" \/>\n<link rel=\"canonical\" href=\"https:\/\/metaltale.com\/et\/toode\/koogikraanide-statiiv-must-swan\/\" \/>\n<meta property=\"og:locale\" content=\"et_EE\" \/>\n<meta property=\"og:type\" content=\"article\" \/>\n<meta property=\"og:title\" content=\"K\u00f6\u00f6gikraanide statiiv must SWAN - MetalTale.com\" \/>\n<meta property=\"og:description\" content=\"Mudel QZ.CF-023-CZ Kaasaegne kollektsioon K\u00f5rgus (cm) 43 Laius (cm) 22 Aluse l\u00e4bim\u00f5\u00f5t (cm) 5,2 V\u00e4ljalaskeava pikkus (cm ) 17 K\u00f5rgus\" \/>\n<meta property=\"og:url\" content=\"https:\/\/metaltale.com\/et\/toode\/koogikraanide-statiiv-must-swan\/\" \/>\n<meta property=\"og:site_name\" content=\"MetalTale.com\" \/>\n<meta property=\"og:image\" content=\"http:\/\/metaltale.com\/wp-content\/uploads\/2023\/11\/Virtuvx117s-maix161ytuvo-stovas-juodas-SWAN.jpg\" \/>\n\t<meta property=\"og:image:width\" content=\"800\" \/>\n\t<meta property=\"og:image:height\" content=\"800\" \/>\n\t<meta property=\"og:image:type\" content=\"image\/jpeg\" \/>\n<meta name=\"twitter:card\" content=\"summary_large_image\" \/>\n<meta name=\"twitter:label1\" content=\"Est. reading time\" \/>\n\t<meta name=\"twitter:data1\" content=\"1 minut\" \/>\n<script type=\"application\/ld+json\" class=\"yoast-schema-graph\">{\"@context\":\"https:\/\/schema.org\",\"@graph\":[{\"@type\":\"WebPage\",\"@id\":\"https:\/\/metaltale.com\/et\/toode\/koogikraanide-statiiv-must-swan\/\",\"url\":\"https:\/\/metaltale.com\/et\/toode\/koogikraanide-statiiv-must-swan\/\",\"name\":\"K\u00f6\u00f6gikraanide statiiv must SWAN - MetalTale.com\",\"isPartOf\":{\"@id\":\"https:\/\/metaltale.com\/et\/#website\"},\"primaryImageOfPage\":{\"@id\":\"https:\/\/metaltale.com\/et\/toode\/koogikraanide-statiiv-must-swan\/#primaryimage\"},\"image\":{\"@id\":\"https:\/\/metaltale.com\/et\/toode\/koogikraanide-statiiv-must-swan\/#primaryimage\"},\"thumbnailUrl\":\"https:\/\/metaltale.com\/wp-content\/uploads\/2023\/11\/Virtuvx117s-maix161ytuvo-stovas-juodas-SWAN.jpg\",\"datePublished\":\"2024-02-13T13:23:56+00:00\",\"breadcrumb\":{\"@id\":\"https:\/\/metaltale.com\/et\/toode\/koogikraanide-statiiv-must-swan\/#breadcrumb\"},\"inLanguage\":\"et\",\"potentialAction\":[{\"@type\":\"ReadAction\",\"target\":[\"https:\/\/metaltale.com\/et\/toode\/koogikraanide-statiiv-must-swan\/\"]}]},{\"@type\":\"ImageObject\",\"inLanguage\":\"et\",\"@id\":\"https:\/\/metaltale.com\/et\/toode\/koogikraanide-statiiv-must-swan\/#primaryimage\",\"url\":\"https:\/\/metaltale.com\/wp-content\/uploads\/2023\/11\/Virtuvx117s-maix161ytuvo-stovas-juodas-SWAN.jpg\",\"contentUrl\":\"https:\/\/metaltale.com\/wp-content\/uploads\/2023\/11\/Virtuvx117s-maix161ytuvo-stovas-juodas-SWAN.jpg\",\"width\":800,\"height\":800},{\"@type\":\"BreadcrumbList\",\"@id\":\"https:\/\/metaltale.com\/et\/toode\/koogikraanide-statiiv-must-swan\/#breadcrumb\",\"itemListElement\":[{\"@type\":\"ListItem\",\"position\":1,\"name\":\"Home\",\"item\":\"https:\/\/metaltale.com\/et\/kodu\/\"},{\"@type\":\"ListItem\",\"position\":2,\"name\":\"Kauplus\",\"item\":\"https:\/\/metaltale.com\/et\/shop\/\"},{\"@type\":\"ListItem\",\"position\":3,\"name\":\"K\u00f6\u00f6gikraanide statiiv must SWAN\"}]},{\"@type\":\"WebSite\",\"@id\":\"https:\/\/metaltale.com\/et\/#website\",\"url\":\"https:\/\/metaltale.com\/et\/\",\"name\":\"Metaltale.com\",\"description\":\"\",\"potentialAction\":[{\"@type\":\"SearchAction\",\"target\":{\"@type\":\"EntryPoint\",\"urlTemplate\":\"https:\/\/metaltale.com\/et\/?s={search_term_string}\"},\"query-input\":{\"@type\":\"PropertyValueSpecification\",\"valueRequired\":true,\"valueName\":\"search_term_string\"}}],\"inLanguage\":\"et\"}]}<\/script>\n<!-- \/ Yoast SEO plugin. -->","yoast_head_json":{"title":"K\u00f6\u00f6gikraanide statiiv must SWAN - MetalTale.com","robots":{"index":"index","follow":"follow","max-snippet":"max-snippet:-1","max-image-preview":"max-image-preview:large","max-video-preview":"max-video-preview:-1"},"canonical":"https:\/\/metaltale.com\/et\/toode\/koogikraanide-statiiv-must-swan\/","og_locale":"et_EE","og_type":"article","og_title":"K\u00f6\u00f6gikraanide statiiv must SWAN - MetalTale.com","og_description":"Mudel QZ.CF-023-CZ Kaasaegne kollektsioon K\u00f5rgus (cm) 43 Laius (cm) 22 Aluse l\u00e4bim\u00f5\u00f5t (cm) 5,2 V\u00e4ljalaskeava pikkus (cm ) 17 K\u00f5rgus","og_url":"https:\/\/metaltale.com\/et\/toode\/koogikraanide-statiiv-must-swan\/","og_site_name":"MetalTale.com","og_image":[{"width":800,"height":800,"url":"http:\/\/metaltale.com\/wp-content\/uploads\/2023\/11\/Virtuvx117s-maix161ytuvo-stovas-juodas-SWAN.jpg","type":"image\/jpeg"}],"twitter_card":"summary_large_image","twitter_misc":{"Est. reading time":"1 minut"},"schema":{"@context":"https:\/\/schema.org","@graph":[{"@type":"WebPage","@id":"https:\/\/metaltale.com\/et\/toode\/koogikraanide-statiiv-must-swan\/","url":"https:\/\/metaltale.com\/et\/toode\/koogikraanide-statiiv-must-swan\/","name":"K\u00f6\u00f6gikraanide statiiv must SWAN - MetalTale.com","isPartOf":{"@id":"https:\/\/metaltale.com\/et\/#website"},"primaryImageOfPage":{"@id":"https:\/\/metaltale.com\/et\/toode\/koogikraanide-statiiv-must-swan\/#primaryimage"},"image":{"@id":"https:\/\/metaltale.com\/et\/toode\/koogikraanide-statiiv-must-swan\/#primaryimage"},"thumbnailUrl":"https:\/\/metaltale.com\/wp-content\/uploads\/2023\/11\/Virtuvx117s-maix161ytuvo-stovas-juodas-SWAN.jpg","datePublished":"2024-02-13T13:23:56+00:00","breadcrumb":{"@id":"https:\/\/metaltale.com\/et\/toode\/koogikraanide-statiiv-must-swan\/#breadcrumb"},"inLanguage":"et","potentialAction":[{"@type":"ReadAction","target":["https:\/\/metaltale.com\/et\/toode\/koogikraanide-statiiv-must-swan\/"]}]},{"@type":"ImageObject","inLanguage":"et","@id":"https:\/\/metaltale.com\/et\/toode\/koogikraanide-statiiv-must-swan\/#primaryimage","url":"https:\/\/metaltale.com\/wp-content\/uploads\/2023\/11\/Virtuvx117s-maix161ytuvo-stovas-juodas-SWAN.jpg","contentUrl":"https:\/\/metaltale.com\/wp-content\/uploads\/2023\/11\/Virtuvx117s-maix161ytuvo-stovas-juodas-SWAN.jpg","width":800,"height":800},{"@type":"BreadcrumbList","@id":"https:\/\/metaltale.com\/et\/toode\/koogikraanide-statiiv-must-swan\/#breadcrumb","itemListElement":[{"@type":"ListItem","position":1,"name":"Home","item":"https:\/\/metaltale.com\/et\/kodu\/"},{"@type":"ListItem","position":2,"name":"Kauplus","item":"https:\/\/metaltale.com\/et\/shop\/"},{"@type":"ListItem","position":3,"name":"K\u00f6\u00f6gikraanide statiiv must SWAN"}]},{"@type":"WebSite","@id":"https:\/\/metaltale.com\/et\/#website","url":"https:\/\/metaltale.com\/et\/","name":"Metaltale.com","description":"","potentialAction":[{"@type":"SearchAction","target":{"@type":"EntryPoint","urlTemplate":"https:\/\/metaltale.com\/et\/?s={search_term_string}"},"query-input":{"@type":"PropertyValueSpecification","valueRequired":true,"valueName":"search_term_string"}}],"inLanguage":"et"}]}},"_links":{"self":[{"href":"https:\/\/metaltale.com\/et\/wp-json\/wp\/v2\/product\/133656","targetHints":{"allow":["GET"]}}],"collection":[{"href":"https:\/\/metaltale.com\/et\/wp-json\/wp\/v2\/product"}],"about":[{"href":"https:\/\/metaltale.com\/et\/wp-json\/wp\/v2\/types\/product"}],"replies":[{"embeddable":true,"href":"https:\/\/metaltale.com\/et\/wp-json\/wp\/v2\/comments?post=133656"}],"version-history":[{"count":0,"href":"https:\/\/metaltale.com\/et\/wp-json\/wp\/v2\/product\/133656\/revisions"}],"wp:featuredmedia":[{"embeddable":true,"href":"https:\/\/metaltale.com\/et\/wp-json\/wp\/v2\/media\/104589"}],"wp:attachment":[{"href":"https:\/\/metaltale.com\/et\/wp-json\/wp\/v2\/media?parent=133656"}],"wp:term":[{"taxonomy":"product_brand","embeddable":true,"href":"https:\/\/metaltale.com\/et\/wp-json\/wp\/v2\/product_brand?post=133656"},{"taxonomy":"product_cat","embeddable":true,"href":"https:\/\/metaltale.com\/et\/wp-json\/wp\/v2\/product_cat?post=133656"},{"taxonomy":"product_tag","embeddable":true,"href":"https:\/\/metaltale.com\/et\/wp-json\/wp\/v2\/product_tag?post=133656"}],"curies":[{"name":"wp","href":"https:\/\/api.w.org\/{rel}","templated":true}]}}