{"id":133648,"date":"2024-02-13T15:23:56","date_gmt":"2024-02-13T13:23:56","guid":{"rendered":"https:\/\/metaltale.com\/produktas\/statsionaarne-koogisegisti-ronda-roosakas-kuldne\/"},"modified":"2024-02-13T15:23:56","modified_gmt":"2024-02-13T13:23:56","slug":"statsionaarne-koogisegisti-ronda-roosakas-kuldne","status":"publish","type":"product","link":"https:\/\/metaltale.com\/et\/toode\/statsionaarne-koogisegisti-ronda-roosakas-kuldne\/","title":{"rendered":"Statsionaarne k\u00f6\u00f6gisegisti RONDA, roosakas kuldne"},"content":{"rendered":"<div class=\"prod_data\">\n<p><strong>Mudel<\/strong> QZ.CF-00103-RZL<br \/>\nKaasaegne <strong>kollektsioon<\/strong><br \/>\n<strong>K\u00f5rgus (cm)<\/strong> 33,5<br \/>\n<strong>\u00dcldl\u00e4bim\u00f5\u00f5t (cm<\/strong> ) 4,5<br \/>\n<strong>V\u00e4ljalaskeava pikkus (cm<\/strong> ) 17<br \/>\n<strong>K\u00f5rgus ninaotsani (cm)<\/strong> 25<br \/>\n<strong>Materjal<\/strong> Roostevaba teras<br \/>\n<strong>V\u00e4rv<\/strong> Roosa kuld<br \/>\nViimistlus Matte<br \/>\n<strong>P\u00f6\u00f6rlev v\u00e4ljalaskeava<\/strong> Jah<br \/>\n<strong>Perlator (\u00f5hutaja)<\/strong> Jah<\/p>\n<p>roostevabast terasest seinasegisti<\/p>\n<p>360&#8242; p\u00f6\u00f6rlev otsak<\/p>\n<p>keraamiline pea &#8211; element, mis tagab vee n\u00f5uetekohase jaotamise<\/p>\n<p>\u00d5hutaja &#8211; vee tarbimise v\u00e4hendamiseks<\/p>\n<p>K\u00f5ik paigaldamiseks vajalikud elemendid (voolik, kruvi lauaplaadi jaoks, kruvitihendid) kuuluvad komplekti.<\/p>\n<hr>\n<p>Vabalt seisev k\u00f6\u00f6gisegisti Ronda on esteetika ja funktsionaalsuse harmooniline kombinatsioon. Segisti vastupidavast materjalist valmistatud tugev konstruktsioon tagab selle vastupidavuse ja vastupidavuse igap\u00e4evases kasutuses. Kraanil on p\u00f6\u00f6rlev kraanikaussi ja aerator, mis suurendab kasutusmugavust. See vabalt seisev k\u00f6\u00f6gisegisti ei ole mitte ainult t\u00f6\u00f6riist, vaid ka k\u00f6\u00f6gi kaunistus. Selle olemasolu r\u00f5hutab teie t\u00e4helepanu \u00fcksikasjadele ja armastust ilu vastu nii teie igap\u00e4evases tegevuses kui ka selles, kuidas te oma ruumi haldate.<\/p>\n<\/div>\n","protected":false},"excerpt":{"rendered":"<p>Mudel QZ.CF-00103-RZL Kaasaegne kollektsioon K\u00f5rgus (cm) 33,5 \u00dcldl\u00e4bim\u00f5\u00f5t (cm ) 4,5 V\u00e4ljalaskeava pikkus (cm ) 17 K\u00f5rgus ninaotsani (cm) 25<\/p>\n","protected":false},"featured_media":104393,"comment_status":"open","ping_status":"closed","template":"","meta":{"_acf_changed":false,"pmpro_default_level":""},"product_brand":[],"product_cat":[24178,24179],"product_tag":[],"class_list":{"0":"post-133648","1":"product","2":"type-product","3":"status-publish","4":"has-post-thumbnail","6":"product_cat-koogisegistid","7":"product_cat-vabalt-seisvad-koogisegistid","8":"pmpro-has-access","10":"first","11":"instock","12":"shipping-taxable","13":"purchasable","14":"product-type-simple"},"acf":[],"yoast_head":"<!-- This site is optimized with the Yoast SEO plugin v24.9 - https:\/\/yoast.com\/wordpress\/plugins\/seo\/ -->\n<title>Statsionaarne k\u00f6\u00f6gisegisti RONDA, roosakas kuldne - MetalTale.com<\/title>\n<meta name=\"robots\" content=\"index, follow, max-snippet:-1, max-image-preview:large, max-video-preview:-1\" \/>\n<link rel=\"canonical\" href=\"https:\/\/metaltale.com\/et\/toode\/statsionaarne-koogisegisti-ronda-roosakas-kuldne\/\" \/>\n<meta property=\"og:locale\" content=\"et_EE\" \/>\n<meta property=\"og:type\" content=\"article\" \/>\n<meta property=\"og:title\" content=\"Statsionaarne k\u00f6\u00f6gisegisti RONDA, roosakas kuldne - MetalTale.com\" \/>\n<meta property=\"og:description\" content=\"Mudel QZ.CF-00103-RZL Kaasaegne kollektsioon K\u00f5rgus (cm) 33,5 \u00dcldl\u00e4bim\u00f5\u00f5t (cm ) 4,5 V\u00e4ljalaskeava pikkus (cm ) 17 K\u00f5rgus ninaotsani (cm) 25\" \/>\n<meta property=\"og:url\" content=\"https:\/\/metaltale.com\/et\/toode\/statsionaarne-koogisegisti-ronda-roosakas-kuldne\/\" \/>\n<meta property=\"og:site_name\" content=\"MetalTale.com\" \/>\n<meta property=\"og:image\" content=\"https:\/\/metaltale.com\/wp-content\/uploads\/2023\/11\/Stacionarus-virtuvx117s-maix161ytuvas-rox17Einio-aukso-spalvos-RONDA.jpg\" \/>\n\t<meta property=\"og:image:width\" content=\"800\" \/>\n\t<meta property=\"og:image:height\" content=\"800\" \/>\n\t<meta property=\"og:image:type\" content=\"image\/jpeg\" \/>\n<meta name=\"twitter:card\" content=\"summary_large_image\" \/>\n<meta name=\"twitter:label1\" content=\"Est. reading time\" \/>\n\t<meta name=\"twitter:data1\" content=\"1 minut\" \/>\n<script type=\"application\/ld+json\" class=\"yoast-schema-graph\">{\"@context\":\"https:\/\/schema.org\",\"@graph\":[{\"@type\":\"WebPage\",\"@id\":\"https:\/\/metaltale.com\/et\/toode\/statsionaarne-koogisegisti-ronda-roosakas-kuldne\/\",\"url\":\"https:\/\/metaltale.com\/et\/toode\/statsionaarne-koogisegisti-ronda-roosakas-kuldne\/\",\"name\":\"Statsionaarne k\u00f6\u00f6gisegisti RONDA, roosakas kuldne - MetalTale.com\",\"isPartOf\":{\"@id\":\"https:\/\/metaltale.com\/et\/#website\"},\"primaryImageOfPage\":{\"@id\":\"https:\/\/metaltale.com\/et\/toode\/statsionaarne-koogisegisti-ronda-roosakas-kuldne\/#primaryimage\"},\"image\":{\"@id\":\"https:\/\/metaltale.com\/et\/toode\/statsionaarne-koogisegisti-ronda-roosakas-kuldne\/#primaryimage\"},\"thumbnailUrl\":\"https:\/\/metaltale.com\/wp-content\/uploads\/2023\/11\/Stacionarus-virtuvx117s-maix161ytuvas-rox17Einio-aukso-spalvos-RONDA.jpg\",\"datePublished\":\"2024-02-13T13:23:56+00:00\",\"breadcrumb\":{\"@id\":\"https:\/\/metaltale.com\/et\/toode\/statsionaarne-koogisegisti-ronda-roosakas-kuldne\/#breadcrumb\"},\"inLanguage\":\"et\",\"potentialAction\":[{\"@type\":\"ReadAction\",\"target\":[\"https:\/\/metaltale.com\/et\/toode\/statsionaarne-koogisegisti-ronda-roosakas-kuldne\/\"]}]},{\"@type\":\"ImageObject\",\"inLanguage\":\"et\",\"@id\":\"https:\/\/metaltale.com\/et\/toode\/statsionaarne-koogisegisti-ronda-roosakas-kuldne\/#primaryimage\",\"url\":\"https:\/\/metaltale.com\/wp-content\/uploads\/2023\/11\/Stacionarus-virtuvx117s-maix161ytuvas-rox17Einio-aukso-spalvos-RONDA.jpg\",\"contentUrl\":\"https:\/\/metaltale.com\/wp-content\/uploads\/2023\/11\/Stacionarus-virtuvx117s-maix161ytuvas-rox17Einio-aukso-spalvos-RONDA.jpg\",\"width\":800,\"height\":800,\"caption\":\"Statsionaarne k\u00f6\u00f6gisegisti RONDA, roosakas kuldne\"},{\"@type\":\"BreadcrumbList\",\"@id\":\"https:\/\/metaltale.com\/et\/toode\/statsionaarne-koogisegisti-ronda-roosakas-kuldne\/#breadcrumb\",\"itemListElement\":[{\"@type\":\"ListItem\",\"position\":1,\"name\":\"Home\",\"item\":\"https:\/\/metaltale.com\/et\/kodu\/\"},{\"@type\":\"ListItem\",\"position\":2,\"name\":\"Kauplus\",\"item\":\"https:\/\/metaltale.com\/et\/shop\/\"},{\"@type\":\"ListItem\",\"position\":3,\"name\":\"Statsionaarne k\u00f6\u00f6gisegisti RONDA, roosakas kuldne\"}]},{\"@type\":\"WebSite\",\"@id\":\"https:\/\/metaltale.com\/et\/#website\",\"url\":\"https:\/\/metaltale.com\/et\/\",\"name\":\"Metaltale.com\",\"description\":\"\",\"potentialAction\":[{\"@type\":\"SearchAction\",\"target\":{\"@type\":\"EntryPoint\",\"urlTemplate\":\"https:\/\/metaltale.com\/et\/?s={search_term_string}\"},\"query-input\":{\"@type\":\"PropertyValueSpecification\",\"valueRequired\":true,\"valueName\":\"search_term_string\"}}],\"inLanguage\":\"et\"}]}<\/script>\n<!-- \/ Yoast SEO plugin. -->","yoast_head_json":{"title":"Statsionaarne k\u00f6\u00f6gisegisti RONDA, roosakas kuldne - MetalTale.com","robots":{"index":"index","follow":"follow","max-snippet":"max-snippet:-1","max-image-preview":"max-image-preview:large","max-video-preview":"max-video-preview:-1"},"canonical":"https:\/\/metaltale.com\/et\/toode\/statsionaarne-koogisegisti-ronda-roosakas-kuldne\/","og_locale":"et_EE","og_type":"article","og_title":"Statsionaarne k\u00f6\u00f6gisegisti RONDA, roosakas kuldne - MetalTale.com","og_description":"Mudel QZ.CF-00103-RZL Kaasaegne kollektsioon K\u00f5rgus (cm) 33,5 \u00dcldl\u00e4bim\u00f5\u00f5t (cm ) 4,5 V\u00e4ljalaskeava pikkus (cm ) 17 K\u00f5rgus ninaotsani (cm) 25","og_url":"https:\/\/metaltale.com\/et\/toode\/statsionaarne-koogisegisti-ronda-roosakas-kuldne\/","og_site_name":"MetalTale.com","og_image":[{"width":800,"height":800,"url":"https:\/\/metaltale.com\/wp-content\/uploads\/2023\/11\/Stacionarus-virtuvx117s-maix161ytuvas-rox17Einio-aukso-spalvos-RONDA.jpg","type":"image\/jpeg"}],"twitter_card":"summary_large_image","twitter_misc":{"Est. reading time":"1 minut"},"schema":{"@context":"https:\/\/schema.org","@graph":[{"@type":"WebPage","@id":"https:\/\/metaltale.com\/et\/toode\/statsionaarne-koogisegisti-ronda-roosakas-kuldne\/","url":"https:\/\/metaltale.com\/et\/toode\/statsionaarne-koogisegisti-ronda-roosakas-kuldne\/","name":"Statsionaarne k\u00f6\u00f6gisegisti RONDA, roosakas kuldne - MetalTale.com","isPartOf":{"@id":"https:\/\/metaltale.com\/et\/#website"},"primaryImageOfPage":{"@id":"https:\/\/metaltale.com\/et\/toode\/statsionaarne-koogisegisti-ronda-roosakas-kuldne\/#primaryimage"},"image":{"@id":"https:\/\/metaltale.com\/et\/toode\/statsionaarne-koogisegisti-ronda-roosakas-kuldne\/#primaryimage"},"thumbnailUrl":"https:\/\/metaltale.com\/wp-content\/uploads\/2023\/11\/Stacionarus-virtuvx117s-maix161ytuvas-rox17Einio-aukso-spalvos-RONDA.jpg","datePublished":"2024-02-13T13:23:56+00:00","breadcrumb":{"@id":"https:\/\/metaltale.com\/et\/toode\/statsionaarne-koogisegisti-ronda-roosakas-kuldne\/#breadcrumb"},"inLanguage":"et","potentialAction":[{"@type":"ReadAction","target":["https:\/\/metaltale.com\/et\/toode\/statsionaarne-koogisegisti-ronda-roosakas-kuldne\/"]}]},{"@type":"ImageObject","inLanguage":"et","@id":"https:\/\/metaltale.com\/et\/toode\/statsionaarne-koogisegisti-ronda-roosakas-kuldne\/#primaryimage","url":"https:\/\/metaltale.com\/wp-content\/uploads\/2023\/11\/Stacionarus-virtuvx117s-maix161ytuvas-rox17Einio-aukso-spalvos-RONDA.jpg","contentUrl":"https:\/\/metaltale.com\/wp-content\/uploads\/2023\/11\/Stacionarus-virtuvx117s-maix161ytuvas-rox17Einio-aukso-spalvos-RONDA.jpg","width":800,"height":800,"caption":"Statsionaarne k\u00f6\u00f6gisegisti RONDA, roosakas kuldne"},{"@type":"BreadcrumbList","@id":"https:\/\/metaltale.com\/et\/toode\/statsionaarne-koogisegisti-ronda-roosakas-kuldne\/#breadcrumb","itemListElement":[{"@type":"ListItem","position":1,"name":"Home","item":"https:\/\/metaltale.com\/et\/kodu\/"},{"@type":"ListItem","position":2,"name":"Kauplus","item":"https:\/\/metaltale.com\/et\/shop\/"},{"@type":"ListItem","position":3,"name":"Statsionaarne k\u00f6\u00f6gisegisti RONDA, roosakas kuldne"}]},{"@type":"WebSite","@id":"https:\/\/metaltale.com\/et\/#website","url":"https:\/\/metaltale.com\/et\/","name":"Metaltale.com","description":"","potentialAction":[{"@type":"SearchAction","target":{"@type":"EntryPoint","urlTemplate":"https:\/\/metaltale.com\/et\/?s={search_term_string}"},"query-input":{"@type":"PropertyValueSpecification","valueRequired":true,"valueName":"search_term_string"}}],"inLanguage":"et"}]}},"_links":{"self":[{"href":"https:\/\/metaltale.com\/et\/wp-json\/wp\/v2\/product\/133648","targetHints":{"allow":["GET"]}}],"collection":[{"href":"https:\/\/metaltale.com\/et\/wp-json\/wp\/v2\/product"}],"about":[{"href":"https:\/\/metaltale.com\/et\/wp-json\/wp\/v2\/types\/product"}],"replies":[{"embeddable":true,"href":"https:\/\/metaltale.com\/et\/wp-json\/wp\/v2\/comments?post=133648"}],"version-history":[{"count":0,"href":"https:\/\/metaltale.com\/et\/wp-json\/wp\/v2\/product\/133648\/revisions"}],"wp:featuredmedia":[{"embeddable":true,"href":"https:\/\/metaltale.com\/et\/wp-json\/wp\/v2\/media\/104393"}],"wp:attachment":[{"href":"https:\/\/metaltale.com\/et\/wp-json\/wp\/v2\/media?parent=133648"}],"wp:term":[{"taxonomy":"product_brand","embeddable":true,"href":"https:\/\/metaltale.com\/et\/wp-json\/wp\/v2\/product_brand?post=133648"},{"taxonomy":"product_cat","embeddable":true,"href":"https:\/\/metaltale.com\/et\/wp-json\/wp\/v2\/product_cat?post=133648"},{"taxonomy":"product_tag","embeddable":true,"href":"https:\/\/metaltale.com\/et\/wp-json\/wp\/v2\/product_tag?post=133648"}],"curies":[{"name":"wp","href":"https:\/\/api.w.org\/{rel}","templated":true}]}}