{"id":133631,"date":"2024-02-13T15:23:56","date_gmt":"2024-02-13T13:23:56","guid":{"rendered":"https:\/\/metaltale.com\/produktas\/koogikraan-slender-must\/"},"modified":"2024-02-13T15:23:56","modified_gmt":"2024-02-13T13:23:56","slug":"koogikraan-slender-must","status":"publish","type":"product","link":"https:\/\/metaltale.com\/et\/toode\/koogikraan-slender-must\/","title":{"rendered":"K\u00f6\u00f6gikraan SLENDER, must"},"content":{"rendered":"<div class=\"prod_data\">\n<p><strong>Mudel<\/strong> QZ.CF-156-CZ<br \/>\nKaasaegne <strong>kollektsioon<\/strong><br \/>\nK\u00f5rgus (cm) 46<br \/>\n<strong>Aluse l\u00e4bim\u00f5\u00f5t (cm<\/strong> ) 5,5<br \/>\n<strong>V\u00e4ljalaskeava pikkus (cm<\/strong> ) 17,5<br \/>\n<strong>K\u00f5rgus ninaotsani (cm)<\/strong> 26<br \/>\n<strong>Materjal<\/strong> Roostevaba teras<br \/>\nV\u00e4rv Must<br \/>\nViimistlus Matte<br \/>\n<strong>P\u00f6\u00f6rlev v\u00e4ljalaskeava<\/strong> Jah<br \/>\n<strong>Perlator (\u00f5hutaja)<\/strong> Jah<br \/>\n<strong>Koguprojektsioon (cm)<\/strong> 27<\/p>\n<p>roostevabast terasest seinasegisti<\/p>\n<p>360&#8242; p\u00f6\u00f6rlev otsak<\/p>\n<p>sisset\u00f5mmatav pihustusotsik lihtsaks n\u00f5udepesuks<\/p>\n<p>keraamiline pea &#8211; element, mis tagab vee n\u00f5uetekohase jaotamise<\/p>\n<p>\u00f5hutaja vee tarbimise v\u00e4hendamiseks<\/p>\n<p>veevoolu reguleerimise nupuvajutus, mille puhul on v\u00f5imalik valida kolme variandi vahel<\/p>\n<p>K\u00f5ik paigaldamiseks vajalikud komponendid (voolik, lauakruvi, kruvitihendid) on kaasas.<\/p>\n<p>lihtne hooldus &#8211; soe vesi ja PH neutraalne seep<\/p>\n<hr>\n<p>Mati musta v\u00e4rvi kaasaegne segisti sobib ideaalselt nii moodsasse k\u00f6\u00f6ki kui ka elegantsesse retrointerj\u00f6\u00f6ri. Lisaks sellele, et see kraan on v\u00f5luv v\u00e4limus, on see kraan ka \u00e4\u00e4rmiselt praktiline ja funktsionaalne. Selle sisset\u00f5mmatav otsik ja v\u00f5imalus reguleerida veevoolu &#8211; pidevast du\u0161i v\u00f5i uduvooluni &#8211; on funktsioonid, mis v\u00f5imaldavad teil n\u00f5udepesu t\u00e4pselt teha ja j\u00f5uda ka k\u00f5ige n\u00f5udlikumate kohtadeni. Siinses kraanikausis on \u00fchendatud suurep\u00e4rane funktsionaalsus ja ainulaadne, pilkup\u00fc\u00fcdev disain. Sellest v\u00e4ga funktsionaalsest, kuid samas disainerlikust tootest on v\u00f5imatu m\u00f6\u00f6da minna.<\/p>\n<\/div>\n","protected":false},"excerpt":{"rendered":"<p>Mudel QZ.CF-156-CZ Kaasaegne kollektsioon K\u00f5rgus (cm) 46 Aluse l\u00e4bim\u00f5\u00f5t (cm ) 5,5 V\u00e4ljalaskeava pikkus (cm ) 17,5 K\u00f5rgus ninaotsani (cm)<\/p>\n","protected":false},"featured_media":95994,"comment_status":"open","ping_status":"closed","template":"","meta":{"_acf_changed":false,"pmpro_default_level":""},"product_brand":[],"product_cat":[24178,24179],"product_tag":[],"class_list":{"0":"post-133631","1":"product","2":"type-product","3":"status-publish","4":"has-post-thumbnail","6":"product_cat-koogisegistid","7":"product_cat-vabalt-seisvad-koogisegistid","8":"pmpro-has-access","10":"first","11":"instock","12":"shipping-taxable","13":"purchasable","14":"product-type-simple"},"acf":[],"yoast_head":"<!-- This site is optimized with the Yoast SEO plugin v24.9 - https:\/\/yoast.com\/wordpress\/plugins\/seo\/ -->\n<title>K\u00f6\u00f6gikraan SLENDER, must - MetalTale.com<\/title>\n<meta name=\"robots\" content=\"index, follow, max-snippet:-1, max-image-preview:large, max-video-preview:-1\" \/>\n<link rel=\"canonical\" href=\"https:\/\/metaltale.com\/et\/toode\/koogikraan-slender-must\/\" \/>\n<meta property=\"og:locale\" content=\"et_EE\" \/>\n<meta property=\"og:type\" content=\"article\" \/>\n<meta property=\"og:title\" content=\"K\u00f6\u00f6gikraan SLENDER, must - MetalTale.com\" \/>\n<meta property=\"og:description\" content=\"Mudel QZ.CF-156-CZ Kaasaegne kollektsioon K\u00f5rgus (cm) 46 Aluse l\u00e4bim\u00f5\u00f5t (cm ) 5,5 V\u00e4ljalaskeava pikkus (cm ) 17,5 K\u00f5rgus ninaotsani (cm)\" \/>\n<meta property=\"og:url\" content=\"https:\/\/metaltale.com\/et\/toode\/koogikraan-slender-must\/\" \/>\n<meta property=\"og:site_name\" content=\"MetalTale.com\" \/>\n<meta name=\"twitter:card\" content=\"summary_large_image\" \/>\n<meta name=\"twitter:label1\" content=\"Est. reading time\" \/>\n\t<meta name=\"twitter:data1\" content=\"1 minut\" \/>\n<script type=\"application\/ld+json\" class=\"yoast-schema-graph\">{\"@context\":\"https:\/\/schema.org\",\"@graph\":[{\"@type\":\"WebPage\",\"@id\":\"https:\/\/metaltale.com\/et\/toode\/koogikraan-slender-must\/\",\"url\":\"https:\/\/metaltale.com\/et\/toode\/koogikraan-slender-must\/\",\"name\":\"K\u00f6\u00f6gikraan SLENDER, must - MetalTale.com\",\"isPartOf\":{\"@id\":\"https:\/\/metaltale.com\/et\/#website\"},\"primaryImageOfPage\":{\"@id\":\"https:\/\/metaltale.com\/et\/toode\/koogikraan-slender-must\/#primaryimage\"},\"image\":{\"@id\":\"https:\/\/metaltale.com\/et\/toode\/koogikraan-slender-must\/#primaryimage\"},\"thumbnailUrl\":\"https:\/\/metaltale.com\/wp-content\/uploads\/2023\/10\/Vieno-sverto-virtuvx117s-maix161ytuvas-juodas-SLENDER.jpg\",\"datePublished\":\"2024-02-13T13:23:56+00:00\",\"breadcrumb\":{\"@id\":\"https:\/\/metaltale.com\/et\/toode\/koogikraan-slender-must\/#breadcrumb\"},\"inLanguage\":\"et\",\"potentialAction\":[{\"@type\":\"ReadAction\",\"target\":[\"https:\/\/metaltale.com\/et\/toode\/koogikraan-slender-must\/\"]}]},{\"@type\":\"ImageObject\",\"inLanguage\":\"et\",\"@id\":\"https:\/\/metaltale.com\/et\/toode\/koogikraan-slender-must\/#primaryimage\",\"url\":\"https:\/\/metaltale.com\/wp-content\/uploads\/2023\/10\/Vieno-sverto-virtuvx117s-maix161ytuvas-juodas-SLENDER.jpg\",\"contentUrl\":\"https:\/\/metaltale.com\/wp-content\/uploads\/2023\/10\/Vieno-sverto-virtuvx117s-maix161ytuvas-juodas-SLENDER.jpg\",\"width\":800,\"height\":800,\"caption\":\"K\u00f6\u00f6gikraan SLENDER, must\"},{\"@type\":\"BreadcrumbList\",\"@id\":\"https:\/\/metaltale.com\/et\/toode\/koogikraan-slender-must\/#breadcrumb\",\"itemListElement\":[{\"@type\":\"ListItem\",\"position\":1,\"name\":\"Home\",\"item\":\"https:\/\/metaltale.com\/et\/kodu\/\"},{\"@type\":\"ListItem\",\"position\":2,\"name\":\"Kauplus\",\"item\":\"https:\/\/metaltale.com\/et\/shop\/\"},{\"@type\":\"ListItem\",\"position\":3,\"name\":\"K\u00f6\u00f6gikraan SLENDER, must\"}]},{\"@type\":\"WebSite\",\"@id\":\"https:\/\/metaltale.com\/et\/#website\",\"url\":\"https:\/\/metaltale.com\/et\/\",\"name\":\"Metaltale.com\",\"description\":\"\",\"potentialAction\":[{\"@type\":\"SearchAction\",\"target\":{\"@type\":\"EntryPoint\",\"urlTemplate\":\"https:\/\/metaltale.com\/et\/?s={search_term_string}\"},\"query-input\":{\"@type\":\"PropertyValueSpecification\",\"valueRequired\":true,\"valueName\":\"search_term_string\"}}],\"inLanguage\":\"et\"}]}<\/script>\n<!-- \/ Yoast SEO plugin. -->","yoast_head_json":{"title":"K\u00f6\u00f6gikraan SLENDER, must - MetalTale.com","robots":{"index":"index","follow":"follow","max-snippet":"max-snippet:-1","max-image-preview":"max-image-preview:large","max-video-preview":"max-video-preview:-1"},"canonical":"https:\/\/metaltale.com\/et\/toode\/koogikraan-slender-must\/","og_locale":"et_EE","og_type":"article","og_title":"K\u00f6\u00f6gikraan SLENDER, must - MetalTale.com","og_description":"Mudel QZ.CF-156-CZ Kaasaegne kollektsioon K\u00f5rgus (cm) 46 Aluse l\u00e4bim\u00f5\u00f5t (cm ) 5,5 V\u00e4ljalaskeava pikkus (cm ) 17,5 K\u00f5rgus ninaotsani (cm)","og_url":"https:\/\/metaltale.com\/et\/toode\/koogikraan-slender-must\/","og_site_name":"MetalTale.com","twitter_card":"summary_large_image","twitter_misc":{"Est. reading time":"1 minut"},"schema":{"@context":"https:\/\/schema.org","@graph":[{"@type":"WebPage","@id":"https:\/\/metaltale.com\/et\/toode\/koogikraan-slender-must\/","url":"https:\/\/metaltale.com\/et\/toode\/koogikraan-slender-must\/","name":"K\u00f6\u00f6gikraan SLENDER, must - MetalTale.com","isPartOf":{"@id":"https:\/\/metaltale.com\/et\/#website"},"primaryImageOfPage":{"@id":"https:\/\/metaltale.com\/et\/toode\/koogikraan-slender-must\/#primaryimage"},"image":{"@id":"https:\/\/metaltale.com\/et\/toode\/koogikraan-slender-must\/#primaryimage"},"thumbnailUrl":"https:\/\/metaltale.com\/wp-content\/uploads\/2023\/10\/Vieno-sverto-virtuvx117s-maix161ytuvas-juodas-SLENDER.jpg","datePublished":"2024-02-13T13:23:56+00:00","breadcrumb":{"@id":"https:\/\/metaltale.com\/et\/toode\/koogikraan-slender-must\/#breadcrumb"},"inLanguage":"et","potentialAction":[{"@type":"ReadAction","target":["https:\/\/metaltale.com\/et\/toode\/koogikraan-slender-must\/"]}]},{"@type":"ImageObject","inLanguage":"et","@id":"https:\/\/metaltale.com\/et\/toode\/koogikraan-slender-must\/#primaryimage","url":"https:\/\/metaltale.com\/wp-content\/uploads\/2023\/10\/Vieno-sverto-virtuvx117s-maix161ytuvas-juodas-SLENDER.jpg","contentUrl":"https:\/\/metaltale.com\/wp-content\/uploads\/2023\/10\/Vieno-sverto-virtuvx117s-maix161ytuvas-juodas-SLENDER.jpg","width":800,"height":800,"caption":"K\u00f6\u00f6gikraan SLENDER, must"},{"@type":"BreadcrumbList","@id":"https:\/\/metaltale.com\/et\/toode\/koogikraan-slender-must\/#breadcrumb","itemListElement":[{"@type":"ListItem","position":1,"name":"Home","item":"https:\/\/metaltale.com\/et\/kodu\/"},{"@type":"ListItem","position":2,"name":"Kauplus","item":"https:\/\/metaltale.com\/et\/shop\/"},{"@type":"ListItem","position":3,"name":"K\u00f6\u00f6gikraan SLENDER, must"}]},{"@type":"WebSite","@id":"https:\/\/metaltale.com\/et\/#website","url":"https:\/\/metaltale.com\/et\/","name":"Metaltale.com","description":"","potentialAction":[{"@type":"SearchAction","target":{"@type":"EntryPoint","urlTemplate":"https:\/\/metaltale.com\/et\/?s={search_term_string}"},"query-input":{"@type":"PropertyValueSpecification","valueRequired":true,"valueName":"search_term_string"}}],"inLanguage":"et"}]}},"_links":{"self":[{"href":"https:\/\/metaltale.com\/et\/wp-json\/wp\/v2\/product\/133631","targetHints":{"allow":["GET"]}}],"collection":[{"href":"https:\/\/metaltale.com\/et\/wp-json\/wp\/v2\/product"}],"about":[{"href":"https:\/\/metaltale.com\/et\/wp-json\/wp\/v2\/types\/product"}],"replies":[{"embeddable":true,"href":"https:\/\/metaltale.com\/et\/wp-json\/wp\/v2\/comments?post=133631"}],"version-history":[{"count":0,"href":"https:\/\/metaltale.com\/et\/wp-json\/wp\/v2\/product\/133631\/revisions"}],"wp:featuredmedia":[{"embeddable":true,"href":"https:\/\/metaltale.com\/et\/wp-json\/wp\/v2\/media\/95994"}],"wp:attachment":[{"href":"https:\/\/metaltale.com\/et\/wp-json\/wp\/v2\/media?parent=133631"}],"wp:term":[{"taxonomy":"product_brand","embeddable":true,"href":"https:\/\/metaltale.com\/et\/wp-json\/wp\/v2\/product_brand?post=133631"},{"taxonomy":"product_cat","embeddable":true,"href":"https:\/\/metaltale.com\/et\/wp-json\/wp\/v2\/product_cat?post=133631"},{"taxonomy":"product_tag","embeddable":true,"href":"https:\/\/metaltale.com\/et\/wp-json\/wp\/v2\/product_tag?post=133631"}],"curies":[{"name":"wp","href":"https:\/\/api.w.org\/{rel}","templated":true}]}}