{"id":133621,"date":"2024-02-13T15:23:56","date_gmt":"2024-02-13T13:23:56","guid":{"rendered":"https:\/\/metaltale.com\/produktas\/kolmekordne-poorlev-riidekonks\/"},"modified":"2024-02-13T15:23:56","modified_gmt":"2024-02-13T13:23:56","slug":"kolmekordne-poorlev-riidekonks","status":"publish","type":"product","link":"https:\/\/metaltale.com\/et\/toode\/kolmekordne-poorlev-riidekonks\/","title":{"rendered":"Kolmekordne p\u00f6\u00f6rlev riidekonks"},"content":{"rendered":"<div class=\"prod_data\">\n<p><strong>Mudel<\/strong> 01.336S.AI.150<br \/>\n<strong>EAN.<\/strong>  5905369918100<br \/>\nMaterjal Ketus<br \/>\n<strong>Paksus (cm)<\/strong> 2<br \/>\n<strong>\u00dcldine k\u00f5rgus (cm)<\/strong> 15<br \/>\n\u00dcldine laius (cm) 11<br \/>\n<strong>Aluse m\u00f5\u00f5tmed (cm<\/strong> ) 5,5 x 130<br \/>\n<strong>Liik<\/strong> Triple<br \/>\n<strong>V\u00e4rv<\/strong> teras<\/p>\n<p style=\"font-size: 12px; line-height: 16px; margin: 0;\">Klassikaline rustikaalne malmist riputus.<\/p>\n<p>Sellel on 3 liikuvat k\u00e4epidet, millest iga\u00fchel on erinev pikkus.<\/p>\n<p>Alus on soliidne embleem, mille peal ja all on ilusad kaunistused.<\/p>\n<p>Riputuss\u00fcsteemi p\u00f5hjas on kaks kinnitusauku.<\/p>\n<p style=\"font-size: 12px; line-height: 16px; margin: 0;\">\n<\/div>\n","protected":false},"excerpt":{"rendered":"<p>Mudel 01.336S.AI.150 EAN. 5905369918100 Materjal Ketus Paksus (cm) 2 \u00dcldine k\u00f5rgus (cm) 15 \u00dcldine laius (cm) 11 Aluse m\u00f5\u00f5tmed (cm<\/p>\n","protected":false},"featured_media":75495,"comment_status":"open","ping_status":"closed","template":"","meta":{"_acf_changed":false,"pmpro_default_level":""},"product_brand":[],"product_cat":[24176,23836],"product_tag":[],"class_list":{"0":"post-133621","1":"product","2":"type-product","3":"status-publish","4":"has-post-thumbnail","6":"product_cat-ripatsid-ja-konksud","7":"product_cat-moobli-tarvikud","8":"pmpro-has-access","10":"first","11":"instock","12":"shipping-taxable","13":"purchasable","14":"product-type-simple"},"acf":[],"yoast_head":"<!-- This site is optimized with the Yoast SEO plugin v24.9 - https:\/\/yoast.com\/wordpress\/plugins\/seo\/ -->\n<title>Kolmekordne p\u00f6\u00f6rlev riidekonks - MetalTale.com<\/title>\n<meta name=\"robots\" content=\"index, follow, max-snippet:-1, max-image-preview:large, max-video-preview:-1\" \/>\n<link rel=\"canonical\" href=\"https:\/\/metaltale.com\/et\/toode\/kolmekordne-poorlev-riidekonks\/\" \/>\n<meta property=\"og:locale\" content=\"et_EE\" \/>\n<meta property=\"og:type\" content=\"article\" \/>\n<meta property=\"og:title\" content=\"Kolmekordne p\u00f6\u00f6rlev riidekonks - MetalTale.com\" \/>\n<meta property=\"og:description\" content=\"Mudel 01.336S.AI.150 EAN. 5905369918100 Materjal Ketus Paksus (cm) 2 \u00dcldine k\u00f5rgus (cm) 15 \u00dcldine laius (cm) 11 Aluse m\u00f5\u00f5tmed (cm\" \/>\n<meta property=\"og:url\" content=\"https:\/\/metaltale.com\/et\/toode\/kolmekordne-poorlev-riidekonks\/\" \/>\n<meta property=\"og:site_name\" content=\"MetalTale.com\" \/>\n<meta name=\"twitter:card\" content=\"summary_large_image\" \/>\n<script type=\"application\/ld+json\" class=\"yoast-schema-graph\">{\"@context\":\"https:\/\/schema.org\",\"@graph\":[{\"@type\":\"WebPage\",\"@id\":\"https:\/\/metaltale.com\/et\/toode\/kolmekordne-poorlev-riidekonks\/\",\"url\":\"https:\/\/metaltale.com\/et\/toode\/kolmekordne-poorlev-riidekonks\/\",\"name\":\"Kolmekordne p\u00f6\u00f6rlev riidekonks - MetalTale.com\",\"isPartOf\":{\"@id\":\"https:\/\/metaltale.com\/et\/#website\"},\"primaryImageOfPage\":{\"@id\":\"https:\/\/metaltale.com\/et\/toode\/kolmekordne-poorlev-riidekonks\/#primaryimage\"},\"image\":{\"@id\":\"https:\/\/metaltale.com\/et\/toode\/kolmekordne-poorlev-riidekonks\/#primaryimage\"},\"thumbnailUrl\":\"https:\/\/metaltale.com\/wp-content\/uploads\/2023\/09\/dsc04825.jpg\",\"datePublished\":\"2024-02-13T13:23:56+00:00\",\"breadcrumb\":{\"@id\":\"https:\/\/metaltale.com\/et\/toode\/kolmekordne-poorlev-riidekonks\/#breadcrumb\"},\"inLanguage\":\"et\",\"potentialAction\":[{\"@type\":\"ReadAction\",\"target\":[\"https:\/\/metaltale.com\/et\/toode\/kolmekordne-poorlev-riidekonks\/\"]}]},{\"@type\":\"ImageObject\",\"inLanguage\":\"et\",\"@id\":\"https:\/\/metaltale.com\/et\/toode\/kolmekordne-poorlev-riidekonks\/#primaryimage\",\"url\":\"https:\/\/metaltale.com\/wp-content\/uploads\/2023\/09\/dsc04825.jpg\",\"contentUrl\":\"https:\/\/metaltale.com\/wp-content\/uploads\/2023\/09\/dsc04825.jpg\",\"width\":800,\"height\":800,\"caption\":\"Kolmekordne p\u00f6\u00f6rlev riidekonks\"},{\"@type\":\"BreadcrumbList\",\"@id\":\"https:\/\/metaltale.com\/et\/toode\/kolmekordne-poorlev-riidekonks\/#breadcrumb\",\"itemListElement\":[{\"@type\":\"ListItem\",\"position\":1,\"name\":\"Home\",\"item\":\"https:\/\/metaltale.com\/et\/kodu\/\"},{\"@type\":\"ListItem\",\"position\":2,\"name\":\"Kauplus\",\"item\":\"https:\/\/metaltale.com\/et\/shop\/\"},{\"@type\":\"ListItem\",\"position\":3,\"name\":\"Kolmekordne p\u00f6\u00f6rlev riidekonks\"}]},{\"@type\":\"WebSite\",\"@id\":\"https:\/\/metaltale.com\/et\/#website\",\"url\":\"https:\/\/metaltale.com\/et\/\",\"name\":\"Metaltale.com\",\"description\":\"\",\"potentialAction\":[{\"@type\":\"SearchAction\",\"target\":{\"@type\":\"EntryPoint\",\"urlTemplate\":\"https:\/\/metaltale.com\/et\/?s={search_term_string}\"},\"query-input\":{\"@type\":\"PropertyValueSpecification\",\"valueRequired\":true,\"valueName\":\"search_term_string\"}}],\"inLanguage\":\"et\"}]}<\/script>\n<!-- \/ Yoast SEO plugin. -->","yoast_head_json":{"title":"Kolmekordne p\u00f6\u00f6rlev riidekonks - MetalTale.com","robots":{"index":"index","follow":"follow","max-snippet":"max-snippet:-1","max-image-preview":"max-image-preview:large","max-video-preview":"max-video-preview:-1"},"canonical":"https:\/\/metaltale.com\/et\/toode\/kolmekordne-poorlev-riidekonks\/","og_locale":"et_EE","og_type":"article","og_title":"Kolmekordne p\u00f6\u00f6rlev riidekonks - MetalTale.com","og_description":"Mudel 01.336S.AI.150 EAN. 5905369918100 Materjal Ketus Paksus (cm) 2 \u00dcldine k\u00f5rgus (cm) 15 \u00dcldine laius (cm) 11 Aluse m\u00f5\u00f5tmed (cm","og_url":"https:\/\/metaltale.com\/et\/toode\/kolmekordne-poorlev-riidekonks\/","og_site_name":"MetalTale.com","twitter_card":"summary_large_image","schema":{"@context":"https:\/\/schema.org","@graph":[{"@type":"WebPage","@id":"https:\/\/metaltale.com\/et\/toode\/kolmekordne-poorlev-riidekonks\/","url":"https:\/\/metaltale.com\/et\/toode\/kolmekordne-poorlev-riidekonks\/","name":"Kolmekordne p\u00f6\u00f6rlev riidekonks - MetalTale.com","isPartOf":{"@id":"https:\/\/metaltale.com\/et\/#website"},"primaryImageOfPage":{"@id":"https:\/\/metaltale.com\/et\/toode\/kolmekordne-poorlev-riidekonks\/#primaryimage"},"image":{"@id":"https:\/\/metaltale.com\/et\/toode\/kolmekordne-poorlev-riidekonks\/#primaryimage"},"thumbnailUrl":"https:\/\/metaltale.com\/wp-content\/uploads\/2023\/09\/dsc04825.jpg","datePublished":"2024-02-13T13:23:56+00:00","breadcrumb":{"@id":"https:\/\/metaltale.com\/et\/toode\/kolmekordne-poorlev-riidekonks\/#breadcrumb"},"inLanguage":"et","potentialAction":[{"@type":"ReadAction","target":["https:\/\/metaltale.com\/et\/toode\/kolmekordne-poorlev-riidekonks\/"]}]},{"@type":"ImageObject","inLanguage":"et","@id":"https:\/\/metaltale.com\/et\/toode\/kolmekordne-poorlev-riidekonks\/#primaryimage","url":"https:\/\/metaltale.com\/wp-content\/uploads\/2023\/09\/dsc04825.jpg","contentUrl":"https:\/\/metaltale.com\/wp-content\/uploads\/2023\/09\/dsc04825.jpg","width":800,"height":800,"caption":"Kolmekordne p\u00f6\u00f6rlev riidekonks"},{"@type":"BreadcrumbList","@id":"https:\/\/metaltale.com\/et\/toode\/kolmekordne-poorlev-riidekonks\/#breadcrumb","itemListElement":[{"@type":"ListItem","position":1,"name":"Home","item":"https:\/\/metaltale.com\/et\/kodu\/"},{"@type":"ListItem","position":2,"name":"Kauplus","item":"https:\/\/metaltale.com\/et\/shop\/"},{"@type":"ListItem","position":3,"name":"Kolmekordne p\u00f6\u00f6rlev riidekonks"}]},{"@type":"WebSite","@id":"https:\/\/metaltale.com\/et\/#website","url":"https:\/\/metaltale.com\/et\/","name":"Metaltale.com","description":"","potentialAction":[{"@type":"SearchAction","target":{"@type":"EntryPoint","urlTemplate":"https:\/\/metaltale.com\/et\/?s={search_term_string}"},"query-input":{"@type":"PropertyValueSpecification","valueRequired":true,"valueName":"search_term_string"}}],"inLanguage":"et"}]}},"_links":{"self":[{"href":"https:\/\/metaltale.com\/et\/wp-json\/wp\/v2\/product\/133621","targetHints":{"allow":["GET"]}}],"collection":[{"href":"https:\/\/metaltale.com\/et\/wp-json\/wp\/v2\/product"}],"about":[{"href":"https:\/\/metaltale.com\/et\/wp-json\/wp\/v2\/types\/product"}],"replies":[{"embeddable":true,"href":"https:\/\/metaltale.com\/et\/wp-json\/wp\/v2\/comments?post=133621"}],"version-history":[{"count":0,"href":"https:\/\/metaltale.com\/et\/wp-json\/wp\/v2\/product\/133621\/revisions"}],"wp:featuredmedia":[{"embeddable":true,"href":"https:\/\/metaltale.com\/et\/wp-json\/wp\/v2\/media\/75495"}],"wp:attachment":[{"href":"https:\/\/metaltale.com\/et\/wp-json\/wp\/v2\/media?parent=133621"}],"wp:term":[{"taxonomy":"product_brand","embeddable":true,"href":"https:\/\/metaltale.com\/et\/wp-json\/wp\/v2\/product_brand?post=133621"},{"taxonomy":"product_cat","embeddable":true,"href":"https:\/\/metaltale.com\/et\/wp-json\/wp\/v2\/product_cat?post=133621"},{"taxonomy":"product_tag","embeddable":true,"href":"https:\/\/metaltale.com\/et\/wp-json\/wp\/v2\/product_tag?post=133621"}],"curies":[{"name":"wp","href":"https:\/\/api.w.org\/{rel}","templated":true}]}}