{"id":133606,"date":"2024-02-13T15:21:45","date_gmt":"2024-02-13T13:21:45","guid":{"rendered":"https:\/\/metaltale.com\/produktas\/ukselukk-skoblega-115-mm\/"},"modified":"2024-02-13T15:21:45","modified_gmt":"2024-02-13T13:21:45","slug":"ukselukk-skoblega-115-mm","status":"publish","type":"product","link":"https:\/\/metaltale.com\/et\/toode\/ukselukk-skoblega-115-mm\/","title":{"rendered":"Ukselukk SKOBLEga 115 mm"},"content":{"rendered":"<div class=\"prod_data\">\n<p><strong>Mudel<\/strong> 49.340.AI.115<br \/>\n<strong>EAN.<\/strong>  5905369918612<br \/>\n<strong>Materjal<\/strong> teras<br \/>\n<strong>\u00dcldine k\u00f5rgus (cm)<\/strong> 3,8<br \/>\n<strong>\u00dcldine laius (cm)<\/strong> 17<br \/>\n<strong>Koguprojektsioon (cm)<\/strong> 3,5<br \/>\n<strong>V\u00e4rv<\/strong> teras<\/p>\n<hr>\n<p>Klassikalised vormid, j\u00e4releproovitud vormid ja disainiaksessuaaride v\u00e4hene lihtsus on \u00fcks retrostiili tunnusjooni. <strong>Lukuga lukk<\/strong> on mitteinvasiivne viis lisada funktsionaalsust retrostiilis m\u00f6\u00f6blile, n\u00e4iteks riidekappidele, kohvritele v\u00f5i kirstudele. Lukk on valmistatud kvaliteetsest pressitud terasest, mis tagab pika ja veatu kasutusaja, olenemata selle kasutamisest. Lukk on \u00fchendatud v\u00e4ikese liigendiga alusega, mis v\u00f5imaldab seda korralikult kokku panna.<\/p>\n<hr>\n<\/div>\n","protected":false},"excerpt":{"rendered":"<p>Mudel 49.340.AI.115 EAN. 5905369918612 Materjal teras \u00dcldine k\u00f5rgus (cm) 3,8 \u00dcldine laius (cm) 17 Koguprojektsioon (cm) 3,5 V\u00e4rv teras Klassikalised<\/p>\n","protected":false},"featured_media":109735,"comment_status":"open","ping_status":"closed","template":"","meta":{"_acf_changed":false,"pmpro_default_level":""},"product_brand":[],"product_cat":[23836,23870],"product_tag":[],"class_list":{"0":"post-133606","1":"product","2":"type-product","3":"status-publish","4":"has-post-thumbnail","6":"product_cat-moobli-tarvikud","7":"product_cat-sklasciai-ir-kabliukai-et","8":"pmpro-has-access","10":"first","11":"instock","12":"shipping-taxable","13":"purchasable","14":"product-type-simple"},"acf":[],"yoast_head":"<!-- This site is optimized with the Yoast SEO plugin v24.9 - https:\/\/yoast.com\/wordpress\/plugins\/seo\/ -->\n<title>Ukselukk SKOBLEga 115 mm - MetalTale.com<\/title>\n<meta name=\"robots\" content=\"index, follow, max-snippet:-1, max-image-preview:large, max-video-preview:-1\" \/>\n<link rel=\"canonical\" href=\"https:\/\/metaltale.com\/et\/toode\/ukselukk-skoblega-115-mm\/\" \/>\n<meta property=\"og:locale\" content=\"et_EE\" \/>\n<meta property=\"og:type\" content=\"article\" \/>\n<meta property=\"og:title\" content=\"Ukselukk SKOBLEga 115 mm - MetalTale.com\" \/>\n<meta property=\"og:description\" content=\"Mudel 49.340.AI.115 EAN. 5905369918612 Materjal teras \u00dcldine k\u00f5rgus (cm) 3,8 \u00dcldine laius (cm) 17 Koguprojektsioon (cm) 3,5 V\u00e4rv teras Klassikalised\" \/>\n<meta property=\"og:url\" content=\"https:\/\/metaltale.com\/et\/toode\/ukselukk-skoblega-115-mm\/\" \/>\n<meta property=\"og:site_name\" content=\"MetalTale.com\" \/>\n<meta name=\"twitter:card\" content=\"summary_large_image\" \/>\n<script type=\"application\/ld+json\" class=\"yoast-schema-graph\">{\"@context\":\"https:\/\/schema.org\",\"@graph\":[{\"@type\":\"WebPage\",\"@id\":\"https:\/\/metaltale.com\/et\/toode\/ukselukk-skoblega-115-mm\/\",\"url\":\"https:\/\/metaltale.com\/et\/toode\/ukselukk-skoblega-115-mm\/\",\"name\":\"Ukselukk SKOBLEga 115 mm - MetalTale.com\",\"isPartOf\":{\"@id\":\"https:\/\/metaltale.com\/et\/#website\"},\"primaryImageOfPage\":{\"@id\":\"https:\/\/metaltale.com\/et\/toode\/ukselukk-skoblega-115-mm\/#primaryimage\"},\"image\":{\"@id\":\"https:\/\/metaltale.com\/et\/toode\/ukselukk-skoblega-115-mm\/#primaryimage\"},\"thumbnailUrl\":\"https:\/\/metaltale.com\/wp-content\/uploads\/2023\/11\/Klamra-ZE-SKOBLEM-115.jpg\",\"datePublished\":\"2024-02-13T13:21:45+00:00\",\"breadcrumb\":{\"@id\":\"https:\/\/metaltale.com\/et\/toode\/ukselukk-skoblega-115-mm\/#breadcrumb\"},\"inLanguage\":\"et\",\"potentialAction\":[{\"@type\":\"ReadAction\",\"target\":[\"https:\/\/metaltale.com\/et\/toode\/ukselukk-skoblega-115-mm\/\"]}]},{\"@type\":\"ImageObject\",\"inLanguage\":\"et\",\"@id\":\"https:\/\/metaltale.com\/et\/toode\/ukselukk-skoblega-115-mm\/#primaryimage\",\"url\":\"https:\/\/metaltale.com\/wp-content\/uploads\/2023\/11\/Klamra-ZE-SKOBLEM-115.jpg\",\"contentUrl\":\"https:\/\/metaltale.com\/wp-content\/uploads\/2023\/11\/Klamra-ZE-SKOBLEM-115.jpg\",\"width\":800,\"height\":800,\"caption\":\"Ukselukk SKOBLEga 115 mm\"},{\"@type\":\"BreadcrumbList\",\"@id\":\"https:\/\/metaltale.com\/et\/toode\/ukselukk-skoblega-115-mm\/#breadcrumb\",\"itemListElement\":[{\"@type\":\"ListItem\",\"position\":1,\"name\":\"Home\",\"item\":\"https:\/\/metaltale.com\/et\/kodu\/\"},{\"@type\":\"ListItem\",\"position\":2,\"name\":\"Kauplus\",\"item\":\"https:\/\/metaltale.com\/et\/shop\/\"},{\"@type\":\"ListItem\",\"position\":3,\"name\":\"Ukselukk SKOBLEga 115 mm\"}]},{\"@type\":\"WebSite\",\"@id\":\"https:\/\/metaltale.com\/et\/#website\",\"url\":\"https:\/\/metaltale.com\/et\/\",\"name\":\"Metaltale.com\",\"description\":\"\",\"potentialAction\":[{\"@type\":\"SearchAction\",\"target\":{\"@type\":\"EntryPoint\",\"urlTemplate\":\"https:\/\/metaltale.com\/et\/?s={search_term_string}\"},\"query-input\":{\"@type\":\"PropertyValueSpecification\",\"valueRequired\":true,\"valueName\":\"search_term_string\"}}],\"inLanguage\":\"et\"}]}<\/script>\n<!-- \/ Yoast SEO plugin. -->","yoast_head_json":{"title":"Ukselukk SKOBLEga 115 mm - MetalTale.com","robots":{"index":"index","follow":"follow","max-snippet":"max-snippet:-1","max-image-preview":"max-image-preview:large","max-video-preview":"max-video-preview:-1"},"canonical":"https:\/\/metaltale.com\/et\/toode\/ukselukk-skoblega-115-mm\/","og_locale":"et_EE","og_type":"article","og_title":"Ukselukk SKOBLEga 115 mm - MetalTale.com","og_description":"Mudel 49.340.AI.115 EAN. 5905369918612 Materjal teras \u00dcldine k\u00f5rgus (cm) 3,8 \u00dcldine laius (cm) 17 Koguprojektsioon (cm) 3,5 V\u00e4rv teras Klassikalised","og_url":"https:\/\/metaltale.com\/et\/toode\/ukselukk-skoblega-115-mm\/","og_site_name":"MetalTale.com","twitter_card":"summary_large_image","schema":{"@context":"https:\/\/schema.org","@graph":[{"@type":"WebPage","@id":"https:\/\/metaltale.com\/et\/toode\/ukselukk-skoblega-115-mm\/","url":"https:\/\/metaltale.com\/et\/toode\/ukselukk-skoblega-115-mm\/","name":"Ukselukk SKOBLEga 115 mm - MetalTale.com","isPartOf":{"@id":"https:\/\/metaltale.com\/et\/#website"},"primaryImageOfPage":{"@id":"https:\/\/metaltale.com\/et\/toode\/ukselukk-skoblega-115-mm\/#primaryimage"},"image":{"@id":"https:\/\/metaltale.com\/et\/toode\/ukselukk-skoblega-115-mm\/#primaryimage"},"thumbnailUrl":"https:\/\/metaltale.com\/wp-content\/uploads\/2023\/11\/Klamra-ZE-SKOBLEM-115.jpg","datePublished":"2024-02-13T13:21:45+00:00","breadcrumb":{"@id":"https:\/\/metaltale.com\/et\/toode\/ukselukk-skoblega-115-mm\/#breadcrumb"},"inLanguage":"et","potentialAction":[{"@type":"ReadAction","target":["https:\/\/metaltale.com\/et\/toode\/ukselukk-skoblega-115-mm\/"]}]},{"@type":"ImageObject","inLanguage":"et","@id":"https:\/\/metaltale.com\/et\/toode\/ukselukk-skoblega-115-mm\/#primaryimage","url":"https:\/\/metaltale.com\/wp-content\/uploads\/2023\/11\/Klamra-ZE-SKOBLEM-115.jpg","contentUrl":"https:\/\/metaltale.com\/wp-content\/uploads\/2023\/11\/Klamra-ZE-SKOBLEM-115.jpg","width":800,"height":800,"caption":"Ukselukk SKOBLEga 115 mm"},{"@type":"BreadcrumbList","@id":"https:\/\/metaltale.com\/et\/toode\/ukselukk-skoblega-115-mm\/#breadcrumb","itemListElement":[{"@type":"ListItem","position":1,"name":"Home","item":"https:\/\/metaltale.com\/et\/kodu\/"},{"@type":"ListItem","position":2,"name":"Kauplus","item":"https:\/\/metaltale.com\/et\/shop\/"},{"@type":"ListItem","position":3,"name":"Ukselukk SKOBLEga 115 mm"}]},{"@type":"WebSite","@id":"https:\/\/metaltale.com\/et\/#website","url":"https:\/\/metaltale.com\/et\/","name":"Metaltale.com","description":"","potentialAction":[{"@type":"SearchAction","target":{"@type":"EntryPoint","urlTemplate":"https:\/\/metaltale.com\/et\/?s={search_term_string}"},"query-input":{"@type":"PropertyValueSpecification","valueRequired":true,"valueName":"search_term_string"}}],"inLanguage":"et"}]}},"_links":{"self":[{"href":"https:\/\/metaltale.com\/et\/wp-json\/wp\/v2\/product\/133606","targetHints":{"allow":["GET"]}}],"collection":[{"href":"https:\/\/metaltale.com\/et\/wp-json\/wp\/v2\/product"}],"about":[{"href":"https:\/\/metaltale.com\/et\/wp-json\/wp\/v2\/types\/product"}],"replies":[{"embeddable":true,"href":"https:\/\/metaltale.com\/et\/wp-json\/wp\/v2\/comments?post=133606"}],"version-history":[{"count":0,"href":"https:\/\/metaltale.com\/et\/wp-json\/wp\/v2\/product\/133606\/revisions"}],"wp:featuredmedia":[{"embeddable":true,"href":"https:\/\/metaltale.com\/et\/wp-json\/wp\/v2\/media\/109735"}],"wp:attachment":[{"href":"https:\/\/metaltale.com\/et\/wp-json\/wp\/v2\/media?parent=133606"}],"wp:term":[{"taxonomy":"product_brand","embeddable":true,"href":"https:\/\/metaltale.com\/et\/wp-json\/wp\/v2\/product_brand?post=133606"},{"taxonomy":"product_cat","embeddable":true,"href":"https:\/\/metaltale.com\/et\/wp-json\/wp\/v2\/product_cat?post=133606"},{"taxonomy":"product_tag","embeddable":true,"href":"https:\/\/metaltale.com\/et\/wp-json\/wp\/v2\/product_tag?post=133606"}],"curies":[{"name":"wp","href":"https:\/\/api.w.org\/{rel}","templated":true}]}}