{"id":133602,"date":"2024-02-13T15:21:45","date_gmt":"2024-02-13T13:21:45","guid":{"rendered":"https:\/\/metaltale.com\/produktas\/uksekaepide-lincoln-72-mm-koos-sudamikuga\/"},"modified":"2024-02-13T15:21:45","modified_gmt":"2024-02-13T13:21:45","slug":"uksekaepide-lincoln-72-mm-koos-sudamikuga","status":"publish","type":"product","link":"https:\/\/metaltale.com\/et\/toode\/uksekaepide-lincoln-72-mm-koos-sudamikuga\/","title":{"rendered":"Uksek\u00e4epide LINCOLN 72 mm koos s\u00fcdamikuga"},"content":{"rendered":"<div class=\"prod_data\">\n<h2>M\u00f6\u00f6blitarvikud &#8211; Uksek\u00e4epide LINCOLN 72 MM KIIRUKATEGA<\/h2>\n<p><strong>Mudel:<\/strong> B.LNKL-72<br \/>\n<strong>Materjal:<\/strong> teras<br \/>\n<strong>\u00dcldine k\u00f5rgus (cm):<\/strong> 25<br \/>\n<strong>\u00dcldine laius (cm):<\/strong> 13,5<br \/>\n<strong>Koguprojektsioon (cm):<\/strong> 6<br \/>\n<strong>K\u00e4epideme pikkus (mm):<\/strong> 120<br \/>\n<strong>Kinnitusavade vaheline kaugus (mm):<\/strong> 193<br \/>\n<strong>K\u00e4epideme ja v\u00f5tmeava vaheline kaugus (mm):<\/strong> 72<br \/>\n<strong>V\u00e4rv:<\/strong> must, matt<br \/>\n<strong>Viimistlus:<\/strong> pulberv\u00e4rvitud<br \/>\n<strong>Kogus komplekti kohta<\/strong> 1 k\u00e4epide (m\u00f5lemale poole uksele) + s\u00fcdamik + kinnituskruvid<\/p>\n<p>LINCOLNi mustad terasest k\u00e4epidemed on ideaalne valik nii sise- kui ka v\u00e4lisustele. Selle seeria k\u00e4epidemed ei ole automaatse k\u00e4epideme p\u00f5rkemehhanismiga. Iga k\u00e4epidemete komplekt sisaldab: kaks k\u00e4epidet (\u00fche ukse jaoks m\u00f5lemal pool), s\u00fcdamikku ja vajalikke paigaldustarvikuid.<\/p>\n<\/div>\n","protected":false},"excerpt":{"rendered":"<p>M\u00f6\u00f6blitarvikud &#8211; Uksek\u00e4epide LINCOLN 72 MM KIIRUKATEGA Mudel: B.LNKL-72 Materjal: teras \u00dcldine k\u00f5rgus (cm): 25 \u00dcldine laius (cm): 13,5 Koguprojektsioon<\/p>\n","protected":false},"featured_media":86930,"comment_status":"open","ping_status":"closed","template":"","meta":{"_acf_changed":false,"pmpro_default_level":""},"product_brand":[],"product_cat":[24162,24204,23882,23836],"product_tag":[],"class_list":{"0":"post-133602","1":"product","2":"type-product","3":"status-publish","4":"has-post-thumbnail","6":"product_cat-kaepidemed","7":"product_cat-metallist-uksekaepidemed","8":"product_cat-duru-rankenos-duru-rankenos-et","9":"product_cat-moobli-tarvikud","10":"pmpro-has-access","12":"first","13":"instock","14":"shipping-taxable","15":"purchasable","16":"product-type-simple"},"acf":[],"yoast_head":"<!-- This site is optimized with the Yoast SEO plugin v24.9 - https:\/\/yoast.com\/wordpress\/plugins\/seo\/ -->\n<title>Uksek\u00e4epide LINCOLN 72 mm koos s\u00fcdamikuga - MetalTale.com<\/title>\n<meta name=\"robots\" content=\"index, follow, max-snippet:-1, max-image-preview:large, max-video-preview:-1\" \/>\n<link rel=\"canonical\" href=\"https:\/\/metaltale.com\/et\/toode\/uksekaepide-lincoln-72-mm-koos-sudamikuga\/\" \/>\n<meta property=\"og:locale\" content=\"et_EE\" \/>\n<meta property=\"og:type\" content=\"article\" \/>\n<meta property=\"og:title\" content=\"Uksek\u00e4epide LINCOLN 72 mm koos s\u00fcdamikuga - MetalTale.com\" \/>\n<meta property=\"og:description\" content=\"M\u00f6\u00f6blitarvikud &#8211; Uksek\u00e4epide LINCOLN 72 MM KIIRUKATEGA Mudel: B.LNKL-72 Materjal: teras \u00dcldine k\u00f5rgus (cm): 25 \u00dcldine laius (cm): 13,5 Koguprojektsioon\" \/>\n<meta property=\"og:url\" content=\"https:\/\/metaltale.com\/et\/toode\/uksekaepide-lincoln-72-mm-koos-sudamikuga\/\" \/>\n<meta property=\"og:site_name\" content=\"MetalTale.com\" \/>\n<meta name=\"twitter:card\" content=\"summary_large_image\" \/>\n<meta name=\"twitter:label1\" content=\"Est. reading time\" \/>\n\t<meta name=\"twitter:data1\" content=\"1 minut\" \/>\n<script type=\"application\/ld+json\" class=\"yoast-schema-graph\">{\"@context\":\"https:\/\/schema.org\",\"@graph\":[{\"@type\":\"WebPage\",\"@id\":\"https:\/\/metaltale.com\/et\/toode\/uksekaepide-lincoln-72-mm-koos-sudamikuga\/\",\"url\":\"https:\/\/metaltale.com\/et\/toode\/uksekaepide-lincoln-72-mm-koos-sudamikuga\/\",\"name\":\"Uksek\u00e4epide LINCOLN 72 mm koos s\u00fcdamikuga - MetalTale.com\",\"isPartOf\":{\"@id\":\"https:\/\/metaltale.com\/et\/#website\"},\"primaryImageOfPage\":{\"@id\":\"https:\/\/metaltale.com\/et\/toode\/uksekaepide-lincoln-72-mm-koos-sudamikuga\/#primaryimage\"},\"image\":{\"@id\":\"https:\/\/metaltale.com\/et\/toode\/uksekaepide-lincoln-72-mm-koos-sudamikuga\/#primaryimage\"},\"thumbnailUrl\":\"https:\/\/metaltale.com\/wp-content\/uploads\/2023\/10\/LINCOLN-rankena-su-apvaliu-x17Eenklu-16.jpg\",\"datePublished\":\"2024-02-13T13:21:45+00:00\",\"breadcrumb\":{\"@id\":\"https:\/\/metaltale.com\/et\/toode\/uksekaepide-lincoln-72-mm-koos-sudamikuga\/#breadcrumb\"},\"inLanguage\":\"et\",\"potentialAction\":[{\"@type\":\"ReadAction\",\"target\":[\"https:\/\/metaltale.com\/et\/toode\/uksekaepide-lincoln-72-mm-koos-sudamikuga\/\"]}]},{\"@type\":\"ImageObject\",\"inLanguage\":\"et\",\"@id\":\"https:\/\/metaltale.com\/et\/toode\/uksekaepide-lincoln-72-mm-koos-sudamikuga\/#primaryimage\",\"url\":\"https:\/\/metaltale.com\/wp-content\/uploads\/2023\/10\/LINCOLN-rankena-su-apvaliu-x17Eenklu-16.jpg\",\"contentUrl\":\"https:\/\/metaltale.com\/wp-content\/uploads\/2023\/10\/LINCOLN-rankena-su-apvaliu-x17Eenklu-16.jpg\",\"width\":800,\"height\":800,\"caption\":\"Uksek\u00e4epide LINCOLN 72mm koos s\u00fcdamikuga\"},{\"@type\":\"BreadcrumbList\",\"@id\":\"https:\/\/metaltale.com\/et\/toode\/uksekaepide-lincoln-72-mm-koos-sudamikuga\/#breadcrumb\",\"itemListElement\":[{\"@type\":\"ListItem\",\"position\":1,\"name\":\"Home\",\"item\":\"https:\/\/metaltale.com\/et\/kodu\/\"},{\"@type\":\"ListItem\",\"position\":2,\"name\":\"Kauplus\",\"item\":\"https:\/\/metaltale.com\/et\/shop\/\"},{\"@type\":\"ListItem\",\"position\":3,\"name\":\"Uksek\u00e4epide LINCOLN 72 mm koos s\u00fcdamikuga\"}]},{\"@type\":\"WebSite\",\"@id\":\"https:\/\/metaltale.com\/et\/#website\",\"url\":\"https:\/\/metaltale.com\/et\/\",\"name\":\"Metaltale.com\",\"description\":\"\",\"potentialAction\":[{\"@type\":\"SearchAction\",\"target\":{\"@type\":\"EntryPoint\",\"urlTemplate\":\"https:\/\/metaltale.com\/et\/?s={search_term_string}\"},\"query-input\":{\"@type\":\"PropertyValueSpecification\",\"valueRequired\":true,\"valueName\":\"search_term_string\"}}],\"inLanguage\":\"et\"}]}<\/script>\n<!-- \/ Yoast SEO plugin. -->","yoast_head_json":{"title":"Uksek\u00e4epide LINCOLN 72 mm koos s\u00fcdamikuga - MetalTale.com","robots":{"index":"index","follow":"follow","max-snippet":"max-snippet:-1","max-image-preview":"max-image-preview:large","max-video-preview":"max-video-preview:-1"},"canonical":"https:\/\/metaltale.com\/et\/toode\/uksekaepide-lincoln-72-mm-koos-sudamikuga\/","og_locale":"et_EE","og_type":"article","og_title":"Uksek\u00e4epide LINCOLN 72 mm koos s\u00fcdamikuga - MetalTale.com","og_description":"M\u00f6\u00f6blitarvikud &#8211; Uksek\u00e4epide LINCOLN 72 MM KIIRUKATEGA Mudel: B.LNKL-72 Materjal: teras \u00dcldine k\u00f5rgus (cm): 25 \u00dcldine laius (cm): 13,5 Koguprojektsioon","og_url":"https:\/\/metaltale.com\/et\/toode\/uksekaepide-lincoln-72-mm-koos-sudamikuga\/","og_site_name":"MetalTale.com","twitter_card":"summary_large_image","twitter_misc":{"Est. reading time":"1 minut"},"schema":{"@context":"https:\/\/schema.org","@graph":[{"@type":"WebPage","@id":"https:\/\/metaltale.com\/et\/toode\/uksekaepide-lincoln-72-mm-koos-sudamikuga\/","url":"https:\/\/metaltale.com\/et\/toode\/uksekaepide-lincoln-72-mm-koos-sudamikuga\/","name":"Uksek\u00e4epide LINCOLN 72 mm koos s\u00fcdamikuga - MetalTale.com","isPartOf":{"@id":"https:\/\/metaltale.com\/et\/#website"},"primaryImageOfPage":{"@id":"https:\/\/metaltale.com\/et\/toode\/uksekaepide-lincoln-72-mm-koos-sudamikuga\/#primaryimage"},"image":{"@id":"https:\/\/metaltale.com\/et\/toode\/uksekaepide-lincoln-72-mm-koos-sudamikuga\/#primaryimage"},"thumbnailUrl":"https:\/\/metaltale.com\/wp-content\/uploads\/2023\/10\/LINCOLN-rankena-su-apvaliu-x17Eenklu-16.jpg","datePublished":"2024-02-13T13:21:45+00:00","breadcrumb":{"@id":"https:\/\/metaltale.com\/et\/toode\/uksekaepide-lincoln-72-mm-koos-sudamikuga\/#breadcrumb"},"inLanguage":"et","potentialAction":[{"@type":"ReadAction","target":["https:\/\/metaltale.com\/et\/toode\/uksekaepide-lincoln-72-mm-koos-sudamikuga\/"]}]},{"@type":"ImageObject","inLanguage":"et","@id":"https:\/\/metaltale.com\/et\/toode\/uksekaepide-lincoln-72-mm-koos-sudamikuga\/#primaryimage","url":"https:\/\/metaltale.com\/wp-content\/uploads\/2023\/10\/LINCOLN-rankena-su-apvaliu-x17Eenklu-16.jpg","contentUrl":"https:\/\/metaltale.com\/wp-content\/uploads\/2023\/10\/LINCOLN-rankena-su-apvaliu-x17Eenklu-16.jpg","width":800,"height":800,"caption":"Uksek\u00e4epide LINCOLN 72mm koos s\u00fcdamikuga"},{"@type":"BreadcrumbList","@id":"https:\/\/metaltale.com\/et\/toode\/uksekaepide-lincoln-72-mm-koos-sudamikuga\/#breadcrumb","itemListElement":[{"@type":"ListItem","position":1,"name":"Home","item":"https:\/\/metaltale.com\/et\/kodu\/"},{"@type":"ListItem","position":2,"name":"Kauplus","item":"https:\/\/metaltale.com\/et\/shop\/"},{"@type":"ListItem","position":3,"name":"Uksek\u00e4epide LINCOLN 72 mm koos s\u00fcdamikuga"}]},{"@type":"WebSite","@id":"https:\/\/metaltale.com\/et\/#website","url":"https:\/\/metaltale.com\/et\/","name":"Metaltale.com","description":"","potentialAction":[{"@type":"SearchAction","target":{"@type":"EntryPoint","urlTemplate":"https:\/\/metaltale.com\/et\/?s={search_term_string}"},"query-input":{"@type":"PropertyValueSpecification","valueRequired":true,"valueName":"search_term_string"}}],"inLanguage":"et"}]}},"_links":{"self":[{"href":"https:\/\/metaltale.com\/et\/wp-json\/wp\/v2\/product\/133602","targetHints":{"allow":["GET"]}}],"collection":[{"href":"https:\/\/metaltale.com\/et\/wp-json\/wp\/v2\/product"}],"about":[{"href":"https:\/\/metaltale.com\/et\/wp-json\/wp\/v2\/types\/product"}],"replies":[{"embeddable":true,"href":"https:\/\/metaltale.com\/et\/wp-json\/wp\/v2\/comments?post=133602"}],"version-history":[{"count":0,"href":"https:\/\/metaltale.com\/et\/wp-json\/wp\/v2\/product\/133602\/revisions"}],"wp:featuredmedia":[{"embeddable":true,"href":"https:\/\/metaltale.com\/et\/wp-json\/wp\/v2\/media\/86930"}],"wp:attachment":[{"href":"https:\/\/metaltale.com\/et\/wp-json\/wp\/v2\/media?parent=133602"}],"wp:term":[{"taxonomy":"product_brand","embeddable":true,"href":"https:\/\/metaltale.com\/et\/wp-json\/wp\/v2\/product_brand?post=133602"},{"taxonomy":"product_cat","embeddable":true,"href":"https:\/\/metaltale.com\/et\/wp-json\/wp\/v2\/product_cat?post=133602"},{"taxonomy":"product_tag","embeddable":true,"href":"https:\/\/metaltale.com\/et\/wp-json\/wp\/v2\/product_tag?post=133602"}],"curies":[{"name":"wp","href":"https:\/\/api.w.org\/{rel}","templated":true}]}}