{"id":133594,"date":"2024-02-13T15:21:45","date_gmt":"2024-02-13T13:21:45","guid":{"rendered":"https:\/\/metaltale.com\/produktas\/uksekaepidemed-lincoln-ilma-lukuta\/"},"modified":"2024-02-13T15:21:45","modified_gmt":"2024-02-13T13:21:45","slug":"uksekaepidemed-lincoln-ilma-lukuta","status":"publish","type":"product","link":"https:\/\/metaltale.com\/et\/toode\/uksekaepidemed-lincoln-ilma-lukuta\/","title":{"rendered":"Uksek\u00e4epidemed LINCOLN ilma lukuta"},"content":{"rendered":"<div class=\"prod_data\">\n<p><strong>Mudel<\/strong> B.LNKL. PRGR<br \/>\n<strong>Materjal<\/strong> teras<br \/>\n<strong>\u00dcldine k\u00f5rgus (cm)<\/strong> 25<br \/>\n<strong>\u00dcldine laius (cm)<\/strong> 13,5<br \/>\n<strong>Koguprojektsioon (cm)<\/strong> 6<br \/>\n<strong>Abi<\/strong> Ei<br \/>\nV\u00e4rv Must<br \/>\n<strong>Viimistlus<\/strong> pulberv\u00e4rvitud<br \/>\n<strong>Kogus komplekti kohta<\/strong> 2 x k\u00e4epide\/k\u00e4epide + s\u00fcdamik + kinnituskruvid<\/p>\n<hr>\n<p>LINCOLNi musta m\u00e4rgistusega terasest k\u00e4epidemed on hea lahendus sise- ja v\u00e4lisustele. Selle sarja k\u00e4epidemed ei ole tugi, st automaatne k\u00e4epideme p\u00f5rkemehhanism. Iga k\u00e4epideme komplekt sisaldab: kaks k\u00e4epidet (\u00fche ukset\u00fcki kohta), s\u00fcdamikku ja vajalikke kinnituselemente. Pakume LINCOLN-seeria k\u00e4epidemetest mitmeid mudeleid: nt koos sissekande v\u00f5i v\u00f5tme m\u00e4rgiga, mille vahel saab valida, koos WC-sulgemise m\u00e4rgiga, koos t\u00e4ieliku m\u00e4rgiga v\u00f5i koos k\u00e4epidemega ise. V\u00f5imalusi on nii palju, et seda k\u00e4epideme mudelit saab t\u00f5esti kasutada k\u00f5igi maja v\u00f5i korteri uste puhul.<\/p>\n<hr>\n<table border=\"0\">\n<tbody>\n<tr>\n<td>MUDEL<\/td>\n<td>\u00dcLEMINE K\u00d5RGUS<\/td>\n<td>MAXIMAALNE LAIUS<\/td>\n<td>K\u00c4SIPUHASTUS<\/td>\n<td>TIPPTASEMEL VALDKOND<\/td>\n<td>K\u00c4E PIKKUS<\/td>\n<td>JAOTUSTE VALIK<\/td>\n<\/tr>\n<tr>\n<td>LINCOLN K\u00c4EPIDE KOOS M\u00c4RKIDEGA ILMA AUGUTA<\/td>\n<td>  250 mm<\/td>\n<td>  135 mm<\/td>\n<td>  &#8211;<\/td>\n<td>  42 mm<\/td>\n<td>120 mm<\/td>\n<td>  193 mm<\/td>\n<\/tr>\n<tr>\n<td><\/td>\n<td><\/td>\n<td><\/td>\n<td><\/td>\n<td><\/td>\n<td><\/td>\n<td><\/td>\n<\/tr>\n<tr>\n<td><\/td>\n<td><\/td>\n<td><\/td>\n<td><\/td>\n<td><\/td>\n<td><\/td>\n<td><\/td>\n<\/tr>\n<tr>\n<td><\/td>\n<td><\/td>\n<td><\/td>\n<td><\/td>\n<td><\/td>\n<td><\/td>\n<td><\/td>\n<\/tr>\n<tr>\n<td><\/td>\n<td><\/td>\n<td><\/td>\n<td><\/td>\n<td><\/td>\n<td><\/td>\n<td><\/td>\n<\/tr>\n<tr>\n<td><\/td>\n<td><\/td>\n<td><\/td>\n<td><\/td>\n<td><\/td>\n<td><\/td>\n<td><\/td>\n<\/tr>\n<tr>\n<td><\/td>\n<td><\/td>\n<td><\/td>\n<td><\/td>\n<td><\/td>\n<td><\/td>\n<td><\/td>\n<\/tr>\n<\/tbody>\n<\/table>\n<\/div>\n","protected":false},"excerpt":{"rendered":"<p>Mudel B.LNKL. PRGR Materjal teras \u00dcldine k\u00f5rgus (cm) 25 \u00dcldine laius (cm) 13,5 Koguprojektsioon (cm) 6 Abi Ei V\u00e4rv Must<\/p>\n","protected":false},"featured_media":131064,"comment_status":"open","ping_status":"closed","template":"","meta":{"_acf_changed":false,"pmpro_default_level":""},"product_brand":[],"product_cat":[24162,23882,23836],"product_tag":[],"class_list":{"0":"post-133594","1":"product","2":"type-product","3":"status-publish","4":"has-post-thumbnail","6":"product_cat-kaepidemed","7":"product_cat-duru-rankenos-duru-rankenos-et","8":"product_cat-moobli-tarvikud","9":"pmpro-has-access","11":"first","12":"instock","13":"shipping-taxable","14":"purchasable","15":"product-type-simple"},"acf":[],"yoast_head":"<!-- This site is optimized with the Yoast SEO plugin v24.9 - https:\/\/yoast.com\/wordpress\/plugins\/seo\/ -->\n<title>Uksek\u00e4epidemed LINCOLN ilma lukuta - MetalTale.com<\/title>\n<meta name=\"robots\" content=\"index, follow, max-snippet:-1, max-image-preview:large, max-video-preview:-1\" \/>\n<link rel=\"canonical\" href=\"https:\/\/metaltale.com\/et\/toode\/uksekaepidemed-lincoln-ilma-lukuta\/\" \/>\n<meta property=\"og:locale\" content=\"et_EE\" \/>\n<meta property=\"og:type\" content=\"article\" \/>\n<meta property=\"og:title\" content=\"Uksek\u00e4epidemed LINCOLN ilma lukuta - MetalTale.com\" \/>\n<meta property=\"og:description\" content=\"Mudel B.LNKL. PRGR Materjal teras \u00dcldine k\u00f5rgus (cm) 25 \u00dcldine laius (cm) 13,5 Koguprojektsioon (cm) 6 Abi Ei V\u00e4rv Must\" \/>\n<meta property=\"og:url\" content=\"https:\/\/metaltale.com\/et\/toode\/uksekaepidemed-lincoln-ilma-lukuta\/\" \/>\n<meta property=\"og:site_name\" content=\"MetalTale.com\" \/>\n<meta property=\"og:image\" content=\"https:\/\/metaltale.com\/wp-content\/uploads\/2024\/02\/Duru-rankenos-LINCOLN-be-uzrakto-scaled.jpg\" \/>\n\t<meta property=\"og:image:width\" content=\"2560\" \/>\n\t<meta property=\"og:image:height\" content=\"2560\" \/>\n\t<meta property=\"og:image:type\" content=\"image\/jpeg\" \/>\n<meta name=\"twitter:card\" content=\"summary_large_image\" \/>\n<meta name=\"twitter:label1\" content=\"Est. reading time\" \/>\n\t<meta name=\"twitter:data1\" content=\"1 minut\" \/>\n<script type=\"application\/ld+json\" class=\"yoast-schema-graph\">{\"@context\":\"https:\/\/schema.org\",\"@graph\":[{\"@type\":\"WebPage\",\"@id\":\"https:\/\/metaltale.com\/et\/toode\/uksekaepidemed-lincoln-ilma-lukuta\/\",\"url\":\"https:\/\/metaltale.com\/et\/toode\/uksekaepidemed-lincoln-ilma-lukuta\/\",\"name\":\"Uksek\u00e4epidemed LINCOLN ilma lukuta - MetalTale.com\",\"isPartOf\":{\"@id\":\"https:\/\/metaltale.com\/et\/#website\"},\"primaryImageOfPage\":{\"@id\":\"https:\/\/metaltale.com\/et\/toode\/uksekaepidemed-lincoln-ilma-lukuta\/#primaryimage\"},\"image\":{\"@id\":\"https:\/\/metaltale.com\/et\/toode\/uksekaepidemed-lincoln-ilma-lukuta\/#primaryimage\"},\"thumbnailUrl\":\"https:\/\/metaltale.com\/wp-content\/uploads\/2024\/02\/Duru-rankenos-LINCOLN-be-uzrakto-scaled.jpg\",\"datePublished\":\"2024-02-13T13:21:45+00:00\",\"breadcrumb\":{\"@id\":\"https:\/\/metaltale.com\/et\/toode\/uksekaepidemed-lincoln-ilma-lukuta\/#breadcrumb\"},\"inLanguage\":\"et\",\"potentialAction\":[{\"@type\":\"ReadAction\",\"target\":[\"https:\/\/metaltale.com\/et\/toode\/uksekaepidemed-lincoln-ilma-lukuta\/\"]}]},{\"@type\":\"ImageObject\",\"inLanguage\":\"et\",\"@id\":\"https:\/\/metaltale.com\/et\/toode\/uksekaepidemed-lincoln-ilma-lukuta\/#primaryimage\",\"url\":\"https:\/\/metaltale.com\/wp-content\/uploads\/2024\/02\/Duru-rankenos-LINCOLN-be-uzrakto-scaled.jpg\",\"contentUrl\":\"https:\/\/metaltale.com\/wp-content\/uploads\/2024\/02\/Duru-rankenos-LINCOLN-be-uzrakto-scaled.jpg\",\"width\":2560,\"height\":2560,\"caption\":\"Uksek\u00e4epidemed LINCOLN ilma lukuta\"},{\"@type\":\"BreadcrumbList\",\"@id\":\"https:\/\/metaltale.com\/et\/toode\/uksekaepidemed-lincoln-ilma-lukuta\/#breadcrumb\",\"itemListElement\":[{\"@type\":\"ListItem\",\"position\":1,\"name\":\"Home\",\"item\":\"https:\/\/metaltale.com\/et\/kodu\/\"},{\"@type\":\"ListItem\",\"position\":2,\"name\":\"Kauplus\",\"item\":\"https:\/\/metaltale.com\/et\/shop\/\"},{\"@type\":\"ListItem\",\"position\":3,\"name\":\"Uksek\u00e4epidemed LINCOLN ilma lukuta\"}]},{\"@type\":\"WebSite\",\"@id\":\"https:\/\/metaltale.com\/et\/#website\",\"url\":\"https:\/\/metaltale.com\/et\/\",\"name\":\"Metaltale.com\",\"description\":\"\",\"potentialAction\":[{\"@type\":\"SearchAction\",\"target\":{\"@type\":\"EntryPoint\",\"urlTemplate\":\"https:\/\/metaltale.com\/et\/?s={search_term_string}\"},\"query-input\":{\"@type\":\"PropertyValueSpecification\",\"valueRequired\":true,\"valueName\":\"search_term_string\"}}],\"inLanguage\":\"et\"}]}<\/script>\n<!-- \/ Yoast SEO plugin. -->","yoast_head_json":{"title":"Uksek\u00e4epidemed LINCOLN ilma lukuta - MetalTale.com","robots":{"index":"index","follow":"follow","max-snippet":"max-snippet:-1","max-image-preview":"max-image-preview:large","max-video-preview":"max-video-preview:-1"},"canonical":"https:\/\/metaltale.com\/et\/toode\/uksekaepidemed-lincoln-ilma-lukuta\/","og_locale":"et_EE","og_type":"article","og_title":"Uksek\u00e4epidemed LINCOLN ilma lukuta - MetalTale.com","og_description":"Mudel B.LNKL. PRGR Materjal teras \u00dcldine k\u00f5rgus (cm) 25 \u00dcldine laius (cm) 13,5 Koguprojektsioon (cm) 6 Abi Ei V\u00e4rv Must","og_url":"https:\/\/metaltale.com\/et\/toode\/uksekaepidemed-lincoln-ilma-lukuta\/","og_site_name":"MetalTale.com","og_image":[{"width":2560,"height":2560,"url":"https:\/\/metaltale.com\/wp-content\/uploads\/2024\/02\/Duru-rankenos-LINCOLN-be-uzrakto-scaled.jpg","type":"image\/jpeg"}],"twitter_card":"summary_large_image","twitter_misc":{"Est. reading time":"1 minut"},"schema":{"@context":"https:\/\/schema.org","@graph":[{"@type":"WebPage","@id":"https:\/\/metaltale.com\/et\/toode\/uksekaepidemed-lincoln-ilma-lukuta\/","url":"https:\/\/metaltale.com\/et\/toode\/uksekaepidemed-lincoln-ilma-lukuta\/","name":"Uksek\u00e4epidemed LINCOLN ilma lukuta - MetalTale.com","isPartOf":{"@id":"https:\/\/metaltale.com\/et\/#website"},"primaryImageOfPage":{"@id":"https:\/\/metaltale.com\/et\/toode\/uksekaepidemed-lincoln-ilma-lukuta\/#primaryimage"},"image":{"@id":"https:\/\/metaltale.com\/et\/toode\/uksekaepidemed-lincoln-ilma-lukuta\/#primaryimage"},"thumbnailUrl":"https:\/\/metaltale.com\/wp-content\/uploads\/2024\/02\/Duru-rankenos-LINCOLN-be-uzrakto-scaled.jpg","datePublished":"2024-02-13T13:21:45+00:00","breadcrumb":{"@id":"https:\/\/metaltale.com\/et\/toode\/uksekaepidemed-lincoln-ilma-lukuta\/#breadcrumb"},"inLanguage":"et","potentialAction":[{"@type":"ReadAction","target":["https:\/\/metaltale.com\/et\/toode\/uksekaepidemed-lincoln-ilma-lukuta\/"]}]},{"@type":"ImageObject","inLanguage":"et","@id":"https:\/\/metaltale.com\/et\/toode\/uksekaepidemed-lincoln-ilma-lukuta\/#primaryimage","url":"https:\/\/metaltale.com\/wp-content\/uploads\/2024\/02\/Duru-rankenos-LINCOLN-be-uzrakto-scaled.jpg","contentUrl":"https:\/\/metaltale.com\/wp-content\/uploads\/2024\/02\/Duru-rankenos-LINCOLN-be-uzrakto-scaled.jpg","width":2560,"height":2560,"caption":"Uksek\u00e4epidemed LINCOLN ilma lukuta"},{"@type":"BreadcrumbList","@id":"https:\/\/metaltale.com\/et\/toode\/uksekaepidemed-lincoln-ilma-lukuta\/#breadcrumb","itemListElement":[{"@type":"ListItem","position":1,"name":"Home","item":"https:\/\/metaltale.com\/et\/kodu\/"},{"@type":"ListItem","position":2,"name":"Kauplus","item":"https:\/\/metaltale.com\/et\/shop\/"},{"@type":"ListItem","position":3,"name":"Uksek\u00e4epidemed LINCOLN ilma lukuta"}]},{"@type":"WebSite","@id":"https:\/\/metaltale.com\/et\/#website","url":"https:\/\/metaltale.com\/et\/","name":"Metaltale.com","description":"","potentialAction":[{"@type":"SearchAction","target":{"@type":"EntryPoint","urlTemplate":"https:\/\/metaltale.com\/et\/?s={search_term_string}"},"query-input":{"@type":"PropertyValueSpecification","valueRequired":true,"valueName":"search_term_string"}}],"inLanguage":"et"}]}},"_links":{"self":[{"href":"https:\/\/metaltale.com\/et\/wp-json\/wp\/v2\/product\/133594","targetHints":{"allow":["GET"]}}],"collection":[{"href":"https:\/\/metaltale.com\/et\/wp-json\/wp\/v2\/product"}],"about":[{"href":"https:\/\/metaltale.com\/et\/wp-json\/wp\/v2\/types\/product"}],"replies":[{"embeddable":true,"href":"https:\/\/metaltale.com\/et\/wp-json\/wp\/v2\/comments?post=133594"}],"version-history":[{"count":0,"href":"https:\/\/metaltale.com\/et\/wp-json\/wp\/v2\/product\/133594\/revisions"}],"wp:featuredmedia":[{"embeddable":true,"href":"https:\/\/metaltale.com\/et\/wp-json\/wp\/v2\/media\/131064"}],"wp:attachment":[{"href":"https:\/\/metaltale.com\/et\/wp-json\/wp\/v2\/media?parent=133594"}],"wp:term":[{"taxonomy":"product_brand","embeddable":true,"href":"https:\/\/metaltale.com\/et\/wp-json\/wp\/v2\/product_brand?post=133594"},{"taxonomy":"product_cat","embeddable":true,"href":"https:\/\/metaltale.com\/et\/wp-json\/wp\/v2\/product_cat?post=133594"},{"taxonomy":"product_tag","embeddable":true,"href":"https:\/\/metaltale.com\/et\/wp-json\/wp\/v2\/product_tag?post=133594"}],"curies":[{"name":"wp","href":"https:\/\/api.w.org\/{rel}","templated":true}]}}