{"id":133568,"date":"2024-02-13T15:21:04","date_gmt":"2024-02-13T13:21:04","guid":{"rendered":"https:\/\/metaltale.com\/produktas\/tammepuidust-lukanduks-one-board-basic-100-110x210\/"},"modified":"2024-02-13T15:21:04","modified_gmt":"2024-02-13T13:21:04","slug":"tammepuidust-lukanduks-one-board-basic-100-110x210","status":"publish","type":"product","link":"https:\/\/metaltale.com\/et\/toode\/tammepuidust-lukanduks-one-board-basic-100-110x210\/","title":{"rendered":"Tammepuidust l\u00fckanduks ONE BOARD BASIC 100-110&#215;210"},"content":{"rendered":"<div class=\"prod_data\">\n<p><strong>Mudel<\/strong> ONE.B<br \/>\n<strong>EAN.<\/strong>  5907772071083<br \/>\nMaterjal Tammepuit<br \/>\nPaksus (cm ) 3,5<br \/>\n<strong>\u00dcldine k\u00f5rgus (cm)<\/strong> 210<br \/>\n<strong>\u00dcldlaius (cm)<\/strong> 100-110<br \/>\n<strong>Viimistlemine<\/strong> t\u00f6\u00f6tlemata<br \/>\n<strong>LISATEAVE<\/strong> Pakkumine kehtib ainult \u00fche ukselaua kohta ja ei sisalda libisevuss\u00fcsteemi ega muid lisaseadmeid.<\/p>\n<hr>\n<p>&#8220;One Board Basic&#8221; on kombinatsioon k\u00f5rgekvaliteedilisest kvaliteedist kaasaegses vormis, kasutusmugavusest ja erakordsest disainist k\u00f5ige n\u00f5udlikumatele loodushuvilistele.<\/p>\n<p>One Board Basic on liuguks, mis on valmistatud spetsiaalselt valitud tammepuidust, mis on \u00e4\u00e4rmiselt tugev ja vastupidav, mist\u00f5ttu sobib see ideaalselt igap\u00e4evaseks kasutamiseks. One Board Basic&#8217;i uste ebatasased servad annavad neile loomuliku ja ebakorrap\u00e4rase kuju, mis muudab iga t\u00fcki ainulaadseks.<\/p>\n<p>&#8220;One Board Basic&#8221; ustele on iseloomulikud loomulikud v\u00e4rvimuutused, praod ja praod ning neil v\u00f5ivad olla ka s\u00fcvendid, oksad v\u00f5i tuvi\u00fchendused, mis lisavad iseloomu ja originaalsust.<\/p>\n<p>Maksimaalse vastupidavuse tagamiseks on One Board Basic t\u00e4iendavalt kaitstud deformatsiooni eest: asenduskiud ja tugevdusribad l\u00fchematel servadel pakuvad kaitset ja ukse toormaterjal on enam kui vastupidav.<\/p>\n<p>Iga One Board Basic uks on oma kuju ja ebatasase pinna t\u00f5ttu ainulaadne. Selleks, et need peegeldaksid k\u00f5ige paremini selle koha iseloomu, kuhu need paigaldatakse, soovitame teil valida meie kaupluses saadaval olevad juhikud, k\u00e4epidemed ja muud tarvikud. Pakume t\u00f6\u00f6tlemata v\u00f5i naturaalse \u00f5li- v\u00f5i pruuniks v\u00e4rvitud uksi. V\u00f5imalus konfigureerida \u00fcksikuid elemente muudab uksed ainulaadseks ja individuaalsetele eelistustele ja maitsele vastavaks.<\/p>\n<p>One Board Basic sobib ideaalselt moodsasse, loft- v\u00f5i maal\u00e4hedasesse interj\u00f6\u00f6ri. Tammepuust uksed ei r\u00f5huta ruumi oma tugevusest hoolimata, vaid v\u00f5tavad palju v\u00e4hem ruumi kui traditsioonilised uksed, ning puidu naturaalsus t\u00e4hendab, et need j\u00e4\u00e4vad alati moodsaks ja aegumatuks.<\/p>\n<p>One Board Basic sobib ideaalselt teie interj\u00f6\u00f6rile t\u00e4nu j\u00e4rgmistele omadustele:<br \/>\n&#8211; loomulikkus,<br \/>\n&#8211; unikaalsus &#8211; iga teos on individuaalne loodusteos,<br \/>\n&#8211; k\u00f5rgeim t\u00f6\u00f6tlemiskvaliteet,<br \/>\n&#8211; \u00c4\u00e4rmiselt vastupidav ja tugev t\u00e4ispuidust tammepuit.<\/p>\n<hr>\n<p><strong>ONE BOARDi liuguksele sobiva alumise r\u00f6\u00f6pa saamiseks vaadake allpool olevat vahekaarti &#8220;Seotud tooted&#8221;.<\/strong><\/p>\n<p>**Pakkumine kehtib ainult uste kohta ja ei sisalda libisevust ega muid lisaseadmeid.<\/p>\n<p>***Kui te tellidate ilma seadet m\u00e4\u00e4ramata, valitakse seade juhuslikult.<\/p>\n<hr>\n<\/div>\n","protected":false},"excerpt":{"rendered":"<p>Mudel ONE.B EAN. 5907772071083 Materjal Tammepuit Paksus (cm ) 3,5 \u00dcldine k\u00f5rgus (cm) 210 \u00dcldlaius (cm) 100-110 Viimistlemine t\u00f6\u00f6tlemata LISATEAVE<\/p>\n","protected":false},"featured_media":114899,"comment_status":"open","ping_status":"closed","template":"","meta":{"_acf_changed":false,"pmpro_default_level":""},"product_brand":[],"product_cat":[24155],"product_tag":[],"class_list":{"0":"post-133568","1":"product","2":"type-product","3":"status-publish","4":"has-post-thumbnail","6":"product_cat-tammepuust-lukanduksed","7":"pmpro-has-access","9":"first","10":"outofstock","11":"shipping-taxable","12":"purchasable","13":"product-type-simple"},"acf":[],"yoast_head":"<!-- This site is optimized with the Yoast SEO plugin v24.9 - https:\/\/yoast.com\/wordpress\/plugins\/seo\/ -->\n<title>Tammepuidust l\u00fckanduks ONE BOARD BASIC 100-110x210 - MetalTale.com<\/title>\n<meta name=\"robots\" content=\"index, follow, max-snippet:-1, max-image-preview:large, max-video-preview:-1\" \/>\n<link rel=\"canonical\" href=\"https:\/\/metaltale.com\/et\/toode\/tammepuidust-lukanduks-one-board-basic-100-110x210\/\" \/>\n<meta property=\"og:locale\" content=\"et_EE\" \/>\n<meta property=\"og:type\" content=\"article\" \/>\n<meta property=\"og:title\" content=\"Tammepuidust l\u00fckanduks ONE BOARD BASIC 100-110x210 - MetalTale.com\" \/>\n<meta property=\"og:description\" content=\"Mudel ONE.B EAN. 5907772071083 Materjal Tammepuit Paksus (cm ) 3,5 \u00dcldine k\u00f5rgus (cm) 210 \u00dcldlaius (cm) 100-110 Viimistlemine t\u00f6\u00f6tlemata LISATEAVE\" \/>\n<meta property=\"og:url\" content=\"https:\/\/metaltale.com\/et\/toode\/tammepuidust-lukanduks-one-board-basic-100-110x210\/\" \/>\n<meta property=\"og:site_name\" content=\"MetalTale.com\" \/>\n<meta property=\"og:image\" content=\"https:\/\/metaltale.com\/wp-content\/uploads\/2023\/11\/Durys-ONE-BOARD-100-110x210-Neapdorotos.jpg\" \/>\n\t<meta property=\"og:image:width\" content=\"800\" \/>\n\t<meta property=\"og:image:height\" content=\"800\" \/>\n\t<meta property=\"og:image:type\" content=\"image\/jpeg\" \/>\n<meta name=\"twitter:card\" content=\"summary_large_image\" \/>\n<meta name=\"twitter:label1\" content=\"Est. reading time\" \/>\n\t<meta name=\"twitter:data1\" content=\"2 minutit\" \/>\n<script type=\"application\/ld+json\" class=\"yoast-schema-graph\">{\"@context\":\"https:\/\/schema.org\",\"@graph\":[{\"@type\":\"WebPage\",\"@id\":\"https:\/\/metaltale.com\/et\/toode\/tammepuidust-lukanduks-one-board-basic-100-110x210\/\",\"url\":\"https:\/\/metaltale.com\/et\/toode\/tammepuidust-lukanduks-one-board-basic-100-110x210\/\",\"name\":\"Tammepuidust l\u00fckanduks ONE BOARD BASIC 100-110x210 - MetalTale.com\",\"isPartOf\":{\"@id\":\"https:\/\/metaltale.com\/et\/#website\"},\"primaryImageOfPage\":{\"@id\":\"https:\/\/metaltale.com\/et\/toode\/tammepuidust-lukanduks-one-board-basic-100-110x210\/#primaryimage\"},\"image\":{\"@id\":\"https:\/\/metaltale.com\/et\/toode\/tammepuidust-lukanduks-one-board-basic-100-110x210\/#primaryimage\"},\"thumbnailUrl\":\"https:\/\/metaltale.com\/wp-content\/uploads\/2023\/11\/Durys-ONE-BOARD-100-110x210-Neapdorotos.jpg\",\"datePublished\":\"2024-02-13T13:21:04+00:00\",\"breadcrumb\":{\"@id\":\"https:\/\/metaltale.com\/et\/toode\/tammepuidust-lukanduks-one-board-basic-100-110x210\/#breadcrumb\"},\"inLanguage\":\"et\",\"potentialAction\":[{\"@type\":\"ReadAction\",\"target\":[\"https:\/\/metaltale.com\/et\/toode\/tammepuidust-lukanduks-one-board-basic-100-110x210\/\"]}]},{\"@type\":\"ImageObject\",\"inLanguage\":\"et\",\"@id\":\"https:\/\/metaltale.com\/et\/toode\/tammepuidust-lukanduks-one-board-basic-100-110x210\/#primaryimage\",\"url\":\"https:\/\/metaltale.com\/wp-content\/uploads\/2023\/11\/Durys-ONE-BOARD-100-110x210-Neapdorotos.jpg\",\"contentUrl\":\"https:\/\/metaltale.com\/wp-content\/uploads\/2023\/11\/Durys-ONE-BOARD-100-110x210-Neapdorotos.jpg\",\"width\":800,\"height\":800},{\"@type\":\"BreadcrumbList\",\"@id\":\"https:\/\/metaltale.com\/et\/toode\/tammepuidust-lukanduks-one-board-basic-100-110x210\/#breadcrumb\",\"itemListElement\":[{\"@type\":\"ListItem\",\"position\":1,\"name\":\"Home\",\"item\":\"https:\/\/metaltale.com\/et\/kodu\/\"},{\"@type\":\"ListItem\",\"position\":2,\"name\":\"Kauplus\",\"item\":\"https:\/\/metaltale.com\/et\/shop\/\"},{\"@type\":\"ListItem\",\"position\":3,\"name\":\"Tammepuidust l\u00fckanduks ONE BOARD BASIC 100-110&#215;210\"}]},{\"@type\":\"WebSite\",\"@id\":\"https:\/\/metaltale.com\/et\/#website\",\"url\":\"https:\/\/metaltale.com\/et\/\",\"name\":\"Metaltale.com\",\"description\":\"\",\"potentialAction\":[{\"@type\":\"SearchAction\",\"target\":{\"@type\":\"EntryPoint\",\"urlTemplate\":\"https:\/\/metaltale.com\/et\/?s={search_term_string}\"},\"query-input\":{\"@type\":\"PropertyValueSpecification\",\"valueRequired\":true,\"valueName\":\"search_term_string\"}}],\"inLanguage\":\"et\"}]}<\/script>\n<!-- \/ Yoast SEO plugin. -->","yoast_head_json":{"title":"Tammepuidust l\u00fckanduks ONE BOARD BASIC 100-110x210 - MetalTale.com","robots":{"index":"index","follow":"follow","max-snippet":"max-snippet:-1","max-image-preview":"max-image-preview:large","max-video-preview":"max-video-preview:-1"},"canonical":"https:\/\/metaltale.com\/et\/toode\/tammepuidust-lukanduks-one-board-basic-100-110x210\/","og_locale":"et_EE","og_type":"article","og_title":"Tammepuidust l\u00fckanduks ONE BOARD BASIC 100-110x210 - MetalTale.com","og_description":"Mudel ONE.B EAN. 5907772071083 Materjal Tammepuit Paksus (cm ) 3,5 \u00dcldine k\u00f5rgus (cm) 210 \u00dcldlaius (cm) 100-110 Viimistlemine t\u00f6\u00f6tlemata LISATEAVE","og_url":"https:\/\/metaltale.com\/et\/toode\/tammepuidust-lukanduks-one-board-basic-100-110x210\/","og_site_name":"MetalTale.com","og_image":[{"width":800,"height":800,"url":"https:\/\/metaltale.com\/wp-content\/uploads\/2023\/11\/Durys-ONE-BOARD-100-110x210-Neapdorotos.jpg","type":"image\/jpeg"}],"twitter_card":"summary_large_image","twitter_misc":{"Est. reading time":"2 minutit"},"schema":{"@context":"https:\/\/schema.org","@graph":[{"@type":"WebPage","@id":"https:\/\/metaltale.com\/et\/toode\/tammepuidust-lukanduks-one-board-basic-100-110x210\/","url":"https:\/\/metaltale.com\/et\/toode\/tammepuidust-lukanduks-one-board-basic-100-110x210\/","name":"Tammepuidust l\u00fckanduks ONE BOARD BASIC 100-110x210 - MetalTale.com","isPartOf":{"@id":"https:\/\/metaltale.com\/et\/#website"},"primaryImageOfPage":{"@id":"https:\/\/metaltale.com\/et\/toode\/tammepuidust-lukanduks-one-board-basic-100-110x210\/#primaryimage"},"image":{"@id":"https:\/\/metaltale.com\/et\/toode\/tammepuidust-lukanduks-one-board-basic-100-110x210\/#primaryimage"},"thumbnailUrl":"https:\/\/metaltale.com\/wp-content\/uploads\/2023\/11\/Durys-ONE-BOARD-100-110x210-Neapdorotos.jpg","datePublished":"2024-02-13T13:21:04+00:00","breadcrumb":{"@id":"https:\/\/metaltale.com\/et\/toode\/tammepuidust-lukanduks-one-board-basic-100-110x210\/#breadcrumb"},"inLanguage":"et","potentialAction":[{"@type":"ReadAction","target":["https:\/\/metaltale.com\/et\/toode\/tammepuidust-lukanduks-one-board-basic-100-110x210\/"]}]},{"@type":"ImageObject","inLanguage":"et","@id":"https:\/\/metaltale.com\/et\/toode\/tammepuidust-lukanduks-one-board-basic-100-110x210\/#primaryimage","url":"https:\/\/metaltale.com\/wp-content\/uploads\/2023\/11\/Durys-ONE-BOARD-100-110x210-Neapdorotos.jpg","contentUrl":"https:\/\/metaltale.com\/wp-content\/uploads\/2023\/11\/Durys-ONE-BOARD-100-110x210-Neapdorotos.jpg","width":800,"height":800},{"@type":"BreadcrumbList","@id":"https:\/\/metaltale.com\/et\/toode\/tammepuidust-lukanduks-one-board-basic-100-110x210\/#breadcrumb","itemListElement":[{"@type":"ListItem","position":1,"name":"Home","item":"https:\/\/metaltale.com\/et\/kodu\/"},{"@type":"ListItem","position":2,"name":"Kauplus","item":"https:\/\/metaltale.com\/et\/shop\/"},{"@type":"ListItem","position":3,"name":"Tammepuidust l\u00fckanduks ONE BOARD BASIC 100-110&#215;210"}]},{"@type":"WebSite","@id":"https:\/\/metaltale.com\/et\/#website","url":"https:\/\/metaltale.com\/et\/","name":"Metaltale.com","description":"","potentialAction":[{"@type":"SearchAction","target":{"@type":"EntryPoint","urlTemplate":"https:\/\/metaltale.com\/et\/?s={search_term_string}"},"query-input":{"@type":"PropertyValueSpecification","valueRequired":true,"valueName":"search_term_string"}}],"inLanguage":"et"}]}},"_links":{"self":[{"href":"https:\/\/metaltale.com\/et\/wp-json\/wp\/v2\/product\/133568","targetHints":{"allow":["GET"]}}],"collection":[{"href":"https:\/\/metaltale.com\/et\/wp-json\/wp\/v2\/product"}],"about":[{"href":"https:\/\/metaltale.com\/et\/wp-json\/wp\/v2\/types\/product"}],"replies":[{"embeddable":true,"href":"https:\/\/metaltale.com\/et\/wp-json\/wp\/v2\/comments?post=133568"}],"version-history":[{"count":0,"href":"https:\/\/metaltale.com\/et\/wp-json\/wp\/v2\/product\/133568\/revisions"}],"wp:featuredmedia":[{"embeddable":true,"href":"https:\/\/metaltale.com\/et\/wp-json\/wp\/v2\/media\/114899"}],"wp:attachment":[{"href":"https:\/\/metaltale.com\/et\/wp-json\/wp\/v2\/media?parent=133568"}],"wp:term":[{"taxonomy":"product_brand","embeddable":true,"href":"https:\/\/metaltale.com\/et\/wp-json\/wp\/v2\/product_brand?post=133568"},{"taxonomy":"product_cat","embeddable":true,"href":"https:\/\/metaltale.com\/et\/wp-json\/wp\/v2\/product_cat?post=133568"},{"taxonomy":"product_tag","embeddable":true,"href":"https:\/\/metaltale.com\/et\/wp-json\/wp\/v2\/product_tag?post=133568"}],"curies":[{"name":"wp","href":"https:\/\/api.w.org\/{rel}","templated":true}]}}