{"id":133563,"date":"2024-02-13T15:21:45","date_gmt":"2024-02-13T13:21:45","guid":{"rendered":"https:\/\/metaltale.com\/produktas\/bristoli-uksekaepidemed\/"},"modified":"2024-02-13T15:21:45","modified_gmt":"2024-02-13T13:21:45","slug":"bristoli-uksekaepidemed","status":"publish","type":"product","link":"https:\/\/metaltale.com\/et\/toode\/bristoli-uksekaepidemed\/","title":{"rendered":"BRISTOLi uksek\u00e4epidemed"},"content":{"rendered":"<div class=\"prod_data\"><strong>Mudel<\/strong> B.BL. PRGR <br \/><strong>Materjal<\/strong> teras  <br \/>\u00dcldine k\u00f5rgus (cm) 24 <br \/>\u00dcldine laius (cm) 14 <br \/>Koguprojektsioon (cm) 7 <br \/><strong>K\u00e4epideme ja v\u00f5tmeava vaheline kaugus (mm)<\/strong> 72 mm, 90 mm  <br \/>Abi Ei <br \/><strong>Paigalduskruvid<\/strong> Jah  <br \/><strong>V\u00e4rv<\/strong> Must  <br \/>Pinna t\u00fc\u00fcp Silea <br \/>Kogus komplekti kohta 2 x k\u00e4epide\/k\u00e4epide + s\u00fcdamik + kinnituskruvid <\/p>\n<p>&#8211; Sisaldab kahte k\u00e4epidet (kuni 1 ukseleht), s\u00fcdamikku ja paigalduselemendid.<br \/>&#8211; toodet saab kasutada sise- ja v\u00e4lisuste puhul<br \/>Puudub k\u00e4epidemehhanism<\/p>\n<hr>\n<p>BRISTOLi terasest k\u00e4epidemed musta m\u00e4rgistusega on lahendus, mis sobib nii sissep\u00e4\u00e4su- kui ka siseustele. Klassikaline must ja ainulaadne disain t\u00e4iendab mis tahes sisekujundust, r\u00f5hutades kaunilt ukselehe stiili ja iseloomu. Mudel on saadaval mitmes versioonis &#8211; rosetiga, tualettm\u00e4rgiga, sisestusm\u00e4rgiga ja v\u00f5tmega. V\u00f5imalusi on nii palju, et seda k\u00e4epideme mudelit saab kindlasti kasutada k\u00f5igi maja v\u00f5i korteri uste puhul. <\/p>\n<hr>\n<\/div>\n","protected":false},"excerpt":{"rendered":"<p>Mudel B.BL. PRGR Materjal teras \u00dcldine k\u00f5rgus (cm) 24 \u00dcldine laius (cm) 14 Koguprojektsioon (cm) 7 K\u00e4epideme ja v\u00f5tmeava vaheline<\/p>\n","protected":false},"featured_media":86996,"comment_status":"open","ping_status":"closed","template":"","meta":{"_acf_changed":false,"pmpro_default_level":""},"product_brand":[],"product_cat":[24162],"product_tag":[],"class_list":{"0":"post-133563","1":"product","2":"type-product","3":"status-publish","4":"has-post-thumbnail","6":"product_cat-kaepidemed","7":"pmpro-has-access","9":"first","10":"instock","11":"shipping-taxable","12":"purchasable","13":"product-type-simple"},"acf":[],"yoast_head":"<!-- This site is optimized with the Yoast SEO plugin v24.9 - https:\/\/yoast.com\/wordpress\/plugins\/seo\/ -->\n<title>BRISTOLi uksek\u00e4epidemed - MetalTale.com<\/title>\n<meta name=\"robots\" content=\"index, follow, max-snippet:-1, max-image-preview:large, max-video-preview:-1\" \/>\n<link rel=\"canonical\" href=\"https:\/\/metaltale.com\/et\/toode\/bristoli-uksekaepidemed\/\" \/>\n<meta property=\"og:locale\" content=\"et_EE\" \/>\n<meta property=\"og:type\" content=\"article\" \/>\n<meta property=\"og:title\" content=\"BRISTOLi uksek\u00e4epidemed - MetalTale.com\" \/>\n<meta property=\"og:description\" content=\"Mudel B.BL. PRGR Materjal teras \u00dcldine k\u00f5rgus (cm) 24 \u00dcldine laius (cm) 14 Koguprojektsioon (cm) 7 K\u00e4epideme ja v\u00f5tmeava vaheline\" \/>\n<meta property=\"og:url\" content=\"https:\/\/metaltale.com\/et\/toode\/bristoli-uksekaepidemed\/\" \/>\n<meta property=\"og:site_name\" content=\"MetalTale.com\" \/>\n<meta name=\"twitter:card\" content=\"summary_large_image\" \/>\n<meta name=\"twitter:label1\" content=\"Est. reading time\" \/>\n\t<meta name=\"twitter:data1\" content=\"1 minut\" \/>\n<script type=\"application\/ld+json\" class=\"yoast-schema-graph\">{\"@context\":\"https:\/\/schema.org\",\"@graph\":[{\"@type\":\"WebPage\",\"@id\":\"https:\/\/metaltale.com\/et\/toode\/bristoli-uksekaepidemed\/\",\"url\":\"https:\/\/metaltale.com\/et\/toode\/bristoli-uksekaepidemed\/\",\"name\":\"BRISTOLi uksek\u00e4epidemed - MetalTale.com\",\"isPartOf\":{\"@id\":\"https:\/\/metaltale.com\/et\/#website\"},\"primaryImageOfPage\":{\"@id\":\"https:\/\/metaltale.com\/et\/toode\/bristoli-uksekaepidemed\/#primaryimage\"},\"image\":{\"@id\":\"https:\/\/metaltale.com\/et\/toode\/bristoli-uksekaepidemed\/#primaryimage\"},\"thumbnailUrl\":\"https:\/\/metaltale.com\/wp-content\/uploads\/2023\/10\/BRISTOL-rankena-su-apvaliu-x17Eenklu.jpg\",\"datePublished\":\"2024-02-13T13:21:45+00:00\",\"breadcrumb\":{\"@id\":\"https:\/\/metaltale.com\/et\/toode\/bristoli-uksekaepidemed\/#breadcrumb\"},\"inLanguage\":\"et\",\"potentialAction\":[{\"@type\":\"ReadAction\",\"target\":[\"https:\/\/metaltale.com\/et\/toode\/bristoli-uksekaepidemed\/\"]}]},{\"@type\":\"ImageObject\",\"inLanguage\":\"et\",\"@id\":\"https:\/\/metaltale.com\/et\/toode\/bristoli-uksekaepidemed\/#primaryimage\",\"url\":\"https:\/\/metaltale.com\/wp-content\/uploads\/2023\/10\/BRISTOL-rankena-su-apvaliu-x17Eenklu.jpg\",\"contentUrl\":\"https:\/\/metaltale.com\/wp-content\/uploads\/2023\/10\/BRISTOL-rankena-su-apvaliu-x17Eenklu.jpg\",\"width\":800,\"height\":800,\"caption\":\"Uksek\u00e4epide BRISTOL 720 mm\"},{\"@type\":\"BreadcrumbList\",\"@id\":\"https:\/\/metaltale.com\/et\/toode\/bristoli-uksekaepidemed\/#breadcrumb\",\"itemListElement\":[{\"@type\":\"ListItem\",\"position\":1,\"name\":\"Home\",\"item\":\"https:\/\/metaltale.com\/et\/kodu\/\"},{\"@type\":\"ListItem\",\"position\":2,\"name\":\"Kauplus\",\"item\":\"https:\/\/metaltale.com\/et\/shop\/\"},{\"@type\":\"ListItem\",\"position\":3,\"name\":\"BRISTOLi uksek\u00e4epidemed\"}]},{\"@type\":\"WebSite\",\"@id\":\"https:\/\/metaltale.com\/et\/#website\",\"url\":\"https:\/\/metaltale.com\/et\/\",\"name\":\"Metaltale.com\",\"description\":\"\",\"potentialAction\":[{\"@type\":\"SearchAction\",\"target\":{\"@type\":\"EntryPoint\",\"urlTemplate\":\"https:\/\/metaltale.com\/et\/?s={search_term_string}\"},\"query-input\":{\"@type\":\"PropertyValueSpecification\",\"valueRequired\":true,\"valueName\":\"search_term_string\"}}],\"inLanguage\":\"et\"}]}<\/script>\n<!-- \/ Yoast SEO plugin. -->","yoast_head_json":{"title":"BRISTOLi uksek\u00e4epidemed - MetalTale.com","robots":{"index":"index","follow":"follow","max-snippet":"max-snippet:-1","max-image-preview":"max-image-preview:large","max-video-preview":"max-video-preview:-1"},"canonical":"https:\/\/metaltale.com\/et\/toode\/bristoli-uksekaepidemed\/","og_locale":"et_EE","og_type":"article","og_title":"BRISTOLi uksek\u00e4epidemed - MetalTale.com","og_description":"Mudel B.BL. PRGR Materjal teras \u00dcldine k\u00f5rgus (cm) 24 \u00dcldine laius (cm) 14 Koguprojektsioon (cm) 7 K\u00e4epideme ja v\u00f5tmeava vaheline","og_url":"https:\/\/metaltale.com\/et\/toode\/bristoli-uksekaepidemed\/","og_site_name":"MetalTale.com","twitter_card":"summary_large_image","twitter_misc":{"Est. reading time":"1 minut"},"schema":{"@context":"https:\/\/schema.org","@graph":[{"@type":"WebPage","@id":"https:\/\/metaltale.com\/et\/toode\/bristoli-uksekaepidemed\/","url":"https:\/\/metaltale.com\/et\/toode\/bristoli-uksekaepidemed\/","name":"BRISTOLi uksek\u00e4epidemed - MetalTale.com","isPartOf":{"@id":"https:\/\/metaltale.com\/et\/#website"},"primaryImageOfPage":{"@id":"https:\/\/metaltale.com\/et\/toode\/bristoli-uksekaepidemed\/#primaryimage"},"image":{"@id":"https:\/\/metaltale.com\/et\/toode\/bristoli-uksekaepidemed\/#primaryimage"},"thumbnailUrl":"https:\/\/metaltale.com\/wp-content\/uploads\/2023\/10\/BRISTOL-rankena-su-apvaliu-x17Eenklu.jpg","datePublished":"2024-02-13T13:21:45+00:00","breadcrumb":{"@id":"https:\/\/metaltale.com\/et\/toode\/bristoli-uksekaepidemed\/#breadcrumb"},"inLanguage":"et","potentialAction":[{"@type":"ReadAction","target":["https:\/\/metaltale.com\/et\/toode\/bristoli-uksekaepidemed\/"]}]},{"@type":"ImageObject","inLanguage":"et","@id":"https:\/\/metaltale.com\/et\/toode\/bristoli-uksekaepidemed\/#primaryimage","url":"https:\/\/metaltale.com\/wp-content\/uploads\/2023\/10\/BRISTOL-rankena-su-apvaliu-x17Eenklu.jpg","contentUrl":"https:\/\/metaltale.com\/wp-content\/uploads\/2023\/10\/BRISTOL-rankena-su-apvaliu-x17Eenklu.jpg","width":800,"height":800,"caption":"Uksek\u00e4epide BRISTOL 720 mm"},{"@type":"BreadcrumbList","@id":"https:\/\/metaltale.com\/et\/toode\/bristoli-uksekaepidemed\/#breadcrumb","itemListElement":[{"@type":"ListItem","position":1,"name":"Home","item":"https:\/\/metaltale.com\/et\/kodu\/"},{"@type":"ListItem","position":2,"name":"Kauplus","item":"https:\/\/metaltale.com\/et\/shop\/"},{"@type":"ListItem","position":3,"name":"BRISTOLi uksek\u00e4epidemed"}]},{"@type":"WebSite","@id":"https:\/\/metaltale.com\/et\/#website","url":"https:\/\/metaltale.com\/et\/","name":"Metaltale.com","description":"","potentialAction":[{"@type":"SearchAction","target":{"@type":"EntryPoint","urlTemplate":"https:\/\/metaltale.com\/et\/?s={search_term_string}"},"query-input":{"@type":"PropertyValueSpecification","valueRequired":true,"valueName":"search_term_string"}}],"inLanguage":"et"}]}},"_links":{"self":[{"href":"https:\/\/metaltale.com\/et\/wp-json\/wp\/v2\/product\/133563","targetHints":{"allow":["GET"]}}],"collection":[{"href":"https:\/\/metaltale.com\/et\/wp-json\/wp\/v2\/product"}],"about":[{"href":"https:\/\/metaltale.com\/et\/wp-json\/wp\/v2\/types\/product"}],"replies":[{"embeddable":true,"href":"https:\/\/metaltale.com\/et\/wp-json\/wp\/v2\/comments?post=133563"}],"version-history":[{"count":0,"href":"https:\/\/metaltale.com\/et\/wp-json\/wp\/v2\/product\/133563\/revisions"}],"wp:featuredmedia":[{"embeddable":true,"href":"https:\/\/metaltale.com\/et\/wp-json\/wp\/v2\/media\/86996"}],"wp:attachment":[{"href":"https:\/\/metaltale.com\/et\/wp-json\/wp\/v2\/media?parent=133563"}],"wp:term":[{"taxonomy":"product_brand","embeddable":true,"href":"https:\/\/metaltale.com\/et\/wp-json\/wp\/v2\/product_brand?post=133563"},{"taxonomy":"product_cat","embeddable":true,"href":"https:\/\/metaltale.com\/et\/wp-json\/wp\/v2\/product_cat?post=133563"},{"taxonomy":"product_tag","embeddable":true,"href":"https:\/\/metaltale.com\/et\/wp-json\/wp\/v2\/product_tag?post=133563"}],"curies":[{"name":"wp","href":"https:\/\/api.w.org\/{rel}","templated":true}]}}