{"id":133562,"date":"2024-02-13T15:21:04","date_gmt":"2024-02-13T13:21:04","guid":{"rendered":"https:\/\/metaltale.com\/produktas\/moobliratas-hugo-100-mm\/"},"modified":"2024-02-13T15:21:04","modified_gmt":"2024-02-13T13:21:04","slug":"moobliratas-hugo-100-mm","status":"publish","type":"product","link":"https:\/\/metaltale.com\/et\/toode\/moobliratas-hugo-100-mm\/","title":{"rendered":"M\u00f6\u00f6bliratas HUGO 100 mm"},"content":{"rendered":"<div class=\"prod_data\">\n<p><strong>Mudel<\/strong> FOR. COL.11.PRGR<br \/>\n<strong>Materjal<\/strong> teras<br \/>\n<strong> [cm]Kogupikkus<\/strong> 10<strong> <\/strong><br \/>\n<strong>\u00dcldine k\u00f5rgus (cm)<\/strong> 10<br \/>\n<strong>\u00dcldine laius (cm)<\/strong> 8<br \/>\n<strong>\u00dcldl\u00e4bim\u00f5\u00f5t (cm<\/strong> ) 7,5<br \/>\n<strong>Aluse m\u00f5\u00f5tmed (cm<\/strong> ) 10 x 8 x 0,3<br \/>\nKogus komplekti kohta 1 tk.<br \/>\n<strong>LISAINFO<\/strong> Ratta laius: 3 cm<\/p>\n<hr>\n<p>N\u00e4idatud maanteeratas on valmistatud t\u00f6\u00f6stusharu standardmudeli j\u00e4rgi, kasutades k\u00f5rgeima kvaliteediga terast. Nende funktsionaalne kasutamine h\u00f5lmab v\u00f5imalust paigaldada neid igasuguste kohvrite, kapide v\u00f5i isegi laudade k\u00fclge, suurendades seega sisekujunduse vabadust. Meie m\u00f6\u00f6blitarvikute l\u00f5ppkvaliteedi eest hoolitsemine ja hoolivus v\u00e4ljendub selles, et me keskendume ainulaadsele v\u00e4limusele ja traditsioonilistele, j\u00e4releproovitud lahendustele. T\u00e4nu sellele on ratta disain kergem ja n\u00e4eb peenem v\u00e4lja, s\u00e4ilitades samas p\u00fcsivad s\u00f5iduomadused.<br \/>\nRingil on iseloomulik H-kujuline alus.<\/p>\n<hr>\n<\/div>\n","protected":false},"excerpt":{"rendered":"<p>Mudel FOR. COL.11.PRGR Materjal teras [cm]Kogupikkus 10 \u00dcldine k\u00f5rgus (cm) 10 \u00dcldine laius (cm) 8 \u00dcldl\u00e4bim\u00f5\u00f5t (cm ) 7,5 Aluse<\/p>\n","protected":false},"featured_media":131642,"comment_status":"open","ping_status":"closed","template":"","meta":{"_acf_changed":false,"pmpro_default_level":""},"product_brand":[],"product_cat":[23847,23836],"product_tag":[],"class_list":{"0":"post-133562","1":"product","2":"type-product","3":"status-publish","4":"has-post-thumbnail","6":"product_cat-baldu-ratukai-et","7":"product_cat-moobli-tarvikud","8":"pmpro-has-access","10":"first","11":"instock","12":"shipping-taxable","13":"purchasable","14":"product-type-simple"},"acf":[],"yoast_head":"<!-- This site is optimized with the Yoast SEO plugin v24.9 - https:\/\/yoast.com\/wordpress\/plugins\/seo\/ -->\n<title>M\u00f6\u00f6bliratas HUGO 100 mm - MetalTale.com<\/title>\n<meta name=\"robots\" content=\"index, follow, max-snippet:-1, max-image-preview:large, max-video-preview:-1\" \/>\n<link rel=\"canonical\" href=\"https:\/\/metaltale.com\/et\/toode\/moobliratas-hugo-100-mm\/\" \/>\n<meta property=\"og:locale\" content=\"et_EE\" \/>\n<meta property=\"og:type\" content=\"article\" \/>\n<meta property=\"og:title\" content=\"M\u00f6\u00f6bliratas HUGO 100 mm - MetalTale.com\" \/>\n<meta property=\"og:description\" content=\"Mudel FOR. COL.11.PRGR Materjal teras [cm]Kogupikkus 10 \u00dcldine k\u00f5rgus (cm) 10 \u00dcldine laius (cm) 8 \u00dcldl\u00e4bim\u00f5\u00f5t (cm ) 7,5 Aluse\" \/>\n<meta property=\"og:url\" content=\"https:\/\/metaltale.com\/et\/toode\/moobliratas-hugo-100-mm\/\" \/>\n<meta property=\"og:site_name\" content=\"MetalTale.com\" \/>\n<meta property=\"og:image\" content=\"https:\/\/metaltale.com\/wp-content\/uploads\/2024\/02\/Baldu-ratukas-HUGO-100-mm.jpg\" \/>\n\t<meta property=\"og:image:width\" content=\"800\" \/>\n\t<meta property=\"og:image:height\" content=\"800\" \/>\n\t<meta property=\"og:image:type\" content=\"image\/jpeg\" \/>\n<meta name=\"twitter:card\" content=\"summary_large_image\" \/>\n<meta name=\"twitter:label1\" content=\"Est. reading time\" \/>\n\t<meta name=\"twitter:data1\" content=\"1 minut\" \/>\n<script type=\"application\/ld+json\" class=\"yoast-schema-graph\">{\"@context\":\"https:\/\/schema.org\",\"@graph\":[{\"@type\":\"WebPage\",\"@id\":\"https:\/\/metaltale.com\/et\/toode\/moobliratas-hugo-100-mm\/\",\"url\":\"https:\/\/metaltale.com\/et\/toode\/moobliratas-hugo-100-mm\/\",\"name\":\"M\u00f6\u00f6bliratas HUGO 100 mm - MetalTale.com\",\"isPartOf\":{\"@id\":\"https:\/\/metaltale.com\/et\/#website\"},\"primaryImageOfPage\":{\"@id\":\"https:\/\/metaltale.com\/et\/toode\/moobliratas-hugo-100-mm\/#primaryimage\"},\"image\":{\"@id\":\"https:\/\/metaltale.com\/et\/toode\/moobliratas-hugo-100-mm\/#primaryimage\"},\"thumbnailUrl\":\"https:\/\/metaltale.com\/wp-content\/uploads\/2024\/02\/Baldu-ratukas-HUGO-100-mm.jpg\",\"datePublished\":\"2024-02-13T13:21:04+00:00\",\"breadcrumb\":{\"@id\":\"https:\/\/metaltale.com\/et\/toode\/moobliratas-hugo-100-mm\/#breadcrumb\"},\"inLanguage\":\"et\",\"potentialAction\":[{\"@type\":\"ReadAction\",\"target\":[\"https:\/\/metaltale.com\/et\/toode\/moobliratas-hugo-100-mm\/\"]}]},{\"@type\":\"ImageObject\",\"inLanguage\":\"et\",\"@id\":\"https:\/\/metaltale.com\/et\/toode\/moobliratas-hugo-100-mm\/#primaryimage\",\"url\":\"https:\/\/metaltale.com\/wp-content\/uploads\/2024\/02\/Baldu-ratukas-HUGO-100-mm.jpg\",\"contentUrl\":\"https:\/\/metaltale.com\/wp-content\/uploads\/2024\/02\/Baldu-ratukas-HUGO-100-mm.jpg\",\"width\":800,\"height\":800,\"caption\":\"M\u00f6\u00f6bliratas HUGO 100 mm\"},{\"@type\":\"BreadcrumbList\",\"@id\":\"https:\/\/metaltale.com\/et\/toode\/moobliratas-hugo-100-mm\/#breadcrumb\",\"itemListElement\":[{\"@type\":\"ListItem\",\"position\":1,\"name\":\"Home\",\"item\":\"https:\/\/metaltale.com\/et\/kodu\/\"},{\"@type\":\"ListItem\",\"position\":2,\"name\":\"Kauplus\",\"item\":\"https:\/\/metaltale.com\/et\/shop\/\"},{\"@type\":\"ListItem\",\"position\":3,\"name\":\"M\u00f6\u00f6bliratas HUGO 100 mm\"}]},{\"@type\":\"WebSite\",\"@id\":\"https:\/\/metaltale.com\/et\/#website\",\"url\":\"https:\/\/metaltale.com\/et\/\",\"name\":\"Metaltale.com\",\"description\":\"\",\"potentialAction\":[{\"@type\":\"SearchAction\",\"target\":{\"@type\":\"EntryPoint\",\"urlTemplate\":\"https:\/\/metaltale.com\/et\/?s={search_term_string}\"},\"query-input\":{\"@type\":\"PropertyValueSpecification\",\"valueRequired\":true,\"valueName\":\"search_term_string\"}}],\"inLanguage\":\"et\"}]}<\/script>\n<!-- \/ Yoast SEO plugin. -->","yoast_head_json":{"title":"M\u00f6\u00f6bliratas HUGO 100 mm - MetalTale.com","robots":{"index":"index","follow":"follow","max-snippet":"max-snippet:-1","max-image-preview":"max-image-preview:large","max-video-preview":"max-video-preview:-1"},"canonical":"https:\/\/metaltale.com\/et\/toode\/moobliratas-hugo-100-mm\/","og_locale":"et_EE","og_type":"article","og_title":"M\u00f6\u00f6bliratas HUGO 100 mm - MetalTale.com","og_description":"Mudel FOR. COL.11.PRGR Materjal teras [cm]Kogupikkus 10 \u00dcldine k\u00f5rgus (cm) 10 \u00dcldine laius (cm) 8 \u00dcldl\u00e4bim\u00f5\u00f5t (cm ) 7,5 Aluse","og_url":"https:\/\/metaltale.com\/et\/toode\/moobliratas-hugo-100-mm\/","og_site_name":"MetalTale.com","og_image":[{"width":800,"height":800,"url":"https:\/\/metaltale.com\/wp-content\/uploads\/2024\/02\/Baldu-ratukas-HUGO-100-mm.jpg","type":"image\/jpeg"}],"twitter_card":"summary_large_image","twitter_misc":{"Est. reading time":"1 minut"},"schema":{"@context":"https:\/\/schema.org","@graph":[{"@type":"WebPage","@id":"https:\/\/metaltale.com\/et\/toode\/moobliratas-hugo-100-mm\/","url":"https:\/\/metaltale.com\/et\/toode\/moobliratas-hugo-100-mm\/","name":"M\u00f6\u00f6bliratas HUGO 100 mm - MetalTale.com","isPartOf":{"@id":"https:\/\/metaltale.com\/et\/#website"},"primaryImageOfPage":{"@id":"https:\/\/metaltale.com\/et\/toode\/moobliratas-hugo-100-mm\/#primaryimage"},"image":{"@id":"https:\/\/metaltale.com\/et\/toode\/moobliratas-hugo-100-mm\/#primaryimage"},"thumbnailUrl":"https:\/\/metaltale.com\/wp-content\/uploads\/2024\/02\/Baldu-ratukas-HUGO-100-mm.jpg","datePublished":"2024-02-13T13:21:04+00:00","breadcrumb":{"@id":"https:\/\/metaltale.com\/et\/toode\/moobliratas-hugo-100-mm\/#breadcrumb"},"inLanguage":"et","potentialAction":[{"@type":"ReadAction","target":["https:\/\/metaltale.com\/et\/toode\/moobliratas-hugo-100-mm\/"]}]},{"@type":"ImageObject","inLanguage":"et","@id":"https:\/\/metaltale.com\/et\/toode\/moobliratas-hugo-100-mm\/#primaryimage","url":"https:\/\/metaltale.com\/wp-content\/uploads\/2024\/02\/Baldu-ratukas-HUGO-100-mm.jpg","contentUrl":"https:\/\/metaltale.com\/wp-content\/uploads\/2024\/02\/Baldu-ratukas-HUGO-100-mm.jpg","width":800,"height":800,"caption":"M\u00f6\u00f6bliratas HUGO 100 mm"},{"@type":"BreadcrumbList","@id":"https:\/\/metaltale.com\/et\/toode\/moobliratas-hugo-100-mm\/#breadcrumb","itemListElement":[{"@type":"ListItem","position":1,"name":"Home","item":"https:\/\/metaltale.com\/et\/kodu\/"},{"@type":"ListItem","position":2,"name":"Kauplus","item":"https:\/\/metaltale.com\/et\/shop\/"},{"@type":"ListItem","position":3,"name":"M\u00f6\u00f6bliratas HUGO 100 mm"}]},{"@type":"WebSite","@id":"https:\/\/metaltale.com\/et\/#website","url":"https:\/\/metaltale.com\/et\/","name":"Metaltale.com","description":"","potentialAction":[{"@type":"SearchAction","target":{"@type":"EntryPoint","urlTemplate":"https:\/\/metaltale.com\/et\/?s={search_term_string}"},"query-input":{"@type":"PropertyValueSpecification","valueRequired":true,"valueName":"search_term_string"}}],"inLanguage":"et"}]}},"_links":{"self":[{"href":"https:\/\/metaltale.com\/et\/wp-json\/wp\/v2\/product\/133562","targetHints":{"allow":["GET"]}}],"collection":[{"href":"https:\/\/metaltale.com\/et\/wp-json\/wp\/v2\/product"}],"about":[{"href":"https:\/\/metaltale.com\/et\/wp-json\/wp\/v2\/types\/product"}],"replies":[{"embeddable":true,"href":"https:\/\/metaltale.com\/et\/wp-json\/wp\/v2\/comments?post=133562"}],"version-history":[{"count":0,"href":"https:\/\/metaltale.com\/et\/wp-json\/wp\/v2\/product\/133562\/revisions"}],"wp:featuredmedia":[{"embeddable":true,"href":"https:\/\/metaltale.com\/et\/wp-json\/wp\/v2\/media\/131642"}],"wp:attachment":[{"href":"https:\/\/metaltale.com\/et\/wp-json\/wp\/v2\/media?parent=133562"}],"wp:term":[{"taxonomy":"product_brand","embeddable":true,"href":"https:\/\/metaltale.com\/et\/wp-json\/wp\/v2\/product_brand?post=133562"},{"taxonomy":"product_cat","embeddable":true,"href":"https:\/\/metaltale.com\/et\/wp-json\/wp\/v2\/product_cat?post=133562"},{"taxonomy":"product_tag","embeddable":true,"href":"https:\/\/metaltale.com\/et\/wp-json\/wp\/v2\/product_tag?post=133562"}],"curies":[{"name":"wp","href":"https:\/\/api.w.org\/{rel}","templated":true}]}}