{"id":133555,"date":"2024-02-13T15:21:04","date_gmt":"2024-02-13T13:21:04","guid":{"rendered":"https:\/\/metaltale.com\/produktas\/village-puidust-liuguksed-terasraamiga\/"},"modified":"2024-02-13T15:21:04","modified_gmt":"2024-02-13T13:21:04","slug":"village-puidust-liuguksed-terasraamiga","status":"publish","type":"product","link":"https:\/\/metaltale.com\/et\/toode\/village-puidust-liuguksed-terasraamiga\/","title":{"rendered":"VILLAGE puidust liuguksed terasraamiga"},"content":{"rendered":"<div class=\"prod_data\"><strong>Mudel<\/strong> ZA.DRZ.XM  <br \/>Materjal m\u00e4nnipuit, teras <br \/>Paksus (cm) 4 <br \/>\u00dcldine k\u00f5rgus (cm) 210 <br \/>\u00dcldlaius (cm) 100 <br \/><strong>Viimistlus<\/strong> L\u00f5petamata \/ v\u00e4rvitud  <br \/>LISATEAVE Pakkumine kehtib ainult \u00fche ukselaua kohta ja ei sisalda libisevuss\u00fcsteemi ega muid lisaseadmeid. <\/p>\n<hr>\n<p>Village&#8217;i liuguksed on m\u00f5eldud neile, kes hindavad betooni lihtsust.<\/p>\n<p>K\u00fclauks on valmistatud m\u00e4nnipuidust, mille plangud on paigutatud vertikaalselt, ja ukse v\u00e4lisk\u00fclg on valmistatud plankudest, mis moodustavad alt X-i. Kogu ukse struktuur on t\u00e4pne ja otsustav ning r\u00f5\u00f5mustab iga kasutajat. Ukse pind annab uksele m\u00e4rgatava puidumassiiviga iseloomu ja soliidsust, samal ajal kui laudadel n\u00e4htavad r\u00f5ngad ja oksad r\u00f5hutavad puidu loomulikku tekstuuri.<\/p>\n<p>Village&#8217;i l\u00fckanduks on ehitatud 20&#215;20 mm suletud profiilidest valmistatud terasraamiga. Liugukse sisemine osa on kinnitatud lamedate baaridega, millel on n\u00e4htavad keevis\u00f5mblused ja neetid, mis \u00fchendavad struktuuri. Lisaks on raam n\u00e4htavalt poleeritud, mis annab uksele originaalse ja ainulaadse v\u00e4limuse. \u00dcksikute elementide paigutus takistab ukse v\u00e4\u00e4ndumist.<\/p>\n<p>Village&#8217;i puidust l\u00fckanduksed lisavad teie interj\u00f6\u00f6rile ainulaadsust ja originaalsust, on praktilised, kergesti paigaldatavad ja dekoratiivse funktsiooniga. Nende tugev konstruktsioon tagab, et neid saab kasutada aastaid.<\/p>\n<p>Village&#8217;i puidust uksed sobivad igasse interj\u00f6\u00f6ri &#8211; moodsasse, traditsioonilisse, rustikaalsesse, t\u00f6\u00f6stuslikku v\u00f5i loft-stiilis.<\/p>\n<p>Ukse standardsuurus on 100 cm x 210 cm, paksus 4 cm ja see on saadaval halli, viskipunase v\u00f5i j\u00e4meda pruuni v\u00e4rvusega.<br \/>Village&#8217;i l\u00fckandukse mitmek\u00fclgsuse t\u00f5ttu sobib see ideaalselt 70 cm, 80 cm ja 90 cm pikkuste uste jaoks.<\/p>\n<p>VILLAGE&#8217;i liugustele sobivate alumine r\u00f6\u00f6pmel, vt allpool olevat vahekaarti &#8220;Seotud tooted&#8221;.<\/p>\n<hr>\n<p>*Pakkumine kehtib ainult uste kohta ja ei sisalda libisevust ega muid lisaseadmeid.<\/p>\n<p>**P\u00f6\u00f6rake t\u00e4helepanu, et seda mudelit ei saa kasutada hingedega l\u00fckandukses\u00fcsteemidega (&#8220;Vintage&#8221;, &#8220;Kolo Na Hangaku&#8221;).<\/p>\n<hr>\n<\/div>\n","protected":false},"excerpt":{"rendered":"<p>Mudel ZA.DRZ.XM Materjal m\u00e4nnipuit, teras Paksus (cm) 4 \u00dcldine k\u00f5rgus (cm) 210 \u00dcldlaius (cm) 100 Viimistlus L\u00f5petamata \/ v\u00e4rvitud LISATEAVE<\/p>\n","protected":false},"featured_media":95715,"comment_status":"open","ping_status":"closed","template":"","meta":{"_acf_changed":false,"pmpro_default_level":""},"product_brand":[],"product_cat":[24156],"product_tag":[],"class_list":{"0":"post-133555","1":"product","2":"type-product","3":"status-publish","4":"has-post-thumbnail","6":"product_cat-metallraamiga-lukanduksed","7":"pmpro-has-access","9":"first","10":"outofstock","11":"shipping-taxable","12":"purchasable","13":"product-type-simple"},"acf":[],"yoast_head":"<!-- This site is optimized with the Yoast SEO plugin v24.9 - https:\/\/yoast.com\/wordpress\/plugins\/seo\/ -->\n<title>VILLAGE puidust liuguksed terasraamiga - MetalTale.com<\/title>\n<meta name=\"robots\" content=\"index, follow, max-snippet:-1, max-image-preview:large, max-video-preview:-1\" \/>\n<link rel=\"canonical\" href=\"https:\/\/metaltale.com\/et\/toode\/village-puidust-liuguksed-terasraamiga\/\" \/>\n<meta property=\"og:locale\" content=\"et_EE\" \/>\n<meta property=\"og:type\" content=\"article\" \/>\n<meta property=\"og:title\" content=\"VILLAGE puidust liuguksed terasraamiga - MetalTale.com\" \/>\n<meta property=\"og:description\" content=\"Mudel ZA.DRZ.XM Materjal m\u00e4nnipuit, teras Paksus (cm) 4 \u00dcldine k\u00f5rgus (cm) 210 \u00dcldlaius (cm) 100 Viimistlus L\u00f5petamata \/ v\u00e4rvitud LISATEAVE\" \/>\n<meta property=\"og:url\" content=\"https:\/\/metaltale.com\/et\/toode\/village-puidust-liuguksed-terasraamiga\/\" \/>\n<meta property=\"og:site_name\" content=\"MetalTale.com\" \/>\n<meta name=\"twitter:card\" content=\"summary_large_image\" \/>\n<meta name=\"twitter:label1\" content=\"Est. reading time\" \/>\n\t<meta name=\"twitter:data1\" content=\"1 minut\" \/>\n<script type=\"application\/ld+json\" class=\"yoast-schema-graph\">{\"@context\":\"https:\/\/schema.org\",\"@graph\":[{\"@type\":\"WebPage\",\"@id\":\"https:\/\/metaltale.com\/et\/toode\/village-puidust-liuguksed-terasraamiga\/\",\"url\":\"https:\/\/metaltale.com\/et\/toode\/village-puidust-liuguksed-terasraamiga\/\",\"name\":\"VILLAGE puidust liuguksed terasraamiga - MetalTale.com\",\"isPartOf\":{\"@id\":\"https:\/\/metaltale.com\/et\/#website\"},\"primaryImageOfPage\":{\"@id\":\"https:\/\/metaltale.com\/et\/toode\/village-puidust-liuguksed-terasraamiga\/#primaryimage\"},\"image\":{\"@id\":\"https:\/\/metaltale.com\/et\/toode\/village-puidust-liuguksed-terasraamiga\/#primaryimage\"},\"thumbnailUrl\":\"https:\/\/metaltale.com\/wp-content\/uploads\/2023\/10\/VILLAGE-durys-100x210-Pilka.jpg\",\"datePublished\":\"2024-02-13T13:21:04+00:00\",\"breadcrumb\":{\"@id\":\"https:\/\/metaltale.com\/et\/toode\/village-puidust-liuguksed-terasraamiga\/#breadcrumb\"},\"inLanguage\":\"et\",\"potentialAction\":[{\"@type\":\"ReadAction\",\"target\":[\"https:\/\/metaltale.com\/et\/toode\/village-puidust-liuguksed-terasraamiga\/\"]}]},{\"@type\":\"ImageObject\",\"inLanguage\":\"et\",\"@id\":\"https:\/\/metaltale.com\/et\/toode\/village-puidust-liuguksed-terasraamiga\/#primaryimage\",\"url\":\"https:\/\/metaltale.com\/wp-content\/uploads\/2023\/10\/VILLAGE-durys-100x210-Pilka.jpg\",\"contentUrl\":\"https:\/\/metaltale.com\/wp-content\/uploads\/2023\/10\/VILLAGE-durys-100x210-Pilka.jpg\",\"width\":800,\"height\":800},{\"@type\":\"BreadcrumbList\",\"@id\":\"https:\/\/metaltale.com\/et\/toode\/village-puidust-liuguksed-terasraamiga\/#breadcrumb\",\"itemListElement\":[{\"@type\":\"ListItem\",\"position\":1,\"name\":\"Home\",\"item\":\"https:\/\/metaltale.com\/et\/kodu\/\"},{\"@type\":\"ListItem\",\"position\":2,\"name\":\"Kauplus\",\"item\":\"https:\/\/metaltale.com\/et\/shop\/\"},{\"@type\":\"ListItem\",\"position\":3,\"name\":\"VILLAGE puidust liuguksed terasraamiga\"}]},{\"@type\":\"WebSite\",\"@id\":\"https:\/\/metaltale.com\/et\/#website\",\"url\":\"https:\/\/metaltale.com\/et\/\",\"name\":\"Metaltale.com\",\"description\":\"\",\"potentialAction\":[{\"@type\":\"SearchAction\",\"target\":{\"@type\":\"EntryPoint\",\"urlTemplate\":\"https:\/\/metaltale.com\/et\/?s={search_term_string}\"},\"query-input\":{\"@type\":\"PropertyValueSpecification\",\"valueRequired\":true,\"valueName\":\"search_term_string\"}}],\"inLanguage\":\"et\"}]}<\/script>\n<!-- \/ Yoast SEO plugin. -->","yoast_head_json":{"title":"VILLAGE puidust liuguksed terasraamiga - MetalTale.com","robots":{"index":"index","follow":"follow","max-snippet":"max-snippet:-1","max-image-preview":"max-image-preview:large","max-video-preview":"max-video-preview:-1"},"canonical":"https:\/\/metaltale.com\/et\/toode\/village-puidust-liuguksed-terasraamiga\/","og_locale":"et_EE","og_type":"article","og_title":"VILLAGE puidust liuguksed terasraamiga - MetalTale.com","og_description":"Mudel ZA.DRZ.XM Materjal m\u00e4nnipuit, teras Paksus (cm) 4 \u00dcldine k\u00f5rgus (cm) 210 \u00dcldlaius (cm) 100 Viimistlus L\u00f5petamata \/ v\u00e4rvitud LISATEAVE","og_url":"https:\/\/metaltale.com\/et\/toode\/village-puidust-liuguksed-terasraamiga\/","og_site_name":"MetalTale.com","twitter_card":"summary_large_image","twitter_misc":{"Est. reading time":"1 minut"},"schema":{"@context":"https:\/\/schema.org","@graph":[{"@type":"WebPage","@id":"https:\/\/metaltale.com\/et\/toode\/village-puidust-liuguksed-terasraamiga\/","url":"https:\/\/metaltale.com\/et\/toode\/village-puidust-liuguksed-terasraamiga\/","name":"VILLAGE puidust liuguksed terasraamiga - MetalTale.com","isPartOf":{"@id":"https:\/\/metaltale.com\/et\/#website"},"primaryImageOfPage":{"@id":"https:\/\/metaltale.com\/et\/toode\/village-puidust-liuguksed-terasraamiga\/#primaryimage"},"image":{"@id":"https:\/\/metaltale.com\/et\/toode\/village-puidust-liuguksed-terasraamiga\/#primaryimage"},"thumbnailUrl":"https:\/\/metaltale.com\/wp-content\/uploads\/2023\/10\/VILLAGE-durys-100x210-Pilka.jpg","datePublished":"2024-02-13T13:21:04+00:00","breadcrumb":{"@id":"https:\/\/metaltale.com\/et\/toode\/village-puidust-liuguksed-terasraamiga\/#breadcrumb"},"inLanguage":"et","potentialAction":[{"@type":"ReadAction","target":["https:\/\/metaltale.com\/et\/toode\/village-puidust-liuguksed-terasraamiga\/"]}]},{"@type":"ImageObject","inLanguage":"et","@id":"https:\/\/metaltale.com\/et\/toode\/village-puidust-liuguksed-terasraamiga\/#primaryimage","url":"https:\/\/metaltale.com\/wp-content\/uploads\/2023\/10\/VILLAGE-durys-100x210-Pilka.jpg","contentUrl":"https:\/\/metaltale.com\/wp-content\/uploads\/2023\/10\/VILLAGE-durys-100x210-Pilka.jpg","width":800,"height":800},{"@type":"BreadcrumbList","@id":"https:\/\/metaltale.com\/et\/toode\/village-puidust-liuguksed-terasraamiga\/#breadcrumb","itemListElement":[{"@type":"ListItem","position":1,"name":"Home","item":"https:\/\/metaltale.com\/et\/kodu\/"},{"@type":"ListItem","position":2,"name":"Kauplus","item":"https:\/\/metaltale.com\/et\/shop\/"},{"@type":"ListItem","position":3,"name":"VILLAGE puidust liuguksed terasraamiga"}]},{"@type":"WebSite","@id":"https:\/\/metaltale.com\/et\/#website","url":"https:\/\/metaltale.com\/et\/","name":"Metaltale.com","description":"","potentialAction":[{"@type":"SearchAction","target":{"@type":"EntryPoint","urlTemplate":"https:\/\/metaltale.com\/et\/?s={search_term_string}"},"query-input":{"@type":"PropertyValueSpecification","valueRequired":true,"valueName":"search_term_string"}}],"inLanguage":"et"}]}},"_links":{"self":[{"href":"https:\/\/metaltale.com\/et\/wp-json\/wp\/v2\/product\/133555","targetHints":{"allow":["GET"]}}],"collection":[{"href":"https:\/\/metaltale.com\/et\/wp-json\/wp\/v2\/product"}],"about":[{"href":"https:\/\/metaltale.com\/et\/wp-json\/wp\/v2\/types\/product"}],"replies":[{"embeddable":true,"href":"https:\/\/metaltale.com\/et\/wp-json\/wp\/v2\/comments?post=133555"}],"version-history":[{"count":0,"href":"https:\/\/metaltale.com\/et\/wp-json\/wp\/v2\/product\/133555\/revisions"}],"wp:featuredmedia":[{"embeddable":true,"href":"https:\/\/metaltale.com\/et\/wp-json\/wp\/v2\/media\/95715"}],"wp:attachment":[{"href":"https:\/\/metaltale.com\/et\/wp-json\/wp\/v2\/media?parent=133555"}],"wp:term":[{"taxonomy":"product_brand","embeddable":true,"href":"https:\/\/metaltale.com\/et\/wp-json\/wp\/v2\/product_brand?post=133555"},{"taxonomy":"product_cat","embeddable":true,"href":"https:\/\/metaltale.com\/et\/wp-json\/wp\/v2\/product_cat?post=133555"},{"taxonomy":"product_tag","embeddable":true,"href":"https:\/\/metaltale.com\/et\/wp-json\/wp\/v2\/product_tag?post=133555"}],"curies":[{"name":"wp","href":"https:\/\/api.w.org\/{rel}","templated":true}]}}