{"id":133553,"date":"2024-02-13T15:21:04","date_gmt":"2024-02-13T13:21:04","guid":{"rendered":"https:\/\/metaltale.com\/produktas\/flinston-puidust-tammepuust-lukanduksed-naeltega\/"},"modified":"2024-02-13T15:21:04","modified_gmt":"2024-02-13T13:21:04","slug":"flinston-puidust-tammepuust-lukanduksed-naeltega","status":"publish","type":"product","link":"https:\/\/metaltale.com\/et\/toode\/flinston-puidust-tammepuust-lukanduksed-naeltega\/","title":{"rendered":"FLINSTON puidust tammepuust l\u00fckanduksed naeltega"},"content":{"rendered":"<div class=\"prod_data\"><strong>Mudel<\/strong> FLI.G  <br \/><strong>EAN.<\/strong>  5907772070994  <br \/><strong>Materjal<\/strong> Tammepuit  <br \/>Paksus (cm) 4 <br \/>\u00dcldine k\u00f5rgus (cm) 210 <br \/>\u00dcldlaius (cm) 100 <br \/><strong>Viimistlus<\/strong> T\u00f6\u00f6tlemata \/ \u00f5litatud  <br \/>LISATEAVE Pakkumine kehtib ainult \u00fche ukselaua kohta ja ei sisalda libisevuss\u00fcsteemi ega muid lisaseadmeid. <\/p>\n<hr>\n<p>&#8220;Flinstoni naeltega l\u00fckanduks on m\u00f5eldud konkreetsele ja sihikindlale inimesele, kes ei j\u00e4rgi trende, vaid m\u00e4\u00e4rab need ise.<\/p>\n<p>Flinstoni naelutatud l\u00fckanduksed on valmistatud tammepuust. Laiad, massiivsed 2 cm paksused plangud on paigutatud vertikaalselt ja ukse v\u00e4lisk\u00fclg on moodustatud noolesarnastest plankudest. Iga puit, mida Flinstoni l\u00fckanduksed kasutavad, on valitud ja sobitatud, et luua t\u00e4pne ja otsustav kujundus, mis r\u00f5\u00f5mustab iga kasutajat. Flinstoni uks on ehitatud raamiga, mis on samuti valmistatud t\u00e4ispuidust tammeplaatidest. Tammepuust uste naelad on dekoratiivne element, mida kasutatakse hobuseraua kinnitamiseks. N\u00f6\u00f6pn\u00f5elad r\u00f5hutavad veelgi liuguste ainulaadsust.<\/p>\n<p>Tammepuust uksepind annab tuntavale puidumassiivile iseloomu ja tugevust, samal ajal kui laudade tekstuur r\u00f5hutab t\u00f5elist puidumassiivi. Looduslikud praod ja s\u00f5lmed \u00fcksikutes elementides annavad toorainele r\u00f6\u00f6vlise ja tugeva iseloomu. Tammepuidu tahtlik vanandamine tugevdab Flinstoni liuguste soliidsuse ja kompromissitu tugevuse muljet.<\/p>\n<p>T\u00e4nu loodusliku puidu arhitektuuri ainulaadsusele on iga uks paremal v\u00f5i halvemal juhul veidi erinev \u00fcksteisest. Samuti v\u00f5ib k\u00fc\u00fcnte paigutus tooteti veidi erineda, kuna k\u00fc\u00fcntel on nii praktiline kui ka esteetiline funktsioon.<\/p>\n<p>Flinstone&#8217;i tammepuust uksed sobivad interj\u00f6\u00f6ridesse, kus tahetakse lisada iseloomu ja r\u00f5hutada nende kasutajatele vastupidavust ja originaalsust.<\/p>\n<p>Ukse standardm\u00f5\u00f5t on 100 cm x 210 cm, 4 cm paksune ja t\u00f6\u00f6tlemata.<br \/>Flinstoni l\u00fckanduks sobib t\u00e4nu oma mitmek\u00fclgsusele ideaalselt 70 cm, 80 cm ja 90 cm ukseavade jaoks.<\/p>\n<hr>\n<p>*Pakkumine kehtib ainult uste kohta ja ei sisalda libisevust ega muid lisaseadmeid.<\/p>\n<p><strong>FLINSTONi naeltega l\u00fckandustele sobivad alumised juhikud leiate allpool olevatest seonduvatest toodetest.<\/strong><\/p>\n<hr>\n<p><strong><\/p>\n<p><\/strong><\/p>\n<\/div>\n","protected":false},"excerpt":{"rendered":"<p>Mudel FLI.G EAN. 5907772070994 Materjal Tammepuit Paksus (cm) 4 \u00dcldine k\u00f5rgus (cm) 210 \u00dcldlaius (cm) 100 Viimistlus T\u00f6\u00f6tlemata \/ \u00f5litatud<\/p>\n","protected":false},"featured_media":95619,"comment_status":"open","ping_status":"closed","template":"","meta":{"_acf_changed":false,"pmpro_default_level":""},"product_brand":[],"product_cat":[24155],"product_tag":[],"class_list":{"0":"post-133553","1":"product","2":"type-product","3":"status-publish","4":"has-post-thumbnail","6":"product_cat-tammepuust-lukanduksed","7":"pmpro-has-access","9":"first","10":"outofstock","11":"shipping-taxable","12":"purchasable","13":"product-type-simple"},"acf":[],"yoast_head":"<!-- This site is optimized with the Yoast SEO plugin v24.9 - https:\/\/yoast.com\/wordpress\/plugins\/seo\/ -->\n<title>FLINSTON puidust tammepuust l\u00fckanduksed naeltega - MetalTale.com<\/title>\n<meta name=\"robots\" content=\"index, follow, max-snippet:-1, max-image-preview:large, max-video-preview:-1\" \/>\n<link rel=\"canonical\" href=\"https:\/\/metaltale.com\/et\/toode\/flinston-puidust-tammepuust-lukanduksed-naeltega\/\" \/>\n<meta property=\"og:locale\" content=\"et_EE\" \/>\n<meta property=\"og:type\" content=\"article\" \/>\n<meta property=\"og:title\" content=\"FLINSTON puidust tammepuust l\u00fckanduksed naeltega - MetalTale.com\" \/>\n<meta property=\"og:description\" content=\"Mudel FLI.G EAN. 5907772070994 Materjal Tammepuit Paksus (cm) 4 \u00dcldine k\u00f5rgus (cm) 210 \u00dcldlaius (cm) 100 Viimistlus T\u00f6\u00f6tlemata \/ \u00f5litatud\" \/>\n<meta property=\"og:url\" content=\"https:\/\/metaltale.com\/et\/toode\/flinston-puidust-tammepuust-lukanduksed-naeltega\/\" \/>\n<meta property=\"og:site_name\" content=\"MetalTale.com\" \/>\n<meta name=\"twitter:card\" content=\"summary_large_image\" \/>\n<meta name=\"twitter:label1\" content=\"Est. reading time\" \/>\n\t<meta name=\"twitter:data1\" content=\"1 minut\" \/>\n<script type=\"application\/ld+json\" class=\"yoast-schema-graph\">{\"@context\":\"https:\/\/schema.org\",\"@graph\":[{\"@type\":\"WebPage\",\"@id\":\"https:\/\/metaltale.com\/et\/toode\/flinston-puidust-tammepuust-lukanduksed-naeltega\/\",\"url\":\"https:\/\/metaltale.com\/et\/toode\/flinston-puidust-tammepuust-lukanduksed-naeltega\/\",\"name\":\"FLINSTON puidust tammepuust l\u00fckanduksed naeltega - MetalTale.com\",\"isPartOf\":{\"@id\":\"https:\/\/metaltale.com\/et\/#website\"},\"primaryImageOfPage\":{\"@id\":\"https:\/\/metaltale.com\/et\/toode\/flinston-puidust-tammepuust-lukanduksed-naeltega\/#primaryimage\"},\"image\":{\"@id\":\"https:\/\/metaltale.com\/et\/toode\/flinston-puidust-tammepuust-lukanduksed-naeltega\/#primaryimage\"},\"thumbnailUrl\":\"https:\/\/metaltale.com\/wp-content\/uploads\/2023\/10\/FLINSTON-DURYS-SU-NAILS-100x210-x17Daliavos.jpg\",\"datePublished\":\"2024-02-13T13:21:04+00:00\",\"breadcrumb\":{\"@id\":\"https:\/\/metaltale.com\/et\/toode\/flinston-puidust-tammepuust-lukanduksed-naeltega\/#breadcrumb\"},\"inLanguage\":\"et\",\"potentialAction\":[{\"@type\":\"ReadAction\",\"target\":[\"https:\/\/metaltale.com\/et\/toode\/flinston-puidust-tammepuust-lukanduksed-naeltega\/\"]}]},{\"@type\":\"ImageObject\",\"inLanguage\":\"et\",\"@id\":\"https:\/\/metaltale.com\/et\/toode\/flinston-puidust-tammepuust-lukanduksed-naeltega\/#primaryimage\",\"url\":\"https:\/\/metaltale.com\/wp-content\/uploads\/2023\/10\/FLINSTON-DURYS-SU-NAILS-100x210-x17Daliavos.jpg\",\"contentUrl\":\"https:\/\/metaltale.com\/wp-content\/uploads\/2023\/10\/FLINSTON-DURYS-SU-NAILS-100x210-x17Daliavos.jpg\",\"width\":800,\"height\":800},{\"@type\":\"BreadcrumbList\",\"@id\":\"https:\/\/metaltale.com\/et\/toode\/flinston-puidust-tammepuust-lukanduksed-naeltega\/#breadcrumb\",\"itemListElement\":[{\"@type\":\"ListItem\",\"position\":1,\"name\":\"Home\",\"item\":\"https:\/\/metaltale.com\/et\/kodu\/\"},{\"@type\":\"ListItem\",\"position\":2,\"name\":\"Kauplus\",\"item\":\"https:\/\/metaltale.com\/et\/shop\/\"},{\"@type\":\"ListItem\",\"position\":3,\"name\":\"FLINSTON puidust tammepuust l\u00fckanduksed naeltega\"}]},{\"@type\":\"WebSite\",\"@id\":\"https:\/\/metaltale.com\/et\/#website\",\"url\":\"https:\/\/metaltale.com\/et\/\",\"name\":\"Metaltale.com\",\"description\":\"\",\"potentialAction\":[{\"@type\":\"SearchAction\",\"target\":{\"@type\":\"EntryPoint\",\"urlTemplate\":\"https:\/\/metaltale.com\/et\/?s={search_term_string}\"},\"query-input\":{\"@type\":\"PropertyValueSpecification\",\"valueRequired\":true,\"valueName\":\"search_term_string\"}}],\"inLanguage\":\"et\"}]}<\/script>\n<!-- \/ Yoast SEO plugin. -->","yoast_head_json":{"title":"FLINSTON puidust tammepuust l\u00fckanduksed naeltega - MetalTale.com","robots":{"index":"index","follow":"follow","max-snippet":"max-snippet:-1","max-image-preview":"max-image-preview:large","max-video-preview":"max-video-preview:-1"},"canonical":"https:\/\/metaltale.com\/et\/toode\/flinston-puidust-tammepuust-lukanduksed-naeltega\/","og_locale":"et_EE","og_type":"article","og_title":"FLINSTON puidust tammepuust l\u00fckanduksed naeltega - MetalTale.com","og_description":"Mudel FLI.G EAN. 5907772070994 Materjal Tammepuit Paksus (cm) 4 \u00dcldine k\u00f5rgus (cm) 210 \u00dcldlaius (cm) 100 Viimistlus T\u00f6\u00f6tlemata \/ \u00f5litatud","og_url":"https:\/\/metaltale.com\/et\/toode\/flinston-puidust-tammepuust-lukanduksed-naeltega\/","og_site_name":"MetalTale.com","twitter_card":"summary_large_image","twitter_misc":{"Est. reading time":"1 minut"},"schema":{"@context":"https:\/\/schema.org","@graph":[{"@type":"WebPage","@id":"https:\/\/metaltale.com\/et\/toode\/flinston-puidust-tammepuust-lukanduksed-naeltega\/","url":"https:\/\/metaltale.com\/et\/toode\/flinston-puidust-tammepuust-lukanduksed-naeltega\/","name":"FLINSTON puidust tammepuust l\u00fckanduksed naeltega - MetalTale.com","isPartOf":{"@id":"https:\/\/metaltale.com\/et\/#website"},"primaryImageOfPage":{"@id":"https:\/\/metaltale.com\/et\/toode\/flinston-puidust-tammepuust-lukanduksed-naeltega\/#primaryimage"},"image":{"@id":"https:\/\/metaltale.com\/et\/toode\/flinston-puidust-tammepuust-lukanduksed-naeltega\/#primaryimage"},"thumbnailUrl":"https:\/\/metaltale.com\/wp-content\/uploads\/2023\/10\/FLINSTON-DURYS-SU-NAILS-100x210-x17Daliavos.jpg","datePublished":"2024-02-13T13:21:04+00:00","breadcrumb":{"@id":"https:\/\/metaltale.com\/et\/toode\/flinston-puidust-tammepuust-lukanduksed-naeltega\/#breadcrumb"},"inLanguage":"et","potentialAction":[{"@type":"ReadAction","target":["https:\/\/metaltale.com\/et\/toode\/flinston-puidust-tammepuust-lukanduksed-naeltega\/"]}]},{"@type":"ImageObject","inLanguage":"et","@id":"https:\/\/metaltale.com\/et\/toode\/flinston-puidust-tammepuust-lukanduksed-naeltega\/#primaryimage","url":"https:\/\/metaltale.com\/wp-content\/uploads\/2023\/10\/FLINSTON-DURYS-SU-NAILS-100x210-x17Daliavos.jpg","contentUrl":"https:\/\/metaltale.com\/wp-content\/uploads\/2023\/10\/FLINSTON-DURYS-SU-NAILS-100x210-x17Daliavos.jpg","width":800,"height":800},{"@type":"BreadcrumbList","@id":"https:\/\/metaltale.com\/et\/toode\/flinston-puidust-tammepuust-lukanduksed-naeltega\/#breadcrumb","itemListElement":[{"@type":"ListItem","position":1,"name":"Home","item":"https:\/\/metaltale.com\/et\/kodu\/"},{"@type":"ListItem","position":2,"name":"Kauplus","item":"https:\/\/metaltale.com\/et\/shop\/"},{"@type":"ListItem","position":3,"name":"FLINSTON puidust tammepuust l\u00fckanduksed naeltega"}]},{"@type":"WebSite","@id":"https:\/\/metaltale.com\/et\/#website","url":"https:\/\/metaltale.com\/et\/","name":"Metaltale.com","description":"","potentialAction":[{"@type":"SearchAction","target":{"@type":"EntryPoint","urlTemplate":"https:\/\/metaltale.com\/et\/?s={search_term_string}"},"query-input":{"@type":"PropertyValueSpecification","valueRequired":true,"valueName":"search_term_string"}}],"inLanguage":"et"}]}},"_links":{"self":[{"href":"https:\/\/metaltale.com\/et\/wp-json\/wp\/v2\/product\/133553","targetHints":{"allow":["GET"]}}],"collection":[{"href":"https:\/\/metaltale.com\/et\/wp-json\/wp\/v2\/product"}],"about":[{"href":"https:\/\/metaltale.com\/et\/wp-json\/wp\/v2\/types\/product"}],"replies":[{"embeddable":true,"href":"https:\/\/metaltale.com\/et\/wp-json\/wp\/v2\/comments?post=133553"}],"version-history":[{"count":0,"href":"https:\/\/metaltale.com\/et\/wp-json\/wp\/v2\/product\/133553\/revisions"}],"wp:featuredmedia":[{"embeddable":true,"href":"https:\/\/metaltale.com\/et\/wp-json\/wp\/v2\/media\/95619"}],"wp:attachment":[{"href":"https:\/\/metaltale.com\/et\/wp-json\/wp\/v2\/media?parent=133553"}],"wp:term":[{"taxonomy":"product_brand","embeddable":true,"href":"https:\/\/metaltale.com\/et\/wp-json\/wp\/v2\/product_brand?post=133553"},{"taxonomy":"product_cat","embeddable":true,"href":"https:\/\/metaltale.com\/et\/wp-json\/wp\/v2\/product_cat?post=133553"},{"taxonomy":"product_tag","embeddable":true,"href":"https:\/\/metaltale.com\/et\/wp-json\/wp\/v2\/product_tag?post=133553"}],"curies":[{"name":"wp","href":"https:\/\/api.w.org\/{rel}","templated":true}]}}