{"id":133516,"date":"2024-02-13T15:21:04","date_gmt":"2024-02-13T13:21:04","guid":{"rendered":"https:\/\/metaltale.com\/produktas\/tadek-moobliratas-120-mm-must\/"},"modified":"2024-02-13T15:21:04","modified_gmt":"2024-02-13T13:21:04","slug":"tadek-moobliratas-120-mm-must","status":"publish","type":"product","link":"https:\/\/metaltale.com\/et\/toode\/tadek-moobliratas-120-mm-must\/","title":{"rendered":"TADEK m\u00f6\u00f6bliratas 120 mm must"},"content":{"rendered":"<div class=\"prod_data\">\n<p><strong>Mudel<\/strong> FOR. K07. PRGR<br \/>\n<strong>Materjal<\/strong> teras<br \/>\n<strong>V\u00e4rv<\/strong> Must<br \/>\nKogus komplekti kohta 1 tk.<\/p>\n<hr>\n<p>Funktsionaalne <strong>maanteeratas<\/strong>, millel on t\u00f5eliselt maal\u00e4hedane iseloom, on <strong>retrostiili<\/strong> kvintessents. Toode on oma disainis modelleeritud autentsete t\u00f6\u00f6stuslike rataste j\u00e4rgi, mis p\u00e4rinevad otse auruveduritelt ja r\u00f5hutavad oluliselt nende originaalset iseloomu. T\u00e4nu oma t\u00e4psele t\u00f6\u00f6tlemisele kasutatakse rattaid liikuvate m\u00f6\u00f6blijalgadena kirstude, kohvrite v\u00f5i isegi laudade puhul, andes paljudele esemetele vabaduse muuta oma asendit vastavalt vajadusele ja ruumi iseloomule.<\/p>\n<hr>\n<table border=\"0\" frame=\"hsides\" align=\"center\">\n<tbody>\n<tr>\n<td><strong>Nimi, ametinimetus<\/strong><\/td>\n<td><strong>\u00dcldine k\u00f5rgus<\/strong><\/td>\n<td><strong>\u00dcldine laius<\/strong><\/td>\n<td><strong>Ratta l\u00e4bim\u00f5\u00f5t<\/strong><\/td>\n<td><strong>Paigaldusaluse pikkus<\/strong><\/td>\n<td><strong>Paigaldusaluse laius<\/strong><\/td>\n<\/tr>\n<tr>\n<td><\/td>\n<td><\/td>\n<td><\/td>\n<td><\/td>\n<td><\/td>\n<td><\/td>\n<\/tr>\n<tr>\n<td>Ratas 120 mm<\/td>\n<td>135 mm<\/td>\n<td>120 mm<\/td>\n<td>120 mm<\/td>\n<td>120 mm<\/td>\n<td>35 mm<\/td>\n<\/tr>\n<tr>\n<td><\/td>\n<td><\/td>\n<td><\/td>\n<td><\/td>\n<td><\/td>\n<td><\/td>\n<\/tr>\n<\/tbody>\n<\/table>\n<hr>\n<\/div>\n","protected":false},"excerpt":{"rendered":"<p>Mudel FOR. K07. PRGR Materjal teras V\u00e4rv Must Kogus komplekti kohta 1 tk. Funktsionaalne maanteeratas, millel on t\u00f5eliselt maal\u00e4hedane iseloom,<\/p>\n","protected":false},"featured_media":131623,"comment_status":"open","ping_status":"closed","template":"","meta":{"_acf_changed":false,"pmpro_default_level":""},"product_brand":[],"product_cat":[23847,23836],"product_tag":[],"class_list":{"0":"post-133516","1":"product","2":"type-product","3":"status-publish","4":"has-post-thumbnail","6":"product_cat-baldu-ratukai-et","7":"product_cat-moobli-tarvikud","8":"pmpro-has-access","10":"first","11":"instock","12":"shipping-taxable","13":"purchasable","14":"product-type-simple"},"acf":[],"yoast_head":"<!-- This site is optimized with the Yoast SEO plugin v24.9 - https:\/\/yoast.com\/wordpress\/plugins\/seo\/ -->\n<title>TADEK m\u00f6\u00f6bliratas 120 mm must - MetalTale.com<\/title>\n<meta name=\"robots\" content=\"index, follow, max-snippet:-1, max-image-preview:large, max-video-preview:-1\" \/>\n<link rel=\"canonical\" href=\"https:\/\/metaltale.com\/et\/toode\/tadek-moobliratas-120-mm-must\/\" \/>\n<meta property=\"og:locale\" content=\"et_EE\" \/>\n<meta property=\"og:type\" content=\"article\" \/>\n<meta property=\"og:title\" content=\"TADEK m\u00f6\u00f6bliratas 120 mm must - MetalTale.com\" \/>\n<meta property=\"og:description\" content=\"Mudel FOR. K07. PRGR Materjal teras V\u00e4rv Must Kogus komplekti kohta 1 tk. Funktsionaalne maanteeratas, millel on t\u00f5eliselt maal\u00e4hedane iseloom,\" \/>\n<meta property=\"og:url\" content=\"https:\/\/metaltale.com\/et\/toode\/tadek-moobliratas-120-mm-must\/\" \/>\n<meta property=\"og:site_name\" content=\"MetalTale.com\" \/>\n<meta property=\"og:image\" content=\"https:\/\/metaltale.com\/wp-content\/uploads\/2024\/02\/Baldu-ratukas-TADEK-75-mm-juoda.jpg\" \/>\n\t<meta property=\"og:image:width\" content=\"900\" \/>\n\t<meta property=\"og:image:height\" content=\"900\" \/>\n\t<meta property=\"og:image:type\" content=\"image\/jpeg\" \/>\n<meta name=\"twitter:card\" content=\"summary_large_image\" \/>\n<meta name=\"twitter:label1\" content=\"Est. reading time\" \/>\n\t<meta name=\"twitter:data1\" content=\"1 minut\" \/>\n<script type=\"application\/ld+json\" class=\"yoast-schema-graph\">{\"@context\":\"https:\/\/schema.org\",\"@graph\":[{\"@type\":\"WebPage\",\"@id\":\"https:\/\/metaltale.com\/et\/toode\/tadek-moobliratas-120-mm-must\/\",\"url\":\"https:\/\/metaltale.com\/et\/toode\/tadek-moobliratas-120-mm-must\/\",\"name\":\"TADEK m\u00f6\u00f6bliratas 120 mm must - MetalTale.com\",\"isPartOf\":{\"@id\":\"https:\/\/metaltale.com\/et\/#website\"},\"primaryImageOfPage\":{\"@id\":\"https:\/\/metaltale.com\/et\/toode\/tadek-moobliratas-120-mm-must\/#primaryimage\"},\"image\":{\"@id\":\"https:\/\/metaltale.com\/et\/toode\/tadek-moobliratas-120-mm-must\/#primaryimage\"},\"thumbnailUrl\":\"https:\/\/metaltale.com\/wp-content\/uploads\/2024\/02\/Baldu-ratukas-TADEK-75-mm-juoda.jpg\",\"datePublished\":\"2024-02-13T13:21:04+00:00\",\"breadcrumb\":{\"@id\":\"https:\/\/metaltale.com\/et\/toode\/tadek-moobliratas-120-mm-must\/#breadcrumb\"},\"inLanguage\":\"et\",\"potentialAction\":[{\"@type\":\"ReadAction\",\"target\":[\"https:\/\/metaltale.com\/et\/toode\/tadek-moobliratas-120-mm-must\/\"]}]},{\"@type\":\"ImageObject\",\"inLanguage\":\"et\",\"@id\":\"https:\/\/metaltale.com\/et\/toode\/tadek-moobliratas-120-mm-must\/#primaryimage\",\"url\":\"https:\/\/metaltale.com\/wp-content\/uploads\/2024\/02\/Baldu-ratukas-TADEK-75-mm-juoda.jpg\",\"contentUrl\":\"https:\/\/metaltale.com\/wp-content\/uploads\/2024\/02\/Baldu-ratukas-TADEK-75-mm-juoda.jpg\",\"width\":900,\"height\":900,\"caption\":\"TADEK 75 mm must\"},{\"@type\":\"BreadcrumbList\",\"@id\":\"https:\/\/metaltale.com\/et\/toode\/tadek-moobliratas-120-mm-must\/#breadcrumb\",\"itemListElement\":[{\"@type\":\"ListItem\",\"position\":1,\"name\":\"Home\",\"item\":\"https:\/\/metaltale.com\/et\/kodu\/\"},{\"@type\":\"ListItem\",\"position\":2,\"name\":\"Kauplus\",\"item\":\"https:\/\/metaltale.com\/et\/shop\/\"},{\"@type\":\"ListItem\",\"position\":3,\"name\":\"TADEK m\u00f6\u00f6bliratas 120 mm must\"}]},{\"@type\":\"WebSite\",\"@id\":\"https:\/\/metaltale.com\/et\/#website\",\"url\":\"https:\/\/metaltale.com\/et\/\",\"name\":\"Metaltale.com\",\"description\":\"\",\"potentialAction\":[{\"@type\":\"SearchAction\",\"target\":{\"@type\":\"EntryPoint\",\"urlTemplate\":\"https:\/\/metaltale.com\/et\/?s={search_term_string}\"},\"query-input\":{\"@type\":\"PropertyValueSpecification\",\"valueRequired\":true,\"valueName\":\"search_term_string\"}}],\"inLanguage\":\"et\"}]}<\/script>\n<!-- \/ Yoast SEO plugin. -->","yoast_head_json":{"title":"TADEK m\u00f6\u00f6bliratas 120 mm must - MetalTale.com","robots":{"index":"index","follow":"follow","max-snippet":"max-snippet:-1","max-image-preview":"max-image-preview:large","max-video-preview":"max-video-preview:-1"},"canonical":"https:\/\/metaltale.com\/et\/toode\/tadek-moobliratas-120-mm-must\/","og_locale":"et_EE","og_type":"article","og_title":"TADEK m\u00f6\u00f6bliratas 120 mm must - MetalTale.com","og_description":"Mudel FOR. K07. PRGR Materjal teras V\u00e4rv Must Kogus komplekti kohta 1 tk. Funktsionaalne maanteeratas, millel on t\u00f5eliselt maal\u00e4hedane iseloom,","og_url":"https:\/\/metaltale.com\/et\/toode\/tadek-moobliratas-120-mm-must\/","og_site_name":"MetalTale.com","og_image":[{"width":900,"height":900,"url":"https:\/\/metaltale.com\/wp-content\/uploads\/2024\/02\/Baldu-ratukas-TADEK-75-mm-juoda.jpg","type":"image\/jpeg"}],"twitter_card":"summary_large_image","twitter_misc":{"Est. reading time":"1 minut"},"schema":{"@context":"https:\/\/schema.org","@graph":[{"@type":"WebPage","@id":"https:\/\/metaltale.com\/et\/toode\/tadek-moobliratas-120-mm-must\/","url":"https:\/\/metaltale.com\/et\/toode\/tadek-moobliratas-120-mm-must\/","name":"TADEK m\u00f6\u00f6bliratas 120 mm must - MetalTale.com","isPartOf":{"@id":"https:\/\/metaltale.com\/et\/#website"},"primaryImageOfPage":{"@id":"https:\/\/metaltale.com\/et\/toode\/tadek-moobliratas-120-mm-must\/#primaryimage"},"image":{"@id":"https:\/\/metaltale.com\/et\/toode\/tadek-moobliratas-120-mm-must\/#primaryimage"},"thumbnailUrl":"https:\/\/metaltale.com\/wp-content\/uploads\/2024\/02\/Baldu-ratukas-TADEK-75-mm-juoda.jpg","datePublished":"2024-02-13T13:21:04+00:00","breadcrumb":{"@id":"https:\/\/metaltale.com\/et\/toode\/tadek-moobliratas-120-mm-must\/#breadcrumb"},"inLanguage":"et","potentialAction":[{"@type":"ReadAction","target":["https:\/\/metaltale.com\/et\/toode\/tadek-moobliratas-120-mm-must\/"]}]},{"@type":"ImageObject","inLanguage":"et","@id":"https:\/\/metaltale.com\/et\/toode\/tadek-moobliratas-120-mm-must\/#primaryimage","url":"https:\/\/metaltale.com\/wp-content\/uploads\/2024\/02\/Baldu-ratukas-TADEK-75-mm-juoda.jpg","contentUrl":"https:\/\/metaltale.com\/wp-content\/uploads\/2024\/02\/Baldu-ratukas-TADEK-75-mm-juoda.jpg","width":900,"height":900,"caption":"TADEK 75 mm must"},{"@type":"BreadcrumbList","@id":"https:\/\/metaltale.com\/et\/toode\/tadek-moobliratas-120-mm-must\/#breadcrumb","itemListElement":[{"@type":"ListItem","position":1,"name":"Home","item":"https:\/\/metaltale.com\/et\/kodu\/"},{"@type":"ListItem","position":2,"name":"Kauplus","item":"https:\/\/metaltale.com\/et\/shop\/"},{"@type":"ListItem","position":3,"name":"TADEK m\u00f6\u00f6bliratas 120 mm must"}]},{"@type":"WebSite","@id":"https:\/\/metaltale.com\/et\/#website","url":"https:\/\/metaltale.com\/et\/","name":"Metaltale.com","description":"","potentialAction":[{"@type":"SearchAction","target":{"@type":"EntryPoint","urlTemplate":"https:\/\/metaltale.com\/et\/?s={search_term_string}"},"query-input":{"@type":"PropertyValueSpecification","valueRequired":true,"valueName":"search_term_string"}}],"inLanguage":"et"}]}},"_links":{"self":[{"href":"https:\/\/metaltale.com\/et\/wp-json\/wp\/v2\/product\/133516","targetHints":{"allow":["GET"]}}],"collection":[{"href":"https:\/\/metaltale.com\/et\/wp-json\/wp\/v2\/product"}],"about":[{"href":"https:\/\/metaltale.com\/et\/wp-json\/wp\/v2\/types\/product"}],"replies":[{"embeddable":true,"href":"https:\/\/metaltale.com\/et\/wp-json\/wp\/v2\/comments?post=133516"}],"version-history":[{"count":0,"href":"https:\/\/metaltale.com\/et\/wp-json\/wp\/v2\/product\/133516\/revisions"}],"wp:featuredmedia":[{"embeddable":true,"href":"https:\/\/metaltale.com\/et\/wp-json\/wp\/v2\/media\/131623"}],"wp:attachment":[{"href":"https:\/\/metaltale.com\/et\/wp-json\/wp\/v2\/media?parent=133516"}],"wp:term":[{"taxonomy":"product_brand","embeddable":true,"href":"https:\/\/metaltale.com\/et\/wp-json\/wp\/v2\/product_brand?post=133516"},{"taxonomy":"product_cat","embeddable":true,"href":"https:\/\/metaltale.com\/et\/wp-json\/wp\/v2\/product_cat?post=133516"},{"taxonomy":"product_tag","embeddable":true,"href":"https:\/\/metaltale.com\/et\/wp-json\/wp\/v2\/product_tag?post=133516"}],"curies":[{"name":"wp","href":"https:\/\/api.w.org\/{rel}","templated":true}]}}