{"id":133510,"date":"2024-02-13T15:19:44","date_gmt":"2024-02-13T13:19:44","guid":{"rendered":"https:\/\/metaltale.com\/produktas\/loftas-toostuslik-kohvilaud-factory-pine\/"},"modified":"2024-02-13T15:19:44","modified_gmt":"2024-02-13T13:19:44","slug":"loftas-toostuslik-kohvilaud-factory-pine","status":"publish","type":"product","link":"https:\/\/metaltale.com\/et\/toode\/loftas-toostuslik-kohvilaud-factory-pine\/","title":{"rendered":"Loftas, t\u00f6\u00f6stuslik kohvilaud FACTORY PINE"},"content":{"rendered":"<div class=\"prod_data\">\n<p><strong>Mudel<\/strong> ZA.FAC.H1<br \/>\nFACTORY PINE <strong>kollektsioon<\/strong><br \/>\n<strong>EAN.<\/strong>  5905369914997<br \/>\n<strong>Materjal<\/strong> m\u00e4nnipuit, teras<br \/>\n<strong>\u00dcldine k\u00f5rgus (cm)<\/strong> 40<br \/>\n<strong>\u00dcldine laius (cm)<\/strong> 110<br \/>\n<strong>S\u00fcgavus (cm)<\/strong> 70<br \/>\n<strong>Tarne t\u00fc\u00fcp<\/strong> T\u00e4ielikult kokkupandud toode<\/p>\n<p>&#8211; t\u00f6\u00f6stuslik m\u00e4nni ja terase kohvilaud<br \/>\n&#8211; praktiline riiul leti all<br \/>\n&#8211; 80&#215;20 mm suletud profiiliga konstruktsioon stabiilsuse ja vastupidavuse tagamiseks<br \/>\n&#8211; teras, mis on immutatud v\u00e4rvitu lakiga, mis kaitseb kahjustuste ja kriimustuste eest.<br \/>\n&#8211; liimimata laudade vahel v\u00f5ivad tekkida l\u00fcngad, mis ei m\u00f5juta kasutusmugavust.<br \/>\n&#8211; ringlussev\u00f5etud m\u00e4nnipuit, mis on immutatud veep\u00f5hise v\u00e4rvainega kastmise teel.<br \/>\n&#8211; vanandamise kavandatud m\u00f5ju avaldub n\u00e4htavate kriimustustena pinnal ja tajutava puidutekstuurina.<br \/>\n&#8211; toodete v\u00e4rvus v\u00f5ib erineda galeriis olevatest piltidest tulenevalt individuaalsetest monitoriseadetest ja materjalide iseloomust &#8211; teras ja tammepuit on toorained, mille v\u00e4rvus, toon ja tekstuur v\u00f5ivad n\u00e4idiste v\u00f5i partiide l\u00f5ikes erineda.<\/p>\n<hr>\n<p>Factory Pine puidust kohvilaud on toores t\u00f6\u00f6stuslikus stiilis elutuba. Iseloomulikud suletud profiiliga raamid ja liimimata \u00fcmbert\u00f6\u00f6deldud m\u00e4nniplaadid on t\u00f6\u00f6stusliku stiili kvintessents. Veega v\u00e4rvitud impregneerimine ja puidu m\u00e4rgatav tekstuur j\u00e4tavad mulje, et toormaterjali ei ole t\u00f6\u00f6deldud, mis sobib ka loft&#8217;i atmosf\u00e4\u00e4ri. \u00dclaosa moodustavatel liimimata laudadel ja allosas asuval praktilisel riiulil v\u00f5ivad olla l\u00fcngad ja v\u00e4ikesed praod, mis ei m\u00f5juta m\u00e4nni pingi kasutamise mugavust. See mudel on t\u00e4iuslik t\u00e4iendus rangele korrale ja sobib ideaalselt nii koju kui ka kontoritesse ja \u00e4riruumidesse &#8211; restoranidesse, stiilsetesse juuksuri- ja ilusalongidesse. K\u00f5rgeima kvaliteediga toormaterjalide kasutamine ja t\u00e4helepanu detailidele teevad Factory Pine kollektsioonist m\u00f6\u00f6bli meistriteose. Puidu ja vanandatud terase kombinatsioon annab igale detailile ainulaadse iseloomu, mis omakorda muudab kogu interj\u00f6\u00f6ri. rindade seeria<\/p>\n<\/div>\n","protected":false},"excerpt":{"rendered":"<p>Mudel ZA.FAC.H1 FACTORY PINE kollektsioon EAN. 5905369914997 Materjal m\u00e4nnipuit, teras \u00dcldine k\u00f5rgus (cm) 40 \u00dcldine laius (cm) 110 S\u00fcgavus (cm)<\/p>\n","protected":false},"featured_media":114695,"comment_status":"open","ping_status":"closed","template":"","meta":{"_acf_changed":false,"pmpro_default_level":""},"product_brand":[],"product_cat":[24198,24138],"product_tag":[],"class_list":{"0":"post-133510","1":"product","2":"type-product","3":"status-publish","4":"has-post-thumbnail","6":"product_cat-kohvilauad","7":"product_cat-toostusmoobel","8":"pmpro-has-access","10":"first","11":"instock","12":"shipping-taxable","13":"purchasable","14":"product-type-simple"},"acf":[],"yoast_head":"<!-- This site is optimized with the Yoast SEO plugin v24.9 - https:\/\/yoast.com\/wordpress\/plugins\/seo\/ -->\n<title>Loftas, t\u00f6\u00f6stuslik kohvilaud FACTORY PINE - MetalTale.com<\/title>\n<meta name=\"robots\" content=\"index, follow, max-snippet:-1, max-image-preview:large, max-video-preview:-1\" \/>\n<link rel=\"canonical\" href=\"https:\/\/metaltale.com\/et\/toode\/loftas-toostuslik-kohvilaud-factory-pine\/\" \/>\n<meta property=\"og:locale\" content=\"et_EE\" \/>\n<meta property=\"og:type\" content=\"article\" \/>\n<meta property=\"og:title\" content=\"Loftas, t\u00f6\u00f6stuslik kohvilaud FACTORY PINE - MetalTale.com\" \/>\n<meta property=\"og:description\" content=\"Mudel ZA.FAC.H1 FACTORY PINE kollektsioon EAN. 5905369914997 Materjal m\u00e4nnipuit, teras \u00dcldine k\u00f5rgus (cm) 40 \u00dcldine laius (cm) 110 S\u00fcgavus (cm)\" \/>\n<meta property=\"og:url\" content=\"https:\/\/metaltale.com\/et\/toode\/loftas-toostuslik-kohvilaud-factory-pine\/\" \/>\n<meta property=\"og:site_name\" content=\"MetalTale.com\" \/>\n<meta name=\"twitter:card\" content=\"summary_large_image\" \/>\n<meta name=\"twitter:label1\" content=\"Est. reading time\" \/>\n\t<meta name=\"twitter:data1\" content=\"1 minut\" \/>\n<script type=\"application\/ld+json\" class=\"yoast-schema-graph\">{\"@context\":\"https:\/\/schema.org\",\"@graph\":[{\"@type\":\"WebPage\",\"@id\":\"https:\/\/metaltale.com\/et\/toode\/loftas-toostuslik-kohvilaud-factory-pine\/\",\"url\":\"https:\/\/metaltale.com\/et\/toode\/loftas-toostuslik-kohvilaud-factory-pine\/\",\"name\":\"Loftas, t\u00f6\u00f6stuslik kohvilaud FACTORY PINE - MetalTale.com\",\"isPartOf\":{\"@id\":\"https:\/\/metaltale.com\/et\/#website\"},\"primaryImageOfPage\":{\"@id\":\"https:\/\/metaltale.com\/et\/toode\/loftas-toostuslik-kohvilaud-factory-pine\/#primaryimage\"},\"image\":{\"@id\":\"https:\/\/metaltale.com\/et\/toode\/loftas-toostuslik-kohvilaud-factory-pine\/#primaryimage\"},\"thumbnailUrl\":\"https:\/\/metaltale.com\/wp-content\/uploads\/2023\/11\/Kavos-staliukas-FACTORY-PINE.jpg\",\"datePublished\":\"2024-02-13T13:19:44+00:00\",\"breadcrumb\":{\"@id\":\"https:\/\/metaltale.com\/et\/toode\/loftas-toostuslik-kohvilaud-factory-pine\/#breadcrumb\"},\"inLanguage\":\"et\",\"potentialAction\":[{\"@type\":\"ReadAction\",\"target\":[\"https:\/\/metaltale.com\/et\/toode\/loftas-toostuslik-kohvilaud-factory-pine\/\"]}]},{\"@type\":\"ImageObject\",\"inLanguage\":\"et\",\"@id\":\"https:\/\/metaltale.com\/et\/toode\/loftas-toostuslik-kohvilaud-factory-pine\/#primaryimage\",\"url\":\"https:\/\/metaltale.com\/wp-content\/uploads\/2023\/11\/Kavos-staliukas-FACTORY-PINE.jpg\",\"contentUrl\":\"https:\/\/metaltale.com\/wp-content\/uploads\/2023\/11\/Kavos-staliukas-FACTORY-PINE.jpg\",\"width\":800,\"height\":800},{\"@type\":\"BreadcrumbList\",\"@id\":\"https:\/\/metaltale.com\/et\/toode\/loftas-toostuslik-kohvilaud-factory-pine\/#breadcrumb\",\"itemListElement\":[{\"@type\":\"ListItem\",\"position\":1,\"name\":\"Home\",\"item\":\"https:\/\/metaltale.com\/et\/kodu\/\"},{\"@type\":\"ListItem\",\"position\":2,\"name\":\"Kauplus\",\"item\":\"https:\/\/metaltale.com\/et\/shop\/\"},{\"@type\":\"ListItem\",\"position\":3,\"name\":\"Loftas, t\u00f6\u00f6stuslik kohvilaud FACTORY PINE\"}]},{\"@type\":\"WebSite\",\"@id\":\"https:\/\/metaltale.com\/et\/#website\",\"url\":\"https:\/\/metaltale.com\/et\/\",\"name\":\"Metaltale.com\",\"description\":\"\",\"potentialAction\":[{\"@type\":\"SearchAction\",\"target\":{\"@type\":\"EntryPoint\",\"urlTemplate\":\"https:\/\/metaltale.com\/et\/?s={search_term_string}\"},\"query-input\":{\"@type\":\"PropertyValueSpecification\",\"valueRequired\":true,\"valueName\":\"search_term_string\"}}],\"inLanguage\":\"et\"}]}<\/script>\n<!-- \/ Yoast SEO plugin. -->","yoast_head_json":{"title":"Loftas, t\u00f6\u00f6stuslik kohvilaud FACTORY PINE - MetalTale.com","robots":{"index":"index","follow":"follow","max-snippet":"max-snippet:-1","max-image-preview":"max-image-preview:large","max-video-preview":"max-video-preview:-1"},"canonical":"https:\/\/metaltale.com\/et\/toode\/loftas-toostuslik-kohvilaud-factory-pine\/","og_locale":"et_EE","og_type":"article","og_title":"Loftas, t\u00f6\u00f6stuslik kohvilaud FACTORY PINE - MetalTale.com","og_description":"Mudel ZA.FAC.H1 FACTORY PINE kollektsioon EAN. 5905369914997 Materjal m\u00e4nnipuit, teras \u00dcldine k\u00f5rgus (cm) 40 \u00dcldine laius (cm) 110 S\u00fcgavus (cm)","og_url":"https:\/\/metaltale.com\/et\/toode\/loftas-toostuslik-kohvilaud-factory-pine\/","og_site_name":"MetalTale.com","twitter_card":"summary_large_image","twitter_misc":{"Est. reading time":"1 minut"},"schema":{"@context":"https:\/\/schema.org","@graph":[{"@type":"WebPage","@id":"https:\/\/metaltale.com\/et\/toode\/loftas-toostuslik-kohvilaud-factory-pine\/","url":"https:\/\/metaltale.com\/et\/toode\/loftas-toostuslik-kohvilaud-factory-pine\/","name":"Loftas, t\u00f6\u00f6stuslik kohvilaud FACTORY PINE - MetalTale.com","isPartOf":{"@id":"https:\/\/metaltale.com\/et\/#website"},"primaryImageOfPage":{"@id":"https:\/\/metaltale.com\/et\/toode\/loftas-toostuslik-kohvilaud-factory-pine\/#primaryimage"},"image":{"@id":"https:\/\/metaltale.com\/et\/toode\/loftas-toostuslik-kohvilaud-factory-pine\/#primaryimage"},"thumbnailUrl":"https:\/\/metaltale.com\/wp-content\/uploads\/2023\/11\/Kavos-staliukas-FACTORY-PINE.jpg","datePublished":"2024-02-13T13:19:44+00:00","breadcrumb":{"@id":"https:\/\/metaltale.com\/et\/toode\/loftas-toostuslik-kohvilaud-factory-pine\/#breadcrumb"},"inLanguage":"et","potentialAction":[{"@type":"ReadAction","target":["https:\/\/metaltale.com\/et\/toode\/loftas-toostuslik-kohvilaud-factory-pine\/"]}]},{"@type":"ImageObject","inLanguage":"et","@id":"https:\/\/metaltale.com\/et\/toode\/loftas-toostuslik-kohvilaud-factory-pine\/#primaryimage","url":"https:\/\/metaltale.com\/wp-content\/uploads\/2023\/11\/Kavos-staliukas-FACTORY-PINE.jpg","contentUrl":"https:\/\/metaltale.com\/wp-content\/uploads\/2023\/11\/Kavos-staliukas-FACTORY-PINE.jpg","width":800,"height":800},{"@type":"BreadcrumbList","@id":"https:\/\/metaltale.com\/et\/toode\/loftas-toostuslik-kohvilaud-factory-pine\/#breadcrumb","itemListElement":[{"@type":"ListItem","position":1,"name":"Home","item":"https:\/\/metaltale.com\/et\/kodu\/"},{"@type":"ListItem","position":2,"name":"Kauplus","item":"https:\/\/metaltale.com\/et\/shop\/"},{"@type":"ListItem","position":3,"name":"Loftas, t\u00f6\u00f6stuslik kohvilaud FACTORY PINE"}]},{"@type":"WebSite","@id":"https:\/\/metaltale.com\/et\/#website","url":"https:\/\/metaltale.com\/et\/","name":"Metaltale.com","description":"","potentialAction":[{"@type":"SearchAction","target":{"@type":"EntryPoint","urlTemplate":"https:\/\/metaltale.com\/et\/?s={search_term_string}"},"query-input":{"@type":"PropertyValueSpecification","valueRequired":true,"valueName":"search_term_string"}}],"inLanguage":"et"}]}},"_links":{"self":[{"href":"https:\/\/metaltale.com\/et\/wp-json\/wp\/v2\/product\/133510","targetHints":{"allow":["GET"]}}],"collection":[{"href":"https:\/\/metaltale.com\/et\/wp-json\/wp\/v2\/product"}],"about":[{"href":"https:\/\/metaltale.com\/et\/wp-json\/wp\/v2\/types\/product"}],"replies":[{"embeddable":true,"href":"https:\/\/metaltale.com\/et\/wp-json\/wp\/v2\/comments?post=133510"}],"version-history":[{"count":0,"href":"https:\/\/metaltale.com\/et\/wp-json\/wp\/v2\/product\/133510\/revisions"}],"wp:featuredmedia":[{"embeddable":true,"href":"https:\/\/metaltale.com\/et\/wp-json\/wp\/v2\/media\/114695"}],"wp:attachment":[{"href":"https:\/\/metaltale.com\/et\/wp-json\/wp\/v2\/media?parent=133510"}],"wp:term":[{"taxonomy":"product_brand","embeddable":true,"href":"https:\/\/metaltale.com\/et\/wp-json\/wp\/v2\/product_brand?post=133510"},{"taxonomy":"product_cat","embeddable":true,"href":"https:\/\/metaltale.com\/et\/wp-json\/wp\/v2\/product_cat?post=133510"},{"taxonomy":"product_tag","embeddable":true,"href":"https:\/\/metaltale.com\/et\/wp-json\/wp\/v2\/product_tag?post=133510"}],"curies":[{"name":"wp","href":"https:\/\/api.w.org\/{rel}","templated":true}]}}