{"id":133499,"date":"2024-02-13T15:19:44","date_gmt":"2024-02-13T13:19:44","guid":{"rendered":"https:\/\/metaltale.com\/produktas\/loft-klaasist-lukanduksed-vobi\/"},"modified":"2024-02-13T15:19:44","modified_gmt":"2024-02-13T13:19:44","slug":"loft-klaasist-lukanduksed-vobi","status":"publish","type":"product","link":"https:\/\/metaltale.com\/et\/toode\/loft-klaasist-lukanduksed-vobi\/","title":{"rendered":"Loft klaasist l\u00fckanduksed VOBI"},"content":{"rendered":"<div class=\"prod_data\"><strong>Mudel<\/strong> SE.100.PRGR  <br \/><strong>Materjal<\/strong> Metall, klaas  <br \/>\u00dcldine k\u00f5rgus (cm) 210 <br \/><strong>S\u00fcgavus (cm)<\/strong> 3,2  <br \/><strong>Klaasi t\u00fc\u00fcp<\/strong> Karastatud klaas  <br \/><strong>Raami v\u00e4rv<\/strong> Must  <br \/><strong>Klaasi v\u00e4rvus<\/strong> Selge \/ piimjas  <br \/><strong>V\u00e4rv<\/strong> Must  <br \/>Viimistlus pulberv\u00e4rvitud <br \/>Pinna t\u00fc\u00fcp Silea <br \/>Tarne t\u00fc\u00fcp T\u00e4ielikult kokkupandud toode <br \/>LISATEAVE Pakkumine kehtib ainult \u00fche ukselaua kohta ja ei sisalda libisevuss\u00fcsteemi ega muid lisaseadmeid. <br \/><strong>Paigaldusjuhised<\/strong> Lae alla  <\/p>\n<hr>\n<p>&#8211; uksed on valmistatud kvaliteetsest terasest ja klaasist.<br \/>&#8211; 4 millimeetrine klaas tugevas raamis, mis tagab vastupidavuse ja kasutuskindluse.<br \/>&#8211; kaks klaasiv\u00e4rvi valikut t\u00e4iesti l\u00e4bipaistvate ja l\u00e4bipaistmatute uste jaoks<br \/>&#8211; pulberv\u00e4rvitud viimistlus v\u00f5imaldab uksi kasutada niiskusega kokkupuutuvates ruumides<br \/>&#8211; kaasaegne v\u00e4rvimistehnoloogia koos kvaliteetsete lakkidega, mis tagavad kauakestva v\u00e4rvi ja kriimustuskindluse.<br \/>&#8211; Raami konstruktsioon v\u00f5imaldab \u00fclalt- v\u00f5i l\u00e4bis\u00f5itvaid libisevaid s\u00fcsteeme (vt fotogaleriid).<br \/>&#8211; ainult horisontaalsete klaasribadega konstruktsioon annab siseruumile ruumilise efekti<br \/>&#8211; mitmek\u00fclgne disain tagab, et uks sobib ideaalselt mis tahes stiilis loft- v\u00f5i kaasaegsesse interj\u00f6\u00f6ri.<\/p>\n<hr>\n<p>Klaasist liuguksed on \u00fcha populaarsem lahendus neile, kes otsivad stiili ja elegantsust. nende metallkonstruktsioon muudab need ideaalselt sobivaks ruumikatesse loft-stiilis interj\u00f6\u00f6ridesse ja nende elegantsus \u00fcletab standardeid. t\u00e4nu oma klaasistusele r\u00f5hutavad need suurep\u00e4raselt kaasaegsete interj\u00f6\u00f6ride harmoonilist kujundust. T\u00e4nu pulberv\u00e4rvitud viimistlusele sobivad uksed mitte ainult elutuppa, magamistuppa ja koridori, vaid ka vannituppa v\u00f5i k\u00f6\u00f6ki. Vobi on pilkup\u00fc\u00fcdev lahendus, mis annab kodudele ja korteritele ainulaadse elegantse atmosf\u00e4\u00e4ri.<\/p>\n<hr>\n<p>*R\u00f6\u00f6baste paigaldusjuhiseid saab kasutada erinevate ukset\u00fc\u00fcpide puhul. Selleks, et tagada ukseava katmine soovitud viisil, reguleerige servaraua serva ja avamisvalgusti serva vahelist kaugust.<\/p>\n<p>* Tasuta kohaletoimetamise teenus on saadaval ainult tellimuste puhul, mille koguv\u00e4\u00e4rtus on \u00fcle 1000 zloti.<br \/>* tasuta kohaletoimetamise teenus v\u00e4hemalt 1 uksega tellimuste puhul<br \/>* Kahepoolsete liuguste puhul tuleb kasutada ainult FREIM HANGUARDi r\u00f6\u00f6paid.<\/p>\n<hr>\n<\/p>\n<\/div>\n","protected":false},"excerpt":{"rendered":"<p>Mudel SE.100.PRGR Materjal Metall, klaas \u00dcldine k\u00f5rgus (cm) 210 S\u00fcgavus (cm) 3,2 Klaasi t\u00fc\u00fcp Karastatud klaas Raami v\u00e4rv Must Klaasi<\/p>\n","protected":false},"featured_media":142067,"comment_status":"open","ping_status":"closed","template":"","meta":{"_acf_changed":false,"pmpro_default_level":""},"product_brand":[],"product_cat":[24146,24145,24140],"product_tag":[],"class_list":{"0":"post-133499","1":"product","2":"type-product","3":"status-publish","4":"has-post-thumbnail","6":"product_cat-klaasist-lukanduksed","7":"product_cat-liuguksed-et","8":"product_cat-liuguksesusteemid","9":"pmpro-has-access","11":"first","12":"instock","13":"shipping-taxable","14":"purchasable","15":"product-type-simple"},"acf":[],"yoast_head":"<!-- This site is optimized with the Yoast SEO plugin v24.9 - https:\/\/yoast.com\/wordpress\/plugins\/seo\/ -->\n<title>Loft klaasist l\u00fckanduksed VOBI - MetalTale.com<\/title>\n<meta name=\"robots\" content=\"index, follow, max-snippet:-1, max-image-preview:large, max-video-preview:-1\" \/>\n<link rel=\"canonical\" href=\"https:\/\/metaltale.com\/et\/toode\/loft-klaasist-lukanduksed-vobi\/\" \/>\n<meta property=\"og:locale\" content=\"et_EE\" \/>\n<meta property=\"og:type\" content=\"article\" \/>\n<meta property=\"og:title\" content=\"Loft klaasist l\u00fckanduksed VOBI - MetalTale.com\" \/>\n<meta property=\"og:description\" content=\"Mudel SE.100.PRGR Materjal Metall, klaas \u00dcldine k\u00f5rgus (cm) 210 S\u00fcgavus (cm) 3,2 Klaasi t\u00fc\u00fcp Karastatud klaas Raami v\u00e4rv Must Klaasi\" \/>\n<meta property=\"og:url\" content=\"https:\/\/metaltale.com\/et\/toode\/loft-klaasist-lukanduksed-vobi\/\" \/>\n<meta property=\"og:site_name\" content=\"MetalTale.com\" \/>\n<meta property=\"og:image\" content=\"http:\/\/metaltale.com\/wp-content\/uploads\/2024\/02\/bielone-przesuwne-drzwi-rustykalne_2_1.jpg\" \/>\n\t<meta property=\"og:image:width\" content=\"800\" \/>\n\t<meta property=\"og:image:height\" content=\"800\" \/>\n\t<meta property=\"og:image:type\" content=\"image\/jpeg\" \/>\n<meta name=\"twitter:card\" content=\"summary_large_image\" \/>\n<meta name=\"twitter:label1\" content=\"Est. reading time\" \/>\n\t<meta name=\"twitter:data1\" content=\"1 minut\" \/>\n<script type=\"application\/ld+json\" class=\"yoast-schema-graph\">{\"@context\":\"https:\/\/schema.org\",\"@graph\":[{\"@type\":\"WebPage\",\"@id\":\"https:\/\/metaltale.com\/et\/toode\/loft-klaasist-lukanduksed-vobi\/\",\"url\":\"https:\/\/metaltale.com\/et\/toode\/loft-klaasist-lukanduksed-vobi\/\",\"name\":\"Loft klaasist l\u00fckanduksed VOBI - MetalTale.com\",\"isPartOf\":{\"@id\":\"https:\/\/metaltale.com\/et\/#website\"},\"primaryImageOfPage\":{\"@id\":\"https:\/\/metaltale.com\/et\/toode\/loft-klaasist-lukanduksed-vobi\/#primaryimage\"},\"image\":{\"@id\":\"https:\/\/metaltale.com\/et\/toode\/loft-klaasist-lukanduksed-vobi\/#primaryimage\"},\"thumbnailUrl\":\"https:\/\/metaltale.com\/wp-content\/uploads\/2024\/02\/bielone-przesuwne-drzwi-rustykalne_2_1.jpg\",\"datePublished\":\"2024-02-13T13:19:44+00:00\",\"breadcrumb\":{\"@id\":\"https:\/\/metaltale.com\/et\/toode\/loft-klaasist-lukanduksed-vobi\/#breadcrumb\"},\"inLanguage\":\"et\",\"potentialAction\":[{\"@type\":\"ReadAction\",\"target\":[\"https:\/\/metaltale.com\/et\/toode\/loft-klaasist-lukanduksed-vobi\/\"]}]},{\"@type\":\"ImageObject\",\"inLanguage\":\"et\",\"@id\":\"https:\/\/metaltale.com\/et\/toode\/loft-klaasist-lukanduksed-vobi\/#primaryimage\",\"url\":\"https:\/\/metaltale.com\/wp-content\/uploads\/2024\/02\/bielone-przesuwne-drzwi-rustykalne_2_1.jpg\",\"contentUrl\":\"https:\/\/metaltale.com\/wp-content\/uploads\/2024\/02\/bielone-przesuwne-drzwi-rustykalne_2_1.jpg\",\"width\":800,\"height\":800,\"caption\":\"Stiklin\u0117s stumdomos durys VOBI 90x210 matinis\"},{\"@type\":\"BreadcrumbList\",\"@id\":\"https:\/\/metaltale.com\/et\/toode\/loft-klaasist-lukanduksed-vobi\/#breadcrumb\",\"itemListElement\":[{\"@type\":\"ListItem\",\"position\":1,\"name\":\"Home\",\"item\":\"https:\/\/metaltale.com\/et\/kodu\/\"},{\"@type\":\"ListItem\",\"position\":2,\"name\":\"Kauplus\",\"item\":\"https:\/\/metaltale.com\/et\/shop\/\"},{\"@type\":\"ListItem\",\"position\":3,\"name\":\"Loft klaasist l\u00fckanduksed VOBI\"}]},{\"@type\":\"WebSite\",\"@id\":\"https:\/\/metaltale.com\/et\/#website\",\"url\":\"https:\/\/metaltale.com\/et\/\",\"name\":\"Metaltale.com\",\"description\":\"\",\"potentialAction\":[{\"@type\":\"SearchAction\",\"target\":{\"@type\":\"EntryPoint\",\"urlTemplate\":\"https:\/\/metaltale.com\/et\/?s={search_term_string}\"},\"query-input\":{\"@type\":\"PropertyValueSpecification\",\"valueRequired\":true,\"valueName\":\"search_term_string\"}}],\"inLanguage\":\"et\"}]}<\/script>\n<!-- \/ Yoast SEO plugin. -->","yoast_head_json":{"title":"Loft klaasist l\u00fckanduksed VOBI - MetalTale.com","robots":{"index":"index","follow":"follow","max-snippet":"max-snippet:-1","max-image-preview":"max-image-preview:large","max-video-preview":"max-video-preview:-1"},"canonical":"https:\/\/metaltale.com\/et\/toode\/loft-klaasist-lukanduksed-vobi\/","og_locale":"et_EE","og_type":"article","og_title":"Loft klaasist l\u00fckanduksed VOBI - MetalTale.com","og_description":"Mudel SE.100.PRGR Materjal Metall, klaas \u00dcldine k\u00f5rgus (cm) 210 S\u00fcgavus (cm) 3,2 Klaasi t\u00fc\u00fcp Karastatud klaas Raami v\u00e4rv Must Klaasi","og_url":"https:\/\/metaltale.com\/et\/toode\/loft-klaasist-lukanduksed-vobi\/","og_site_name":"MetalTale.com","og_image":[{"width":800,"height":800,"url":"http:\/\/metaltale.com\/wp-content\/uploads\/2024\/02\/bielone-przesuwne-drzwi-rustykalne_2_1.jpg","type":"image\/jpeg"}],"twitter_card":"summary_large_image","twitter_misc":{"Est. reading time":"1 minut"},"schema":{"@context":"https:\/\/schema.org","@graph":[{"@type":"WebPage","@id":"https:\/\/metaltale.com\/et\/toode\/loft-klaasist-lukanduksed-vobi\/","url":"https:\/\/metaltale.com\/et\/toode\/loft-klaasist-lukanduksed-vobi\/","name":"Loft klaasist l\u00fckanduksed VOBI - MetalTale.com","isPartOf":{"@id":"https:\/\/metaltale.com\/et\/#website"},"primaryImageOfPage":{"@id":"https:\/\/metaltale.com\/et\/toode\/loft-klaasist-lukanduksed-vobi\/#primaryimage"},"image":{"@id":"https:\/\/metaltale.com\/et\/toode\/loft-klaasist-lukanduksed-vobi\/#primaryimage"},"thumbnailUrl":"https:\/\/metaltale.com\/wp-content\/uploads\/2024\/02\/bielone-przesuwne-drzwi-rustykalne_2_1.jpg","datePublished":"2024-02-13T13:19:44+00:00","breadcrumb":{"@id":"https:\/\/metaltale.com\/et\/toode\/loft-klaasist-lukanduksed-vobi\/#breadcrumb"},"inLanguage":"et","potentialAction":[{"@type":"ReadAction","target":["https:\/\/metaltale.com\/et\/toode\/loft-klaasist-lukanduksed-vobi\/"]}]},{"@type":"ImageObject","inLanguage":"et","@id":"https:\/\/metaltale.com\/et\/toode\/loft-klaasist-lukanduksed-vobi\/#primaryimage","url":"https:\/\/metaltale.com\/wp-content\/uploads\/2024\/02\/bielone-przesuwne-drzwi-rustykalne_2_1.jpg","contentUrl":"https:\/\/metaltale.com\/wp-content\/uploads\/2024\/02\/bielone-przesuwne-drzwi-rustykalne_2_1.jpg","width":800,"height":800,"caption":"Stiklin\u0117s stumdomos durys VOBI 90x210 matinis"},{"@type":"BreadcrumbList","@id":"https:\/\/metaltale.com\/et\/toode\/loft-klaasist-lukanduksed-vobi\/#breadcrumb","itemListElement":[{"@type":"ListItem","position":1,"name":"Home","item":"https:\/\/metaltale.com\/et\/kodu\/"},{"@type":"ListItem","position":2,"name":"Kauplus","item":"https:\/\/metaltale.com\/et\/shop\/"},{"@type":"ListItem","position":3,"name":"Loft klaasist l\u00fckanduksed VOBI"}]},{"@type":"WebSite","@id":"https:\/\/metaltale.com\/et\/#website","url":"https:\/\/metaltale.com\/et\/","name":"Metaltale.com","description":"","potentialAction":[{"@type":"SearchAction","target":{"@type":"EntryPoint","urlTemplate":"https:\/\/metaltale.com\/et\/?s={search_term_string}"},"query-input":{"@type":"PropertyValueSpecification","valueRequired":true,"valueName":"search_term_string"}}],"inLanguage":"et"}]}},"_links":{"self":[{"href":"https:\/\/metaltale.com\/et\/wp-json\/wp\/v2\/product\/133499","targetHints":{"allow":["GET"]}}],"collection":[{"href":"https:\/\/metaltale.com\/et\/wp-json\/wp\/v2\/product"}],"about":[{"href":"https:\/\/metaltale.com\/et\/wp-json\/wp\/v2\/types\/product"}],"replies":[{"embeddable":true,"href":"https:\/\/metaltale.com\/et\/wp-json\/wp\/v2\/comments?post=133499"}],"version-history":[{"count":0,"href":"https:\/\/metaltale.com\/et\/wp-json\/wp\/v2\/product\/133499\/revisions"}],"wp:featuredmedia":[{"embeddable":true,"href":"https:\/\/metaltale.com\/et\/wp-json\/wp\/v2\/media\/142067"}],"wp:attachment":[{"href":"https:\/\/metaltale.com\/et\/wp-json\/wp\/v2\/media?parent=133499"}],"wp:term":[{"taxonomy":"product_brand","embeddable":true,"href":"https:\/\/metaltale.com\/et\/wp-json\/wp\/v2\/product_brand?post=133499"},{"taxonomy":"product_cat","embeddable":true,"href":"https:\/\/metaltale.com\/et\/wp-json\/wp\/v2\/product_cat?post=133499"},{"taxonomy":"product_tag","embeddable":true,"href":"https:\/\/metaltale.com\/et\/wp-json\/wp\/v2\/product_tag?post=133499"}],"curies":[{"name":"wp","href":"https:\/\/api.w.org\/{rel}","templated":true}]}}