{"id":133471,"date":"2024-02-13T15:19:44","date_gmt":"2024-02-13T13:19:44","guid":{"rendered":"https:\/\/metaltale.com\/produktas\/toostuslik-loft-raamatukapp-factory-pine-2\/"},"modified":"2024-02-13T15:19:44","modified_gmt":"2024-02-13T13:19:44","slug":"toostuslik-loft-raamatukapp-factory-pine-2","status":"publish","type":"product","link":"https:\/\/metaltale.com\/et\/toode\/toostuslik-loft-raamatukapp-factory-pine-2\/","title":{"rendered":"T\u00f6\u00f6stuslik loft raamatukapp FACTORY PINE 2"},"content":{"rendered":"<div class=\"prod_data\">\n<p><strong>Mudel<\/strong> ZA.FAC2<br \/>\nFACTORY PINE <strong>kollektsioon<\/strong><br \/>\n<strong>EAN.<\/strong>  5905369914881<br \/>\n<strong>Materjal<\/strong> m\u00e4nnipuit, teras<br \/>\n<strong>\u00dcldine k\u00f5rgus (cm)<\/strong> 200<br \/>\n\u00dcldine laius (cm) 120<br \/>\n<strong>S\u00fcgavus (cm)<\/strong> 40<br \/>\n<strong>Tarne t\u00fc\u00fcp<\/strong> T\u00e4ielikult kokkupandud toode<\/p>\n<p>&#8211; t\u00f6\u00f6stuslikud k\u00f5rged m\u00e4nni- ja terasriiulid<br \/>\n&#8211; kuullaagritega liugurid v\u00f5imaldavad lihtsat sahtli v\u00e4ljat\u00f5mbamist<br \/>\n&#8211; Liugriiuli esiosa &#8211; praktiline ja disainilahendus<br \/>\n&#8211; 80&#215;20 mm suletud profiiliga konstruktsioon tagab stabiilsuse ja vastupidavuse.<br \/>\n&#8211; teras, mis on immutatud v\u00e4rvitu lakiga, mis kaitseb kahjustuste ja kriimustuste eest.<br \/>\n&#8211; sahtlid on valmistatud t\u00e4ielikult spoonimata puidust &#8211; paigaldamisel kasutatakse n\u00e4htavaid naelu.<br \/>\n&#8211; liimimata laudade vahel v\u00f5ivad tekkida l\u00fcngad, mis ei m\u00f5juta kasutusmugavust.<br \/>\n&#8211; \u00fcmbert\u00f6\u00f6deldud m\u00e4nnipuit, mis on immutatud vesilakiga.<br \/>\n&#8211; vanandamise kavandatud m\u00f5ju avaldub n\u00e4htavate kriimustustena pinnal ja tajutava puidutekstuurina.<br \/>\n&#8211; toodete v\u00e4rvus v\u00f5ib erineda galeriis olevatest piltidest tulenevalt individuaalsetest monitoriseadetest ja materjalide iseloomust &#8211; teras ja m\u00e4nnipuit on toorained, mille v\u00e4rvus, toon ja tekstuur v\u00f5ivad n\u00e4idiste v\u00f5i partiide l\u00f5ikes erineda.<\/p>\n<hr>\n<p>Lai loft-stiilis raamaturiiul s\u00fcgavate riiulite, sahtlite ja kapiga on praktiline m\u00f6\u00f6bliese elutuppa, teismeliste tuppa v\u00f5i kontorisse. &#8220;Factory Pine&#8221; riiuli disainerite iseloom toob kogu interj\u00f6\u00f6ri industriaalse \u0161iki, muutes selle interj\u00f6\u00f6ri originaalseks ja ajatuks. Massiivne teraskonstruktsioon tagab vastupidavuse ja stabiilsuse, samas kui liimimata \u00fcmbert\u00f6\u00f6deldud m\u00e4nniplaadid on praktilised ja koosk\u00f5las t\u00f6\u00f6stusharu suundumustega. Puidu peaaegu toores tekstuur on tahtlik t\u00f6\u00f6tlus, nagu ka terase kriimustused ning avatud neetid ja \u00fchendused. Tehase iseloom ei v\u00f5ta arvesse&#8230; vingumist. Sahtlite sujuv libisemine on tagatud kuulijuhtidega, samal ajal kui kollektsiooni jaoks kavandatud libisuss\u00fcsteem v\u00f5imaldab teil kapi esiosa taha peidetud kapi veidi avada. Raamatukapp, mis peaks n\u00e4gema v\u00e4lja nagu vana m\u00f6\u00f6blit, vananeb ilusti. K\u00f5ik aja jooksul tekkivad looduslikud praod v\u00f5i kriimustused tugevdavad kulumist.<\/p>\n<\/div>\n","protected":false},"excerpt":{"rendered":"<p>Mudel ZA.FAC2 FACTORY PINE kollektsioon EAN. 5905369914881 Materjal m\u00e4nnipuit, teras \u00dcldine k\u00f5rgus (cm) 200 \u00dcldine laius (cm) 120 S\u00fcgavus (cm)<\/p>\n","protected":false},"featured_media":119755,"comment_status":"open","ping_status":"closed","template":"","meta":{"_acf_changed":false,"pmpro_default_level":""},"product_brand":[],"product_cat":[24199,24173,24138],"product_tag":[],"class_list":{"0":"post-133471","1":"product","2":"type-product","3":"status-publish","4":"has-post-thumbnail","6":"product_cat-kapid","7":"product_cat-riiulid","8":"product_cat-toostusmoobel","9":"pmpro-has-access","11":"first","12":"instock","13":"shipping-taxable","14":"purchasable","15":"product-type-simple"},"acf":[],"yoast_head":"<!-- This site is optimized with the Yoast SEO plugin v24.9 - https:\/\/yoast.com\/wordpress\/plugins\/seo\/ -->\n<title>T\u00f6\u00f6stuslik loft raamatukapp FACTORY PINE 2 - MetalTale.com<\/title>\n<meta name=\"robots\" content=\"index, follow, max-snippet:-1, max-image-preview:large, max-video-preview:-1\" \/>\n<link rel=\"canonical\" href=\"https:\/\/metaltale.com\/et\/toode\/toostuslik-loft-raamatukapp-factory-pine-2\/\" \/>\n<meta property=\"og:locale\" content=\"et_EE\" \/>\n<meta property=\"og:type\" content=\"article\" \/>\n<meta property=\"og:title\" content=\"T\u00f6\u00f6stuslik loft raamatukapp FACTORY PINE 2 - MetalTale.com\" \/>\n<meta property=\"og:description\" content=\"Mudel ZA.FAC2 FACTORY PINE kollektsioon EAN. 5905369914881 Materjal m\u00e4nnipuit, teras \u00dcldine k\u00f5rgus (cm) 200 \u00dcldine laius (cm) 120 S\u00fcgavus (cm)\" \/>\n<meta property=\"og:url\" content=\"https:\/\/metaltale.com\/et\/toode\/toostuslik-loft-raamatukapp-factory-pine-2\/\" \/>\n<meta property=\"og:site_name\" content=\"MetalTale.com\" \/>\n<meta name=\"twitter:card\" content=\"summary_large_image\" \/>\n<meta name=\"twitter:label1\" content=\"Est. reading time\" \/>\n\t<meta name=\"twitter:data1\" content=\"1 minut\" \/>\n<script type=\"application\/ld+json\" class=\"yoast-schema-graph\">{\"@context\":\"https:\/\/schema.org\",\"@graph\":[{\"@type\":\"WebPage\",\"@id\":\"https:\/\/metaltale.com\/et\/toode\/toostuslik-loft-raamatukapp-factory-pine-2\/\",\"url\":\"https:\/\/metaltale.com\/et\/toode\/toostuslik-loft-raamatukapp-factory-pine-2\/\",\"name\":\"T\u00f6\u00f6stuslik loft raamatukapp FACTORY PINE 2 - MetalTale.com\",\"isPartOf\":{\"@id\":\"https:\/\/metaltale.com\/et\/#website\"},\"primaryImageOfPage\":{\"@id\":\"https:\/\/metaltale.com\/et\/toode\/toostuslik-loft-raamatukapp-factory-pine-2\/#primaryimage\"},\"image\":{\"@id\":\"https:\/\/metaltale.com\/et\/toode\/toostuslik-loft-raamatukapp-factory-pine-2\/#primaryimage\"},\"thumbnailUrl\":\"https:\/\/metaltale.com\/wp-content\/uploads\/2023\/12\/knygu-lentyna-2.jpg\",\"datePublished\":\"2024-02-13T13:19:44+00:00\",\"breadcrumb\":{\"@id\":\"https:\/\/metaltale.com\/et\/toode\/toostuslik-loft-raamatukapp-factory-pine-2\/#breadcrumb\"},\"inLanguage\":\"et\",\"potentialAction\":[{\"@type\":\"ReadAction\",\"target\":[\"https:\/\/metaltale.com\/et\/toode\/toostuslik-loft-raamatukapp-factory-pine-2\/\"]}]},{\"@type\":\"ImageObject\",\"inLanguage\":\"et\",\"@id\":\"https:\/\/metaltale.com\/et\/toode\/toostuslik-loft-raamatukapp-factory-pine-2\/#primaryimage\",\"url\":\"https:\/\/metaltale.com\/wp-content\/uploads\/2023\/12\/knygu-lentyna-2.jpg\",\"contentUrl\":\"https:\/\/metaltale.com\/wp-content\/uploads\/2023\/12\/knygu-lentyna-2.jpg\",\"width\":800,\"height\":800,\"caption\":\"raamaturiiul\"},{\"@type\":\"BreadcrumbList\",\"@id\":\"https:\/\/metaltale.com\/et\/toode\/toostuslik-loft-raamatukapp-factory-pine-2\/#breadcrumb\",\"itemListElement\":[{\"@type\":\"ListItem\",\"position\":1,\"name\":\"Home\",\"item\":\"https:\/\/metaltale.com\/et\/kodu\/\"},{\"@type\":\"ListItem\",\"position\":2,\"name\":\"Kauplus\",\"item\":\"https:\/\/metaltale.com\/et\/shop\/\"},{\"@type\":\"ListItem\",\"position\":3,\"name\":\"T\u00f6\u00f6stuslik loft raamatukapp FACTORY PINE 2\"}]},{\"@type\":\"WebSite\",\"@id\":\"https:\/\/metaltale.com\/et\/#website\",\"url\":\"https:\/\/metaltale.com\/et\/\",\"name\":\"Metaltale.com\",\"description\":\"\",\"potentialAction\":[{\"@type\":\"SearchAction\",\"target\":{\"@type\":\"EntryPoint\",\"urlTemplate\":\"https:\/\/metaltale.com\/et\/?s={search_term_string}\"},\"query-input\":{\"@type\":\"PropertyValueSpecification\",\"valueRequired\":true,\"valueName\":\"search_term_string\"}}],\"inLanguage\":\"et\"}]}<\/script>\n<!-- \/ Yoast SEO plugin. -->","yoast_head_json":{"title":"T\u00f6\u00f6stuslik loft raamatukapp FACTORY PINE 2 - MetalTale.com","robots":{"index":"index","follow":"follow","max-snippet":"max-snippet:-1","max-image-preview":"max-image-preview:large","max-video-preview":"max-video-preview:-1"},"canonical":"https:\/\/metaltale.com\/et\/toode\/toostuslik-loft-raamatukapp-factory-pine-2\/","og_locale":"et_EE","og_type":"article","og_title":"T\u00f6\u00f6stuslik loft raamatukapp FACTORY PINE 2 - MetalTale.com","og_description":"Mudel ZA.FAC2 FACTORY PINE kollektsioon EAN. 5905369914881 Materjal m\u00e4nnipuit, teras \u00dcldine k\u00f5rgus (cm) 200 \u00dcldine laius (cm) 120 S\u00fcgavus (cm)","og_url":"https:\/\/metaltale.com\/et\/toode\/toostuslik-loft-raamatukapp-factory-pine-2\/","og_site_name":"MetalTale.com","twitter_card":"summary_large_image","twitter_misc":{"Est. reading time":"1 minut"},"schema":{"@context":"https:\/\/schema.org","@graph":[{"@type":"WebPage","@id":"https:\/\/metaltale.com\/et\/toode\/toostuslik-loft-raamatukapp-factory-pine-2\/","url":"https:\/\/metaltale.com\/et\/toode\/toostuslik-loft-raamatukapp-factory-pine-2\/","name":"T\u00f6\u00f6stuslik loft raamatukapp FACTORY PINE 2 - MetalTale.com","isPartOf":{"@id":"https:\/\/metaltale.com\/et\/#website"},"primaryImageOfPage":{"@id":"https:\/\/metaltale.com\/et\/toode\/toostuslik-loft-raamatukapp-factory-pine-2\/#primaryimage"},"image":{"@id":"https:\/\/metaltale.com\/et\/toode\/toostuslik-loft-raamatukapp-factory-pine-2\/#primaryimage"},"thumbnailUrl":"https:\/\/metaltale.com\/wp-content\/uploads\/2023\/12\/knygu-lentyna-2.jpg","datePublished":"2024-02-13T13:19:44+00:00","breadcrumb":{"@id":"https:\/\/metaltale.com\/et\/toode\/toostuslik-loft-raamatukapp-factory-pine-2\/#breadcrumb"},"inLanguage":"et","potentialAction":[{"@type":"ReadAction","target":["https:\/\/metaltale.com\/et\/toode\/toostuslik-loft-raamatukapp-factory-pine-2\/"]}]},{"@type":"ImageObject","inLanguage":"et","@id":"https:\/\/metaltale.com\/et\/toode\/toostuslik-loft-raamatukapp-factory-pine-2\/#primaryimage","url":"https:\/\/metaltale.com\/wp-content\/uploads\/2023\/12\/knygu-lentyna-2.jpg","contentUrl":"https:\/\/metaltale.com\/wp-content\/uploads\/2023\/12\/knygu-lentyna-2.jpg","width":800,"height":800,"caption":"raamaturiiul"},{"@type":"BreadcrumbList","@id":"https:\/\/metaltale.com\/et\/toode\/toostuslik-loft-raamatukapp-factory-pine-2\/#breadcrumb","itemListElement":[{"@type":"ListItem","position":1,"name":"Home","item":"https:\/\/metaltale.com\/et\/kodu\/"},{"@type":"ListItem","position":2,"name":"Kauplus","item":"https:\/\/metaltale.com\/et\/shop\/"},{"@type":"ListItem","position":3,"name":"T\u00f6\u00f6stuslik loft raamatukapp FACTORY PINE 2"}]},{"@type":"WebSite","@id":"https:\/\/metaltale.com\/et\/#website","url":"https:\/\/metaltale.com\/et\/","name":"Metaltale.com","description":"","potentialAction":[{"@type":"SearchAction","target":{"@type":"EntryPoint","urlTemplate":"https:\/\/metaltale.com\/et\/?s={search_term_string}"},"query-input":{"@type":"PropertyValueSpecification","valueRequired":true,"valueName":"search_term_string"}}],"inLanguage":"et"}]}},"_links":{"self":[{"href":"https:\/\/metaltale.com\/et\/wp-json\/wp\/v2\/product\/133471","targetHints":{"allow":["GET"]}}],"collection":[{"href":"https:\/\/metaltale.com\/et\/wp-json\/wp\/v2\/product"}],"about":[{"href":"https:\/\/metaltale.com\/et\/wp-json\/wp\/v2\/types\/product"}],"replies":[{"embeddable":true,"href":"https:\/\/metaltale.com\/et\/wp-json\/wp\/v2\/comments?post=133471"}],"version-history":[{"count":0,"href":"https:\/\/metaltale.com\/et\/wp-json\/wp\/v2\/product\/133471\/revisions"}],"wp:featuredmedia":[{"embeddable":true,"href":"https:\/\/metaltale.com\/et\/wp-json\/wp\/v2\/media\/119755"}],"wp:attachment":[{"href":"https:\/\/metaltale.com\/et\/wp-json\/wp\/v2\/media?parent=133471"}],"wp:term":[{"taxonomy":"product_brand","embeddable":true,"href":"https:\/\/metaltale.com\/et\/wp-json\/wp\/v2\/product_brand?post=133471"},{"taxonomy":"product_cat","embeddable":true,"href":"https:\/\/metaltale.com\/et\/wp-json\/wp\/v2\/product_cat?post=133471"},{"taxonomy":"product_tag","embeddable":true,"href":"https:\/\/metaltale.com\/et\/wp-json\/wp\/v2\/product_tag?post=133471"}],"curies":[{"name":"wp","href":"https:\/\/api.w.org\/{rel}","templated":true}]}}