{"id":133467,"date":"2024-02-13T15:19:44","date_gmt":"2024-02-13T13:19:44","guid":{"rendered":"https:\/\/metaltale.com\/produktas\/factory-pine-2-toostuslikus-stiilis-telerilaud\/"},"modified":"2024-02-13T15:19:44","modified_gmt":"2024-02-13T13:19:44","slug":"factory-pine-2-toostuslikus-stiilis-telerilaud","status":"publish","type":"product","link":"https:\/\/metaltale.com\/et\/toode\/factory-pine-2-toostuslikus-stiilis-telerilaud\/","title":{"rendered":"FACTORY PINE 2 t\u00f6\u00f6stuslikus stiilis telerilaud"},"content":{"rendered":"<div class=\"prod_data\">\n<p><strong>Mudel<\/strong> ZA.FAC.F1<br \/>\nFACTORY PINE <strong>kollektsioon<\/strong><br \/>\n<strong>EAN.<\/strong>  5905369915758<br \/>\n<strong>Materjal<\/strong> m\u00e4nnipuit, teras<br \/>\n<strong>\u00dcldine k\u00f5rgus (cm)<\/strong> 60<br \/>\n<strong>\u00dcldine laius (cm<\/strong> ) 180<br \/>\n<strong>S\u00fcgavus (cm)<\/strong> 40<br \/>\n<strong>Tarne t\u00fc\u00fcp<\/strong> T\u00e4ielikult kokkupandud toode<br \/>\n<strong>Lisainfo<\/strong> Sahtlid: laius 44 cm, s\u00fcgavus 28 cm, k\u00f5rgus 12,5 cm<\/p>\n<p>&#8211; t\u00f6\u00f6stuslik telerilaud m\u00e4nnipuidust ja terasest<br \/>\n&#8211; kuullaagritega liugurid h\u00f5lbustavad sahtli eemaldamist<br \/>\n&#8211; riiuleid kattev l\u00fckandfoor on praktiline ja disainerlik lahendus<br \/>\n&#8211; 80&#215;20 mm suletud profiiliga konstruktsioon stabiilsuse ja vastupidavuse tagamiseks<br \/>\n&#8211; teras, mis on immutatud v\u00e4rvitu lakiga, mis kaitseb kahjustuste ja kriimustuste eest.<br \/>\n&#8211; sahtlid on valmistatud t\u00e4ielikult spoonimata puidust &#8211; paigaldamisel kasutatakse n\u00e4htavaid tihvtisid<br \/>\n&#8211; liimimata laudade vahel v\u00f5ivad tekkida l\u00fcngad, mis ei m\u00f5juta kasutusmugavust.<br \/>\n&#8211; \u00fcmbert\u00f6\u00f6deldud m\u00e4nnipuit, mis on immutatud vesilakiga.<br \/>\n&#8211; vanandamise kavandatud m\u00f5ju avaldub n\u00e4htavate kriimustustena pinnal ja tajutava puidutekstuurina.<br \/>\n&#8211; toodete v\u00e4rvus v\u00f5ib erineda galeriis olevatest piltidest, mis v\u00f5ib tuleneda individuaalsetest monitoriseadetest v\u00f5i materjalide iseloomust &#8211; teras ja m\u00e4nnipuit on toorained, mille v\u00e4rvus, toon ja tekstuur v\u00f5ivad n\u00e4idiste v\u00f5i partiide l\u00f5ikes erineda.<\/p>\n<hr>\n<p>Factory Pine elutoakollektsioon koosneb eri suuruses loft-televisioonikappidest. Kavandatav telerikapp on peene t\u00f6\u00f6stusliku iseloomuga. Disainerite taaskasutatud puidu ja vananenud terase, n\u00e4htavate neetide ja keevis\u00f5mbluste, samuti lamedast kangist valmistatud profiiliga k\u00e4epidemed n\u00e4evad t\u00f6\u00f6stuslikes keskkondades suurep\u00e4raselt v\u00e4lja. Tugev suletud profiiliga konstruktsioon tagab tugevuse ja stabiilsuse, samas kui kohandatud m\u00f6\u00f6blilahendused tagavad funktsionaalsuse. Praktiline kaablipesa, kuullaagritega sahtliugurid ja libisev s\u00fcsteem aitavad kaasa kasutaja rahulolule. Factory Pine kollektsioon on valmistatud iga t\u00fcki ainulaadsuse tagamiseks ja on maiuspala ebatavalise m\u00f6\u00f6bli ja originaalsete interj\u00f6\u00f6ride f\u00e4nnidele.<\/p>\n<\/div>\n","protected":false},"excerpt":{"rendered":"<p>Mudel ZA.FAC.F1 FACTORY PINE kollektsioon EAN. 5905369915758 Materjal m\u00e4nnipuit, teras \u00dcldine k\u00f5rgus (cm) 60 \u00dcldine laius (cm ) 180 S\u00fcgavus<\/p>\n","protected":false},"featured_media":119593,"comment_status":"open","ping_status":"closed","template":"","meta":{"_acf_changed":false,"pmpro_default_level":""},"product_brand":[],"product_cat":[24172,24138],"product_tag":[],"class_list":{"0":"post-133467","1":"product","2":"type-product","3":"status-publish","4":"has-post-thumbnail","6":"product_cat-televisioonikapid","7":"product_cat-toostusmoobel","8":"pmpro-has-access","10":"first","11":"instock","12":"shipping-taxable","13":"purchasable","14":"product-type-simple"},"acf":[],"yoast_head":"<!-- This site is optimized with the Yoast SEO plugin v24.9 - https:\/\/yoast.com\/wordpress\/plugins\/seo\/ -->\n<title>FACTORY PINE 2 t\u00f6\u00f6stuslikus stiilis telerilaud - MetalTale.com<\/title>\n<meta name=\"robots\" content=\"index, follow, max-snippet:-1, max-image-preview:large, max-video-preview:-1\" \/>\n<link rel=\"canonical\" href=\"https:\/\/metaltale.com\/et\/toode\/factory-pine-2-toostuslikus-stiilis-telerilaud\/\" \/>\n<meta property=\"og:locale\" content=\"et_EE\" \/>\n<meta property=\"og:type\" content=\"article\" \/>\n<meta property=\"og:title\" content=\"FACTORY PINE 2 t\u00f6\u00f6stuslikus stiilis telerilaud - MetalTale.com\" \/>\n<meta property=\"og:description\" content=\"Mudel ZA.FAC.F1 FACTORY PINE kollektsioon EAN. 5905369915758 Materjal m\u00e4nnipuit, teras \u00dcldine k\u00f5rgus (cm) 60 \u00dcldine laius (cm ) 180 S\u00fcgavus\" \/>\n<meta property=\"og:url\" content=\"https:\/\/metaltale.com\/et\/toode\/factory-pine-2-toostuslikus-stiilis-telerilaud\/\" \/>\n<meta property=\"og:site_name\" content=\"MetalTale.com\" \/>\n<meta name=\"twitter:card\" content=\"summary_large_image\" \/>\n<meta name=\"twitter:label1\" content=\"Est. reading time\" \/>\n\t<meta name=\"twitter:data1\" content=\"1 minut\" \/>\n<script type=\"application\/ld+json\" class=\"yoast-schema-graph\">{\"@context\":\"https:\/\/schema.org\",\"@graph\":[{\"@type\":\"WebPage\",\"@id\":\"https:\/\/metaltale.com\/et\/toode\/factory-pine-2-toostuslikus-stiilis-telerilaud\/\",\"url\":\"https:\/\/metaltale.com\/et\/toode\/factory-pine-2-toostuslikus-stiilis-telerilaud\/\",\"name\":\"FACTORY PINE 2 t\u00f6\u00f6stuslikus stiilis telerilaud - MetalTale.com\",\"isPartOf\":{\"@id\":\"https:\/\/metaltale.com\/et\/#website\"},\"primaryImageOfPage\":{\"@id\":\"https:\/\/metaltale.com\/et\/toode\/factory-pine-2-toostuslikus-stiilis-telerilaud\/#primaryimage\"},\"image\":{\"@id\":\"https:\/\/metaltale.com\/et\/toode\/factory-pine-2-toostuslikus-stiilis-telerilaud\/#primaryimage\"},\"thumbnailUrl\":\"https:\/\/metaltale.com\/wp-content\/uploads\/2023\/12\/televizoriaus-spintele-3.jpg\",\"datePublished\":\"2024-02-13T13:19:44+00:00\",\"breadcrumb\":{\"@id\":\"https:\/\/metaltale.com\/et\/toode\/factory-pine-2-toostuslikus-stiilis-telerilaud\/#breadcrumb\"},\"inLanguage\":\"et\",\"potentialAction\":[{\"@type\":\"ReadAction\",\"target\":[\"https:\/\/metaltale.com\/et\/toode\/factory-pine-2-toostuslikus-stiilis-telerilaud\/\"]}]},{\"@type\":\"ImageObject\",\"inLanguage\":\"et\",\"@id\":\"https:\/\/metaltale.com\/et\/toode\/factory-pine-2-toostuslikus-stiilis-telerilaud\/#primaryimage\",\"url\":\"https:\/\/metaltale.com\/wp-content\/uploads\/2023\/12\/televizoriaus-spintele-3.jpg\",\"contentUrl\":\"https:\/\/metaltale.com\/wp-content\/uploads\/2023\/12\/televizoriaus-spintele-3.jpg\",\"width\":800,\"height\":800,\"caption\":\"TV spintele\"},{\"@type\":\"BreadcrumbList\",\"@id\":\"https:\/\/metaltale.com\/et\/toode\/factory-pine-2-toostuslikus-stiilis-telerilaud\/#breadcrumb\",\"itemListElement\":[{\"@type\":\"ListItem\",\"position\":1,\"name\":\"Home\",\"item\":\"https:\/\/metaltale.com\/et\/kodu\/\"},{\"@type\":\"ListItem\",\"position\":2,\"name\":\"Kauplus\",\"item\":\"https:\/\/metaltale.com\/et\/shop\/\"},{\"@type\":\"ListItem\",\"position\":3,\"name\":\"FACTORY PINE 2 t\u00f6\u00f6stuslikus stiilis telerilaud\"}]},{\"@type\":\"WebSite\",\"@id\":\"https:\/\/metaltale.com\/et\/#website\",\"url\":\"https:\/\/metaltale.com\/et\/\",\"name\":\"Metaltale.com\",\"description\":\"\",\"potentialAction\":[{\"@type\":\"SearchAction\",\"target\":{\"@type\":\"EntryPoint\",\"urlTemplate\":\"https:\/\/metaltale.com\/et\/?s={search_term_string}\"},\"query-input\":{\"@type\":\"PropertyValueSpecification\",\"valueRequired\":true,\"valueName\":\"search_term_string\"}}],\"inLanguage\":\"et\"}]}<\/script>\n<!-- \/ Yoast SEO plugin. -->","yoast_head_json":{"title":"FACTORY PINE 2 t\u00f6\u00f6stuslikus stiilis telerilaud - MetalTale.com","robots":{"index":"index","follow":"follow","max-snippet":"max-snippet:-1","max-image-preview":"max-image-preview:large","max-video-preview":"max-video-preview:-1"},"canonical":"https:\/\/metaltale.com\/et\/toode\/factory-pine-2-toostuslikus-stiilis-telerilaud\/","og_locale":"et_EE","og_type":"article","og_title":"FACTORY PINE 2 t\u00f6\u00f6stuslikus stiilis telerilaud - MetalTale.com","og_description":"Mudel ZA.FAC.F1 FACTORY PINE kollektsioon EAN. 5905369915758 Materjal m\u00e4nnipuit, teras \u00dcldine k\u00f5rgus (cm) 60 \u00dcldine laius (cm ) 180 S\u00fcgavus","og_url":"https:\/\/metaltale.com\/et\/toode\/factory-pine-2-toostuslikus-stiilis-telerilaud\/","og_site_name":"MetalTale.com","twitter_card":"summary_large_image","twitter_misc":{"Est. reading time":"1 minut"},"schema":{"@context":"https:\/\/schema.org","@graph":[{"@type":"WebPage","@id":"https:\/\/metaltale.com\/et\/toode\/factory-pine-2-toostuslikus-stiilis-telerilaud\/","url":"https:\/\/metaltale.com\/et\/toode\/factory-pine-2-toostuslikus-stiilis-telerilaud\/","name":"FACTORY PINE 2 t\u00f6\u00f6stuslikus stiilis telerilaud - MetalTale.com","isPartOf":{"@id":"https:\/\/metaltale.com\/et\/#website"},"primaryImageOfPage":{"@id":"https:\/\/metaltale.com\/et\/toode\/factory-pine-2-toostuslikus-stiilis-telerilaud\/#primaryimage"},"image":{"@id":"https:\/\/metaltale.com\/et\/toode\/factory-pine-2-toostuslikus-stiilis-telerilaud\/#primaryimage"},"thumbnailUrl":"https:\/\/metaltale.com\/wp-content\/uploads\/2023\/12\/televizoriaus-spintele-3.jpg","datePublished":"2024-02-13T13:19:44+00:00","breadcrumb":{"@id":"https:\/\/metaltale.com\/et\/toode\/factory-pine-2-toostuslikus-stiilis-telerilaud\/#breadcrumb"},"inLanguage":"et","potentialAction":[{"@type":"ReadAction","target":["https:\/\/metaltale.com\/et\/toode\/factory-pine-2-toostuslikus-stiilis-telerilaud\/"]}]},{"@type":"ImageObject","inLanguage":"et","@id":"https:\/\/metaltale.com\/et\/toode\/factory-pine-2-toostuslikus-stiilis-telerilaud\/#primaryimage","url":"https:\/\/metaltale.com\/wp-content\/uploads\/2023\/12\/televizoriaus-spintele-3.jpg","contentUrl":"https:\/\/metaltale.com\/wp-content\/uploads\/2023\/12\/televizoriaus-spintele-3.jpg","width":800,"height":800,"caption":"TV spintele"},{"@type":"BreadcrumbList","@id":"https:\/\/metaltale.com\/et\/toode\/factory-pine-2-toostuslikus-stiilis-telerilaud\/#breadcrumb","itemListElement":[{"@type":"ListItem","position":1,"name":"Home","item":"https:\/\/metaltale.com\/et\/kodu\/"},{"@type":"ListItem","position":2,"name":"Kauplus","item":"https:\/\/metaltale.com\/et\/shop\/"},{"@type":"ListItem","position":3,"name":"FACTORY PINE 2 t\u00f6\u00f6stuslikus stiilis telerilaud"}]},{"@type":"WebSite","@id":"https:\/\/metaltale.com\/et\/#website","url":"https:\/\/metaltale.com\/et\/","name":"Metaltale.com","description":"","potentialAction":[{"@type":"SearchAction","target":{"@type":"EntryPoint","urlTemplate":"https:\/\/metaltale.com\/et\/?s={search_term_string}"},"query-input":{"@type":"PropertyValueSpecification","valueRequired":true,"valueName":"search_term_string"}}],"inLanguage":"et"}]}},"_links":{"self":[{"href":"https:\/\/metaltale.com\/et\/wp-json\/wp\/v2\/product\/133467","targetHints":{"allow":["GET"]}}],"collection":[{"href":"https:\/\/metaltale.com\/et\/wp-json\/wp\/v2\/product"}],"about":[{"href":"https:\/\/metaltale.com\/et\/wp-json\/wp\/v2\/types\/product"}],"replies":[{"embeddable":true,"href":"https:\/\/metaltale.com\/et\/wp-json\/wp\/v2\/comments?post=133467"}],"version-history":[{"count":0,"href":"https:\/\/metaltale.com\/et\/wp-json\/wp\/v2\/product\/133467\/revisions"}],"wp:featuredmedia":[{"embeddable":true,"href":"https:\/\/metaltale.com\/et\/wp-json\/wp\/v2\/media\/119593"}],"wp:attachment":[{"href":"https:\/\/metaltale.com\/et\/wp-json\/wp\/v2\/media?parent=133467"}],"wp:term":[{"taxonomy":"product_brand","embeddable":true,"href":"https:\/\/metaltale.com\/et\/wp-json\/wp\/v2\/product_brand?post=133467"},{"taxonomy":"product_cat","embeddable":true,"href":"https:\/\/metaltale.com\/et\/wp-json\/wp\/v2\/product_cat?post=133467"},{"taxonomy":"product_tag","embeddable":true,"href":"https:\/\/metaltale.com\/et\/wp-json\/wp\/v2\/product_tag?post=133467"}],"curies":[{"name":"wp","href":"https:\/\/api.w.org\/{rel}","templated":true}]}}