{"id":133466,"date":"2024-02-13T15:19:44","date_gmt":"2024-02-13T13:19:44","guid":{"rendered":"https:\/\/metaltale.com\/produktas\/toostuslik-kirst-factory-pine-2\/"},"modified":"2024-02-13T15:19:44","modified_gmt":"2024-02-13T13:19:44","slug":"toostuslik-kirst-factory-pine-2","status":"publish","type":"product","link":"https:\/\/metaltale.com\/et\/toode\/toostuslik-kirst-factory-pine-2\/","title":{"rendered":"T\u00f6\u00f6stuslik kirst FACTORY PINE 2"},"content":{"rendered":"<div class=\"prod_data\">\n<p><strong>Mudel<\/strong> ZA.FAC.B1<br \/>\nFACTORY PINE <strong>kollektsioon<\/strong><br \/>\n<strong>EAN.<\/strong>  5905369914003<br \/>\n<strong>Materjal<\/strong> m\u00e4nnipuit, teras<br \/>\n<strong>\u00dcldine k\u00f5rgus (cm)<\/strong> 81<br \/>\n<strong>\u00dcldine laius (cm)<\/strong> 150<br \/>\n<strong>S\u00fcgavus (cm)<\/strong> 50<br \/>\n<strong>Tarne t\u00fc\u00fcp<\/strong> T\u00e4ielikult kokkupandud toode<\/p>\n<p>&#8211; t\u00f6\u00f6stuslik terasest ja m\u00e4nnist sahtli kapp<br \/>\n&#8211; kuus mahukat terasest sahtlit<br \/>\n&#8211; kuullaagritega liugurid sahtli lihtsaks eemaldamiseks<br \/>\n&#8211; konstruktsioon 80&#215;20 mm suletud profiiliga<br \/>\n&#8211; teras, mis on immutatud v\u00e4rvitu lakiga, et kaitsta kahjustuste ja kriimustuste eest.<br \/>\n&#8211; Veep\u00f5hise lakiga immutatud \u00fcmbert\u00f6\u00f6deldud m\u00e4nnipuit.<br \/>\n&#8211; kavandatud vananemise m\u00f5ju avaldub terase pinnal n\u00e4htavate kriimustuste n\u00e4ol.<br \/>\n&#8211; toodete v\u00e4rvus v\u00f5ib erineda galeriis olevatest piltidest tulenevalt individuaalsetest monitoriseadetest ja materjalide iseloomust &#8211; teras ja m\u00e4nnipuit on toorained, mille v\u00e4rvus, toon ja tekstuur v\u00f5ivad erineda \u00fckshaaval v\u00f5i tootmispartiide kaupa.<\/p>\n<hr>\n<p>Factory Pine kapp on m\u00f6\u00f6bel inimestele, kes hindavad originaalsust ja t\u00f6\u00f6stuslikku stiili. M\u00f6\u00f6bli tehase iseloomu peegeldavad paljastunud keevis\u00f5mblused ja neetid, kriimustused terases ja puidu karedus. Kuue metallist sahtliga kapp mahutab mitmesuguseid aardeid ja dokumente, sobib ideaalselt kontoritesse ja b\u00fcroodesse. Praktilised k\u00e4epidemed r\u00f5hutavad disaini t\u00f6\u00f6stuslikku iseloomu. Disaini s\u00fcmmeetria tagab harmoonia ja plekiga immutatud taaskasutatud m\u00e4nnipuit sulandub suurep\u00e4raselt vananenud terasega. Lauad ei ole liimitud ja nende vahel on v\u00e4iksemad v\u00f5i suuremad vahed, mis ei m\u00f5juta komoodi kasutatavust. See disainerm\u00f6\u00f6bel on erakordne sisustuselement, mis t\u00e4nu oma massiivsele kujule sobib h\u00f5lpsasti avarasse loft-interj\u00f6\u00f6ri. Stabiilne konstruktsioon tagab k\u00f5rgeima kvaliteedi, samas kui rafineeritud disain tagab ajatu v\u00f5lu ja tehase elegantsi.<\/p>\n<\/div>\n","protected":false},"excerpt":{"rendered":"<p>Mudel ZA.FAC.B1 FACTORY PINE kollektsioon EAN. 5905369914003 Materjal m\u00e4nnipuit, teras \u00dcldine k\u00f5rgus (cm) 81 \u00dcldine laius (cm) 150 S\u00fcgavus (cm)<\/p>\n","protected":false},"featured_media":115894,"comment_status":"open","ping_status":"closed","template":"","meta":{"_acf_changed":false,"pmpro_default_level":""},"product_brand":[],"product_cat":[24201,24138],"product_tag":[],"class_list":{"0":"post-133466","1":"product","2":"type-product","3":"status-publish","4":"has-post-thumbnail","6":"product_cat-kommodid","7":"product_cat-toostusmoobel","8":"pmpro-has-access","10":"first","11":"instock","12":"shipping-taxable","13":"purchasable","14":"product-type-simple"},"acf":[],"yoast_head":"<!-- This site is optimized with the Yoast SEO plugin v24.9 - https:\/\/yoast.com\/wordpress\/plugins\/seo\/ -->\n<title>T\u00f6\u00f6stuslik kirst FACTORY PINE 2 - MetalTale.com<\/title>\n<meta name=\"robots\" content=\"index, follow, max-snippet:-1, max-image-preview:large, max-video-preview:-1\" \/>\n<link rel=\"canonical\" href=\"https:\/\/metaltale.com\/et\/toode\/toostuslik-kirst-factory-pine-2\/\" \/>\n<meta property=\"og:locale\" content=\"et_EE\" \/>\n<meta property=\"og:type\" content=\"article\" \/>\n<meta property=\"og:title\" content=\"T\u00f6\u00f6stuslik kirst FACTORY PINE 2 - MetalTale.com\" \/>\n<meta property=\"og:description\" content=\"Mudel ZA.FAC.B1 FACTORY PINE kollektsioon EAN. 5905369914003 Materjal m\u00e4nnipuit, teras \u00dcldine k\u00f5rgus (cm) 81 \u00dcldine laius (cm) 150 S\u00fcgavus (cm)\" \/>\n<meta property=\"og:url\" content=\"https:\/\/metaltale.com\/et\/toode\/toostuslik-kirst-factory-pine-2\/\" \/>\n<meta property=\"og:site_name\" content=\"MetalTale.com\" \/>\n<meta name=\"twitter:card\" content=\"summary_large_image\" \/>\n<meta name=\"twitter:label1\" content=\"Est. reading time\" \/>\n\t<meta name=\"twitter:data1\" content=\"1 minut\" \/>\n<script type=\"application\/ld+json\" class=\"yoast-schema-graph\">{\"@context\":\"https:\/\/schema.org\",\"@graph\":[{\"@type\":\"WebPage\",\"@id\":\"https:\/\/metaltale.com\/et\/toode\/toostuslik-kirst-factory-pine-2\/\",\"url\":\"https:\/\/metaltale.com\/et\/toode\/toostuslik-kirst-factory-pine-2\/\",\"name\":\"T\u00f6\u00f6stuslik kirst FACTORY PINE 2 - MetalTale.com\",\"isPartOf\":{\"@id\":\"https:\/\/metaltale.com\/et\/#website\"},\"primaryImageOfPage\":{\"@id\":\"https:\/\/metaltale.com\/et\/toode\/toostuslik-kirst-factory-pine-2\/#primaryimage\"},\"image\":{\"@id\":\"https:\/\/metaltale.com\/et\/toode\/toostuslik-kirst-factory-pine-2\/#primaryimage\"},\"thumbnailUrl\":\"https:\/\/metaltale.com\/wp-content\/uploads\/2023\/12\/FACTORY-SOSNA-2-komodos.jpg\",\"datePublished\":\"2024-02-13T13:19:44+00:00\",\"breadcrumb\":{\"@id\":\"https:\/\/metaltale.com\/et\/toode\/toostuslik-kirst-factory-pine-2\/#breadcrumb\"},\"inLanguage\":\"et\",\"potentialAction\":[{\"@type\":\"ReadAction\",\"target\":[\"https:\/\/metaltale.com\/et\/toode\/toostuslik-kirst-factory-pine-2\/\"]}]},{\"@type\":\"ImageObject\",\"inLanguage\":\"et\",\"@id\":\"https:\/\/metaltale.com\/et\/toode\/toostuslik-kirst-factory-pine-2\/#primaryimage\",\"url\":\"https:\/\/metaltale.com\/wp-content\/uploads\/2023\/12\/FACTORY-SOSNA-2-komodos.jpg\",\"contentUrl\":\"https:\/\/metaltale.com\/wp-content\/uploads\/2023\/12\/FACTORY-SOSNA-2-komodos.jpg\",\"width\":800,\"height\":800,\"caption\":\"komodid\"},{\"@type\":\"BreadcrumbList\",\"@id\":\"https:\/\/metaltale.com\/et\/toode\/toostuslik-kirst-factory-pine-2\/#breadcrumb\",\"itemListElement\":[{\"@type\":\"ListItem\",\"position\":1,\"name\":\"Home\",\"item\":\"https:\/\/metaltale.com\/et\/kodu\/\"},{\"@type\":\"ListItem\",\"position\":2,\"name\":\"Kauplus\",\"item\":\"https:\/\/metaltale.com\/et\/shop\/\"},{\"@type\":\"ListItem\",\"position\":3,\"name\":\"T\u00f6\u00f6stuslik kirst FACTORY PINE 2\"}]},{\"@type\":\"WebSite\",\"@id\":\"https:\/\/metaltale.com\/et\/#website\",\"url\":\"https:\/\/metaltale.com\/et\/\",\"name\":\"Metaltale.com\",\"description\":\"\",\"potentialAction\":[{\"@type\":\"SearchAction\",\"target\":{\"@type\":\"EntryPoint\",\"urlTemplate\":\"https:\/\/metaltale.com\/et\/?s={search_term_string}\"},\"query-input\":{\"@type\":\"PropertyValueSpecification\",\"valueRequired\":true,\"valueName\":\"search_term_string\"}}],\"inLanguage\":\"et\"}]}<\/script>\n<!-- \/ Yoast SEO plugin. -->","yoast_head_json":{"title":"T\u00f6\u00f6stuslik kirst FACTORY PINE 2 - MetalTale.com","robots":{"index":"index","follow":"follow","max-snippet":"max-snippet:-1","max-image-preview":"max-image-preview:large","max-video-preview":"max-video-preview:-1"},"canonical":"https:\/\/metaltale.com\/et\/toode\/toostuslik-kirst-factory-pine-2\/","og_locale":"et_EE","og_type":"article","og_title":"T\u00f6\u00f6stuslik kirst FACTORY PINE 2 - MetalTale.com","og_description":"Mudel ZA.FAC.B1 FACTORY PINE kollektsioon EAN. 5905369914003 Materjal m\u00e4nnipuit, teras \u00dcldine k\u00f5rgus (cm) 81 \u00dcldine laius (cm) 150 S\u00fcgavus (cm)","og_url":"https:\/\/metaltale.com\/et\/toode\/toostuslik-kirst-factory-pine-2\/","og_site_name":"MetalTale.com","twitter_card":"summary_large_image","twitter_misc":{"Est. reading time":"1 minut"},"schema":{"@context":"https:\/\/schema.org","@graph":[{"@type":"WebPage","@id":"https:\/\/metaltale.com\/et\/toode\/toostuslik-kirst-factory-pine-2\/","url":"https:\/\/metaltale.com\/et\/toode\/toostuslik-kirst-factory-pine-2\/","name":"T\u00f6\u00f6stuslik kirst FACTORY PINE 2 - MetalTale.com","isPartOf":{"@id":"https:\/\/metaltale.com\/et\/#website"},"primaryImageOfPage":{"@id":"https:\/\/metaltale.com\/et\/toode\/toostuslik-kirst-factory-pine-2\/#primaryimage"},"image":{"@id":"https:\/\/metaltale.com\/et\/toode\/toostuslik-kirst-factory-pine-2\/#primaryimage"},"thumbnailUrl":"https:\/\/metaltale.com\/wp-content\/uploads\/2023\/12\/FACTORY-SOSNA-2-komodos.jpg","datePublished":"2024-02-13T13:19:44+00:00","breadcrumb":{"@id":"https:\/\/metaltale.com\/et\/toode\/toostuslik-kirst-factory-pine-2\/#breadcrumb"},"inLanguage":"et","potentialAction":[{"@type":"ReadAction","target":["https:\/\/metaltale.com\/et\/toode\/toostuslik-kirst-factory-pine-2\/"]}]},{"@type":"ImageObject","inLanguage":"et","@id":"https:\/\/metaltale.com\/et\/toode\/toostuslik-kirst-factory-pine-2\/#primaryimage","url":"https:\/\/metaltale.com\/wp-content\/uploads\/2023\/12\/FACTORY-SOSNA-2-komodos.jpg","contentUrl":"https:\/\/metaltale.com\/wp-content\/uploads\/2023\/12\/FACTORY-SOSNA-2-komodos.jpg","width":800,"height":800,"caption":"komodid"},{"@type":"BreadcrumbList","@id":"https:\/\/metaltale.com\/et\/toode\/toostuslik-kirst-factory-pine-2\/#breadcrumb","itemListElement":[{"@type":"ListItem","position":1,"name":"Home","item":"https:\/\/metaltale.com\/et\/kodu\/"},{"@type":"ListItem","position":2,"name":"Kauplus","item":"https:\/\/metaltale.com\/et\/shop\/"},{"@type":"ListItem","position":3,"name":"T\u00f6\u00f6stuslik kirst FACTORY PINE 2"}]},{"@type":"WebSite","@id":"https:\/\/metaltale.com\/et\/#website","url":"https:\/\/metaltale.com\/et\/","name":"Metaltale.com","description":"","potentialAction":[{"@type":"SearchAction","target":{"@type":"EntryPoint","urlTemplate":"https:\/\/metaltale.com\/et\/?s={search_term_string}"},"query-input":{"@type":"PropertyValueSpecification","valueRequired":true,"valueName":"search_term_string"}}],"inLanguage":"et"}]}},"_links":{"self":[{"href":"https:\/\/metaltale.com\/et\/wp-json\/wp\/v2\/product\/133466","targetHints":{"allow":["GET"]}}],"collection":[{"href":"https:\/\/metaltale.com\/et\/wp-json\/wp\/v2\/product"}],"about":[{"href":"https:\/\/metaltale.com\/et\/wp-json\/wp\/v2\/types\/product"}],"replies":[{"embeddable":true,"href":"https:\/\/metaltale.com\/et\/wp-json\/wp\/v2\/comments?post=133466"}],"version-history":[{"count":0,"href":"https:\/\/metaltale.com\/et\/wp-json\/wp\/v2\/product\/133466\/revisions"}],"wp:featuredmedia":[{"embeddable":true,"href":"https:\/\/metaltale.com\/et\/wp-json\/wp\/v2\/media\/115894"}],"wp:attachment":[{"href":"https:\/\/metaltale.com\/et\/wp-json\/wp\/v2\/media?parent=133466"}],"wp:term":[{"taxonomy":"product_brand","embeddable":true,"href":"https:\/\/metaltale.com\/et\/wp-json\/wp\/v2\/product_brand?post=133466"},{"taxonomy":"product_cat","embeddable":true,"href":"https:\/\/metaltale.com\/et\/wp-json\/wp\/v2\/product_cat?post=133466"},{"taxonomy":"product_tag","embeddable":true,"href":"https:\/\/metaltale.com\/et\/wp-json\/wp\/v2\/product_tag?post=133466"}],"curies":[{"name":"wp","href":"https:\/\/api.w.org\/{rel}","templated":true}]}}