{"id":133455,"date":"2024-02-13T15:21:45","date_gmt":"2024-02-13T13:21:45","guid":{"rendered":"https:\/\/metaltale.com\/produktas\/riiulihoidja-kinesi-draagon-260x245mm-naturalus\/"},"modified":"2024-02-13T15:21:45","modified_gmt":"2024-02-13T13:21:45","slug":"riiulihoidja-kinesi-draagon-260x245mm-naturalus","status":"publish","type":"product","link":"https:\/\/metaltale.com\/et\/toode\/riiulihoidja-kinesi-draagon-260x245mm-naturalus\/","title":{"rendered":"Riiulihoidja KINESI DRAAGON 260x245mm NATURALUS"},"content":{"rendered":"<div class=\"prod_data\">\n<p><strong>Mudel<\/strong> 30.070A.AI.260<br \/>\n<strong>EAN.<\/strong>  5905369922299<br \/>\nMaterjal Ketus<br \/>\n<strong>\u00dcldine k\u00f5rgus (cm<\/strong> ) 24,5<br \/>\n\u00dcldine laius (cm) 4,5<br \/>\n<strong>Koguprojektsioon (cm)<\/strong> 26<br \/>\nPaigalduskruvid Jah<br \/>\n<strong>V\u00e4rv<\/strong> teras<br \/>\nKogus komplekti kohta 1 tk.<\/p>\n<p>&#8211; massiivsest malmist konsool, millel on k\u00e4sitsi viimistletud detailid<br \/>\n&#8211; Laineeritud kinnitusaugud v\u00f5imaldavad kruvide asetamist kinnituspinnaga tasakesi, mille tulemuseks on \u00f5mblusteta pind.<br \/>\n&#8211; toote vastupidavus tagab kogu riiuli stabiilsuse<br \/>\n&#8211; see v\u00f5ib olla valmistatud MDF- v\u00f5i puitlaastplaadist, kuid k\u00f5ige paremini sobib hoidja naturaalsest puidust.<br \/>\n&#8211; \u00fcmardatud servad on esteetiliselt meeldivad ja ohutud kasutada<br \/>\n&#8211; Klamber on eriti muljetavaldav t\u00e4nu selle hoolikale teostusele ja t\u00e4helepanelikkusele detailide suhtes.<\/p>\n<hr>\n<p>Originaalne ja pilkup\u00fc\u00fcdev CHINESE DRAGON sulg sobib ideaalselt igasse retrointerj\u00f6\u00f6ri ning t\u00e4iendab avaramaid ja industriaalseid interj\u00f6\u00f6re. L\u00e4bim\u00f5eldud ja detailidele t\u00e4helepanu p\u00f6\u00f6ranud t\u00f6\u00f6d saab kasutada ka moodsas elutoas v\u00f5i koridoris. Konsool on kasulik kui tugev riiul raamatute v\u00f5i kaunistuste jaoks.<\/p>\n<p>*Riiulite klambrid on k\u00e4sitsi valmistatud, seega v\u00f5ib esineda v\u00e4ike k\u00f5rvalekalle (mitte t\u00e4pselt 90\u00b0).<\/p>\n<\/div>\n","protected":false},"excerpt":{"rendered":"<p>Mudel 30.070A.AI.260 EAN. 5905369922299 Materjal Ketus \u00dcldine k\u00f5rgus (cm ) 24,5 \u00dcldine laius (cm) 4,5 Koguprojektsioon (cm) 26 Paigalduskruvid Jah<\/p>\n","protected":false},"featured_media":95754,"comment_status":"open","ping_status":"closed","template":"","meta":{"_acf_changed":false,"pmpro_default_level":""},"product_brand":[],"product_cat":[23859,23836],"product_tag":[],"class_list":{"0":"post-133455","1":"product","2":"type-product","3":"status-publish","4":"has-post-thumbnail","6":"product_cat-lentynu-laikikliai-et","7":"product_cat-moobli-tarvikud","8":"pmpro-has-access","10":"first","11":"instock","12":"shipping-taxable","13":"purchasable","14":"product-type-simple"},"acf":[],"yoast_head":"<!-- This site is optimized with the Yoast SEO plugin v24.9 - https:\/\/yoast.com\/wordpress\/plugins\/seo\/ -->\n<title>Riiulihoidja KINESI DRAAGON 260x245mm NATURALUS - MetalTale.com<\/title>\n<meta name=\"robots\" content=\"index, follow, max-snippet:-1, max-image-preview:large, max-video-preview:-1\" \/>\n<link rel=\"canonical\" href=\"https:\/\/metaltale.com\/et\/toode\/riiulihoidja-kinesi-draagon-260x245mm-naturalus\/\" \/>\n<meta property=\"og:locale\" content=\"et_EE\" \/>\n<meta property=\"og:type\" content=\"article\" \/>\n<meta property=\"og:title\" content=\"Riiulihoidja KINESI DRAAGON 260x245mm NATURALUS - MetalTale.com\" \/>\n<meta property=\"og:description\" content=\"Mudel 30.070A.AI.260 EAN. 5905369922299 Materjal Ketus \u00dcldine k\u00f5rgus (cm ) 24,5 \u00dcldine laius (cm) 4,5 Koguprojektsioon (cm) 26 Paigalduskruvid Jah\" \/>\n<meta property=\"og:url\" content=\"https:\/\/metaltale.com\/et\/toode\/riiulihoidja-kinesi-draagon-260x245mm-naturalus\/\" \/>\n<meta property=\"og:site_name\" content=\"MetalTale.com\" \/>\n<meta property=\"og:image\" content=\"https:\/\/metaltale.com\/wp-content\/uploads\/2023\/10\/SMOK-CHINESE-260x245-plieninis-laikiklis.jpg\" \/>\n\t<meta property=\"og:image:width\" content=\"800\" \/>\n\t<meta property=\"og:image:height\" content=\"800\" \/>\n\t<meta property=\"og:image:type\" content=\"image\/jpeg\" \/>\n<meta name=\"twitter:card\" content=\"summary_large_image\" \/>\n<meta name=\"twitter:label1\" content=\"Est. reading time\" \/>\n\t<meta name=\"twitter:data1\" content=\"1 minut\" \/>\n<script type=\"application\/ld+json\" class=\"yoast-schema-graph\">{\"@context\":\"https:\/\/schema.org\",\"@graph\":[{\"@type\":\"WebPage\",\"@id\":\"https:\/\/metaltale.com\/et\/toode\/riiulihoidja-kinesi-draagon-260x245mm-naturalus\/\",\"url\":\"https:\/\/metaltale.com\/et\/toode\/riiulihoidja-kinesi-draagon-260x245mm-naturalus\/\",\"name\":\"Riiulihoidja KINESI DRAAGON 260x245mm NATURALUS - MetalTale.com\",\"isPartOf\":{\"@id\":\"https:\/\/metaltale.com\/et\/#website\"},\"primaryImageOfPage\":{\"@id\":\"https:\/\/metaltale.com\/et\/toode\/riiulihoidja-kinesi-draagon-260x245mm-naturalus\/#primaryimage\"},\"image\":{\"@id\":\"https:\/\/metaltale.com\/et\/toode\/riiulihoidja-kinesi-draagon-260x245mm-naturalus\/#primaryimage\"},\"thumbnailUrl\":\"https:\/\/metaltale.com\/wp-content\/uploads\/2023\/10\/SMOK-CHINESE-260x245-plieninis-laikiklis.jpg\",\"datePublished\":\"2024-02-13T13:21:45+00:00\",\"breadcrumb\":{\"@id\":\"https:\/\/metaltale.com\/et\/toode\/riiulihoidja-kinesi-draagon-260x245mm-naturalus\/#breadcrumb\"},\"inLanguage\":\"et\",\"potentialAction\":[{\"@type\":\"ReadAction\",\"target\":[\"https:\/\/metaltale.com\/et\/toode\/riiulihoidja-kinesi-draagon-260x245mm-naturalus\/\"]}]},{\"@type\":\"ImageObject\",\"inLanguage\":\"et\",\"@id\":\"https:\/\/metaltale.com\/et\/toode\/riiulihoidja-kinesi-draagon-260x245mm-naturalus\/#primaryimage\",\"url\":\"https:\/\/metaltale.com\/wp-content\/uploads\/2023\/10\/SMOK-CHINESE-260x245-plieninis-laikiklis.jpg\",\"contentUrl\":\"https:\/\/metaltale.com\/wp-content\/uploads\/2023\/10\/SMOK-CHINESE-260x245-plieninis-laikiklis.jpg\",\"width\":800,\"height\":800,\"caption\":\"Riiulihoidja KINESI DRAAGON 260x245mm NATURALUS\"},{\"@type\":\"BreadcrumbList\",\"@id\":\"https:\/\/metaltale.com\/et\/toode\/riiulihoidja-kinesi-draagon-260x245mm-naturalus\/#breadcrumb\",\"itemListElement\":[{\"@type\":\"ListItem\",\"position\":1,\"name\":\"Home\",\"item\":\"https:\/\/metaltale.com\/et\/kodu\/\"},{\"@type\":\"ListItem\",\"position\":2,\"name\":\"Kauplus\",\"item\":\"https:\/\/metaltale.com\/et\/shop\/\"},{\"@type\":\"ListItem\",\"position\":3,\"name\":\"Riiulihoidja KINESI DRAAGON 260x245mm NATURALUS\"}]},{\"@type\":\"WebSite\",\"@id\":\"https:\/\/metaltale.com\/et\/#website\",\"url\":\"https:\/\/metaltale.com\/et\/\",\"name\":\"Metaltale.com\",\"description\":\"\",\"potentialAction\":[{\"@type\":\"SearchAction\",\"target\":{\"@type\":\"EntryPoint\",\"urlTemplate\":\"https:\/\/metaltale.com\/et\/?s={search_term_string}\"},\"query-input\":{\"@type\":\"PropertyValueSpecification\",\"valueRequired\":true,\"valueName\":\"search_term_string\"}}],\"inLanguage\":\"et\"}]}<\/script>\n<!-- \/ Yoast SEO plugin. -->","yoast_head_json":{"title":"Riiulihoidja KINESI DRAAGON 260x245mm NATURALUS - MetalTale.com","robots":{"index":"index","follow":"follow","max-snippet":"max-snippet:-1","max-image-preview":"max-image-preview:large","max-video-preview":"max-video-preview:-1"},"canonical":"https:\/\/metaltale.com\/et\/toode\/riiulihoidja-kinesi-draagon-260x245mm-naturalus\/","og_locale":"et_EE","og_type":"article","og_title":"Riiulihoidja KINESI DRAAGON 260x245mm NATURALUS - MetalTale.com","og_description":"Mudel 30.070A.AI.260 EAN. 5905369922299 Materjal Ketus \u00dcldine k\u00f5rgus (cm ) 24,5 \u00dcldine laius (cm) 4,5 Koguprojektsioon (cm) 26 Paigalduskruvid Jah","og_url":"https:\/\/metaltale.com\/et\/toode\/riiulihoidja-kinesi-draagon-260x245mm-naturalus\/","og_site_name":"MetalTale.com","og_image":[{"width":800,"height":800,"url":"https:\/\/metaltale.com\/wp-content\/uploads\/2023\/10\/SMOK-CHINESE-260x245-plieninis-laikiklis.jpg","type":"image\/jpeg"}],"twitter_card":"summary_large_image","twitter_misc":{"Est. reading time":"1 minut"},"schema":{"@context":"https:\/\/schema.org","@graph":[{"@type":"WebPage","@id":"https:\/\/metaltale.com\/et\/toode\/riiulihoidja-kinesi-draagon-260x245mm-naturalus\/","url":"https:\/\/metaltale.com\/et\/toode\/riiulihoidja-kinesi-draagon-260x245mm-naturalus\/","name":"Riiulihoidja KINESI DRAAGON 260x245mm NATURALUS - MetalTale.com","isPartOf":{"@id":"https:\/\/metaltale.com\/et\/#website"},"primaryImageOfPage":{"@id":"https:\/\/metaltale.com\/et\/toode\/riiulihoidja-kinesi-draagon-260x245mm-naturalus\/#primaryimage"},"image":{"@id":"https:\/\/metaltale.com\/et\/toode\/riiulihoidja-kinesi-draagon-260x245mm-naturalus\/#primaryimage"},"thumbnailUrl":"https:\/\/metaltale.com\/wp-content\/uploads\/2023\/10\/SMOK-CHINESE-260x245-plieninis-laikiklis.jpg","datePublished":"2024-02-13T13:21:45+00:00","breadcrumb":{"@id":"https:\/\/metaltale.com\/et\/toode\/riiulihoidja-kinesi-draagon-260x245mm-naturalus\/#breadcrumb"},"inLanguage":"et","potentialAction":[{"@type":"ReadAction","target":["https:\/\/metaltale.com\/et\/toode\/riiulihoidja-kinesi-draagon-260x245mm-naturalus\/"]}]},{"@type":"ImageObject","inLanguage":"et","@id":"https:\/\/metaltale.com\/et\/toode\/riiulihoidja-kinesi-draagon-260x245mm-naturalus\/#primaryimage","url":"https:\/\/metaltale.com\/wp-content\/uploads\/2023\/10\/SMOK-CHINESE-260x245-plieninis-laikiklis.jpg","contentUrl":"https:\/\/metaltale.com\/wp-content\/uploads\/2023\/10\/SMOK-CHINESE-260x245-plieninis-laikiklis.jpg","width":800,"height":800,"caption":"Riiulihoidja KINESI DRAAGON 260x245mm NATURALUS"},{"@type":"BreadcrumbList","@id":"https:\/\/metaltale.com\/et\/toode\/riiulihoidja-kinesi-draagon-260x245mm-naturalus\/#breadcrumb","itemListElement":[{"@type":"ListItem","position":1,"name":"Home","item":"https:\/\/metaltale.com\/et\/kodu\/"},{"@type":"ListItem","position":2,"name":"Kauplus","item":"https:\/\/metaltale.com\/et\/shop\/"},{"@type":"ListItem","position":3,"name":"Riiulihoidja KINESI DRAAGON 260x245mm NATURALUS"}]},{"@type":"WebSite","@id":"https:\/\/metaltale.com\/et\/#website","url":"https:\/\/metaltale.com\/et\/","name":"Metaltale.com","description":"","potentialAction":[{"@type":"SearchAction","target":{"@type":"EntryPoint","urlTemplate":"https:\/\/metaltale.com\/et\/?s={search_term_string}"},"query-input":{"@type":"PropertyValueSpecification","valueRequired":true,"valueName":"search_term_string"}}],"inLanguage":"et"}]}},"_links":{"self":[{"href":"https:\/\/metaltale.com\/et\/wp-json\/wp\/v2\/product\/133455","targetHints":{"allow":["GET"]}}],"collection":[{"href":"https:\/\/metaltale.com\/et\/wp-json\/wp\/v2\/product"}],"about":[{"href":"https:\/\/metaltale.com\/et\/wp-json\/wp\/v2\/types\/product"}],"replies":[{"embeddable":true,"href":"https:\/\/metaltale.com\/et\/wp-json\/wp\/v2\/comments?post=133455"}],"version-history":[{"count":0,"href":"https:\/\/metaltale.com\/et\/wp-json\/wp\/v2\/product\/133455\/revisions"}],"wp:featuredmedia":[{"embeddable":true,"href":"https:\/\/metaltale.com\/et\/wp-json\/wp\/v2\/media\/95754"}],"wp:attachment":[{"href":"https:\/\/metaltale.com\/et\/wp-json\/wp\/v2\/media?parent=133455"}],"wp:term":[{"taxonomy":"product_brand","embeddable":true,"href":"https:\/\/metaltale.com\/et\/wp-json\/wp\/v2\/product_brand?post=133455"},{"taxonomy":"product_cat","embeddable":true,"href":"https:\/\/metaltale.com\/et\/wp-json\/wp\/v2\/product_cat?post=133455"},{"taxonomy":"product_tag","embeddable":true,"href":"https:\/\/metaltale.com\/et\/wp-json\/wp\/v2\/product_tag?post=133455"}],"curies":[{"name":"wp","href":"https:\/\/api.w.org\/{rel}","templated":true}]}}