{"id":133410,"date":"2024-02-13T15:23:05","date_gmt":"2024-02-13T13:23:05","guid":{"rendered":"https:\/\/metaltale.com\/produktas\/dekoratiivne-metallplaat-ac-dc-hells-bells-kellad\/"},"modified":"2024-02-13T15:23:05","modified_gmt":"2024-02-13T13:23:05","slug":"dekoratiivne-metallplaat-ac-dc-hells-bells-kellad","status":"publish","type":"product","link":"https:\/\/metaltale.com\/et\/toode\/dekoratiivne-metallplaat-ac-dc-hells-bells-kellad\/","title":{"rendered":"Dekoratiivne metallplaat AC DC HELLS BELLS KELLAD"},"content":{"rendered":"<div class=\"prod_data\"><strong>Mudel<\/strong> IN.40177  <br \/><strong>EAN.<\/strong>  5907772076019  <br \/><strong>Orienteerimine<\/strong> Vertikaalne  <br \/><strong>Tuba<\/strong> Baar, kohvik, restoran  <br \/><strong>Motiiv<\/strong> muusika  <br \/><strong>Materjal<\/strong> teras  <br \/><strong>Laius (cm)<\/strong> 20  <br \/><strong>K\u00f5rgus (cm)<\/strong> 30  <br \/><strong>Kujundid Ristk\u00fclikukujuline<\/strong>  <\/p>\n<p>Ristk\u00fclikukujuline dekoratiivplaat, mis on valmistatud metallist. Laud on kaetud tugevalt abrasiivse v\u00e4rviga ja selle nurgad on \u00fcmarad, et seda oleks ohutu kasutada. Laua saab kindlalt kinnitada t\u00e4nu v\u00e4ikestele aukudele toote igas nurgas. Korrosiooni- ja kulumisj\u00e4ljed tagavad selle autentsuse.<\/p>\n<p>Tootel on AC\/DC HELLS BELLE logo.<\/p>\n<p>See m\u00e4rk sobib suurep\u00e4raselt nii retro- kui ka vintage-interj\u00f6\u00f6ridesse ning on erakordne kaunistus pubide ja restoranide jaoks.<br \/>Metalliplakat on samuti originaalne kingiidee, eriti b\u00e4ndi f\u00e4nnidele.<\/p>\n<\/div>\n","protected":false},"excerpt":{"rendered":"<p>Mudel IN.40177 EAN. 5907772076019 Orienteerimine Vertikaalne Tuba Baar, kohvik, restoran Motiiv muusika Materjal teras Laius (cm) 20 K\u00f5rgus (cm) 30<\/p>\n","protected":false},"featured_media":75459,"comment_status":"open","ping_status":"closed","template":"","meta":{"_acf_changed":false,"pmpro_default_level":""},"product_brand":[],"product_cat":[23895],"product_tag":[],"class_list":{"0":"post-133410","1":"product","2":"type-product","3":"status-publish","4":"has-post-thumbnail","6":"product_cat-kaunistused","7":"pmpro-has-access","9":"first","10":"instock","11":"shipping-taxable","12":"purchasable","13":"product-type-simple"},"acf":[],"yoast_head":"<!-- This site is optimized with the Yoast SEO plugin v24.9 - https:\/\/yoast.com\/wordpress\/plugins\/seo\/ -->\n<title>Dekoratiivne metallplaat AC DC HELLS BELLS KELLAD - MetalTale.com<\/title>\n<meta name=\"robots\" content=\"index, follow, max-snippet:-1, max-image-preview:large, max-video-preview:-1\" \/>\n<link rel=\"canonical\" href=\"https:\/\/metaltale.com\/et\/toode\/dekoratiivne-metallplaat-ac-dc-hells-bells-kellad\/\" \/>\n<meta property=\"og:locale\" content=\"et_EE\" \/>\n<meta property=\"og:type\" content=\"article\" \/>\n<meta property=\"og:title\" content=\"Dekoratiivne metallplaat AC DC HELLS BELLS KELLAD - MetalTale.com\" \/>\n<meta property=\"og:description\" content=\"Mudel IN.40177 EAN. 5907772076019 Orienteerimine Vertikaalne Tuba Baar, kohvik, restoran Motiiv muusika Materjal teras Laius (cm) 20 K\u00f5rgus (cm) 30\" \/>\n<meta property=\"og:url\" content=\"https:\/\/metaltale.com\/et\/toode\/dekoratiivne-metallplaat-ac-dc-hells-bells-kellad\/\" \/>\n<meta property=\"og:site_name\" content=\"MetalTale.com\" \/>\n<meta name=\"twitter:card\" content=\"summary_large_image\" \/>\n<meta name=\"twitter:label1\" content=\"Est. reading time\" \/>\n\t<meta name=\"twitter:data1\" content=\"1 minut\" \/>\n<script type=\"application\/ld+json\" class=\"yoast-schema-graph\">{\"@context\":\"https:\/\/schema.org\",\"@graph\":[{\"@type\":\"WebPage\",\"@id\":\"https:\/\/metaltale.com\/et\/toode\/dekoratiivne-metallplaat-ac-dc-hells-bells-kellad\/\",\"url\":\"https:\/\/metaltale.com\/et\/toode\/dekoratiivne-metallplaat-ac-dc-hells-bells-kellad\/\",\"name\":\"Dekoratiivne metallplaat AC DC HELLS BELLS KELLAD - MetalTale.com\",\"isPartOf\":{\"@id\":\"https:\/\/metaltale.com\/et\/#website\"},\"primaryImageOfPage\":{\"@id\":\"https:\/\/metaltale.com\/et\/toode\/dekoratiivne-metallplaat-ac-dc-hells-bells-kellad\/#primaryimage\"},\"image\":{\"@id\":\"https:\/\/metaltale.com\/et\/toode\/dekoratiivne-metallplaat-ac-dc-hells-bells-kellad\/#primaryimage\"},\"thumbnailUrl\":\"https:\/\/metaltale.com\/wp-content\/uploads\/2023\/09\/tabliczki-metalowe-retro-13932.jpg\",\"datePublished\":\"2024-02-13T13:23:05+00:00\",\"breadcrumb\":{\"@id\":\"https:\/\/metaltale.com\/et\/toode\/dekoratiivne-metallplaat-ac-dc-hells-bells-kellad\/#breadcrumb\"},\"inLanguage\":\"et\",\"potentialAction\":[{\"@type\":\"ReadAction\",\"target\":[\"https:\/\/metaltale.com\/et\/toode\/dekoratiivne-metallplaat-ac-dc-hells-bells-kellad\/\"]}]},{\"@type\":\"ImageObject\",\"inLanguage\":\"et\",\"@id\":\"https:\/\/metaltale.com\/et\/toode\/dekoratiivne-metallplaat-ac-dc-hells-bells-kellad\/#primaryimage\",\"url\":\"https:\/\/metaltale.com\/wp-content\/uploads\/2023\/09\/tabliczki-metalowe-retro-13932.jpg\",\"contentUrl\":\"https:\/\/metaltale.com\/wp-content\/uploads\/2023\/09\/tabliczki-metalowe-retro-13932.jpg\",\"width\":800,\"height\":800},{\"@type\":\"BreadcrumbList\",\"@id\":\"https:\/\/metaltale.com\/et\/toode\/dekoratiivne-metallplaat-ac-dc-hells-bells-kellad\/#breadcrumb\",\"itemListElement\":[{\"@type\":\"ListItem\",\"position\":1,\"name\":\"Home\",\"item\":\"https:\/\/metaltale.com\/et\/kodu\/\"},{\"@type\":\"ListItem\",\"position\":2,\"name\":\"Kauplus\",\"item\":\"https:\/\/metaltale.com\/et\/shop\/\"},{\"@type\":\"ListItem\",\"position\":3,\"name\":\"Dekoratiivne metallplaat AC DC HELLS BELLS KELLAD\"}]},{\"@type\":\"WebSite\",\"@id\":\"https:\/\/metaltale.com\/et\/#website\",\"url\":\"https:\/\/metaltale.com\/et\/\",\"name\":\"Metaltale.com\",\"description\":\"\",\"potentialAction\":[{\"@type\":\"SearchAction\",\"target\":{\"@type\":\"EntryPoint\",\"urlTemplate\":\"https:\/\/metaltale.com\/et\/?s={search_term_string}\"},\"query-input\":{\"@type\":\"PropertyValueSpecification\",\"valueRequired\":true,\"valueName\":\"search_term_string\"}}],\"inLanguage\":\"et\"}]}<\/script>\n<!-- \/ Yoast SEO plugin. -->","yoast_head_json":{"title":"Dekoratiivne metallplaat AC DC HELLS BELLS KELLAD - MetalTale.com","robots":{"index":"index","follow":"follow","max-snippet":"max-snippet:-1","max-image-preview":"max-image-preview:large","max-video-preview":"max-video-preview:-1"},"canonical":"https:\/\/metaltale.com\/et\/toode\/dekoratiivne-metallplaat-ac-dc-hells-bells-kellad\/","og_locale":"et_EE","og_type":"article","og_title":"Dekoratiivne metallplaat AC DC HELLS BELLS KELLAD - MetalTale.com","og_description":"Mudel IN.40177 EAN. 5907772076019 Orienteerimine Vertikaalne Tuba Baar, kohvik, restoran Motiiv muusika Materjal teras Laius (cm) 20 K\u00f5rgus (cm) 30","og_url":"https:\/\/metaltale.com\/et\/toode\/dekoratiivne-metallplaat-ac-dc-hells-bells-kellad\/","og_site_name":"MetalTale.com","twitter_card":"summary_large_image","twitter_misc":{"Est. reading time":"1 minut"},"schema":{"@context":"https:\/\/schema.org","@graph":[{"@type":"WebPage","@id":"https:\/\/metaltale.com\/et\/toode\/dekoratiivne-metallplaat-ac-dc-hells-bells-kellad\/","url":"https:\/\/metaltale.com\/et\/toode\/dekoratiivne-metallplaat-ac-dc-hells-bells-kellad\/","name":"Dekoratiivne metallplaat AC DC HELLS BELLS KELLAD - MetalTale.com","isPartOf":{"@id":"https:\/\/metaltale.com\/et\/#website"},"primaryImageOfPage":{"@id":"https:\/\/metaltale.com\/et\/toode\/dekoratiivne-metallplaat-ac-dc-hells-bells-kellad\/#primaryimage"},"image":{"@id":"https:\/\/metaltale.com\/et\/toode\/dekoratiivne-metallplaat-ac-dc-hells-bells-kellad\/#primaryimage"},"thumbnailUrl":"https:\/\/metaltale.com\/wp-content\/uploads\/2023\/09\/tabliczki-metalowe-retro-13932.jpg","datePublished":"2024-02-13T13:23:05+00:00","breadcrumb":{"@id":"https:\/\/metaltale.com\/et\/toode\/dekoratiivne-metallplaat-ac-dc-hells-bells-kellad\/#breadcrumb"},"inLanguage":"et","potentialAction":[{"@type":"ReadAction","target":["https:\/\/metaltale.com\/et\/toode\/dekoratiivne-metallplaat-ac-dc-hells-bells-kellad\/"]}]},{"@type":"ImageObject","inLanguage":"et","@id":"https:\/\/metaltale.com\/et\/toode\/dekoratiivne-metallplaat-ac-dc-hells-bells-kellad\/#primaryimage","url":"https:\/\/metaltale.com\/wp-content\/uploads\/2023\/09\/tabliczki-metalowe-retro-13932.jpg","contentUrl":"https:\/\/metaltale.com\/wp-content\/uploads\/2023\/09\/tabliczki-metalowe-retro-13932.jpg","width":800,"height":800},{"@type":"BreadcrumbList","@id":"https:\/\/metaltale.com\/et\/toode\/dekoratiivne-metallplaat-ac-dc-hells-bells-kellad\/#breadcrumb","itemListElement":[{"@type":"ListItem","position":1,"name":"Home","item":"https:\/\/metaltale.com\/et\/kodu\/"},{"@type":"ListItem","position":2,"name":"Kauplus","item":"https:\/\/metaltale.com\/et\/shop\/"},{"@type":"ListItem","position":3,"name":"Dekoratiivne metallplaat AC DC HELLS BELLS KELLAD"}]},{"@type":"WebSite","@id":"https:\/\/metaltale.com\/et\/#website","url":"https:\/\/metaltale.com\/et\/","name":"Metaltale.com","description":"","potentialAction":[{"@type":"SearchAction","target":{"@type":"EntryPoint","urlTemplate":"https:\/\/metaltale.com\/et\/?s={search_term_string}"},"query-input":{"@type":"PropertyValueSpecification","valueRequired":true,"valueName":"search_term_string"}}],"inLanguage":"et"}]}},"_links":{"self":[{"href":"https:\/\/metaltale.com\/et\/wp-json\/wp\/v2\/product\/133410","targetHints":{"allow":["GET"]}}],"collection":[{"href":"https:\/\/metaltale.com\/et\/wp-json\/wp\/v2\/product"}],"about":[{"href":"https:\/\/metaltale.com\/et\/wp-json\/wp\/v2\/types\/product"}],"replies":[{"embeddable":true,"href":"https:\/\/metaltale.com\/et\/wp-json\/wp\/v2\/comments?post=133410"}],"version-history":[{"count":0,"href":"https:\/\/metaltale.com\/et\/wp-json\/wp\/v2\/product\/133410\/revisions"}],"wp:featuredmedia":[{"embeddable":true,"href":"https:\/\/metaltale.com\/et\/wp-json\/wp\/v2\/media\/75459"}],"wp:attachment":[{"href":"https:\/\/metaltale.com\/et\/wp-json\/wp\/v2\/media?parent=133410"}],"wp:term":[{"taxonomy":"product_brand","embeddable":true,"href":"https:\/\/metaltale.com\/et\/wp-json\/wp\/v2\/product_brand?post=133410"},{"taxonomy":"product_cat","embeddable":true,"href":"https:\/\/metaltale.com\/et\/wp-json\/wp\/v2\/product_cat?post=133410"},{"taxonomy":"product_tag","embeddable":true,"href":"https:\/\/metaltale.com\/et\/wp-json\/wp\/v2\/product_tag?post=133410"}],"curies":[{"name":"wp","href":"https:\/\/api.w.org\/{rel}","templated":true}]}}