{"id":133400,"date":"2024-02-13T15:21:45","date_gmt":"2024-02-13T13:21:45","guid":{"rendered":"https:\/\/metaltale.com\/produktas\/toostuslik-loft-raamatukapp-factory-pine-4\/"},"modified":"2024-02-13T15:21:45","modified_gmt":"2024-02-13T13:21:45","slug":"toostuslik-loft-raamatukapp-factory-pine-4","status":"publish","type":"product","link":"https:\/\/metaltale.com\/et\/toode\/toostuslik-loft-raamatukapp-factory-pine-4\/","title":{"rendered":"T\u00f6\u00f6stuslik loft raamatukapp FACTORY PINE 4"},"content":{"rendered":"<div class=\"prod_data\">\n<p><strong>Mudel<\/strong> ZA.FAC.G2<br \/>\nFACTORY PINE <strong>kollektsioon<\/strong><br \/>\n<strong>EAN.<\/strong>  5905369914904<br \/>\n<strong>Materjal<\/strong> m\u00e4nnipuit, teras<br \/>\n<strong>\u00dcldine k\u00f5rgus (cm)<\/strong> 200<br \/>\n\u00dcldine laius (cm) 120<br \/>\n<strong>S\u00fcgavus (cm)<\/strong> 40<br \/>\n<strong>Tarne t\u00fc\u00fcp<\/strong> T\u00e4ielikult kokkupandud toode<\/p>\n<p>&#8211; t\u00f6\u00f6stuslik k\u00f5rge raamaturiiul m\u00e4nnist ja terasest<br \/>\n&#8211; kaks mahukat terasest sahtlit<br \/>\n&#8211; kuullaagritega liugurid sahtli lihtsaks eemaldamiseks<br \/>\n&#8211; Liugriiuli esiosa &#8211; praktiline ja disainilahendus<br \/>\n&#8211; 80&#215;20 mm suletud profiiliga konstruktsioon tagab stabiilsuse ja vastupidavuse.<br \/>\n&#8211; teras, mis on immutatud v\u00e4rvitu lakiga, mis kaitseb kahjustuste ja kriimustuste eest.<br \/>\n&#8211; liimimata paneelide vahel v\u00f5ivad tekkida l\u00fcngad, mis ei m\u00f5juta kasutusmugavust.<br \/>\n&#8211; ringlussev\u00f5etud m\u00e4nnipuit, mis on immutatud veep\u00f5hise v\u00e4rvainega kastmise teel.<br \/>\n&#8211; vanandamise kavandatud m\u00f5ju avaldub n\u00e4htavate kriimustustena pinnal ja tajutava puidutekstuurina.<br \/>\n&#8211; Toodete v\u00e4rvus v\u00f5ib erineda galeriis olevatest piltidest, mis v\u00f5ib tuleneda nii individuaalsetest monitoriseadistustest kui ka materjalide iseloomust &#8211; teras ja m\u00e4nnipuit on toorained, mille v\u00e4rvus, toon ja tekstuur v\u00f5ib n\u00e4idiste v\u00f5i partiide l\u00f5ikes erineda.<\/p>\n<hr>\n<p>Lai raamaturiiul on ettepanek t\u00f6\u00f6stuslike interj\u00f6\u00f6ride jaoks. Disaini ranget iseloomu r\u00f5hutavad l\u00fckanduksed ja metallist sahtlid. Tervikut pehmendab v\u00e4rvitud m\u00e4nnipuit. Minimalistlikud k\u00e4epidemed, neetid esipinnal ja harjatud teras on elemendid, mis tugevdavad selle m\u00f6\u00f6blieseme t\u00f6\u00f6stuslikku iseloomu. K\u00f5rge loft-raamatukapp v\u00f5idab k\u00f5igi postindustriaalse disaini entusiastide s\u00fcdamed, muutes selle kujunduse v\u00f5tmeelemendiks. See sobib ideaalselt avarasse elutuppa v\u00f5i kodukontorisse, aga ka stiilse \u00fclemuse kontori kompromissitusest.<\/p>\n<\/div>\n","protected":false},"excerpt":{"rendered":"<p>Mudel ZA.FAC.G2 FACTORY PINE kollektsioon EAN. 5905369914904 Materjal m\u00e4nnipuit, teras \u00dcldine k\u00f5rgus (cm) 200 \u00dcldine laius (cm) 120 S\u00fcgavus (cm)<\/p>\n","protected":false},"featured_media":119794,"comment_status":"open","ping_status":"closed","template":"","meta":{"_acf_changed":false,"pmpro_default_level":""},"product_brand":[],"product_cat":[24199,24173,24138],"product_tag":[],"class_list":{"0":"post-133400","1":"product","2":"type-product","3":"status-publish","4":"has-post-thumbnail","6":"product_cat-kapid","7":"product_cat-riiulid","8":"product_cat-toostusmoobel","9":"pmpro-has-access","11":"first","12":"instock","13":"shipping-taxable","14":"purchasable","15":"product-type-simple"},"acf":[],"yoast_head":"<!-- This site is optimized with the Yoast SEO plugin v24.9 - https:\/\/yoast.com\/wordpress\/plugins\/seo\/ -->\n<title>T\u00f6\u00f6stuslik loft raamatukapp FACTORY PINE 4 - MetalTale.com<\/title>\n<meta name=\"robots\" content=\"index, follow, max-snippet:-1, max-image-preview:large, max-video-preview:-1\" \/>\n<link rel=\"canonical\" href=\"https:\/\/metaltale.com\/et\/toode\/toostuslik-loft-raamatukapp-factory-pine-4\/\" \/>\n<meta property=\"og:locale\" content=\"et_EE\" \/>\n<meta property=\"og:type\" content=\"article\" \/>\n<meta property=\"og:title\" content=\"T\u00f6\u00f6stuslik loft raamatukapp FACTORY PINE 4 - MetalTale.com\" \/>\n<meta property=\"og:description\" content=\"Mudel ZA.FAC.G2 FACTORY PINE kollektsioon EAN. 5905369914904 Materjal m\u00e4nnipuit, teras \u00dcldine k\u00f5rgus (cm) 200 \u00dcldine laius (cm) 120 S\u00fcgavus (cm)\" \/>\n<meta property=\"og:url\" content=\"https:\/\/metaltale.com\/et\/toode\/toostuslik-loft-raamatukapp-factory-pine-4\/\" \/>\n<meta property=\"og:site_name\" content=\"MetalTale.com\" \/>\n<meta name=\"twitter:card\" content=\"summary_large_image\" \/>\n<meta name=\"twitter:label1\" content=\"Est. reading time\" \/>\n\t<meta name=\"twitter:data1\" content=\"1 minut\" \/>\n<script type=\"application\/ld+json\" class=\"yoast-schema-graph\">{\"@context\":\"https:\/\/schema.org\",\"@graph\":[{\"@type\":\"WebPage\",\"@id\":\"https:\/\/metaltale.com\/et\/toode\/toostuslik-loft-raamatukapp-factory-pine-4\/\",\"url\":\"https:\/\/metaltale.com\/et\/toode\/toostuslik-loft-raamatukapp-factory-pine-4\/\",\"name\":\"T\u00f6\u00f6stuslik loft raamatukapp FACTORY PINE 4 - MetalTale.com\",\"isPartOf\":{\"@id\":\"https:\/\/metaltale.com\/et\/#website\"},\"primaryImageOfPage\":{\"@id\":\"https:\/\/metaltale.com\/et\/toode\/toostuslik-loft-raamatukapp-factory-pine-4\/#primaryimage\"},\"image\":{\"@id\":\"https:\/\/metaltale.com\/et\/toode\/toostuslik-loft-raamatukapp-factory-pine-4\/#primaryimage\"},\"thumbnailUrl\":\"https:\/\/metaltale.com\/wp-content\/uploads\/2023\/12\/pramonene-knygu-lentyna.jpg\",\"datePublished\":\"2024-02-13T13:21:45+00:00\",\"breadcrumb\":{\"@id\":\"https:\/\/metaltale.com\/et\/toode\/toostuslik-loft-raamatukapp-factory-pine-4\/#breadcrumb\"},\"inLanguage\":\"et\",\"potentialAction\":[{\"@type\":\"ReadAction\",\"target\":[\"https:\/\/metaltale.com\/et\/toode\/toostuslik-loft-raamatukapp-factory-pine-4\/\"]}]},{\"@type\":\"ImageObject\",\"inLanguage\":\"et\",\"@id\":\"https:\/\/metaltale.com\/et\/toode\/toostuslik-loft-raamatukapp-factory-pine-4\/#primaryimage\",\"url\":\"https:\/\/metaltale.com\/wp-content\/uploads\/2023\/12\/pramonene-knygu-lentyna.jpg\",\"contentUrl\":\"https:\/\/metaltale.com\/wp-content\/uploads\/2023\/12\/pramonene-knygu-lentyna.jpg\",\"width\":800,\"height\":800,\"caption\":\"t\u00f6\u00f6stuslik raamaturiiul\"},{\"@type\":\"BreadcrumbList\",\"@id\":\"https:\/\/metaltale.com\/et\/toode\/toostuslik-loft-raamatukapp-factory-pine-4\/#breadcrumb\",\"itemListElement\":[{\"@type\":\"ListItem\",\"position\":1,\"name\":\"Home\",\"item\":\"https:\/\/metaltale.com\/et\/kodu\/\"},{\"@type\":\"ListItem\",\"position\":2,\"name\":\"Kauplus\",\"item\":\"https:\/\/metaltale.com\/et\/shop\/\"},{\"@type\":\"ListItem\",\"position\":3,\"name\":\"T\u00f6\u00f6stuslik loft raamatukapp FACTORY PINE 4\"}]},{\"@type\":\"WebSite\",\"@id\":\"https:\/\/metaltale.com\/et\/#website\",\"url\":\"https:\/\/metaltale.com\/et\/\",\"name\":\"Metaltale.com\",\"description\":\"\",\"potentialAction\":[{\"@type\":\"SearchAction\",\"target\":{\"@type\":\"EntryPoint\",\"urlTemplate\":\"https:\/\/metaltale.com\/et\/?s={search_term_string}\"},\"query-input\":{\"@type\":\"PropertyValueSpecification\",\"valueRequired\":true,\"valueName\":\"search_term_string\"}}],\"inLanguage\":\"et\"}]}<\/script>\n<!-- \/ Yoast SEO plugin. -->","yoast_head_json":{"title":"T\u00f6\u00f6stuslik loft raamatukapp FACTORY PINE 4 - MetalTale.com","robots":{"index":"index","follow":"follow","max-snippet":"max-snippet:-1","max-image-preview":"max-image-preview:large","max-video-preview":"max-video-preview:-1"},"canonical":"https:\/\/metaltale.com\/et\/toode\/toostuslik-loft-raamatukapp-factory-pine-4\/","og_locale":"et_EE","og_type":"article","og_title":"T\u00f6\u00f6stuslik loft raamatukapp FACTORY PINE 4 - MetalTale.com","og_description":"Mudel ZA.FAC.G2 FACTORY PINE kollektsioon EAN. 5905369914904 Materjal m\u00e4nnipuit, teras \u00dcldine k\u00f5rgus (cm) 200 \u00dcldine laius (cm) 120 S\u00fcgavus (cm)","og_url":"https:\/\/metaltale.com\/et\/toode\/toostuslik-loft-raamatukapp-factory-pine-4\/","og_site_name":"MetalTale.com","twitter_card":"summary_large_image","twitter_misc":{"Est. reading time":"1 minut"},"schema":{"@context":"https:\/\/schema.org","@graph":[{"@type":"WebPage","@id":"https:\/\/metaltale.com\/et\/toode\/toostuslik-loft-raamatukapp-factory-pine-4\/","url":"https:\/\/metaltale.com\/et\/toode\/toostuslik-loft-raamatukapp-factory-pine-4\/","name":"T\u00f6\u00f6stuslik loft raamatukapp FACTORY PINE 4 - MetalTale.com","isPartOf":{"@id":"https:\/\/metaltale.com\/et\/#website"},"primaryImageOfPage":{"@id":"https:\/\/metaltale.com\/et\/toode\/toostuslik-loft-raamatukapp-factory-pine-4\/#primaryimage"},"image":{"@id":"https:\/\/metaltale.com\/et\/toode\/toostuslik-loft-raamatukapp-factory-pine-4\/#primaryimage"},"thumbnailUrl":"https:\/\/metaltale.com\/wp-content\/uploads\/2023\/12\/pramonene-knygu-lentyna.jpg","datePublished":"2024-02-13T13:21:45+00:00","breadcrumb":{"@id":"https:\/\/metaltale.com\/et\/toode\/toostuslik-loft-raamatukapp-factory-pine-4\/#breadcrumb"},"inLanguage":"et","potentialAction":[{"@type":"ReadAction","target":["https:\/\/metaltale.com\/et\/toode\/toostuslik-loft-raamatukapp-factory-pine-4\/"]}]},{"@type":"ImageObject","inLanguage":"et","@id":"https:\/\/metaltale.com\/et\/toode\/toostuslik-loft-raamatukapp-factory-pine-4\/#primaryimage","url":"https:\/\/metaltale.com\/wp-content\/uploads\/2023\/12\/pramonene-knygu-lentyna.jpg","contentUrl":"https:\/\/metaltale.com\/wp-content\/uploads\/2023\/12\/pramonene-knygu-lentyna.jpg","width":800,"height":800,"caption":"t\u00f6\u00f6stuslik raamaturiiul"},{"@type":"BreadcrumbList","@id":"https:\/\/metaltale.com\/et\/toode\/toostuslik-loft-raamatukapp-factory-pine-4\/#breadcrumb","itemListElement":[{"@type":"ListItem","position":1,"name":"Home","item":"https:\/\/metaltale.com\/et\/kodu\/"},{"@type":"ListItem","position":2,"name":"Kauplus","item":"https:\/\/metaltale.com\/et\/shop\/"},{"@type":"ListItem","position":3,"name":"T\u00f6\u00f6stuslik loft raamatukapp FACTORY PINE 4"}]},{"@type":"WebSite","@id":"https:\/\/metaltale.com\/et\/#website","url":"https:\/\/metaltale.com\/et\/","name":"Metaltale.com","description":"","potentialAction":[{"@type":"SearchAction","target":{"@type":"EntryPoint","urlTemplate":"https:\/\/metaltale.com\/et\/?s={search_term_string}"},"query-input":{"@type":"PropertyValueSpecification","valueRequired":true,"valueName":"search_term_string"}}],"inLanguage":"et"}]}},"_links":{"self":[{"href":"https:\/\/metaltale.com\/et\/wp-json\/wp\/v2\/product\/133400","targetHints":{"allow":["GET"]}}],"collection":[{"href":"https:\/\/metaltale.com\/et\/wp-json\/wp\/v2\/product"}],"about":[{"href":"https:\/\/metaltale.com\/et\/wp-json\/wp\/v2\/types\/product"}],"replies":[{"embeddable":true,"href":"https:\/\/metaltale.com\/et\/wp-json\/wp\/v2\/comments?post=133400"}],"version-history":[{"count":0,"href":"https:\/\/metaltale.com\/et\/wp-json\/wp\/v2\/product\/133400\/revisions"}],"wp:featuredmedia":[{"embeddable":true,"href":"https:\/\/metaltale.com\/et\/wp-json\/wp\/v2\/media\/119794"}],"wp:attachment":[{"href":"https:\/\/metaltale.com\/et\/wp-json\/wp\/v2\/media?parent=133400"}],"wp:term":[{"taxonomy":"product_brand","embeddable":true,"href":"https:\/\/metaltale.com\/et\/wp-json\/wp\/v2\/product_brand?post=133400"},{"taxonomy":"product_cat","embeddable":true,"href":"https:\/\/metaltale.com\/et\/wp-json\/wp\/v2\/product_cat?post=133400"},{"taxonomy":"product_tag","embeddable":true,"href":"https:\/\/metaltale.com\/et\/wp-json\/wp\/v2\/product_tag?post=133400"}],"curies":[{"name":"wp","href":"https:\/\/api.w.org\/{rel}","templated":true}]}}