{"id":133392,"date":"2024-02-13T15:23:05","date_gmt":"2024-02-13T13:23:05","guid":{"rendered":"https:\/\/metaltale.com\/produktas\/uksekloppija-georgian\/"},"modified":"2024-02-13T15:23:05","modified_gmt":"2024-02-13T13:23:05","slug":"uksekloppija-georgian","status":"publish","type":"product","link":"https:\/\/metaltale.com\/et\/toode\/uksekloppija-georgian\/","title":{"rendered":"Uksekloppija GEORGIAN"},"content":{"rendered":"<div class=\"prod_data\">\n<h2>M\u00f6\u00f6bli tarvikud &#8211; <span class=\"TextRun SCXW86461160 BCX8\" lang=\"LT-LT\" data-contrast=\"auto\"><br \/>\n  <span class=\"NormalTextRun SCXW86461160 BCX8\">GRUUSIA UKSEKLOPPIJA<\/span><br \/>\n<\/span><span class=\"EOP SCXW86461160 BCX8\" data-ccp-props=\"{\"201341983\":0,\"335559739\":160,\"335559740\":259}\"> <\/span><\/h2>\n<p><strong>Mudel:<\/strong> 01.357G.AI.170<br \/>\n<strong>EAN:<\/strong> 5905369918933<br \/>\n<strong>Materjal:<\/strong> malm<br \/>\n<strong>\u00dcldine k\u00f5rgus (cm):<\/strong> 17<br \/>\n<strong>\u00dcldine laius (cm):<\/strong> 7<br \/>\n<strong>Koguprojektsioon (cm):<\/strong> 3,5<br \/>\n<strong>V\u00e4rv:<\/strong> teras<\/p>\n<p>Stiilne, retrostiilis uksekloppija on kvaliteetse malmist valmistatud eksklusiivne toode, mis on traditsioonilise terase v\u00e4rvusega. Uksekell on suurep\u00e4rane alternatiiv traditsioonilisele uksekellale.<\/p>\n<p>V\u00f6\u00f6 on dekoratiivse p\u00f5hjaga ja k\u00e4epide meenutab punutud k\u00f6it. Rihm on valmistatud malmist, mis tagab toote vastupidavuse ja pikaealisuse. Looduslik v\u00e4rv ja tekstuurne pind r\u00f5hutavad veelgi retroh\u00f5ngulist v\u00e4limust ja annavad teie kodule ainulaadse v\u00f5lu.<\/p>\n<\/div>\n","protected":false},"excerpt":{"rendered":"<p>M\u00f6\u00f6bli tarvikud &#8211; GRUUSIA UKSEKLOPPIJA Mudel: 01.357G.AI.170 EAN: 5905369918933 Materjal: malm \u00dcldine k\u00f5rgus (cm): 17 \u00dcldine laius (cm): 7 Koguprojektsioon<\/p>\n","protected":false},"featured_media":117276,"comment_status":"open","ping_status":"closed","template":"","meta":{"_acf_changed":false,"pmpro_default_level":""},"product_brand":[],"product_cat":[23850,23836],"product_tag":[],"class_list":{"0":"post-133392","1":"product","2":"type-product","3":"status-publish","4":"has-post-thumbnail","6":"product_cat-duru-belstukai-et","7":"product_cat-moobli-tarvikud","8":"pmpro-has-access","10":"first","11":"instock","12":"shipping-taxable","13":"purchasable","14":"product-type-simple"},"acf":[],"yoast_head":"<!-- This site is optimized with the Yoast SEO plugin v24.9 - https:\/\/yoast.com\/wordpress\/plugins\/seo\/ -->\n<title>Uksekloppija GEORGIAN - MetalTale.com<\/title>\n<meta name=\"robots\" content=\"index, follow, max-snippet:-1, max-image-preview:large, max-video-preview:-1\" \/>\n<link rel=\"canonical\" href=\"https:\/\/metaltale.com\/et\/toode\/uksekloppija-georgian\/\" \/>\n<meta property=\"og:locale\" content=\"et_EE\" \/>\n<meta property=\"og:type\" content=\"article\" \/>\n<meta property=\"og:title\" content=\"Uksekloppija GEORGIAN - MetalTale.com\" \/>\n<meta property=\"og:description\" content=\"M\u00f6\u00f6bli tarvikud &#8211; GRUUSIA UKSEKLOPPIJA Mudel: 01.357G.AI.170 EAN: 5905369918933 Materjal: malm \u00dcldine k\u00f5rgus (cm): 17 \u00dcldine laius (cm): 7 Koguprojektsioon\" \/>\n<meta property=\"og:url\" content=\"https:\/\/metaltale.com\/et\/toode\/uksekloppija-georgian\/\" \/>\n<meta property=\"og:site_name\" content=\"MetalTale.com\" \/>\n<meta name=\"twitter:card\" content=\"summary_large_image\" \/>\n<script type=\"application\/ld+json\" class=\"yoast-schema-graph\">{\"@context\":\"https:\/\/schema.org\",\"@graph\":[{\"@type\":\"WebPage\",\"@id\":\"https:\/\/metaltale.com\/et\/toode\/uksekloppija-georgian\/\",\"url\":\"https:\/\/metaltale.com\/et\/toode\/uksekloppija-georgian\/\",\"name\":\"Uksekloppija GEORGIAN - MetalTale.com\",\"isPartOf\":{\"@id\":\"https:\/\/metaltale.com\/et\/#website\"},\"primaryImageOfPage\":{\"@id\":\"https:\/\/metaltale.com\/et\/toode\/uksekloppija-georgian\/#primaryimage\"},\"image\":{\"@id\":\"https:\/\/metaltale.com\/et\/toode\/uksekloppija-georgian\/#primaryimage\"},\"thumbnailUrl\":\"https:\/\/metaltale.com\/wp-content\/uploads\/2023\/12\/Durx173-stakta-GEORGIAN.jpg\",\"datePublished\":\"2024-02-13T13:23:05+00:00\",\"breadcrumb\":{\"@id\":\"https:\/\/metaltale.com\/et\/toode\/uksekloppija-georgian\/#breadcrumb\"},\"inLanguage\":\"et\",\"potentialAction\":[{\"@type\":\"ReadAction\",\"target\":[\"https:\/\/metaltale.com\/et\/toode\/uksekloppija-georgian\/\"]}]},{\"@type\":\"ImageObject\",\"inLanguage\":\"et\",\"@id\":\"https:\/\/metaltale.com\/et\/toode\/uksekloppija-georgian\/#primaryimage\",\"url\":\"https:\/\/metaltale.com\/wp-content\/uploads\/2023\/12\/Durx173-stakta-GEORGIAN.jpg\",\"contentUrl\":\"https:\/\/metaltale.com\/wp-content\/uploads\/2023\/12\/Durx173-stakta-GEORGIAN.jpg\",\"width\":800,\"height\":800,\"caption\":\"M\u00f6\u00f6bli aksessuaar - ukseklaas GEORGIAN\"},{\"@type\":\"BreadcrumbList\",\"@id\":\"https:\/\/metaltale.com\/et\/toode\/uksekloppija-georgian\/#breadcrumb\",\"itemListElement\":[{\"@type\":\"ListItem\",\"position\":1,\"name\":\"Home\",\"item\":\"https:\/\/metaltale.com\/et\/kodu\/\"},{\"@type\":\"ListItem\",\"position\":2,\"name\":\"Kauplus\",\"item\":\"https:\/\/metaltale.com\/et\/shop\/\"},{\"@type\":\"ListItem\",\"position\":3,\"name\":\"Uksekloppija GEORGIAN\"}]},{\"@type\":\"WebSite\",\"@id\":\"https:\/\/metaltale.com\/et\/#website\",\"url\":\"https:\/\/metaltale.com\/et\/\",\"name\":\"Metaltale.com\",\"description\":\"\",\"potentialAction\":[{\"@type\":\"SearchAction\",\"target\":{\"@type\":\"EntryPoint\",\"urlTemplate\":\"https:\/\/metaltale.com\/et\/?s={search_term_string}\"},\"query-input\":{\"@type\":\"PropertyValueSpecification\",\"valueRequired\":true,\"valueName\":\"search_term_string\"}}],\"inLanguage\":\"et\"}]}<\/script>\n<!-- \/ Yoast SEO plugin. -->","yoast_head_json":{"title":"Uksekloppija GEORGIAN - MetalTale.com","robots":{"index":"index","follow":"follow","max-snippet":"max-snippet:-1","max-image-preview":"max-image-preview:large","max-video-preview":"max-video-preview:-1"},"canonical":"https:\/\/metaltale.com\/et\/toode\/uksekloppija-georgian\/","og_locale":"et_EE","og_type":"article","og_title":"Uksekloppija GEORGIAN - MetalTale.com","og_description":"M\u00f6\u00f6bli tarvikud &#8211; GRUUSIA UKSEKLOPPIJA Mudel: 01.357G.AI.170 EAN: 5905369918933 Materjal: malm \u00dcldine k\u00f5rgus (cm): 17 \u00dcldine laius (cm): 7 Koguprojektsioon","og_url":"https:\/\/metaltale.com\/et\/toode\/uksekloppija-georgian\/","og_site_name":"MetalTale.com","twitter_card":"summary_large_image","schema":{"@context":"https:\/\/schema.org","@graph":[{"@type":"WebPage","@id":"https:\/\/metaltale.com\/et\/toode\/uksekloppija-georgian\/","url":"https:\/\/metaltale.com\/et\/toode\/uksekloppija-georgian\/","name":"Uksekloppija GEORGIAN - MetalTale.com","isPartOf":{"@id":"https:\/\/metaltale.com\/et\/#website"},"primaryImageOfPage":{"@id":"https:\/\/metaltale.com\/et\/toode\/uksekloppija-georgian\/#primaryimage"},"image":{"@id":"https:\/\/metaltale.com\/et\/toode\/uksekloppija-georgian\/#primaryimage"},"thumbnailUrl":"https:\/\/metaltale.com\/wp-content\/uploads\/2023\/12\/Durx173-stakta-GEORGIAN.jpg","datePublished":"2024-02-13T13:23:05+00:00","breadcrumb":{"@id":"https:\/\/metaltale.com\/et\/toode\/uksekloppija-georgian\/#breadcrumb"},"inLanguage":"et","potentialAction":[{"@type":"ReadAction","target":["https:\/\/metaltale.com\/et\/toode\/uksekloppija-georgian\/"]}]},{"@type":"ImageObject","inLanguage":"et","@id":"https:\/\/metaltale.com\/et\/toode\/uksekloppija-georgian\/#primaryimage","url":"https:\/\/metaltale.com\/wp-content\/uploads\/2023\/12\/Durx173-stakta-GEORGIAN.jpg","contentUrl":"https:\/\/metaltale.com\/wp-content\/uploads\/2023\/12\/Durx173-stakta-GEORGIAN.jpg","width":800,"height":800,"caption":"M\u00f6\u00f6bli aksessuaar - ukseklaas GEORGIAN"},{"@type":"BreadcrumbList","@id":"https:\/\/metaltale.com\/et\/toode\/uksekloppija-georgian\/#breadcrumb","itemListElement":[{"@type":"ListItem","position":1,"name":"Home","item":"https:\/\/metaltale.com\/et\/kodu\/"},{"@type":"ListItem","position":2,"name":"Kauplus","item":"https:\/\/metaltale.com\/et\/shop\/"},{"@type":"ListItem","position":3,"name":"Uksekloppija GEORGIAN"}]},{"@type":"WebSite","@id":"https:\/\/metaltale.com\/et\/#website","url":"https:\/\/metaltale.com\/et\/","name":"Metaltale.com","description":"","potentialAction":[{"@type":"SearchAction","target":{"@type":"EntryPoint","urlTemplate":"https:\/\/metaltale.com\/et\/?s={search_term_string}"},"query-input":{"@type":"PropertyValueSpecification","valueRequired":true,"valueName":"search_term_string"}}],"inLanguage":"et"}]}},"_links":{"self":[{"href":"https:\/\/metaltale.com\/et\/wp-json\/wp\/v2\/product\/133392","targetHints":{"allow":["GET"]}}],"collection":[{"href":"https:\/\/metaltale.com\/et\/wp-json\/wp\/v2\/product"}],"about":[{"href":"https:\/\/metaltale.com\/et\/wp-json\/wp\/v2\/types\/product"}],"replies":[{"embeddable":true,"href":"https:\/\/metaltale.com\/et\/wp-json\/wp\/v2\/comments?post=133392"}],"version-history":[{"count":0,"href":"https:\/\/metaltale.com\/et\/wp-json\/wp\/v2\/product\/133392\/revisions"}],"wp:featuredmedia":[{"embeddable":true,"href":"https:\/\/metaltale.com\/et\/wp-json\/wp\/v2\/media\/117276"}],"wp:attachment":[{"href":"https:\/\/metaltale.com\/et\/wp-json\/wp\/v2\/media?parent=133392"}],"wp:term":[{"taxonomy":"product_brand","embeddable":true,"href":"https:\/\/metaltale.com\/et\/wp-json\/wp\/v2\/product_brand?post=133392"},{"taxonomy":"product_cat","embeddable":true,"href":"https:\/\/metaltale.com\/et\/wp-json\/wp\/v2\/product_cat?post=133392"},{"taxonomy":"product_tag","embeddable":true,"href":"https:\/\/metaltale.com\/et\/wp-json\/wp\/v2\/product_tag?post=133392"}],"curies":[{"name":"wp","href":"https:\/\/api.w.org\/{rel}","templated":true}]}}