{"id":133381,"date":"2024-02-13T15:31:04","date_gmt":"2024-02-13T13:31:04","guid":{"rendered":"https:\/\/metaltale.com\/produktas\/thor-moobli-nupp\/"},"modified":"2024-02-13T15:31:04","modified_gmt":"2024-02-13T13:31:04","slug":"thor-moobli-nupp","status":"publish","type":"product","link":"https:\/\/metaltale.com\/et\/toode\/thor-moobli-nupp\/","title":{"rendered":"THOR m\u00f6\u00f6bli nupp"},"content":{"rendered":"<div class=\"prod_data\">\n<p><strong>Mudel<\/strong> CH.8713-A<br \/>\nMaterjal Ketus<br \/>\n<strong>\u00dcldine k\u00f5rgus (cm)<\/strong> 4<br \/>\n<strong>\u00dcldine laius (cm)<\/strong> 4<br \/>\n<strong>Koguprojektsioon (cm)<\/strong> 4<br \/>\n<strong>Paigalduskruvid<\/strong> Kruvi<br \/>\n<strong>V\u00e4rv<\/strong> teras<br \/>\n<strong>Viimistlus<\/strong> Lakitud<\/p>\n<p>valmistatud k\u00f5rgeima kvaliteediga malmist, mis tagab vastupidavuse ja tugevuse.<\/p>\n<p>k\u00e4epide on kujundatud nii, et seda on lihtne haarata, mis muudab selle v\u00e4ga funktsionaalseks.<\/p>\n<p>tootes on kruvi lihtsaks ja kiireks kokkupanekuks<\/p>\n<hr>\n<p>\u00dcks olulisemaid dekoratiivseid elemente rustikaalses stiilis on m\u00f6\u00f6bli k\u00e4epidemed. Nupud ei ole mitte ainult v\u00e4ga praktiline element, mis muudab sahtlite ja uste avamise ja sulgemise lihtsamaks, vaid ka oluline dekoratiivne element, mis lisab m\u00f6\u00f6blile ainulaadse n\u00fcansi.<\/p>\n<p>Massiivsest malmist valmistatud m\u00f6\u00f6bli k\u00e4epide on vastupidav ja kauakestev, tagades pikaajalise kasutuse. Toorest malmist v\u00e4rv annab sellele t\u00f6\u00f6stusliku v\u00f5lu ja sobib paljude kujundusstiilidega. Paks jalg, millele k\u00e4epide on kinnitatud, tagab stabiilsuse ja turvalisuse. See tugev kombinatsioon tagab kasutusmugavuse ning k\u00e4epidemest on lihtne kinni hoida ja k\u00e4sitseda.<\/p>\n<\/div>\n","protected":false},"excerpt":{"rendered":"<p>Mudel CH.8713-A Materjal Ketus \u00dcldine k\u00f5rgus (cm) 4 \u00dcldine laius (cm) 4 Koguprojektsioon (cm) 4 Paigalduskruvid Kruvi V\u00e4rv teras Viimistlus<\/p>\n","protected":false},"featured_media":110454,"comment_status":"open","ping_status":"closed","template":"","meta":{"_acf_changed":false,"pmpro_default_level":""},"product_brand":[],"product_cat":[23880,23836,23873],"product_tag":[],"class_list":{"0":"post-133381","1":"product","2":"type-product","3":"status-publish","4":"has-post-thumbnail","6":"product_cat-baldu-rankeneles-et","7":"product_cat-moobli-tarvikud","8":"product_cat-rankeneles-et","9":"pmpro-has-access","11":"first","12":"instock","13":"shipping-taxable","14":"purchasable","15":"product-type-simple"},"acf":[],"yoast_head":"<!-- This site is optimized with the Yoast SEO plugin v24.9 - https:\/\/yoast.com\/wordpress\/plugins\/seo\/ -->\n<title>THOR m\u00f6\u00f6bli nupp - MetalTale.com<\/title>\n<meta name=\"robots\" content=\"index, follow, max-snippet:-1, max-image-preview:large, max-video-preview:-1\" \/>\n<link rel=\"canonical\" href=\"https:\/\/metaltale.com\/et\/toode\/thor-moobli-nupp\/\" \/>\n<meta property=\"og:locale\" content=\"et_EE\" \/>\n<meta property=\"og:type\" content=\"article\" \/>\n<meta property=\"og:title\" content=\"THOR m\u00f6\u00f6bli nupp - MetalTale.com\" \/>\n<meta property=\"og:description\" content=\"Mudel CH.8713-A Materjal Ketus \u00dcldine k\u00f5rgus (cm) 4 \u00dcldine laius (cm) 4 Koguprojektsioon (cm) 4 Paigalduskruvid Kruvi V\u00e4rv teras Viimistlus\" \/>\n<meta property=\"og:url\" content=\"https:\/\/metaltale.com\/et\/toode\/thor-moobli-nupp\/\" \/>\n<meta property=\"og:site_name\" content=\"MetalTale.com\" \/>\n<meta property=\"og:image\" content=\"https:\/\/metaltale.com\/wp-content\/uploads\/2023\/11\/Rankenx117lx117s-18.jpg\" \/>\n\t<meta property=\"og:image:width\" content=\"800\" \/>\n\t<meta property=\"og:image:height\" content=\"800\" \/>\n\t<meta property=\"og:image:type\" content=\"image\/jpeg\" \/>\n<meta name=\"twitter:card\" content=\"summary_large_image\" \/>\n<meta name=\"twitter:label1\" content=\"Est. reading time\" \/>\n\t<meta name=\"twitter:data1\" content=\"1 minut\" \/>\n<script type=\"application\/ld+json\" class=\"yoast-schema-graph\">{\"@context\":\"https:\/\/schema.org\",\"@graph\":[{\"@type\":\"WebPage\",\"@id\":\"https:\/\/metaltale.com\/et\/toode\/thor-moobli-nupp\/\",\"url\":\"https:\/\/metaltale.com\/et\/toode\/thor-moobli-nupp\/\",\"name\":\"THOR m\u00f6\u00f6bli nupp - MetalTale.com\",\"isPartOf\":{\"@id\":\"https:\/\/metaltale.com\/et\/#website\"},\"primaryImageOfPage\":{\"@id\":\"https:\/\/metaltale.com\/et\/toode\/thor-moobli-nupp\/#primaryimage\"},\"image\":{\"@id\":\"https:\/\/metaltale.com\/et\/toode\/thor-moobli-nupp\/#primaryimage\"},\"thumbnailUrl\":\"https:\/\/metaltale.com\/wp-content\/uploads\/2023\/11\/Rankenx117lx117s-18.jpg\",\"datePublished\":\"2024-02-13T13:31:04+00:00\",\"breadcrumb\":{\"@id\":\"https:\/\/metaltale.com\/et\/toode\/thor-moobli-nupp\/#breadcrumb\"},\"inLanguage\":\"et\",\"potentialAction\":[{\"@type\":\"ReadAction\",\"target\":[\"https:\/\/metaltale.com\/et\/toode\/thor-moobli-nupp\/\"]}]},{\"@type\":\"ImageObject\",\"inLanguage\":\"et\",\"@id\":\"https:\/\/metaltale.com\/et\/toode\/thor-moobli-nupp\/#primaryimage\",\"url\":\"https:\/\/metaltale.com\/wp-content\/uploads\/2023\/11\/Rankenx117lx117s-18.jpg\",\"contentUrl\":\"https:\/\/metaltale.com\/wp-content\/uploads\/2023\/11\/Rankenx117lx117s-18.jpg\",\"width\":800,\"height\":800,\"caption\":\"THOR m\u00f6\u00f6bli nupp\"},{\"@type\":\"BreadcrumbList\",\"@id\":\"https:\/\/metaltale.com\/et\/toode\/thor-moobli-nupp\/#breadcrumb\",\"itemListElement\":[{\"@type\":\"ListItem\",\"position\":1,\"name\":\"Home\",\"item\":\"https:\/\/metaltale.com\/et\/kodu\/\"},{\"@type\":\"ListItem\",\"position\":2,\"name\":\"Kauplus\",\"item\":\"https:\/\/metaltale.com\/et\/shop\/\"},{\"@type\":\"ListItem\",\"position\":3,\"name\":\"THOR m\u00f6\u00f6bli nupp\"}]},{\"@type\":\"WebSite\",\"@id\":\"https:\/\/metaltale.com\/et\/#website\",\"url\":\"https:\/\/metaltale.com\/et\/\",\"name\":\"Metaltale.com\",\"description\":\"\",\"potentialAction\":[{\"@type\":\"SearchAction\",\"target\":{\"@type\":\"EntryPoint\",\"urlTemplate\":\"https:\/\/metaltale.com\/et\/?s={search_term_string}\"},\"query-input\":{\"@type\":\"PropertyValueSpecification\",\"valueRequired\":true,\"valueName\":\"search_term_string\"}}],\"inLanguage\":\"et\"}]}<\/script>\n<!-- \/ Yoast SEO plugin. -->","yoast_head_json":{"title":"THOR m\u00f6\u00f6bli nupp - MetalTale.com","robots":{"index":"index","follow":"follow","max-snippet":"max-snippet:-1","max-image-preview":"max-image-preview:large","max-video-preview":"max-video-preview:-1"},"canonical":"https:\/\/metaltale.com\/et\/toode\/thor-moobli-nupp\/","og_locale":"et_EE","og_type":"article","og_title":"THOR m\u00f6\u00f6bli nupp - MetalTale.com","og_description":"Mudel CH.8713-A Materjal Ketus \u00dcldine k\u00f5rgus (cm) 4 \u00dcldine laius (cm) 4 Koguprojektsioon (cm) 4 Paigalduskruvid Kruvi V\u00e4rv teras Viimistlus","og_url":"https:\/\/metaltale.com\/et\/toode\/thor-moobli-nupp\/","og_site_name":"MetalTale.com","og_image":[{"width":800,"height":800,"url":"https:\/\/metaltale.com\/wp-content\/uploads\/2023\/11\/Rankenx117lx117s-18.jpg","type":"image\/jpeg"}],"twitter_card":"summary_large_image","twitter_misc":{"Est. reading time":"1 minut"},"schema":{"@context":"https:\/\/schema.org","@graph":[{"@type":"WebPage","@id":"https:\/\/metaltale.com\/et\/toode\/thor-moobli-nupp\/","url":"https:\/\/metaltale.com\/et\/toode\/thor-moobli-nupp\/","name":"THOR m\u00f6\u00f6bli nupp - MetalTale.com","isPartOf":{"@id":"https:\/\/metaltale.com\/et\/#website"},"primaryImageOfPage":{"@id":"https:\/\/metaltale.com\/et\/toode\/thor-moobli-nupp\/#primaryimage"},"image":{"@id":"https:\/\/metaltale.com\/et\/toode\/thor-moobli-nupp\/#primaryimage"},"thumbnailUrl":"https:\/\/metaltale.com\/wp-content\/uploads\/2023\/11\/Rankenx117lx117s-18.jpg","datePublished":"2024-02-13T13:31:04+00:00","breadcrumb":{"@id":"https:\/\/metaltale.com\/et\/toode\/thor-moobli-nupp\/#breadcrumb"},"inLanguage":"et","potentialAction":[{"@type":"ReadAction","target":["https:\/\/metaltale.com\/et\/toode\/thor-moobli-nupp\/"]}]},{"@type":"ImageObject","inLanguage":"et","@id":"https:\/\/metaltale.com\/et\/toode\/thor-moobli-nupp\/#primaryimage","url":"https:\/\/metaltale.com\/wp-content\/uploads\/2023\/11\/Rankenx117lx117s-18.jpg","contentUrl":"https:\/\/metaltale.com\/wp-content\/uploads\/2023\/11\/Rankenx117lx117s-18.jpg","width":800,"height":800,"caption":"THOR m\u00f6\u00f6bli nupp"},{"@type":"BreadcrumbList","@id":"https:\/\/metaltale.com\/et\/toode\/thor-moobli-nupp\/#breadcrumb","itemListElement":[{"@type":"ListItem","position":1,"name":"Home","item":"https:\/\/metaltale.com\/et\/kodu\/"},{"@type":"ListItem","position":2,"name":"Kauplus","item":"https:\/\/metaltale.com\/et\/shop\/"},{"@type":"ListItem","position":3,"name":"THOR m\u00f6\u00f6bli nupp"}]},{"@type":"WebSite","@id":"https:\/\/metaltale.com\/et\/#website","url":"https:\/\/metaltale.com\/et\/","name":"Metaltale.com","description":"","potentialAction":[{"@type":"SearchAction","target":{"@type":"EntryPoint","urlTemplate":"https:\/\/metaltale.com\/et\/?s={search_term_string}"},"query-input":{"@type":"PropertyValueSpecification","valueRequired":true,"valueName":"search_term_string"}}],"inLanguage":"et"}]}},"_links":{"self":[{"href":"https:\/\/metaltale.com\/et\/wp-json\/wp\/v2\/product\/133381","targetHints":{"allow":["GET"]}}],"collection":[{"href":"https:\/\/metaltale.com\/et\/wp-json\/wp\/v2\/product"}],"about":[{"href":"https:\/\/metaltale.com\/et\/wp-json\/wp\/v2\/types\/product"}],"replies":[{"embeddable":true,"href":"https:\/\/metaltale.com\/et\/wp-json\/wp\/v2\/comments?post=133381"}],"version-history":[{"count":0,"href":"https:\/\/metaltale.com\/et\/wp-json\/wp\/v2\/product\/133381\/revisions"}],"wp:featuredmedia":[{"embeddable":true,"href":"https:\/\/metaltale.com\/et\/wp-json\/wp\/v2\/media\/110454"}],"wp:attachment":[{"href":"https:\/\/metaltale.com\/et\/wp-json\/wp\/v2\/media?parent=133381"}],"wp:term":[{"taxonomy":"product_brand","embeddable":true,"href":"https:\/\/metaltale.com\/et\/wp-json\/wp\/v2\/product_brand?post=133381"},{"taxonomy":"product_cat","embeddable":true,"href":"https:\/\/metaltale.com\/et\/wp-json\/wp\/v2\/product_cat?post=133381"},{"taxonomy":"product_tag","embeddable":true,"href":"https:\/\/metaltale.com\/et\/wp-json\/wp\/v2\/product_tag?post=133381"}],"curies":[{"name":"wp","href":"https:\/\/api.w.org\/{rel}","templated":true}]}}