{"id":133378,"date":"2024-02-13T15:31:04","date_gmt":"2024-02-13T13:31:04","guid":{"rendered":"https:\/\/metaltale.com\/produktas\/tudor-t-bar-moobli-kaepide\/"},"modified":"2024-02-13T15:31:04","modified_gmt":"2024-02-13T13:31:04","slug":"tudor-t-bar-moobli-kaepide","status":"publish","type":"product","link":"https:\/\/metaltale.com\/et\/toode\/tudor-t-bar-moobli-kaepide\/","title":{"rendered":"TUDOR T-BAR m\u00f6\u00f6bli k\u00e4epide"},"content":{"rendered":"<div class=\"prod_data\">\n<p><strong>Mudel<\/strong> CH.8711-B<br \/>\nMaterjal Ketus<br \/>\n<strong>\u00dcldine k\u00f5rgus (cm)<\/strong> 1.2<br \/>\n<strong>\u00dcldine laius (cm)<\/strong> 7,2<br \/>\n<strong>Koguprojektsioon (cm)<\/strong> 3,5<br \/>\n<strong>Paigalduskruvid<\/strong> Kruvi<br \/>\n<strong>V\u00e4rv<\/strong> teras<br \/>\n<strong>Viimistlus<\/strong> Lakitud<\/p>\n<p>valmistatud k\u00f5rgeima kvaliteediga malmist, mis tagab vastupidavuse ja tugevuse.<\/p>\n<p>Kaunistatud pind r\u00f5hutab toote maal\u00e4hedast iseloomu.<\/p>\n<p>klassikaline kuju muudab selle v\u00e4ga funktsionaalseks<\/p>\n<p>toode on varustatud kruviga kiireks ja lihtsaks kokkupanekuks<\/p>\n<hr>\n<p>Rustilised kaunistused on suurep\u00e4rane v\u00f5imalus lisada oma interj\u00f6\u00f6rile unikaalsust. Nende naturaalsed materjalid, lihtsad vormid ja maal\u00e4hedased detailid muutuvad meie sisekujunduse asendamatuteks elementideks.<\/p>\n<p>Pakutav malmist k\u00e4epide on v\u00e4ga praktiline ja h\u00f5lpsasti kasutatav. T\u00e4nu oma kujule ja suurusele on seda lihtne k\u00e4tte v\u00f5tta ja k\u00e4sitseda ning sellega on lihtne avada ja sulgeda sahtleid v\u00f5i kappe. Selle ainulaadne disain annab m\u00f6\u00f6blile originaalse ja kaasaegse ilme, sobides samal ajal ka maal\u00e4hedase stiiliga. M\u00f6\u00f6blinupu sooniline pind annab sellele ebatavalise ja pilkup\u00fc\u00fcdva v\u00e4limuse.<\/p>\n<\/div>\n","protected":false},"excerpt":{"rendered":"<p>Mudel CH.8711-B Materjal Ketus \u00dcldine k\u00f5rgus (cm) 1.2 \u00dcldine laius (cm) 7,2 Koguprojektsioon (cm) 3,5 Paigalduskruvid Kruvi V\u00e4rv teras Viimistlus<\/p>\n","protected":false},"featured_media":110393,"comment_status":"open","ping_status":"closed","template":"","meta":{"_acf_changed":false,"pmpro_default_level":""},"product_brand":[],"product_cat":[23880,23836,23873],"product_tag":[],"class_list":{"0":"post-133378","1":"product","2":"type-product","3":"status-publish","4":"has-post-thumbnail","6":"product_cat-baldu-rankeneles-et","7":"product_cat-moobli-tarvikud","8":"product_cat-rankeneles-et","9":"pmpro-has-access","11":"first","12":"instock","13":"shipping-taxable","14":"purchasable","15":"product-type-simple"},"acf":[],"yoast_head":"<!-- This site is optimized with the Yoast SEO plugin v24.9 - https:\/\/yoast.com\/wordpress\/plugins\/seo\/ -->\n<title>TUDOR T-BAR m\u00f6\u00f6bli k\u00e4epide - MetalTale.com<\/title>\n<meta name=\"robots\" content=\"index, follow, max-snippet:-1, max-image-preview:large, max-video-preview:-1\" \/>\n<link rel=\"canonical\" href=\"https:\/\/metaltale.com\/et\/toode\/tudor-t-bar-moobli-kaepide\/\" \/>\n<meta property=\"og:locale\" content=\"et_EE\" \/>\n<meta property=\"og:type\" content=\"article\" \/>\n<meta property=\"og:title\" content=\"TUDOR T-BAR m\u00f6\u00f6bli k\u00e4epide - MetalTale.com\" \/>\n<meta property=\"og:description\" content=\"Mudel CH.8711-B Materjal Ketus \u00dcldine k\u00f5rgus (cm) 1.2 \u00dcldine laius (cm) 7,2 Koguprojektsioon (cm) 3,5 Paigalduskruvid Kruvi V\u00e4rv teras Viimistlus\" \/>\n<meta property=\"og:url\" content=\"https:\/\/metaltale.com\/et\/toode\/tudor-t-bar-moobli-kaepide\/\" \/>\n<meta property=\"og:site_name\" content=\"MetalTale.com\" \/>\n<meta property=\"og:image\" content=\"https:\/\/metaltale.com\/wp-content\/uploads\/2023\/11\/Rankenx117lx117s-16.jpg\" \/>\n\t<meta property=\"og:image:width\" content=\"800\" \/>\n\t<meta property=\"og:image:height\" content=\"800\" \/>\n\t<meta property=\"og:image:type\" content=\"image\/jpeg\" \/>\n<meta name=\"twitter:card\" content=\"summary_large_image\" \/>\n<meta name=\"twitter:label1\" content=\"Est. reading time\" \/>\n\t<meta name=\"twitter:data1\" content=\"1 minut\" \/>\n<script type=\"application\/ld+json\" class=\"yoast-schema-graph\">{\"@context\":\"https:\/\/schema.org\",\"@graph\":[{\"@type\":\"WebPage\",\"@id\":\"https:\/\/metaltale.com\/et\/toode\/tudor-t-bar-moobli-kaepide\/\",\"url\":\"https:\/\/metaltale.com\/et\/toode\/tudor-t-bar-moobli-kaepide\/\",\"name\":\"TUDOR T-BAR m\u00f6\u00f6bli k\u00e4epide - MetalTale.com\",\"isPartOf\":{\"@id\":\"https:\/\/metaltale.com\/et\/#website\"},\"primaryImageOfPage\":{\"@id\":\"https:\/\/metaltale.com\/et\/toode\/tudor-t-bar-moobli-kaepide\/#primaryimage\"},\"image\":{\"@id\":\"https:\/\/metaltale.com\/et\/toode\/tudor-t-bar-moobli-kaepide\/#primaryimage\"},\"thumbnailUrl\":\"https:\/\/metaltale.com\/wp-content\/uploads\/2023\/11\/Rankenx117lx117s-16.jpg\",\"datePublished\":\"2024-02-13T13:31:04+00:00\",\"breadcrumb\":{\"@id\":\"https:\/\/metaltale.com\/et\/toode\/tudor-t-bar-moobli-kaepide\/#breadcrumb\"},\"inLanguage\":\"et\",\"potentialAction\":[{\"@type\":\"ReadAction\",\"target\":[\"https:\/\/metaltale.com\/et\/toode\/tudor-t-bar-moobli-kaepide\/\"]}]},{\"@type\":\"ImageObject\",\"inLanguage\":\"et\",\"@id\":\"https:\/\/metaltale.com\/et\/toode\/tudor-t-bar-moobli-kaepide\/#primaryimage\",\"url\":\"https:\/\/metaltale.com\/wp-content\/uploads\/2023\/11\/Rankenx117lx117s-16.jpg\",\"contentUrl\":\"https:\/\/metaltale.com\/wp-content\/uploads\/2023\/11\/Rankenx117lx117s-16.jpg\",\"width\":800,\"height\":800,\"caption\":\"TUDOR T-BAR m\u00f6\u00f6bli k\u00e4epide\"},{\"@type\":\"BreadcrumbList\",\"@id\":\"https:\/\/metaltale.com\/et\/toode\/tudor-t-bar-moobli-kaepide\/#breadcrumb\",\"itemListElement\":[{\"@type\":\"ListItem\",\"position\":1,\"name\":\"Home\",\"item\":\"https:\/\/metaltale.com\/et\/kodu\/\"},{\"@type\":\"ListItem\",\"position\":2,\"name\":\"Kauplus\",\"item\":\"https:\/\/metaltale.com\/et\/shop\/\"},{\"@type\":\"ListItem\",\"position\":3,\"name\":\"TUDOR T-BAR m\u00f6\u00f6bli k\u00e4epide\"}]},{\"@type\":\"WebSite\",\"@id\":\"https:\/\/metaltale.com\/et\/#website\",\"url\":\"https:\/\/metaltale.com\/et\/\",\"name\":\"Metaltale.com\",\"description\":\"\",\"potentialAction\":[{\"@type\":\"SearchAction\",\"target\":{\"@type\":\"EntryPoint\",\"urlTemplate\":\"https:\/\/metaltale.com\/et\/?s={search_term_string}\"},\"query-input\":{\"@type\":\"PropertyValueSpecification\",\"valueRequired\":true,\"valueName\":\"search_term_string\"}}],\"inLanguage\":\"et\"}]}<\/script>\n<!-- \/ Yoast SEO plugin. -->","yoast_head_json":{"title":"TUDOR T-BAR m\u00f6\u00f6bli k\u00e4epide - MetalTale.com","robots":{"index":"index","follow":"follow","max-snippet":"max-snippet:-1","max-image-preview":"max-image-preview:large","max-video-preview":"max-video-preview:-1"},"canonical":"https:\/\/metaltale.com\/et\/toode\/tudor-t-bar-moobli-kaepide\/","og_locale":"et_EE","og_type":"article","og_title":"TUDOR T-BAR m\u00f6\u00f6bli k\u00e4epide - MetalTale.com","og_description":"Mudel CH.8711-B Materjal Ketus \u00dcldine k\u00f5rgus (cm) 1.2 \u00dcldine laius (cm) 7,2 Koguprojektsioon (cm) 3,5 Paigalduskruvid Kruvi V\u00e4rv teras Viimistlus","og_url":"https:\/\/metaltale.com\/et\/toode\/tudor-t-bar-moobli-kaepide\/","og_site_name":"MetalTale.com","og_image":[{"width":800,"height":800,"url":"https:\/\/metaltale.com\/wp-content\/uploads\/2023\/11\/Rankenx117lx117s-16.jpg","type":"image\/jpeg"}],"twitter_card":"summary_large_image","twitter_misc":{"Est. reading time":"1 minut"},"schema":{"@context":"https:\/\/schema.org","@graph":[{"@type":"WebPage","@id":"https:\/\/metaltale.com\/et\/toode\/tudor-t-bar-moobli-kaepide\/","url":"https:\/\/metaltale.com\/et\/toode\/tudor-t-bar-moobli-kaepide\/","name":"TUDOR T-BAR m\u00f6\u00f6bli k\u00e4epide - MetalTale.com","isPartOf":{"@id":"https:\/\/metaltale.com\/et\/#website"},"primaryImageOfPage":{"@id":"https:\/\/metaltale.com\/et\/toode\/tudor-t-bar-moobli-kaepide\/#primaryimage"},"image":{"@id":"https:\/\/metaltale.com\/et\/toode\/tudor-t-bar-moobli-kaepide\/#primaryimage"},"thumbnailUrl":"https:\/\/metaltale.com\/wp-content\/uploads\/2023\/11\/Rankenx117lx117s-16.jpg","datePublished":"2024-02-13T13:31:04+00:00","breadcrumb":{"@id":"https:\/\/metaltale.com\/et\/toode\/tudor-t-bar-moobli-kaepide\/#breadcrumb"},"inLanguage":"et","potentialAction":[{"@type":"ReadAction","target":["https:\/\/metaltale.com\/et\/toode\/tudor-t-bar-moobli-kaepide\/"]}]},{"@type":"ImageObject","inLanguage":"et","@id":"https:\/\/metaltale.com\/et\/toode\/tudor-t-bar-moobli-kaepide\/#primaryimage","url":"https:\/\/metaltale.com\/wp-content\/uploads\/2023\/11\/Rankenx117lx117s-16.jpg","contentUrl":"https:\/\/metaltale.com\/wp-content\/uploads\/2023\/11\/Rankenx117lx117s-16.jpg","width":800,"height":800,"caption":"TUDOR T-BAR m\u00f6\u00f6bli k\u00e4epide"},{"@type":"BreadcrumbList","@id":"https:\/\/metaltale.com\/et\/toode\/tudor-t-bar-moobli-kaepide\/#breadcrumb","itemListElement":[{"@type":"ListItem","position":1,"name":"Home","item":"https:\/\/metaltale.com\/et\/kodu\/"},{"@type":"ListItem","position":2,"name":"Kauplus","item":"https:\/\/metaltale.com\/et\/shop\/"},{"@type":"ListItem","position":3,"name":"TUDOR T-BAR m\u00f6\u00f6bli k\u00e4epide"}]},{"@type":"WebSite","@id":"https:\/\/metaltale.com\/et\/#website","url":"https:\/\/metaltale.com\/et\/","name":"Metaltale.com","description":"","potentialAction":[{"@type":"SearchAction","target":{"@type":"EntryPoint","urlTemplate":"https:\/\/metaltale.com\/et\/?s={search_term_string}"},"query-input":{"@type":"PropertyValueSpecification","valueRequired":true,"valueName":"search_term_string"}}],"inLanguage":"et"}]}},"_links":{"self":[{"href":"https:\/\/metaltale.com\/et\/wp-json\/wp\/v2\/product\/133378","targetHints":{"allow":["GET"]}}],"collection":[{"href":"https:\/\/metaltale.com\/et\/wp-json\/wp\/v2\/product"}],"about":[{"href":"https:\/\/metaltale.com\/et\/wp-json\/wp\/v2\/types\/product"}],"replies":[{"embeddable":true,"href":"https:\/\/metaltale.com\/et\/wp-json\/wp\/v2\/comments?post=133378"}],"version-history":[{"count":0,"href":"https:\/\/metaltale.com\/et\/wp-json\/wp\/v2\/product\/133378\/revisions"}],"wp:featuredmedia":[{"embeddable":true,"href":"https:\/\/metaltale.com\/et\/wp-json\/wp\/v2\/media\/110393"}],"wp:attachment":[{"href":"https:\/\/metaltale.com\/et\/wp-json\/wp\/v2\/media?parent=133378"}],"wp:term":[{"taxonomy":"product_brand","embeddable":true,"href":"https:\/\/metaltale.com\/et\/wp-json\/wp\/v2\/product_brand?post=133378"},{"taxonomy":"product_cat","embeddable":true,"href":"https:\/\/metaltale.com\/et\/wp-json\/wp\/v2\/product_cat?post=133378"},{"taxonomy":"product_tag","embeddable":true,"href":"https:\/\/metaltale.com\/et\/wp-json\/wp\/v2\/product_tag?post=133378"}],"curies":[{"name":"wp","href":"https:\/\/api.w.org\/{rel}","templated":true}]}}