{"id":133354,"date":"2024-02-13T15:25:41","date_gmt":"2024-02-13T13:25:41","guid":{"rendered":"https:\/\/metaltale.com\/produktas\/vabalt-seisev-koogikraan-brand-must\/"},"modified":"2024-02-13T15:25:41","modified_gmt":"2024-02-13T13:25:41","slug":"vabalt-seisev-koogikraan-brand-must","status":"publish","type":"product","link":"https:\/\/metaltale.com\/et\/toode\/vabalt-seisev-koogikraan-brand-must\/","title":{"rendered":"Vabalt seisev k\u00f6\u00f6gikraan BRAND, must"},"content":{"rendered":"<div class=\"prod_data\">\n<p><strong>Mudel<\/strong> QZ.CF-015-CZ<br \/>\nKaasaegne <strong>kollektsioon<\/strong><br \/>\nK\u00f5rgus (cm) 52<br \/>\n<strong>Aluse l\u00e4bim\u00f5\u00f5t (cm)<\/strong> 4,4<br \/>\n<strong>V\u00e4ljalaskeava pikkus (cm<\/strong> ) 20\/16,5<br \/>\n<strong>K\u00f5rgus ninaotsani (cm)<\/strong> 5\/19<br \/>\n<strong>Materjal<\/strong> Messing<br \/>\nV\u00e4rv Must<br \/>\nViimistlus Matte<br \/>\n<strong>P\u00f6\u00f6rlev v\u00e4ljalaskeava<\/strong> Jah<br \/>\n<strong>Perlator (\u00f5hutaja)<\/strong> Jah<\/p>\n<p>messingist seisev segisti<\/p>\n<p>360&#8242; p\u00f6\u00f6rlev otsak<\/p>\n<p>sisset\u00f5mmatav pihustusotsik lihtsaks n\u00f5udepesuks<\/p>\n<p>keraamiline pea &#8211; element, mis tagab vee n\u00f5uetekohase jaotamise<\/p>\n<p>\u00f5hutaja vee tarbimise v\u00e4hendamiseks<\/p>\n<p>veevoolu reguleerimine nupuvajutusega, mille puhul on v\u00f5imalik valida kahe variandi vahel<\/p>\n<p>K\u00f5ik paigaldamiseks vajalikud elemendid (voolik, lauakruvi, kruvitihendid) on kaasas.<\/p>\n<hr>\n<p>Kaasaegne ja praktiline BRAND k\u00f6\u00f6gikraan on t\u00f5eline r\u00f5\u00f5m kaasaegse stiili austajatele. Kahe v\u00e4ljavooluga kraan \u00fchendab ideaalselt moe ja funktsionaalsuse. \u00dcks pihustitest annab \u00fchtlase veevoolu, samas kui teine, sisset\u00f5mmatav pihusti, v\u00f5imaldab t\u00e4pset, du\u0161\u0161ilaadset veevoolu, mis h\u00f5lbustab nii valamu kui ka n\u00f5ude t\u00f5husat pesemist. Kahe pihusti suurus ja mitmekesisus teevad sellest segistist suurep\u00e4rase valiku, eriti suuremate valamute jaoks. Ja avatud, t\u00f6\u00f6stusliku iseloomuga ruumides on see kraan ideaalne t\u00e4iendus interj\u00f6\u00f6rile, andes juurde modernsust ja stiili.<\/p>\n<\/div>\n","protected":false},"excerpt":{"rendered":"<p>Mudel QZ.CF-015-CZ Kaasaegne kollektsioon K\u00f5rgus (cm) 52 Aluse l\u00e4bim\u00f5\u00f5t (cm) 4,4 V\u00e4ljalaskeava pikkus (cm ) 20\/16,5 K\u00f5rgus ninaotsani (cm) 5\/19<\/p>\n","protected":false},"featured_media":143040,"comment_status":"open","ping_status":"closed","template":"","meta":{"_acf_changed":false,"pmpro_default_level":""},"product_brand":[],"product_cat":[24178,24179],"product_tag":[],"class_list":{"0":"post-133354","1":"product","2":"type-product","3":"status-publish","4":"has-post-thumbnail","6":"product_cat-koogisegistid","7":"product_cat-vabalt-seisvad-koogisegistid","8":"pmpro-has-access","10":"first","11":"instock","12":"shipping-taxable","13":"purchasable","14":"product-type-simple"},"acf":[],"yoast_head":"<!-- This site is optimized with the Yoast SEO plugin v24.9 - https:\/\/yoast.com\/wordpress\/plugins\/seo\/ -->\n<title>Vabalt seisev k\u00f6\u00f6gikraan BRAND, must - MetalTale.com<\/title>\n<meta name=\"robots\" content=\"index, follow, max-snippet:-1, max-image-preview:large, max-video-preview:-1\" \/>\n<link rel=\"canonical\" href=\"https:\/\/metaltale.com\/et\/toode\/vabalt-seisev-koogikraan-brand-must\/\" \/>\n<meta property=\"og:locale\" content=\"et_EE\" \/>\n<meta property=\"og:type\" content=\"article\" \/>\n<meta property=\"og:title\" content=\"Vabalt seisev k\u00f6\u00f6gikraan BRAND, must - MetalTale.com\" \/>\n<meta property=\"og:description\" content=\"Mudel QZ.CF-015-CZ Kaasaegne kollektsioon K\u00f5rgus (cm) 52 Aluse l\u00e4bim\u00f5\u00f5t (cm) 4,4 V\u00e4ljalaskeava pikkus (cm ) 20\/16,5 K\u00f5rgus ninaotsani (cm) 5\/19\" \/>\n<meta property=\"og:url\" content=\"https:\/\/metaltale.com\/et\/toode\/vabalt-seisev-koogikraan-brand-must\/\" \/>\n<meta property=\"og:site_name\" content=\"MetalTale.com\" \/>\n<meta property=\"og:image\" content=\"http:\/\/metaltale.com\/wp-content\/uploads\/2024\/02\/bateria-kuchenna-stojaca-z-wyciagana-wylewka-czarna-loft-5244.jpg\" \/>\n\t<meta property=\"og:image:width\" content=\"800\" \/>\n\t<meta property=\"og:image:height\" content=\"800\" \/>\n\t<meta property=\"og:image:type\" content=\"image\/jpeg\" \/>\n<meta name=\"twitter:card\" content=\"summary_large_image\" \/>\n<meta name=\"twitter:label1\" content=\"Est. reading time\" \/>\n\t<meta name=\"twitter:data1\" content=\"1 minut\" \/>\n<script type=\"application\/ld+json\" class=\"yoast-schema-graph\">{\"@context\":\"https:\/\/schema.org\",\"@graph\":[{\"@type\":\"WebPage\",\"@id\":\"https:\/\/metaltale.com\/et\/toode\/vabalt-seisev-koogikraan-brand-must\/\",\"url\":\"https:\/\/metaltale.com\/et\/toode\/vabalt-seisev-koogikraan-brand-must\/\",\"name\":\"Vabalt seisev k\u00f6\u00f6gikraan BRAND, must - MetalTale.com\",\"isPartOf\":{\"@id\":\"https:\/\/metaltale.com\/et\/#website\"},\"primaryImageOfPage\":{\"@id\":\"https:\/\/metaltale.com\/et\/toode\/vabalt-seisev-koogikraan-brand-must\/#primaryimage\"},\"image\":{\"@id\":\"https:\/\/metaltale.com\/et\/toode\/vabalt-seisev-koogikraan-brand-must\/#primaryimage\"},\"thumbnailUrl\":\"https:\/\/metaltale.com\/wp-content\/uploads\/2024\/02\/bateria-kuchenna-stojaca-z-wyciagana-wylewka-czarna-loft-5244.jpg\",\"datePublished\":\"2024-02-13T13:25:41+00:00\",\"breadcrumb\":{\"@id\":\"https:\/\/metaltale.com\/et\/toode\/vabalt-seisev-koogikraan-brand-must\/#breadcrumb\"},\"inLanguage\":\"et\",\"potentialAction\":[{\"@type\":\"ReadAction\",\"target\":[\"https:\/\/metaltale.com\/et\/toode\/vabalt-seisev-koogikraan-brand-must\/\"]}]},{\"@type\":\"ImageObject\",\"inLanguage\":\"et\",\"@id\":\"https:\/\/metaltale.com\/et\/toode\/vabalt-seisev-koogikraan-brand-must\/#primaryimage\",\"url\":\"https:\/\/metaltale.com\/wp-content\/uploads\/2024\/02\/bateria-kuchenna-stojaca-z-wyciagana-wylewka-czarna-loft-5244.jpg\",\"contentUrl\":\"https:\/\/metaltale.com\/wp-content\/uploads\/2024\/02\/bateria-kuchenna-stojaca-z-wyciagana-wylewka-czarna-loft-5244.jpg\",\"width\":800,\"height\":800,\"caption\":\"Laisvai pastatomas virtuv\u0117s mai\u0161ytuvas BRAND, juodas\"},{\"@type\":\"BreadcrumbList\",\"@id\":\"https:\/\/metaltale.com\/et\/toode\/vabalt-seisev-koogikraan-brand-must\/#breadcrumb\",\"itemListElement\":[{\"@type\":\"ListItem\",\"position\":1,\"name\":\"Home\",\"item\":\"https:\/\/metaltale.com\/et\/kodu\/\"},{\"@type\":\"ListItem\",\"position\":2,\"name\":\"Kauplus\",\"item\":\"https:\/\/metaltale.com\/et\/shop\/\"},{\"@type\":\"ListItem\",\"position\":3,\"name\":\"Vabalt seisev k\u00f6\u00f6gikraan BRAND, must\"}]},{\"@type\":\"WebSite\",\"@id\":\"https:\/\/metaltale.com\/et\/#website\",\"url\":\"https:\/\/metaltale.com\/et\/\",\"name\":\"Metaltale.com\",\"description\":\"\",\"potentialAction\":[{\"@type\":\"SearchAction\",\"target\":{\"@type\":\"EntryPoint\",\"urlTemplate\":\"https:\/\/metaltale.com\/et\/?s={search_term_string}\"},\"query-input\":{\"@type\":\"PropertyValueSpecification\",\"valueRequired\":true,\"valueName\":\"search_term_string\"}}],\"inLanguage\":\"et\"}]}<\/script>\n<!-- \/ Yoast SEO plugin. -->","yoast_head_json":{"title":"Vabalt seisev k\u00f6\u00f6gikraan BRAND, must - MetalTale.com","robots":{"index":"index","follow":"follow","max-snippet":"max-snippet:-1","max-image-preview":"max-image-preview:large","max-video-preview":"max-video-preview:-1"},"canonical":"https:\/\/metaltale.com\/et\/toode\/vabalt-seisev-koogikraan-brand-must\/","og_locale":"et_EE","og_type":"article","og_title":"Vabalt seisev k\u00f6\u00f6gikraan BRAND, must - MetalTale.com","og_description":"Mudel QZ.CF-015-CZ Kaasaegne kollektsioon K\u00f5rgus (cm) 52 Aluse l\u00e4bim\u00f5\u00f5t (cm) 4,4 V\u00e4ljalaskeava pikkus (cm ) 20\/16,5 K\u00f5rgus ninaotsani (cm) 5\/19","og_url":"https:\/\/metaltale.com\/et\/toode\/vabalt-seisev-koogikraan-brand-must\/","og_site_name":"MetalTale.com","og_image":[{"width":800,"height":800,"url":"http:\/\/metaltale.com\/wp-content\/uploads\/2024\/02\/bateria-kuchenna-stojaca-z-wyciagana-wylewka-czarna-loft-5244.jpg","type":"image\/jpeg"}],"twitter_card":"summary_large_image","twitter_misc":{"Est. reading time":"1 minut"},"schema":{"@context":"https:\/\/schema.org","@graph":[{"@type":"WebPage","@id":"https:\/\/metaltale.com\/et\/toode\/vabalt-seisev-koogikraan-brand-must\/","url":"https:\/\/metaltale.com\/et\/toode\/vabalt-seisev-koogikraan-brand-must\/","name":"Vabalt seisev k\u00f6\u00f6gikraan BRAND, must - MetalTale.com","isPartOf":{"@id":"https:\/\/metaltale.com\/et\/#website"},"primaryImageOfPage":{"@id":"https:\/\/metaltale.com\/et\/toode\/vabalt-seisev-koogikraan-brand-must\/#primaryimage"},"image":{"@id":"https:\/\/metaltale.com\/et\/toode\/vabalt-seisev-koogikraan-brand-must\/#primaryimage"},"thumbnailUrl":"https:\/\/metaltale.com\/wp-content\/uploads\/2024\/02\/bateria-kuchenna-stojaca-z-wyciagana-wylewka-czarna-loft-5244.jpg","datePublished":"2024-02-13T13:25:41+00:00","breadcrumb":{"@id":"https:\/\/metaltale.com\/et\/toode\/vabalt-seisev-koogikraan-brand-must\/#breadcrumb"},"inLanguage":"et","potentialAction":[{"@type":"ReadAction","target":["https:\/\/metaltale.com\/et\/toode\/vabalt-seisev-koogikraan-brand-must\/"]}]},{"@type":"ImageObject","inLanguage":"et","@id":"https:\/\/metaltale.com\/et\/toode\/vabalt-seisev-koogikraan-brand-must\/#primaryimage","url":"https:\/\/metaltale.com\/wp-content\/uploads\/2024\/02\/bateria-kuchenna-stojaca-z-wyciagana-wylewka-czarna-loft-5244.jpg","contentUrl":"https:\/\/metaltale.com\/wp-content\/uploads\/2024\/02\/bateria-kuchenna-stojaca-z-wyciagana-wylewka-czarna-loft-5244.jpg","width":800,"height":800,"caption":"Laisvai pastatomas virtuv\u0117s mai\u0161ytuvas BRAND, juodas"},{"@type":"BreadcrumbList","@id":"https:\/\/metaltale.com\/et\/toode\/vabalt-seisev-koogikraan-brand-must\/#breadcrumb","itemListElement":[{"@type":"ListItem","position":1,"name":"Home","item":"https:\/\/metaltale.com\/et\/kodu\/"},{"@type":"ListItem","position":2,"name":"Kauplus","item":"https:\/\/metaltale.com\/et\/shop\/"},{"@type":"ListItem","position":3,"name":"Vabalt seisev k\u00f6\u00f6gikraan BRAND, must"}]},{"@type":"WebSite","@id":"https:\/\/metaltale.com\/et\/#website","url":"https:\/\/metaltale.com\/et\/","name":"Metaltale.com","description":"","potentialAction":[{"@type":"SearchAction","target":{"@type":"EntryPoint","urlTemplate":"https:\/\/metaltale.com\/et\/?s={search_term_string}"},"query-input":{"@type":"PropertyValueSpecification","valueRequired":true,"valueName":"search_term_string"}}],"inLanguage":"et"}]}},"_links":{"self":[{"href":"https:\/\/metaltale.com\/et\/wp-json\/wp\/v2\/product\/133354","targetHints":{"allow":["GET"]}}],"collection":[{"href":"https:\/\/metaltale.com\/et\/wp-json\/wp\/v2\/product"}],"about":[{"href":"https:\/\/metaltale.com\/et\/wp-json\/wp\/v2\/types\/product"}],"replies":[{"embeddable":true,"href":"https:\/\/metaltale.com\/et\/wp-json\/wp\/v2\/comments?post=133354"}],"version-history":[{"count":0,"href":"https:\/\/metaltale.com\/et\/wp-json\/wp\/v2\/product\/133354\/revisions"}],"wp:featuredmedia":[{"embeddable":true,"href":"https:\/\/metaltale.com\/et\/wp-json\/wp\/v2\/media\/143040"}],"wp:attachment":[{"href":"https:\/\/metaltale.com\/et\/wp-json\/wp\/v2\/media?parent=133354"}],"wp:term":[{"taxonomy":"product_brand","embeddable":true,"href":"https:\/\/metaltale.com\/et\/wp-json\/wp\/v2\/product_brand?post=133354"},{"taxonomy":"product_cat","embeddable":true,"href":"https:\/\/metaltale.com\/et\/wp-json\/wp\/v2\/product_cat?post=133354"},{"taxonomy":"product_tag","embeddable":true,"href":"https:\/\/metaltale.com\/et\/wp-json\/wp\/v2\/product_tag?post=133354"}],"curies":[{"name":"wp","href":"https:\/\/api.w.org\/{rel}","templated":true}]}}