{"id":133347,"date":"2024-02-13T15:25:41","date_gmt":"2024-02-13T13:25:41","guid":{"rendered":"https:\/\/metaltale.com\/produktas\/statsionaarne-valamusegisti-porto-roosakas-kuldne\/"},"modified":"2024-02-13T15:25:41","modified_gmt":"2024-02-13T13:25:41","slug":"statsionaarne-valamusegisti-porto-roosakas-kuldne","status":"publish","type":"product","link":"https:\/\/metaltale.com\/et\/toode\/statsionaarne-valamusegisti-porto-roosakas-kuldne\/","title":{"rendered":"Statsionaarne valamusegisti PORTO, roosakas kuldne"},"content":{"rendered":"<div class=\"prod_data\">\n<p><strong>Mudel<\/strong> QZ.MP-023.S-RZL<br \/>\nKaasaegne <strong>kollektsioon<\/strong><br \/>\n<strong>K\u00f5rgus (cm)<\/strong> 17<br \/>\n<strong>Aluse l\u00e4bim\u00f5\u00f5t (cm)<\/strong> 5<br \/>\n<strong>Koguprojektsioon (cm)<\/strong> 15,5<br \/>\n<strong>V\u00e4ljalaskeava pikkus (cm<\/strong> ) 9,5<br \/>\n<strong>K\u00f5rgus ninaotsani (cm)<\/strong> 6,4<br \/>\n<strong>Materjal<\/strong> Roostevaba teras<br \/>\n<strong>V\u00e4rv<\/strong> Roosa kuld<br \/>\nViimistlus Matte<br \/>\n<strong>P\u00f6\u00f6rlev v\u00e4ljalaskeava<\/strong> Ei<br \/>\n<strong>Perlator (\u00f5hutaja)<\/strong> Jah<br \/>\n<strong>Segisti t\u00fc\u00fcp<\/strong> Vabalt seisev<\/p>\n<p>roostevabast terasest seinasegisti<\/p>\n<p>\u00fche v\u00e4ljalaskeava mudel<\/p>\n<p>fikseeritud v\u00e4ljalaskeava<\/p>\n<p>\u00d5hutaja &#8211; vee tarbimise v\u00e4hendamiseks<\/p>\n<p>keraamiline pea &#8211; element, mis tagab vee n\u00f5uetekohase jaotamise<\/p>\n<p>K\u00f5ik paigaldamiseks vajalikud elemendid (voolik, kruvi lauaplaadi jaoks, kruvitihendid) kuuluvad komplekti.<\/p>\n<hr>\n<p>Porto statsionaarne valamusegisti \u00fchendab endas modernsuse ja funktsionaalsuse, et luua teie vannitoas ainulaadne stiil. Kraanil on lihtne ja elegantne kuju, mis annab sellele peene elegantsi. Ainulaadne roosakas kuldne viimistlus annab teie vannitoale luksusliku aktsendi ja v\u00e4\u00e4rika iseloomu. Kasutatud roostevaba teras on kvaliteetne materjal, mis tagab tugevuse ja vastupidavuse.<\/p>\n<\/div>\n","protected":false},"excerpt":{"rendered":"<p>Mudel QZ.MP-023.S-RZL Kaasaegne kollektsioon K\u00f5rgus (cm) 17 Aluse l\u00e4bim\u00f5\u00f5t (cm) 5 Koguprojektsioon (cm) 15,5 V\u00e4ljalaskeava pikkus (cm ) 9,5 K\u00f5rgus<\/p>\n","protected":false},"featured_media":104708,"comment_status":"open","ping_status":"closed","template":"","meta":{"_acf_changed":false,"pmpro_default_level":""},"product_brand":[],"product_cat":[24175,24154],"product_tag":[],"class_list":{"0":"post-133347","1":"product","2":"type-product","3":"status-publish","4":"has-post-thumbnail","6":"product_cat-valamu-segistid","7":"product_cat-vannitoa-kraanid","8":"pmpro-has-access","10":"first","11":"instock","12":"shipping-taxable","13":"purchasable","14":"product-type-simple"},"acf":[],"yoast_head":"<!-- This site is optimized with the Yoast SEO plugin v24.9 - https:\/\/yoast.com\/wordpress\/plugins\/seo\/ -->\n<title>Statsionaarne valamusegisti PORTO, roosakas kuldne - MetalTale.com<\/title>\n<meta name=\"robots\" content=\"index, follow, max-snippet:-1, max-image-preview:large, max-video-preview:-1\" \/>\n<link rel=\"canonical\" href=\"https:\/\/metaltale.com\/et\/toode\/statsionaarne-valamusegisti-porto-roosakas-kuldne\/\" \/>\n<meta property=\"og:locale\" content=\"et_EE\" \/>\n<meta property=\"og:type\" content=\"article\" \/>\n<meta property=\"og:title\" content=\"Statsionaarne valamusegisti PORTO, roosakas kuldne - MetalTale.com\" \/>\n<meta property=\"og:description\" content=\"Mudel QZ.MP-023.S-RZL Kaasaegne kollektsioon K\u00f5rgus (cm) 17 Aluse l\u00e4bim\u00f5\u00f5t (cm) 5 Koguprojektsioon (cm) 15,5 V\u00e4ljalaskeava pikkus (cm ) 9,5 K\u00f5rgus\" \/>\n<meta property=\"og:url\" content=\"https:\/\/metaltale.com\/et\/toode\/statsionaarne-valamusegisti-porto-roosakas-kuldne\/\" \/>\n<meta property=\"og:site_name\" content=\"MetalTale.com\" \/>\n<meta property=\"og:image\" content=\"https:\/\/metaltale.com\/wp-content\/uploads\/2023\/11\/Stacionarus-praustuvo-maix161ytuvas-PORTO-rox17Einio-aukso-spalvos-x17Eemas.jpg\" \/>\n\t<meta property=\"og:image:width\" content=\"800\" \/>\n\t<meta property=\"og:image:height\" content=\"800\" \/>\n\t<meta property=\"og:image:type\" content=\"image\/jpeg\" \/>\n<meta name=\"twitter:card\" content=\"summary_large_image\" \/>\n<meta name=\"twitter:label1\" content=\"Est. reading time\" \/>\n\t<meta name=\"twitter:data1\" content=\"1 minut\" \/>\n<script type=\"application\/ld+json\" class=\"yoast-schema-graph\">{\"@context\":\"https:\/\/schema.org\",\"@graph\":[{\"@type\":\"WebPage\",\"@id\":\"https:\/\/metaltale.com\/et\/toode\/statsionaarne-valamusegisti-porto-roosakas-kuldne\/\",\"url\":\"https:\/\/metaltale.com\/et\/toode\/statsionaarne-valamusegisti-porto-roosakas-kuldne\/\",\"name\":\"Statsionaarne valamusegisti PORTO, roosakas kuldne - MetalTale.com\",\"isPartOf\":{\"@id\":\"https:\/\/metaltale.com\/et\/#website\"},\"primaryImageOfPage\":{\"@id\":\"https:\/\/metaltale.com\/et\/toode\/statsionaarne-valamusegisti-porto-roosakas-kuldne\/#primaryimage\"},\"image\":{\"@id\":\"https:\/\/metaltale.com\/et\/toode\/statsionaarne-valamusegisti-porto-roosakas-kuldne\/#primaryimage\"},\"thumbnailUrl\":\"https:\/\/metaltale.com\/wp-content\/uploads\/2023\/11\/Stacionarus-praustuvo-maix161ytuvas-PORTO-rox17Einio-aukso-spalvos-x17Eemas.jpg\",\"datePublished\":\"2024-02-13T13:25:41+00:00\",\"breadcrumb\":{\"@id\":\"https:\/\/metaltale.com\/et\/toode\/statsionaarne-valamusegisti-porto-roosakas-kuldne\/#breadcrumb\"},\"inLanguage\":\"et\",\"potentialAction\":[{\"@type\":\"ReadAction\",\"target\":[\"https:\/\/metaltale.com\/et\/toode\/statsionaarne-valamusegisti-porto-roosakas-kuldne\/\"]}]},{\"@type\":\"ImageObject\",\"inLanguage\":\"et\",\"@id\":\"https:\/\/metaltale.com\/et\/toode\/statsionaarne-valamusegisti-porto-roosakas-kuldne\/#primaryimage\",\"url\":\"https:\/\/metaltale.com\/wp-content\/uploads\/2023\/11\/Stacionarus-praustuvo-maix161ytuvas-PORTO-rox17Einio-aukso-spalvos-x17Eemas.jpg\",\"contentUrl\":\"https:\/\/metaltale.com\/wp-content\/uploads\/2023\/11\/Stacionarus-praustuvo-maix161ytuvas-PORTO-rox17Einio-aukso-spalvos-x17Eemas.jpg\",\"width\":800,\"height\":800,\"caption\":\"Statsionaarne valamusegisti PORTO, roosakas kuldne\"},{\"@type\":\"BreadcrumbList\",\"@id\":\"https:\/\/metaltale.com\/et\/toode\/statsionaarne-valamusegisti-porto-roosakas-kuldne\/#breadcrumb\",\"itemListElement\":[{\"@type\":\"ListItem\",\"position\":1,\"name\":\"Home\",\"item\":\"https:\/\/metaltale.com\/et\/kodu\/\"},{\"@type\":\"ListItem\",\"position\":2,\"name\":\"Kauplus\",\"item\":\"https:\/\/metaltale.com\/et\/shop\/\"},{\"@type\":\"ListItem\",\"position\":3,\"name\":\"Statsionaarne valamusegisti PORTO, roosakas kuldne\"}]},{\"@type\":\"WebSite\",\"@id\":\"https:\/\/metaltale.com\/et\/#website\",\"url\":\"https:\/\/metaltale.com\/et\/\",\"name\":\"Metaltale.com\",\"description\":\"\",\"potentialAction\":[{\"@type\":\"SearchAction\",\"target\":{\"@type\":\"EntryPoint\",\"urlTemplate\":\"https:\/\/metaltale.com\/et\/?s={search_term_string}\"},\"query-input\":{\"@type\":\"PropertyValueSpecification\",\"valueRequired\":true,\"valueName\":\"search_term_string\"}}],\"inLanguage\":\"et\"}]}<\/script>\n<!-- \/ Yoast SEO plugin. -->","yoast_head_json":{"title":"Statsionaarne valamusegisti PORTO, roosakas kuldne - MetalTale.com","robots":{"index":"index","follow":"follow","max-snippet":"max-snippet:-1","max-image-preview":"max-image-preview:large","max-video-preview":"max-video-preview:-1"},"canonical":"https:\/\/metaltale.com\/et\/toode\/statsionaarne-valamusegisti-porto-roosakas-kuldne\/","og_locale":"et_EE","og_type":"article","og_title":"Statsionaarne valamusegisti PORTO, roosakas kuldne - MetalTale.com","og_description":"Mudel QZ.MP-023.S-RZL Kaasaegne kollektsioon K\u00f5rgus (cm) 17 Aluse l\u00e4bim\u00f5\u00f5t (cm) 5 Koguprojektsioon (cm) 15,5 V\u00e4ljalaskeava pikkus (cm ) 9,5 K\u00f5rgus","og_url":"https:\/\/metaltale.com\/et\/toode\/statsionaarne-valamusegisti-porto-roosakas-kuldne\/","og_site_name":"MetalTale.com","og_image":[{"width":800,"height":800,"url":"https:\/\/metaltale.com\/wp-content\/uploads\/2023\/11\/Stacionarus-praustuvo-maix161ytuvas-PORTO-rox17Einio-aukso-spalvos-x17Eemas.jpg","type":"image\/jpeg"}],"twitter_card":"summary_large_image","twitter_misc":{"Est. reading time":"1 minut"},"schema":{"@context":"https:\/\/schema.org","@graph":[{"@type":"WebPage","@id":"https:\/\/metaltale.com\/et\/toode\/statsionaarne-valamusegisti-porto-roosakas-kuldne\/","url":"https:\/\/metaltale.com\/et\/toode\/statsionaarne-valamusegisti-porto-roosakas-kuldne\/","name":"Statsionaarne valamusegisti PORTO, roosakas kuldne - MetalTale.com","isPartOf":{"@id":"https:\/\/metaltale.com\/et\/#website"},"primaryImageOfPage":{"@id":"https:\/\/metaltale.com\/et\/toode\/statsionaarne-valamusegisti-porto-roosakas-kuldne\/#primaryimage"},"image":{"@id":"https:\/\/metaltale.com\/et\/toode\/statsionaarne-valamusegisti-porto-roosakas-kuldne\/#primaryimage"},"thumbnailUrl":"https:\/\/metaltale.com\/wp-content\/uploads\/2023\/11\/Stacionarus-praustuvo-maix161ytuvas-PORTO-rox17Einio-aukso-spalvos-x17Eemas.jpg","datePublished":"2024-02-13T13:25:41+00:00","breadcrumb":{"@id":"https:\/\/metaltale.com\/et\/toode\/statsionaarne-valamusegisti-porto-roosakas-kuldne\/#breadcrumb"},"inLanguage":"et","potentialAction":[{"@type":"ReadAction","target":["https:\/\/metaltale.com\/et\/toode\/statsionaarne-valamusegisti-porto-roosakas-kuldne\/"]}]},{"@type":"ImageObject","inLanguage":"et","@id":"https:\/\/metaltale.com\/et\/toode\/statsionaarne-valamusegisti-porto-roosakas-kuldne\/#primaryimage","url":"https:\/\/metaltale.com\/wp-content\/uploads\/2023\/11\/Stacionarus-praustuvo-maix161ytuvas-PORTO-rox17Einio-aukso-spalvos-x17Eemas.jpg","contentUrl":"https:\/\/metaltale.com\/wp-content\/uploads\/2023\/11\/Stacionarus-praustuvo-maix161ytuvas-PORTO-rox17Einio-aukso-spalvos-x17Eemas.jpg","width":800,"height":800,"caption":"Statsionaarne valamusegisti PORTO, roosakas kuldne"},{"@type":"BreadcrumbList","@id":"https:\/\/metaltale.com\/et\/toode\/statsionaarne-valamusegisti-porto-roosakas-kuldne\/#breadcrumb","itemListElement":[{"@type":"ListItem","position":1,"name":"Home","item":"https:\/\/metaltale.com\/et\/kodu\/"},{"@type":"ListItem","position":2,"name":"Kauplus","item":"https:\/\/metaltale.com\/et\/shop\/"},{"@type":"ListItem","position":3,"name":"Statsionaarne valamusegisti PORTO, roosakas kuldne"}]},{"@type":"WebSite","@id":"https:\/\/metaltale.com\/et\/#website","url":"https:\/\/metaltale.com\/et\/","name":"Metaltale.com","description":"","potentialAction":[{"@type":"SearchAction","target":{"@type":"EntryPoint","urlTemplate":"https:\/\/metaltale.com\/et\/?s={search_term_string}"},"query-input":{"@type":"PropertyValueSpecification","valueRequired":true,"valueName":"search_term_string"}}],"inLanguage":"et"}]}},"_links":{"self":[{"href":"https:\/\/metaltale.com\/et\/wp-json\/wp\/v2\/product\/133347","targetHints":{"allow":["GET"]}}],"collection":[{"href":"https:\/\/metaltale.com\/et\/wp-json\/wp\/v2\/product"}],"about":[{"href":"https:\/\/metaltale.com\/et\/wp-json\/wp\/v2\/types\/product"}],"replies":[{"embeddable":true,"href":"https:\/\/metaltale.com\/et\/wp-json\/wp\/v2\/comments?post=133347"}],"version-history":[{"count":0,"href":"https:\/\/metaltale.com\/et\/wp-json\/wp\/v2\/product\/133347\/revisions"}],"wp:featuredmedia":[{"embeddable":true,"href":"https:\/\/metaltale.com\/et\/wp-json\/wp\/v2\/media\/104708"}],"wp:attachment":[{"href":"https:\/\/metaltale.com\/et\/wp-json\/wp\/v2\/media?parent=133347"}],"wp:term":[{"taxonomy":"product_brand","embeddable":true,"href":"https:\/\/metaltale.com\/et\/wp-json\/wp\/v2\/product_brand?post=133347"},{"taxonomy":"product_cat","embeddable":true,"href":"https:\/\/metaltale.com\/et\/wp-json\/wp\/v2\/product_cat?post=133347"},{"taxonomy":"product_tag","embeddable":true,"href":"https:\/\/metaltale.com\/et\/wp-json\/wp\/v2\/product_tag?post=133347"}],"curies":[{"name":"wp","href":"https:\/\/api.w.org\/{rel}","templated":true}]}}