{"id":133344,"date":"2024-02-13T15:25:41","date_gmt":"2024-02-13T13:25:41","guid":{"rendered":"https:\/\/metaltale.com\/produktas\/statsionaarne-koogikraan-plain-must\/"},"modified":"2024-02-13T15:25:41","modified_gmt":"2024-02-13T13:25:41","slug":"statsionaarne-koogikraan-plain-must","status":"publish","type":"product","link":"https:\/\/metaltale.com\/et\/toode\/statsionaarne-koogikraan-plain-must\/","title":{"rendered":"Statsionaarne k\u00f6\u00f6gikraan PLAIN, must"},"content":{"rendered":"<div class=\"prod_data\">\n<p><strong>Mudel<\/strong> QZ.CF-057-CZ<br \/>\nKaasaegne <strong>kollektsioon<\/strong><br \/>\n<strong>K\u00f5rgus (cm)<\/strong> 39<br \/>\n<strong>Aluse l\u00e4bim\u00f5\u00f5t (cm)<\/strong> 4,6<br \/>\n<strong>Koguprojektsioon (cm)<\/strong> 23<br \/>\n<strong>V\u00e4ljalaskeava pikkus (cm<\/strong> ) 17,5<br \/>\n<strong>K\u00f5rgus ninaotsani (cm)<\/strong> 28<br \/>\n<strong>Materjal<\/strong> Roostevaba teras<br \/>\nV\u00e4rv Must<br \/>\n<strong>Viimistlus<\/strong> l\u00e4ikiv<br \/>\n<strong>P\u00f6\u00f6rlev v\u00e4ljalaskeava<\/strong> Jah<br \/>\n<strong>Perlator (\u00f5hutaja)<\/strong> Jah<\/p>\n<p>roostevabast terasest seinasegisti<\/p>\n<p>360&#8242; p\u00f6\u00f6rlev otsak<\/p>\n<p>Aerator &#8211; \u00f5hutaja, mis v\u00e4hendab veekulu<\/p>\n<p>keraamiline pea &#8211; element, mis tagab vee n\u00f5uetekohase jaotamise<\/p>\n<p>K\u00f5ik paigaldamiseks vajalikud elemendid (voolik, kruvi lauaplaadi jaoks, kruvitihendid) kuuluvad komplekti.<\/p>\n<hr>\n<p>Praktiline kuju ja mattmust viimistlus annavad meie valamusegistijale kaasaegse stiili, mist\u00f5ttu sobib see loft- ja t\u00f6\u00f6stuslike interj\u00f6\u00f6ride jaoks. Plain vabalt seisval kraanil on praktilisuse tagamiseks p\u00f6\u00f6rlev kraanikaussi, samal ajal kui keraamiline pea ja aerator tagavad kasutuskvaliteedi. Sellel valamusegistil on ka ergonoomiline k\u00e4epide, mis v\u00f5imaldab mugavalt reguleerida veevoolu ja temperatuuri.<\/p>\n<\/div>\n","protected":false},"excerpt":{"rendered":"<p>Mudel QZ.CF-057-CZ Kaasaegne kollektsioon K\u00f5rgus (cm) 39 Aluse l\u00e4bim\u00f5\u00f5t (cm) 4,6 Koguprojektsioon (cm) 23 V\u00e4ljalaskeava pikkus (cm ) 17,5 K\u00f5rgus<\/p>\n","protected":false},"featured_media":96681,"comment_status":"open","ping_status":"closed","template":"","meta":{"_acf_changed":false,"pmpro_default_level":""},"product_brand":[],"product_cat":[24178,24179],"product_tag":[],"class_list":{"0":"post-133344","1":"product","2":"type-product","3":"status-publish","4":"has-post-thumbnail","6":"product_cat-koogisegistid","7":"product_cat-vabalt-seisvad-koogisegistid","8":"pmpro-has-access","10":"first","11":"instock","12":"shipping-taxable","13":"purchasable","14":"product-type-simple"},"acf":[],"yoast_head":"<!-- This site is optimized with the Yoast SEO plugin v24.9 - https:\/\/yoast.com\/wordpress\/plugins\/seo\/ -->\n<title>Statsionaarne k\u00f6\u00f6gikraan PLAIN, must - MetalTale.com<\/title>\n<meta name=\"robots\" content=\"index, follow, max-snippet:-1, max-image-preview:large, max-video-preview:-1\" \/>\n<link rel=\"canonical\" href=\"https:\/\/metaltale.com\/et\/toode\/statsionaarne-koogikraan-plain-must\/\" \/>\n<meta property=\"og:locale\" content=\"et_EE\" \/>\n<meta property=\"og:type\" content=\"article\" \/>\n<meta property=\"og:title\" content=\"Statsionaarne k\u00f6\u00f6gikraan PLAIN, must - MetalTale.com\" \/>\n<meta property=\"og:description\" content=\"Mudel QZ.CF-057-CZ Kaasaegne kollektsioon K\u00f5rgus (cm) 39 Aluse l\u00e4bim\u00f5\u00f5t (cm) 4,6 Koguprojektsioon (cm) 23 V\u00e4ljalaskeava pikkus (cm ) 17,5 K\u00f5rgus\" \/>\n<meta property=\"og:url\" content=\"https:\/\/metaltale.com\/et\/toode\/statsionaarne-koogikraan-plain-must\/\" \/>\n<meta property=\"og:site_name\" content=\"MetalTale.com\" \/>\n<meta property=\"og:image\" content=\"https:\/\/metaltale.com\/wp-content\/uploads\/2023\/10\/Laisvai-pastatomi-virtuviniai-maix161ytuvai.jpg\" \/>\n\t<meta property=\"og:image:width\" content=\"800\" \/>\n\t<meta property=\"og:image:height\" content=\"800\" \/>\n\t<meta property=\"og:image:type\" content=\"image\/jpeg\" \/>\n<meta name=\"twitter:card\" content=\"summary_large_image\" \/>\n<meta name=\"twitter:label1\" content=\"Est. reading time\" \/>\n\t<meta name=\"twitter:data1\" content=\"1 minut\" \/>\n<script type=\"application\/ld+json\" class=\"yoast-schema-graph\">{\"@context\":\"https:\/\/schema.org\",\"@graph\":[{\"@type\":\"WebPage\",\"@id\":\"https:\/\/metaltale.com\/et\/toode\/statsionaarne-koogikraan-plain-must\/\",\"url\":\"https:\/\/metaltale.com\/et\/toode\/statsionaarne-koogikraan-plain-must\/\",\"name\":\"Statsionaarne k\u00f6\u00f6gikraan PLAIN, must - MetalTale.com\",\"isPartOf\":{\"@id\":\"https:\/\/metaltale.com\/et\/#website\"},\"primaryImageOfPage\":{\"@id\":\"https:\/\/metaltale.com\/et\/toode\/statsionaarne-koogikraan-plain-must\/#primaryimage\"},\"image\":{\"@id\":\"https:\/\/metaltale.com\/et\/toode\/statsionaarne-koogikraan-plain-must\/#primaryimage\"},\"thumbnailUrl\":\"https:\/\/metaltale.com\/wp-content\/uploads\/2023\/10\/Laisvai-pastatomi-virtuviniai-maix161ytuvai.jpg\",\"datePublished\":\"2024-02-13T13:25:41+00:00\",\"breadcrumb\":{\"@id\":\"https:\/\/metaltale.com\/et\/toode\/statsionaarne-koogikraan-plain-must\/#breadcrumb\"},\"inLanguage\":\"et\",\"potentialAction\":[{\"@type\":\"ReadAction\",\"target\":[\"https:\/\/metaltale.com\/et\/toode\/statsionaarne-koogikraan-plain-must\/\"]}]},{\"@type\":\"ImageObject\",\"inLanguage\":\"et\",\"@id\":\"https:\/\/metaltale.com\/et\/toode\/statsionaarne-koogikraan-plain-must\/#primaryimage\",\"url\":\"https:\/\/metaltale.com\/wp-content\/uploads\/2023\/10\/Laisvai-pastatomi-virtuviniai-maix161ytuvai.jpg\",\"contentUrl\":\"https:\/\/metaltale.com\/wp-content\/uploads\/2023\/10\/Laisvai-pastatomi-virtuviniai-maix161ytuvai.jpg\",\"width\":800,\"height\":800,\"caption\":\"Statsionaarne k\u00f6\u00f6gikraan PLAIN, must\"},{\"@type\":\"BreadcrumbList\",\"@id\":\"https:\/\/metaltale.com\/et\/toode\/statsionaarne-koogikraan-plain-must\/#breadcrumb\",\"itemListElement\":[{\"@type\":\"ListItem\",\"position\":1,\"name\":\"Home\",\"item\":\"https:\/\/metaltale.com\/et\/kodu\/\"},{\"@type\":\"ListItem\",\"position\":2,\"name\":\"Kauplus\",\"item\":\"https:\/\/metaltale.com\/et\/shop\/\"},{\"@type\":\"ListItem\",\"position\":3,\"name\":\"Statsionaarne k\u00f6\u00f6gikraan PLAIN, must\"}]},{\"@type\":\"WebSite\",\"@id\":\"https:\/\/metaltale.com\/et\/#website\",\"url\":\"https:\/\/metaltale.com\/et\/\",\"name\":\"Metaltale.com\",\"description\":\"\",\"potentialAction\":[{\"@type\":\"SearchAction\",\"target\":{\"@type\":\"EntryPoint\",\"urlTemplate\":\"https:\/\/metaltale.com\/et\/?s={search_term_string}\"},\"query-input\":{\"@type\":\"PropertyValueSpecification\",\"valueRequired\":true,\"valueName\":\"search_term_string\"}}],\"inLanguage\":\"et\"}]}<\/script>\n<!-- \/ Yoast SEO plugin. -->","yoast_head_json":{"title":"Statsionaarne k\u00f6\u00f6gikraan PLAIN, must - MetalTale.com","robots":{"index":"index","follow":"follow","max-snippet":"max-snippet:-1","max-image-preview":"max-image-preview:large","max-video-preview":"max-video-preview:-1"},"canonical":"https:\/\/metaltale.com\/et\/toode\/statsionaarne-koogikraan-plain-must\/","og_locale":"et_EE","og_type":"article","og_title":"Statsionaarne k\u00f6\u00f6gikraan PLAIN, must - MetalTale.com","og_description":"Mudel QZ.CF-057-CZ Kaasaegne kollektsioon K\u00f5rgus (cm) 39 Aluse l\u00e4bim\u00f5\u00f5t (cm) 4,6 Koguprojektsioon (cm) 23 V\u00e4ljalaskeava pikkus (cm ) 17,5 K\u00f5rgus","og_url":"https:\/\/metaltale.com\/et\/toode\/statsionaarne-koogikraan-plain-must\/","og_site_name":"MetalTale.com","og_image":[{"width":800,"height":800,"url":"https:\/\/metaltale.com\/wp-content\/uploads\/2023\/10\/Laisvai-pastatomi-virtuviniai-maix161ytuvai.jpg","type":"image\/jpeg"}],"twitter_card":"summary_large_image","twitter_misc":{"Est. reading time":"1 minut"},"schema":{"@context":"https:\/\/schema.org","@graph":[{"@type":"WebPage","@id":"https:\/\/metaltale.com\/et\/toode\/statsionaarne-koogikraan-plain-must\/","url":"https:\/\/metaltale.com\/et\/toode\/statsionaarne-koogikraan-plain-must\/","name":"Statsionaarne k\u00f6\u00f6gikraan PLAIN, must - MetalTale.com","isPartOf":{"@id":"https:\/\/metaltale.com\/et\/#website"},"primaryImageOfPage":{"@id":"https:\/\/metaltale.com\/et\/toode\/statsionaarne-koogikraan-plain-must\/#primaryimage"},"image":{"@id":"https:\/\/metaltale.com\/et\/toode\/statsionaarne-koogikraan-plain-must\/#primaryimage"},"thumbnailUrl":"https:\/\/metaltale.com\/wp-content\/uploads\/2023\/10\/Laisvai-pastatomi-virtuviniai-maix161ytuvai.jpg","datePublished":"2024-02-13T13:25:41+00:00","breadcrumb":{"@id":"https:\/\/metaltale.com\/et\/toode\/statsionaarne-koogikraan-plain-must\/#breadcrumb"},"inLanguage":"et","potentialAction":[{"@type":"ReadAction","target":["https:\/\/metaltale.com\/et\/toode\/statsionaarne-koogikraan-plain-must\/"]}]},{"@type":"ImageObject","inLanguage":"et","@id":"https:\/\/metaltale.com\/et\/toode\/statsionaarne-koogikraan-plain-must\/#primaryimage","url":"https:\/\/metaltale.com\/wp-content\/uploads\/2023\/10\/Laisvai-pastatomi-virtuviniai-maix161ytuvai.jpg","contentUrl":"https:\/\/metaltale.com\/wp-content\/uploads\/2023\/10\/Laisvai-pastatomi-virtuviniai-maix161ytuvai.jpg","width":800,"height":800,"caption":"Statsionaarne k\u00f6\u00f6gikraan PLAIN, must"},{"@type":"BreadcrumbList","@id":"https:\/\/metaltale.com\/et\/toode\/statsionaarne-koogikraan-plain-must\/#breadcrumb","itemListElement":[{"@type":"ListItem","position":1,"name":"Home","item":"https:\/\/metaltale.com\/et\/kodu\/"},{"@type":"ListItem","position":2,"name":"Kauplus","item":"https:\/\/metaltale.com\/et\/shop\/"},{"@type":"ListItem","position":3,"name":"Statsionaarne k\u00f6\u00f6gikraan PLAIN, must"}]},{"@type":"WebSite","@id":"https:\/\/metaltale.com\/et\/#website","url":"https:\/\/metaltale.com\/et\/","name":"Metaltale.com","description":"","potentialAction":[{"@type":"SearchAction","target":{"@type":"EntryPoint","urlTemplate":"https:\/\/metaltale.com\/et\/?s={search_term_string}"},"query-input":{"@type":"PropertyValueSpecification","valueRequired":true,"valueName":"search_term_string"}}],"inLanguage":"et"}]}},"_links":{"self":[{"href":"https:\/\/metaltale.com\/et\/wp-json\/wp\/v2\/product\/133344","targetHints":{"allow":["GET"]}}],"collection":[{"href":"https:\/\/metaltale.com\/et\/wp-json\/wp\/v2\/product"}],"about":[{"href":"https:\/\/metaltale.com\/et\/wp-json\/wp\/v2\/types\/product"}],"replies":[{"embeddable":true,"href":"https:\/\/metaltale.com\/et\/wp-json\/wp\/v2\/comments?post=133344"}],"version-history":[{"count":0,"href":"https:\/\/metaltale.com\/et\/wp-json\/wp\/v2\/product\/133344\/revisions"}],"wp:featuredmedia":[{"embeddable":true,"href":"https:\/\/metaltale.com\/et\/wp-json\/wp\/v2\/media\/96681"}],"wp:attachment":[{"href":"https:\/\/metaltale.com\/et\/wp-json\/wp\/v2\/media?parent=133344"}],"wp:term":[{"taxonomy":"product_brand","embeddable":true,"href":"https:\/\/metaltale.com\/et\/wp-json\/wp\/v2\/product_brand?post=133344"},{"taxonomy":"product_cat","embeddable":true,"href":"https:\/\/metaltale.com\/et\/wp-json\/wp\/v2\/product_cat?post=133344"},{"taxonomy":"product_tag","embeddable":true,"href":"https:\/\/metaltale.com\/et\/wp-json\/wp\/v2\/product_tag?post=133344"}],"curies":[{"name":"wp","href":"https:\/\/api.w.org\/{rel}","templated":true}]}}