{"id":133339,"date":"2024-02-13T15:25:41","date_gmt":"2024-02-13T13:25:41","guid":{"rendered":"https:\/\/metaltale.com\/produktas\/statsionaarne-kraanikauss-porto-antik-messingist-pikk\/"},"modified":"2024-02-13T15:25:41","modified_gmt":"2024-02-13T13:25:41","slug":"statsionaarne-kraanikauss-porto-antik-messingist-pikk","status":"publish","type":"product","link":"https:\/\/metaltale.com\/et\/toode\/statsionaarne-kraanikauss-porto-antik-messingist-pikk\/","title":{"rendered":"Statsionaarne kraanikauss PORTO Antik messingist, pikk"},"content":{"rendered":"<div class=\"prod_data\"><strong>Mudel<\/strong> QZ.MP-023.T-AMD  <br \/>Kaasaegne <strong>kollektsioon<\/strong>  <br \/>K\u00f5rgus (cm) 29,5 <br \/>Aluse l\u00e4bim\u00f5\u00f5t (cm) 5 <br \/>Koguprojektsioon (cm) 16 <br \/>V\u00e4ljalaskeava pikkus (cm ) 9,5 <br \/>K\u00f5rgus ninaotsani (cm) 19 <br \/><strong>Materjal<\/strong> Roostevaba teras  <br \/>V\u00e4rv Antik messingist <br \/><strong>Viimistlus<\/strong> Matte  <br \/>P\u00f6\u00f6rlev v\u00e4ljalaskeava Ei <br \/>Perlator (\u00f5hutaja) Jah <br \/>Segisti t\u00fc\u00fcp Vabalt seisev <\/p>\n<p>roostevabast terasest seinasegisti<\/p>\n<p>\u00fche v\u00e4ljalaskeava mudel<\/p>\n<p>fikseeritud v\u00e4ljalaskeava<\/p>\n<p>\u00d5hutaja &#8211; vee tarbimise v\u00e4hendamiseks<\/p>\n<p>keraamiline pea &#8211; element, mis tagab vee n\u00f5uetekohase jaotamise<\/p>\n<p>K\u00f5ik paigaldamiseks vajalikud elemendid (voolik, kruvi lauaplaadi jaoks, kruvitihendid) kuuluvad komplekti.<\/p>\n<p>vt. muud mudelid Modern kollektsioonis<\/p>\n<hr>\n<p>Meie Porto valamusegistit iseloomustab ornamendivabadus, mis muudab selle \u00e4\u00e4rmiselt mitmek\u00fclgseks ja kergesti sobitatavaks erinevate interj\u00f6\u00f6ristiilidega. Elegantne kuju lisab kogu komplektile kergust, samas kui antiikmessingist viimistlus lisab klassikat ja soojust. Kraan ei ole mitte ainult esteetiline t\u00e4iendus teie vannitoale, vaid ka praktiline element igap\u00e4evase mugavuse tagamiseks.<\/p>\n<\/div>\n","protected":false},"excerpt":{"rendered":"<p>Mudel QZ.MP-023.T-AMD Kaasaegne kollektsioon K\u00f5rgus (cm) 29,5 Aluse l\u00e4bim\u00f5\u00f5t (cm) 5 Koguprojektsioon (cm) 16 V\u00e4ljalaskeava pikkus (cm ) 9,5 K\u00f5rgus<\/p>\n","protected":false},"featured_media":96654,"comment_status":"open","ping_status":"closed","template":"","meta":{"_acf_changed":false,"pmpro_default_level":""},"product_brand":[],"product_cat":[24175],"product_tag":[],"class_list":{"0":"post-133339","1":"product","2":"type-product","3":"status-publish","4":"has-post-thumbnail","6":"product_cat-valamu-segistid","7":"pmpro-has-access","9":"first","10":"instock","11":"shipping-taxable","12":"purchasable","13":"product-type-simple"},"acf":[],"yoast_head":"<!-- This site is optimized with the Yoast SEO plugin v24.9 - https:\/\/yoast.com\/wordpress\/plugins\/seo\/ -->\n<title>Statsionaarne kraanikauss PORTO Antik messingist, pikk - MetalTale.com<\/title>\n<meta name=\"robots\" content=\"index, follow, max-snippet:-1, max-image-preview:large, max-video-preview:-1\" \/>\n<link rel=\"canonical\" href=\"https:\/\/metaltale.com\/et\/toode\/statsionaarne-kraanikauss-porto-antik-messingist-pikk\/\" \/>\n<meta property=\"og:locale\" content=\"et_EE\" \/>\n<meta property=\"og:type\" content=\"article\" \/>\n<meta property=\"og:title\" content=\"Statsionaarne kraanikauss PORTO Antik messingist, pikk - MetalTale.com\" \/>\n<meta property=\"og:description\" content=\"Mudel QZ.MP-023.T-AMD Kaasaegne kollektsioon K\u00f5rgus (cm) 29,5 Aluse l\u00e4bim\u00f5\u00f5t (cm) 5 Koguprojektsioon (cm) 16 V\u00e4ljalaskeava pikkus (cm ) 9,5 K\u00f5rgus\" \/>\n<meta property=\"og:url\" content=\"https:\/\/metaltale.com\/et\/toode\/statsionaarne-kraanikauss-porto-antik-messingist-pikk\/\" \/>\n<meta property=\"og:site_name\" content=\"MetalTale.com\" \/>\n<meta name=\"twitter:card\" content=\"summary_large_image\" \/>\n<meta name=\"twitter:label1\" content=\"Est. reading time\" \/>\n\t<meta name=\"twitter:data1\" content=\"1 minut\" \/>\n<script type=\"application\/ld+json\" class=\"yoast-schema-graph\">{\"@context\":\"https:\/\/schema.org\",\"@graph\":[{\"@type\":\"WebPage\",\"@id\":\"https:\/\/metaltale.com\/et\/toode\/statsionaarne-kraanikauss-porto-antik-messingist-pikk\/\",\"url\":\"https:\/\/metaltale.com\/et\/toode\/statsionaarne-kraanikauss-porto-antik-messingist-pikk\/\",\"name\":\"Statsionaarne kraanikauss PORTO Antik messingist, pikk - MetalTale.com\",\"isPartOf\":{\"@id\":\"https:\/\/metaltale.com\/et\/#website\"},\"primaryImageOfPage\":{\"@id\":\"https:\/\/metaltale.com\/et\/toode\/statsionaarne-kraanikauss-porto-antik-messingist-pikk\/#primaryimage\"},\"image\":{\"@id\":\"https:\/\/metaltale.com\/et\/toode\/statsionaarne-kraanikauss-porto-antik-messingist-pikk\/#primaryimage\"},\"thumbnailUrl\":\"https:\/\/metaltale.com\/wp-content\/uploads\/2023\/10\/x10Ciaupai.jpg\",\"datePublished\":\"2024-02-13T13:25:41+00:00\",\"breadcrumb\":{\"@id\":\"https:\/\/metaltale.com\/et\/toode\/statsionaarne-kraanikauss-porto-antik-messingist-pikk\/#breadcrumb\"},\"inLanguage\":\"et\",\"potentialAction\":[{\"@type\":\"ReadAction\",\"target\":[\"https:\/\/metaltale.com\/et\/toode\/statsionaarne-kraanikauss-porto-antik-messingist-pikk\/\"]}]},{\"@type\":\"ImageObject\",\"inLanguage\":\"et\",\"@id\":\"https:\/\/metaltale.com\/et\/toode\/statsionaarne-kraanikauss-porto-antik-messingist-pikk\/#primaryimage\",\"url\":\"https:\/\/metaltale.com\/wp-content\/uploads\/2023\/10\/x10Ciaupai.jpg\",\"contentUrl\":\"https:\/\/metaltale.com\/wp-content\/uploads\/2023\/10\/x10Ciaupai.jpg\",\"width\":800,\"height\":800},{\"@type\":\"BreadcrumbList\",\"@id\":\"https:\/\/metaltale.com\/et\/toode\/statsionaarne-kraanikauss-porto-antik-messingist-pikk\/#breadcrumb\",\"itemListElement\":[{\"@type\":\"ListItem\",\"position\":1,\"name\":\"Home\",\"item\":\"https:\/\/metaltale.com\/et\/kodu\/\"},{\"@type\":\"ListItem\",\"position\":2,\"name\":\"Kauplus\",\"item\":\"https:\/\/metaltale.com\/et\/shop\/\"},{\"@type\":\"ListItem\",\"position\":3,\"name\":\"Statsionaarne kraanikauss PORTO Antik messingist, pikk\"}]},{\"@type\":\"WebSite\",\"@id\":\"https:\/\/metaltale.com\/et\/#website\",\"url\":\"https:\/\/metaltale.com\/et\/\",\"name\":\"Metaltale.com\",\"description\":\"\",\"potentialAction\":[{\"@type\":\"SearchAction\",\"target\":{\"@type\":\"EntryPoint\",\"urlTemplate\":\"https:\/\/metaltale.com\/et\/?s={search_term_string}\"},\"query-input\":{\"@type\":\"PropertyValueSpecification\",\"valueRequired\":true,\"valueName\":\"search_term_string\"}}],\"inLanguage\":\"et\"}]}<\/script>\n<!-- \/ Yoast SEO plugin. -->","yoast_head_json":{"title":"Statsionaarne kraanikauss PORTO Antik messingist, pikk - MetalTale.com","robots":{"index":"index","follow":"follow","max-snippet":"max-snippet:-1","max-image-preview":"max-image-preview:large","max-video-preview":"max-video-preview:-1"},"canonical":"https:\/\/metaltale.com\/et\/toode\/statsionaarne-kraanikauss-porto-antik-messingist-pikk\/","og_locale":"et_EE","og_type":"article","og_title":"Statsionaarne kraanikauss PORTO Antik messingist, pikk - MetalTale.com","og_description":"Mudel QZ.MP-023.T-AMD Kaasaegne kollektsioon K\u00f5rgus (cm) 29,5 Aluse l\u00e4bim\u00f5\u00f5t (cm) 5 Koguprojektsioon (cm) 16 V\u00e4ljalaskeava pikkus (cm ) 9,5 K\u00f5rgus","og_url":"https:\/\/metaltale.com\/et\/toode\/statsionaarne-kraanikauss-porto-antik-messingist-pikk\/","og_site_name":"MetalTale.com","twitter_card":"summary_large_image","twitter_misc":{"Est. reading time":"1 minut"},"schema":{"@context":"https:\/\/schema.org","@graph":[{"@type":"WebPage","@id":"https:\/\/metaltale.com\/et\/toode\/statsionaarne-kraanikauss-porto-antik-messingist-pikk\/","url":"https:\/\/metaltale.com\/et\/toode\/statsionaarne-kraanikauss-porto-antik-messingist-pikk\/","name":"Statsionaarne kraanikauss PORTO Antik messingist, pikk - MetalTale.com","isPartOf":{"@id":"https:\/\/metaltale.com\/et\/#website"},"primaryImageOfPage":{"@id":"https:\/\/metaltale.com\/et\/toode\/statsionaarne-kraanikauss-porto-antik-messingist-pikk\/#primaryimage"},"image":{"@id":"https:\/\/metaltale.com\/et\/toode\/statsionaarne-kraanikauss-porto-antik-messingist-pikk\/#primaryimage"},"thumbnailUrl":"https:\/\/metaltale.com\/wp-content\/uploads\/2023\/10\/x10Ciaupai.jpg","datePublished":"2024-02-13T13:25:41+00:00","breadcrumb":{"@id":"https:\/\/metaltale.com\/et\/toode\/statsionaarne-kraanikauss-porto-antik-messingist-pikk\/#breadcrumb"},"inLanguage":"et","potentialAction":[{"@type":"ReadAction","target":["https:\/\/metaltale.com\/et\/toode\/statsionaarne-kraanikauss-porto-antik-messingist-pikk\/"]}]},{"@type":"ImageObject","inLanguage":"et","@id":"https:\/\/metaltale.com\/et\/toode\/statsionaarne-kraanikauss-porto-antik-messingist-pikk\/#primaryimage","url":"https:\/\/metaltale.com\/wp-content\/uploads\/2023\/10\/x10Ciaupai.jpg","contentUrl":"https:\/\/metaltale.com\/wp-content\/uploads\/2023\/10\/x10Ciaupai.jpg","width":800,"height":800},{"@type":"BreadcrumbList","@id":"https:\/\/metaltale.com\/et\/toode\/statsionaarne-kraanikauss-porto-antik-messingist-pikk\/#breadcrumb","itemListElement":[{"@type":"ListItem","position":1,"name":"Home","item":"https:\/\/metaltale.com\/et\/kodu\/"},{"@type":"ListItem","position":2,"name":"Kauplus","item":"https:\/\/metaltale.com\/et\/shop\/"},{"@type":"ListItem","position":3,"name":"Statsionaarne kraanikauss PORTO Antik messingist, pikk"}]},{"@type":"WebSite","@id":"https:\/\/metaltale.com\/et\/#website","url":"https:\/\/metaltale.com\/et\/","name":"Metaltale.com","description":"","potentialAction":[{"@type":"SearchAction","target":{"@type":"EntryPoint","urlTemplate":"https:\/\/metaltale.com\/et\/?s={search_term_string}"},"query-input":{"@type":"PropertyValueSpecification","valueRequired":true,"valueName":"search_term_string"}}],"inLanguage":"et"}]}},"_links":{"self":[{"href":"https:\/\/metaltale.com\/et\/wp-json\/wp\/v2\/product\/133339","targetHints":{"allow":["GET"]}}],"collection":[{"href":"https:\/\/metaltale.com\/et\/wp-json\/wp\/v2\/product"}],"about":[{"href":"https:\/\/metaltale.com\/et\/wp-json\/wp\/v2\/types\/product"}],"replies":[{"embeddable":true,"href":"https:\/\/metaltale.com\/et\/wp-json\/wp\/v2\/comments?post=133339"}],"version-history":[{"count":0,"href":"https:\/\/metaltale.com\/et\/wp-json\/wp\/v2\/product\/133339\/revisions"}],"wp:featuredmedia":[{"embeddable":true,"href":"https:\/\/metaltale.com\/et\/wp-json\/wp\/v2\/media\/96654"}],"wp:attachment":[{"href":"https:\/\/metaltale.com\/et\/wp-json\/wp\/v2\/media?parent=133339"}],"wp:term":[{"taxonomy":"product_brand","embeddable":true,"href":"https:\/\/metaltale.com\/et\/wp-json\/wp\/v2\/product_brand?post=133339"},{"taxonomy":"product_cat","embeddable":true,"href":"https:\/\/metaltale.com\/et\/wp-json\/wp\/v2\/product_cat?post=133339"},{"taxonomy":"product_tag","embeddable":true,"href":"https:\/\/metaltale.com\/et\/wp-json\/wp\/v2\/product_tag?post=133339"}],"curies":[{"name":"wp","href":"https:\/\/api.w.org\/{rel}","templated":true}]}}