{"id":133322,"date":"2024-02-13T15:25:41","date_gmt":"2024-02-13T13:25:41","guid":{"rendered":"https:\/\/metaltale.com\/produktas\/statsionaarne-kraan-dorset-must\/"},"modified":"2024-02-13T15:25:41","modified_gmt":"2024-02-13T13:25:41","slug":"statsionaarne-kraan-dorset-must","status":"publish","type":"product","link":"https:\/\/metaltale.com\/et\/toode\/statsionaarne-kraan-dorset-must\/","title":{"rendered":"Statsionaarne kraan DORSET, must"},"content":{"rendered":"<div class=\"prod_data\">\n<p><strong>Mudel<\/strong> QZ.MP-037.T-CZ<br \/>\nKaasaegne <strong>kollektsioon<\/strong><br \/>\n<strong>K\u00f5rgus (cm)<\/strong> 30,5<br \/>\n<strong>Aluse l\u00e4bim\u00f5\u00f5t (cm)<\/strong> 5,3<br \/>\n<strong>Koguprojektsioon (cm)<\/strong> 23<br \/>\n<strong>V\u00e4ljalaskeava pikkus (cm)<\/strong> 20<br \/>\n<strong>K\u00f5rgus ninaotsani (cm)<\/strong> 20<br \/>\n<strong>Materjal<\/strong> Roostevaba teras<br \/>\nV\u00e4rv Must<br \/>\nViimistlus Matte<br \/>\n<strong>P\u00f6\u00f6rlev v\u00e4ljalaskeava<\/strong> Jah<br \/>\n<strong>Perlator (\u00f5hutaja)<\/strong> Jah<br \/>\n<strong>Segisti t\u00fc\u00fcp<\/strong> Vabalt seisev<\/p>\n<p>roostevabast terasest seinasegisti<\/p>\n<p>360&#8242; p\u00f6\u00f6rlev otsak<\/p>\n<p>reguleeritav veevool koos p\u00f6\u00f6ratava pihustiga<\/p>\n<p>\u00d5hutaja &#8211; vee tarbimise v\u00e4hendamiseks<\/p>\n<p>keraamiline pea &#8211; element, mis tagab vee n\u00f5uetekohase jaotamise<\/p>\n<p>K\u00f5ik paigaldamiseks vajalikud elemendid (voolik, lauakruvi, kruvitihendid) on kaasas.<\/p>\n<hr>\n<p>Valamu segisti on meie vannitoa oluline dekoratiivne element ja igap\u00e4evase kasutamise oluline atribuut, seega on oluline, et see ei oleks mitte ainult stiilne, vaid ka praktiline ja funktsionaalne igap\u00e4evases kasutuses. Kraanimudelit iseloomustab kaasaegne disain ja erakordne mugavus t\u00e4nu kolmele p\u00f6\u00f6rlevale elemendile. Selle toote teine eelis on v\u00f5imalus vabalt muuta veevoolu fikseeritud veevoolust du\u0161\u0161iks. Kraan on s\u00e4ilitatud klassikalises, elegantses mustas v\u00e4rvitoonis, mist\u00f5ttu sobib see ideaalselt nii traditsiooniliste, klassikaliste interj\u00f6\u00f6ride kui ka moodsama sisustuse juurde.<\/p>\n<\/div>\n","protected":false},"excerpt":{"rendered":"<p>Mudel QZ.MP-037.T-CZ Kaasaegne kollektsioon K\u00f5rgus (cm) 30,5 Aluse l\u00e4bim\u00f5\u00f5t (cm) 5,3 Koguprojektsioon (cm) 23 V\u00e4ljalaskeava pikkus (cm) 20 K\u00f5rgus ninaotsani<\/p>\n","protected":false},"featured_media":96486,"comment_status":"open","ping_status":"closed","template":"","meta":{"_acf_changed":false,"pmpro_default_level":""},"product_brand":[],"product_cat":[24175,24154],"product_tag":[],"class_list":{"0":"post-133322","1":"product","2":"type-product","3":"status-publish","4":"has-post-thumbnail","6":"product_cat-valamu-segistid","7":"product_cat-vannitoa-kraanid","8":"pmpro-has-access","10":"first","11":"instock","12":"shipping-taxable","13":"purchasable","14":"product-type-simple"},"acf":[],"yoast_head":"<!-- This site is optimized with the Yoast SEO plugin v24.9 - https:\/\/yoast.com\/wordpress\/plugins\/seo\/ -->\n<title>Statsionaarne kraan DORSET, must - MetalTale.com<\/title>\n<meta name=\"robots\" content=\"index, follow, max-snippet:-1, max-image-preview:large, max-video-preview:-1\" \/>\n<link rel=\"canonical\" href=\"https:\/\/metaltale.com\/et\/toode\/statsionaarne-kraan-dorset-must\/\" \/>\n<meta property=\"og:locale\" content=\"et_EE\" \/>\n<meta property=\"og:type\" content=\"article\" \/>\n<meta property=\"og:title\" content=\"Statsionaarne kraan DORSET, must - MetalTale.com\" \/>\n<meta property=\"og:description\" content=\"Mudel QZ.MP-037.T-CZ Kaasaegne kollektsioon K\u00f5rgus (cm) 30,5 Aluse l\u00e4bim\u00f5\u00f5t (cm) 5,3 Koguprojektsioon (cm) 23 V\u00e4ljalaskeava pikkus (cm) 20 K\u00f5rgus ninaotsani\" \/>\n<meta property=\"og:url\" content=\"https:\/\/metaltale.com\/et\/toode\/statsionaarne-kraan-dorset-must\/\" \/>\n<meta property=\"og:site_name\" content=\"MetalTale.com\" \/>\n<meta property=\"og:image\" content=\"https:\/\/metaltale.com\/wp-content\/uploads\/2023\/10\/Praustuvo-maix161ytuvai-3.jpg\" \/>\n\t<meta property=\"og:image:width\" content=\"800\" \/>\n\t<meta property=\"og:image:height\" content=\"800\" \/>\n\t<meta property=\"og:image:type\" content=\"image\/jpeg\" \/>\n<meta name=\"twitter:card\" content=\"summary_large_image\" \/>\n<meta name=\"twitter:label1\" content=\"Est. reading time\" \/>\n\t<meta name=\"twitter:data1\" content=\"1 minut\" \/>\n<script type=\"application\/ld+json\" class=\"yoast-schema-graph\">{\"@context\":\"https:\/\/schema.org\",\"@graph\":[{\"@type\":\"WebPage\",\"@id\":\"https:\/\/metaltale.com\/et\/toode\/statsionaarne-kraan-dorset-must\/\",\"url\":\"https:\/\/metaltale.com\/et\/toode\/statsionaarne-kraan-dorset-must\/\",\"name\":\"Statsionaarne kraan DORSET, must - MetalTale.com\",\"isPartOf\":{\"@id\":\"https:\/\/metaltale.com\/et\/#website\"},\"primaryImageOfPage\":{\"@id\":\"https:\/\/metaltale.com\/et\/toode\/statsionaarne-kraan-dorset-must\/#primaryimage\"},\"image\":{\"@id\":\"https:\/\/metaltale.com\/et\/toode\/statsionaarne-kraan-dorset-must\/#primaryimage\"},\"thumbnailUrl\":\"https:\/\/metaltale.com\/wp-content\/uploads\/2023\/10\/Praustuvo-maix161ytuvai-3.jpg\",\"datePublished\":\"2024-02-13T13:25:41+00:00\",\"breadcrumb\":{\"@id\":\"https:\/\/metaltale.com\/et\/toode\/statsionaarne-kraan-dorset-must\/#breadcrumb\"},\"inLanguage\":\"et\",\"potentialAction\":[{\"@type\":\"ReadAction\",\"target\":[\"https:\/\/metaltale.com\/et\/toode\/statsionaarne-kraan-dorset-must\/\"]}]},{\"@type\":\"ImageObject\",\"inLanguage\":\"et\",\"@id\":\"https:\/\/metaltale.com\/et\/toode\/statsionaarne-kraan-dorset-must\/#primaryimage\",\"url\":\"https:\/\/metaltale.com\/wp-content\/uploads\/2023\/10\/Praustuvo-maix161ytuvai-3.jpg\",\"contentUrl\":\"https:\/\/metaltale.com\/wp-content\/uploads\/2023\/10\/Praustuvo-maix161ytuvai-3.jpg\",\"width\":800,\"height\":800,\"caption\":\"Statsionaarne kraan DORSET, must\"},{\"@type\":\"BreadcrumbList\",\"@id\":\"https:\/\/metaltale.com\/et\/toode\/statsionaarne-kraan-dorset-must\/#breadcrumb\",\"itemListElement\":[{\"@type\":\"ListItem\",\"position\":1,\"name\":\"Home\",\"item\":\"https:\/\/metaltale.com\/et\/kodu\/\"},{\"@type\":\"ListItem\",\"position\":2,\"name\":\"Kauplus\",\"item\":\"https:\/\/metaltale.com\/et\/shop\/\"},{\"@type\":\"ListItem\",\"position\":3,\"name\":\"Statsionaarne kraan DORSET, must\"}]},{\"@type\":\"WebSite\",\"@id\":\"https:\/\/metaltale.com\/et\/#website\",\"url\":\"https:\/\/metaltale.com\/et\/\",\"name\":\"Metaltale.com\",\"description\":\"\",\"potentialAction\":[{\"@type\":\"SearchAction\",\"target\":{\"@type\":\"EntryPoint\",\"urlTemplate\":\"https:\/\/metaltale.com\/et\/?s={search_term_string}\"},\"query-input\":{\"@type\":\"PropertyValueSpecification\",\"valueRequired\":true,\"valueName\":\"search_term_string\"}}],\"inLanguage\":\"et\"}]}<\/script>\n<!-- \/ Yoast SEO plugin. -->","yoast_head_json":{"title":"Statsionaarne kraan DORSET, must - MetalTale.com","robots":{"index":"index","follow":"follow","max-snippet":"max-snippet:-1","max-image-preview":"max-image-preview:large","max-video-preview":"max-video-preview:-1"},"canonical":"https:\/\/metaltale.com\/et\/toode\/statsionaarne-kraan-dorset-must\/","og_locale":"et_EE","og_type":"article","og_title":"Statsionaarne kraan DORSET, must - MetalTale.com","og_description":"Mudel QZ.MP-037.T-CZ Kaasaegne kollektsioon K\u00f5rgus (cm) 30,5 Aluse l\u00e4bim\u00f5\u00f5t (cm) 5,3 Koguprojektsioon (cm) 23 V\u00e4ljalaskeava pikkus (cm) 20 K\u00f5rgus ninaotsani","og_url":"https:\/\/metaltale.com\/et\/toode\/statsionaarne-kraan-dorset-must\/","og_site_name":"MetalTale.com","og_image":[{"width":800,"height":800,"url":"https:\/\/metaltale.com\/wp-content\/uploads\/2023\/10\/Praustuvo-maix161ytuvai-3.jpg","type":"image\/jpeg"}],"twitter_card":"summary_large_image","twitter_misc":{"Est. reading time":"1 minut"},"schema":{"@context":"https:\/\/schema.org","@graph":[{"@type":"WebPage","@id":"https:\/\/metaltale.com\/et\/toode\/statsionaarne-kraan-dorset-must\/","url":"https:\/\/metaltale.com\/et\/toode\/statsionaarne-kraan-dorset-must\/","name":"Statsionaarne kraan DORSET, must - MetalTale.com","isPartOf":{"@id":"https:\/\/metaltale.com\/et\/#website"},"primaryImageOfPage":{"@id":"https:\/\/metaltale.com\/et\/toode\/statsionaarne-kraan-dorset-must\/#primaryimage"},"image":{"@id":"https:\/\/metaltale.com\/et\/toode\/statsionaarne-kraan-dorset-must\/#primaryimage"},"thumbnailUrl":"https:\/\/metaltale.com\/wp-content\/uploads\/2023\/10\/Praustuvo-maix161ytuvai-3.jpg","datePublished":"2024-02-13T13:25:41+00:00","breadcrumb":{"@id":"https:\/\/metaltale.com\/et\/toode\/statsionaarne-kraan-dorset-must\/#breadcrumb"},"inLanguage":"et","potentialAction":[{"@type":"ReadAction","target":["https:\/\/metaltale.com\/et\/toode\/statsionaarne-kraan-dorset-must\/"]}]},{"@type":"ImageObject","inLanguage":"et","@id":"https:\/\/metaltale.com\/et\/toode\/statsionaarne-kraan-dorset-must\/#primaryimage","url":"https:\/\/metaltale.com\/wp-content\/uploads\/2023\/10\/Praustuvo-maix161ytuvai-3.jpg","contentUrl":"https:\/\/metaltale.com\/wp-content\/uploads\/2023\/10\/Praustuvo-maix161ytuvai-3.jpg","width":800,"height":800,"caption":"Statsionaarne kraan DORSET, must"},{"@type":"BreadcrumbList","@id":"https:\/\/metaltale.com\/et\/toode\/statsionaarne-kraan-dorset-must\/#breadcrumb","itemListElement":[{"@type":"ListItem","position":1,"name":"Home","item":"https:\/\/metaltale.com\/et\/kodu\/"},{"@type":"ListItem","position":2,"name":"Kauplus","item":"https:\/\/metaltale.com\/et\/shop\/"},{"@type":"ListItem","position":3,"name":"Statsionaarne kraan DORSET, must"}]},{"@type":"WebSite","@id":"https:\/\/metaltale.com\/et\/#website","url":"https:\/\/metaltale.com\/et\/","name":"Metaltale.com","description":"","potentialAction":[{"@type":"SearchAction","target":{"@type":"EntryPoint","urlTemplate":"https:\/\/metaltale.com\/et\/?s={search_term_string}"},"query-input":{"@type":"PropertyValueSpecification","valueRequired":true,"valueName":"search_term_string"}}],"inLanguage":"et"}]}},"_links":{"self":[{"href":"https:\/\/metaltale.com\/et\/wp-json\/wp\/v2\/product\/133322","targetHints":{"allow":["GET"]}}],"collection":[{"href":"https:\/\/metaltale.com\/et\/wp-json\/wp\/v2\/product"}],"about":[{"href":"https:\/\/metaltale.com\/et\/wp-json\/wp\/v2\/types\/product"}],"replies":[{"embeddable":true,"href":"https:\/\/metaltale.com\/et\/wp-json\/wp\/v2\/comments?post=133322"}],"version-history":[{"count":0,"href":"https:\/\/metaltale.com\/et\/wp-json\/wp\/v2\/product\/133322\/revisions"}],"wp:featuredmedia":[{"embeddable":true,"href":"https:\/\/metaltale.com\/et\/wp-json\/wp\/v2\/media\/96486"}],"wp:attachment":[{"href":"https:\/\/metaltale.com\/et\/wp-json\/wp\/v2\/media?parent=133322"}],"wp:term":[{"taxonomy":"product_brand","embeddable":true,"href":"https:\/\/metaltale.com\/et\/wp-json\/wp\/v2\/product_brand?post=133322"},{"taxonomy":"product_cat","embeddable":true,"href":"https:\/\/metaltale.com\/et\/wp-json\/wp\/v2\/product_cat?post=133322"},{"taxonomy":"product_tag","embeddable":true,"href":"https:\/\/metaltale.com\/et\/wp-json\/wp\/v2\/product_tag?post=133322"}],"curies":[{"name":"wp","href":"https:\/\/api.w.org\/{rel}","templated":true}]}}