{"id":133315,"date":"2024-02-13T15:25:41","date_gmt":"2024-02-13T13:25:41","guid":{"rendered":"https:\/\/metaltale.com\/produktas\/riiulituged-bumerang-180x190mm-musta\/"},"modified":"2024-02-13T15:25:41","modified_gmt":"2024-02-13T13:25:41","slug":"riiulituged-bumerang-180x190mm-musta","status":"publish","type":"product","link":"https:\/\/metaltale.com\/et\/toode\/riiulituged-bumerang-180x190mm-musta\/","title":{"rendered":"Riiulituged BUMERANG 180x190mm MUSTA"},"content":{"rendered":"<div class=\"prod_data\">\n<p><strong>Mudel<\/strong> AG.AA2E<br \/>\n<strong>EAN.<\/strong>  5905369911866<br \/>\n<strong>Materjal<\/strong> teras<br \/>\n<strong>\u00dcldine k\u00f5rgus (cm)<\/strong> 19<br \/>\n<strong>\u00dcldlaius (cm)<\/strong> 2,6<br \/>\n<strong>Koguprojektsioon (cm)<\/strong> 18<br \/>\nPaigalduskruvid Ei<br \/>\nV\u00e4rv Must<br \/>\n<strong>Viimistlus<\/strong> Lakitud<br \/>\n<strong>Kogus komplekti kohta<\/strong> 2 tk.<\/p>\n<p><span style=\"font-size: medium;\">&#8211; hoidja on valmistatud kvaliteetsest terasest<\/span><br \/>\n<span style=\"font-size: medium;\">&#8211; Konsool on valmistatud k\u00f5rgekvaliteedilisest terasest, mis muudab selle paigaldamise ja kasutamise ohutuks.<\/span><br \/>\n<span style=\"font-size: medium;\">&#8211; professionaalne lakkimisprotsess tagab t\u00e4iuslikult sileda toote.<\/span><br \/>\n<span style=\"font-size: medium;\">&#8211; kvaliteetne lakk muudab toote sobivaks nii sise- kui ka v\u00e4litingimustes kasutamiseks<\/span><br \/>\n<span style=\"font-size: medium;\">&#8211; riiul v\u00f5ib olla valmistatud eri paksusega laudadest\/plankudest.<\/span><br \/>\n<span style=\"font-size: medium;\">&#8211; toote kuju v\u00f5imaldab seda kinnitada mistahes toe k\u00fclge.<\/span><\/p>\n<hr>\n<p><span style=\"font-size: medium;\">Must lihtsa arhitektuuriga hoidja, mille k\u00fclgedel on tagasihoidlikud dekoratiivsed v\u00e4ljal\u00f5iked. T\u00e4nu oma lihtsusele saab seda kasutada kodus, garaa\u017eis v\u00f5i tehnilistes ruumides. See on ideaalne lahendus lihtsaks riiuliks kontoris, elutoas v\u00f5i \u00f5pperuumis.<\/span><\/p>\n<hr>\n<p style=\"text-align: center;\">\n<\/div>\n","protected":false},"excerpt":{"rendered":"<p>Mudel AG.AA2E EAN. 5905369911866 Materjal teras \u00dcldine k\u00f5rgus (cm) 19 \u00dcldlaius (cm) 2,6 Koguprojektsioon (cm) 18 Paigalduskruvid Ei V\u00e4rv Must<\/p>\n","protected":false},"featured_media":96243,"comment_status":"open","ping_status":"closed","template":"","meta":{"_acf_changed":false,"pmpro_default_level":""},"product_brand":[],"product_cat":[23859,23836],"product_tag":[],"class_list":{"0":"post-133315","1":"product","2":"type-product","3":"status-publish","4":"has-post-thumbnail","6":"product_cat-lentynu-laikikliai-et","7":"product_cat-moobli-tarvikud","8":"pmpro-has-access","10":"first","11":"instock","12":"shipping-taxable","13":"purchasable","14":"product-type-simple"},"acf":[],"yoast_head":"<!-- This site is optimized with the Yoast SEO plugin v24.9 - https:\/\/yoast.com\/wordpress\/plugins\/seo\/ -->\n<title>Riiulituged BUMERANG 180x190mm MUSTA - MetalTale.com<\/title>\n<meta name=\"robots\" content=\"index, follow, max-snippet:-1, max-image-preview:large, max-video-preview:-1\" \/>\n<link rel=\"canonical\" href=\"https:\/\/metaltale.com\/et\/toode\/riiulituged-bumerang-180x190mm-musta\/\" \/>\n<meta property=\"og:locale\" content=\"et_EE\" \/>\n<meta property=\"og:type\" content=\"article\" \/>\n<meta property=\"og:title\" content=\"Riiulituged BUMERANG 180x190mm MUSTA - MetalTale.com\" \/>\n<meta property=\"og:description\" content=\"Mudel AG.AA2E EAN. 5905369911866 Materjal teras \u00dcldine k\u00f5rgus (cm) 19 \u00dcldlaius (cm) 2,6 Koguprojektsioon (cm) 18 Paigalduskruvid Ei V\u00e4rv Must\" \/>\n<meta property=\"og:url\" content=\"https:\/\/metaltale.com\/et\/toode\/riiulituged-bumerang-180x190mm-musta\/\" \/>\n<meta property=\"og:site_name\" content=\"MetalTale.com\" \/>\n<meta property=\"og:image\" content=\"https:\/\/metaltale.com\/wp-content\/uploads\/2023\/10\/Laikikliai.jpg\" \/>\n\t<meta property=\"og:image:width\" content=\"800\" \/>\n\t<meta property=\"og:image:height\" content=\"800\" \/>\n\t<meta property=\"og:image:type\" content=\"image\/jpeg\" \/>\n<meta name=\"twitter:card\" content=\"summary_large_image\" \/>\n<meta name=\"twitter:label1\" content=\"Est. reading time\" \/>\n\t<meta name=\"twitter:data1\" content=\"1 minut\" \/>\n<script type=\"application\/ld+json\" class=\"yoast-schema-graph\">{\"@context\":\"https:\/\/schema.org\",\"@graph\":[{\"@type\":\"WebPage\",\"@id\":\"https:\/\/metaltale.com\/et\/toode\/riiulituged-bumerang-180x190mm-musta\/\",\"url\":\"https:\/\/metaltale.com\/et\/toode\/riiulituged-bumerang-180x190mm-musta\/\",\"name\":\"Riiulituged BUMERANG 180x190mm MUSTA - MetalTale.com\",\"isPartOf\":{\"@id\":\"https:\/\/metaltale.com\/et\/#website\"},\"primaryImageOfPage\":{\"@id\":\"https:\/\/metaltale.com\/et\/toode\/riiulituged-bumerang-180x190mm-musta\/#primaryimage\"},\"image\":{\"@id\":\"https:\/\/metaltale.com\/et\/toode\/riiulituged-bumerang-180x190mm-musta\/#primaryimage\"},\"thumbnailUrl\":\"https:\/\/metaltale.com\/wp-content\/uploads\/2023\/10\/Laikikliai.jpg\",\"datePublished\":\"2024-02-13T13:25:41+00:00\",\"breadcrumb\":{\"@id\":\"https:\/\/metaltale.com\/et\/toode\/riiulituged-bumerang-180x190mm-musta\/#breadcrumb\"},\"inLanguage\":\"et\",\"potentialAction\":[{\"@type\":\"ReadAction\",\"target\":[\"https:\/\/metaltale.com\/et\/toode\/riiulituged-bumerang-180x190mm-musta\/\"]}]},{\"@type\":\"ImageObject\",\"inLanguage\":\"et\",\"@id\":\"https:\/\/metaltale.com\/et\/toode\/riiulituged-bumerang-180x190mm-musta\/#primaryimage\",\"url\":\"https:\/\/metaltale.com\/wp-content\/uploads\/2023\/10\/Laikikliai.jpg\",\"contentUrl\":\"https:\/\/metaltale.com\/wp-content\/uploads\/2023\/10\/Laikikliai.jpg\",\"width\":800,\"height\":800},{\"@type\":\"BreadcrumbList\",\"@id\":\"https:\/\/metaltale.com\/et\/toode\/riiulituged-bumerang-180x190mm-musta\/#breadcrumb\",\"itemListElement\":[{\"@type\":\"ListItem\",\"position\":1,\"name\":\"Home\",\"item\":\"https:\/\/metaltale.com\/et\/kodu\/\"},{\"@type\":\"ListItem\",\"position\":2,\"name\":\"Kauplus\",\"item\":\"https:\/\/metaltale.com\/et\/shop\/\"},{\"@type\":\"ListItem\",\"position\":3,\"name\":\"Riiulituged BUMERANG 180x190mm MUSTA\"}]},{\"@type\":\"WebSite\",\"@id\":\"https:\/\/metaltale.com\/et\/#website\",\"url\":\"https:\/\/metaltale.com\/et\/\",\"name\":\"Metaltale.com\",\"description\":\"\",\"potentialAction\":[{\"@type\":\"SearchAction\",\"target\":{\"@type\":\"EntryPoint\",\"urlTemplate\":\"https:\/\/metaltale.com\/et\/?s={search_term_string}\"},\"query-input\":{\"@type\":\"PropertyValueSpecification\",\"valueRequired\":true,\"valueName\":\"search_term_string\"}}],\"inLanguage\":\"et\"}]}<\/script>\n<!-- \/ Yoast SEO plugin. -->","yoast_head_json":{"title":"Riiulituged BUMERANG 180x190mm MUSTA - MetalTale.com","robots":{"index":"index","follow":"follow","max-snippet":"max-snippet:-1","max-image-preview":"max-image-preview:large","max-video-preview":"max-video-preview:-1"},"canonical":"https:\/\/metaltale.com\/et\/toode\/riiulituged-bumerang-180x190mm-musta\/","og_locale":"et_EE","og_type":"article","og_title":"Riiulituged BUMERANG 180x190mm MUSTA - MetalTale.com","og_description":"Mudel AG.AA2E EAN. 5905369911866 Materjal teras \u00dcldine k\u00f5rgus (cm) 19 \u00dcldlaius (cm) 2,6 Koguprojektsioon (cm) 18 Paigalduskruvid Ei V\u00e4rv Must","og_url":"https:\/\/metaltale.com\/et\/toode\/riiulituged-bumerang-180x190mm-musta\/","og_site_name":"MetalTale.com","og_image":[{"width":800,"height":800,"url":"https:\/\/metaltale.com\/wp-content\/uploads\/2023\/10\/Laikikliai.jpg","type":"image\/jpeg"}],"twitter_card":"summary_large_image","twitter_misc":{"Est. reading time":"1 minut"},"schema":{"@context":"https:\/\/schema.org","@graph":[{"@type":"WebPage","@id":"https:\/\/metaltale.com\/et\/toode\/riiulituged-bumerang-180x190mm-musta\/","url":"https:\/\/metaltale.com\/et\/toode\/riiulituged-bumerang-180x190mm-musta\/","name":"Riiulituged BUMERANG 180x190mm MUSTA - MetalTale.com","isPartOf":{"@id":"https:\/\/metaltale.com\/et\/#website"},"primaryImageOfPage":{"@id":"https:\/\/metaltale.com\/et\/toode\/riiulituged-bumerang-180x190mm-musta\/#primaryimage"},"image":{"@id":"https:\/\/metaltale.com\/et\/toode\/riiulituged-bumerang-180x190mm-musta\/#primaryimage"},"thumbnailUrl":"https:\/\/metaltale.com\/wp-content\/uploads\/2023\/10\/Laikikliai.jpg","datePublished":"2024-02-13T13:25:41+00:00","breadcrumb":{"@id":"https:\/\/metaltale.com\/et\/toode\/riiulituged-bumerang-180x190mm-musta\/#breadcrumb"},"inLanguage":"et","potentialAction":[{"@type":"ReadAction","target":["https:\/\/metaltale.com\/et\/toode\/riiulituged-bumerang-180x190mm-musta\/"]}]},{"@type":"ImageObject","inLanguage":"et","@id":"https:\/\/metaltale.com\/et\/toode\/riiulituged-bumerang-180x190mm-musta\/#primaryimage","url":"https:\/\/metaltale.com\/wp-content\/uploads\/2023\/10\/Laikikliai.jpg","contentUrl":"https:\/\/metaltale.com\/wp-content\/uploads\/2023\/10\/Laikikliai.jpg","width":800,"height":800},{"@type":"BreadcrumbList","@id":"https:\/\/metaltale.com\/et\/toode\/riiulituged-bumerang-180x190mm-musta\/#breadcrumb","itemListElement":[{"@type":"ListItem","position":1,"name":"Home","item":"https:\/\/metaltale.com\/et\/kodu\/"},{"@type":"ListItem","position":2,"name":"Kauplus","item":"https:\/\/metaltale.com\/et\/shop\/"},{"@type":"ListItem","position":3,"name":"Riiulituged BUMERANG 180x190mm MUSTA"}]},{"@type":"WebSite","@id":"https:\/\/metaltale.com\/et\/#website","url":"https:\/\/metaltale.com\/et\/","name":"Metaltale.com","description":"","potentialAction":[{"@type":"SearchAction","target":{"@type":"EntryPoint","urlTemplate":"https:\/\/metaltale.com\/et\/?s={search_term_string}"},"query-input":{"@type":"PropertyValueSpecification","valueRequired":true,"valueName":"search_term_string"}}],"inLanguage":"et"}]}},"_links":{"self":[{"href":"https:\/\/metaltale.com\/et\/wp-json\/wp\/v2\/product\/133315","targetHints":{"allow":["GET"]}}],"collection":[{"href":"https:\/\/metaltale.com\/et\/wp-json\/wp\/v2\/product"}],"about":[{"href":"https:\/\/metaltale.com\/et\/wp-json\/wp\/v2\/types\/product"}],"replies":[{"embeddable":true,"href":"https:\/\/metaltale.com\/et\/wp-json\/wp\/v2\/comments?post=133315"}],"version-history":[{"count":0,"href":"https:\/\/metaltale.com\/et\/wp-json\/wp\/v2\/product\/133315\/revisions"}],"wp:featuredmedia":[{"embeddable":true,"href":"https:\/\/metaltale.com\/et\/wp-json\/wp\/v2\/media\/96243"}],"wp:attachment":[{"href":"https:\/\/metaltale.com\/et\/wp-json\/wp\/v2\/media?parent=133315"}],"wp:term":[{"taxonomy":"product_brand","embeddable":true,"href":"https:\/\/metaltale.com\/et\/wp-json\/wp\/v2\/product_brand?post=133315"},{"taxonomy":"product_cat","embeddable":true,"href":"https:\/\/metaltale.com\/et\/wp-json\/wp\/v2\/product_cat?post=133315"},{"taxonomy":"product_tag","embeddable":true,"href":"https:\/\/metaltale.com\/et\/wp-json\/wp\/v2\/product_tag?post=133315"}],"curies":[{"name":"wp","href":"https:\/\/api.w.org\/{rel}","templated":true}]}}