{"id":133308,"date":"2024-02-13T15:25:05","date_gmt":"2024-02-13T13:25:05","guid":{"rendered":"https:\/\/metaltale.com\/produktas\/moobli-kaepide-country-copper-120-mm\/"},"modified":"2024-08-06T07:05:34","modified_gmt":"2024-08-06T05:05:34","slug":"moobli-kaepide-country-copper-120-mm","status":"publish","type":"product","link":"https:\/\/metaltale.com\/et\/toode\/moobli-kaepide-country-copper-120-mm\/","title":{"rendered":"M\u00f6\u00f6bli k\u00e4epide COUNTRY COPPER 120 mm"},"content":{"rendered":"<div class=\"prod_data\">\n<h2>M\u00f6\u00f6bli tarvikud &#8211; <span class=\"TextRun SCXW173174607 BCX8\" lang=\"LT-LT\" data-contrast=\"auto\"><br \/>\n  <span class=\"NormalTextRun SCXW173174607 BCX8\">M\u00d6\u00d6BLI K\u00c4EPIDE VASK 120 MM<\/span><br \/>\n<\/span><span class=\"EOP SCXW173174607 BCX8\" data-ccp-props=\"{\"201341983\":0,\"335559739\":160,\"335559740\":259}\"> <\/span><\/h2>\n<p><strong>Mudel:<\/strong> 01.082A.AC.120<br \/>\n<strong>EAN:<\/strong> 5905369920479<br \/>\n<strong>Materjal:<\/strong> malm<br \/>\n<strong>\u00dcldine k\u00f5rgus (cm):<\/strong> 2<br \/>\n<strong>\u00dcldlaius (cm):<\/strong> 11,5<br \/>\n<strong>Koguprojektsioon (cm):<\/strong> 3<br \/>\nAukude <strong>vahe (cm):<\/strong> 10<br \/>\n<strong>Paigalduskruvid:<\/strong> jah<br \/>\n<strong>V\u00e4rv:<\/strong> Antiikvask<\/p>\n<p>Vase v\u00e4rvi viimistlusega malmist k\u00e4epide. Selle m\u00f6\u00f6bli k\u00e4epideme kuju ja vorm meenutab varaseid m\u00f6\u00f6bliaktsessuaaride kujundusi, mis on t\u00e4nap\u00e4evalgi populaarsed. D-kujuline lai k\u00e4epide, mis on valmistatud kvaliteetsest malmist ja vase v\u00e4rvi viimistlusega, v\u00f5imaldab t\u00f5husalt ja h\u00f5lpsasti avada sahtleid v\u00f5i uksi, mille k\u00fclge see on kinnitatud. K\u00e4epideme maal\u00e4hedase ja ainulaadse iseloomu loovad paljud kriimustused ja t\u00f6\u00f6tlemata terase eba\u00fchtlane struktuur.<\/p>\n<p>K\u00e4epidemel on 2 kinnitusauku, kruvid kaasas.<\/p>\n<\/div>\n","protected":false},"excerpt":{"rendered":"<p>M\u00f6\u00f6bli tarvikud &#8211; M\u00d6\u00d6BLI K\u00c4EPIDE VASK 120 MM Mudel: 01.082A.AC.120 EAN: 5905369920479 Materjal: malm \u00dcldine k\u00f5rgus (cm): 2 \u00dcldlaius (cm):<\/p>\n","protected":false},"featured_media":117463,"comment_status":"open","ping_status":"closed","template":"","meta":{"_acf_changed":false,"pmpro_default_level":""},"product_brand":[],"product_cat":[23880,23839,23836,23873,23842],"product_tag":[],"class_list":{"0":"post-133308","1":"product","2":"type-product","3":"status-publish","4":"has-post-thumbnail","6":"product_cat-baldu-rankeneles-et","7":"product_cat-moobli-kaepidemed","8":"product_cat-moobli-tarvikud","9":"product_cat-rankeneles-et","10":"product_cat-spinteles-rankeneles-et","11":"pmpro-has-access","13":"first","14":"instock","15":"shipping-taxable","16":"purchasable","17":"product-type-simple"},"acf":[],"yoast_head":"<!-- This site is optimized with the Yoast SEO plugin v24.9 - https:\/\/yoast.com\/wordpress\/plugins\/seo\/ -->\n<title>M\u00f6\u00f6bli k\u00e4epide COUNTRY COPPER 120 mm - MetalTale.com<\/title>\n<meta name=\"robots\" content=\"index, follow, max-snippet:-1, max-image-preview:large, max-video-preview:-1\" \/>\n<link rel=\"canonical\" href=\"https:\/\/metaltale.com\/et\/toode\/moobli-kaepide-country-copper-120-mm\/\" \/>\n<meta property=\"og:locale\" content=\"et_EE\" \/>\n<meta property=\"og:type\" content=\"article\" \/>\n<meta property=\"og:title\" content=\"M\u00f6\u00f6bli k\u00e4epide COUNTRY COPPER 120 mm - MetalTale.com\" \/>\n<meta property=\"og:description\" content=\"M\u00f6\u00f6bli tarvikud &#8211; M\u00d6\u00d6BLI K\u00c4EPIDE VASK 120 MM Mudel: 01.082A.AC.120 EAN: 5905369920479 Materjal: malm \u00dcldine k\u00f5rgus (cm): 2 \u00dcldlaius (cm):\" \/>\n<meta property=\"og:url\" content=\"https:\/\/metaltale.com\/et\/toode\/moobli-kaepide-country-copper-120-mm\/\" \/>\n<meta property=\"og:site_name\" content=\"MetalTale.com\" \/>\n<meta property=\"article:modified_time\" content=\"2024-08-06T05:05:34+00:00\" \/>\n<meta name=\"twitter:card\" content=\"summary_large_image\" \/>\n<meta name=\"twitter:label1\" content=\"Est. reading time\" \/>\n\t<meta name=\"twitter:data1\" content=\"1 minut\" \/>\n<script type=\"application\/ld+json\" class=\"yoast-schema-graph\">{\"@context\":\"https:\/\/schema.org\",\"@graph\":[{\"@type\":\"WebPage\",\"@id\":\"https:\/\/metaltale.com\/et\/toode\/moobli-kaepide-country-copper-120-mm\/\",\"url\":\"https:\/\/metaltale.com\/et\/toode\/moobli-kaepide-country-copper-120-mm\/\",\"name\":\"M\u00f6\u00f6bli k\u00e4epide COUNTRY COPPER 120 mm - MetalTale.com\",\"isPartOf\":{\"@id\":\"https:\/\/metaltale.com\/et\/#website\"},\"primaryImageOfPage\":{\"@id\":\"https:\/\/metaltale.com\/et\/toode\/moobli-kaepide-country-copper-120-mm\/#primaryimage\"},\"image\":{\"@id\":\"https:\/\/metaltale.com\/et\/toode\/moobli-kaepide-country-copper-120-mm\/#primaryimage\"},\"thumbnailUrl\":\"https:\/\/metaltale.com\/wp-content\/uploads\/2023\/12\/COUNTRY-COPPER-120-mm-baldx173-rankena.jpg\",\"datePublished\":\"2024-02-13T13:25:05+00:00\",\"dateModified\":\"2024-08-06T05:05:34+00:00\",\"breadcrumb\":{\"@id\":\"https:\/\/metaltale.com\/et\/toode\/moobli-kaepide-country-copper-120-mm\/#breadcrumb\"},\"inLanguage\":\"et\",\"potentialAction\":[{\"@type\":\"ReadAction\",\"target\":[\"https:\/\/metaltale.com\/et\/toode\/moobli-kaepide-country-copper-120-mm\/\"]}]},{\"@type\":\"ImageObject\",\"inLanguage\":\"et\",\"@id\":\"https:\/\/metaltale.com\/et\/toode\/moobli-kaepide-country-copper-120-mm\/#primaryimage\",\"url\":\"https:\/\/metaltale.com\/wp-content\/uploads\/2023\/12\/COUNTRY-COPPER-120-mm-baldx173-rankena.jpg\",\"contentUrl\":\"https:\/\/metaltale.com\/wp-content\/uploads\/2023\/12\/COUNTRY-COPPER-120-mm-baldx173-rankena.jpg\",\"width\":800,\"height\":800,\"caption\":\"M\u00f6\u00f6bli k\u00e4epide COUNTRY COPPER 120 mm\"},{\"@type\":\"BreadcrumbList\",\"@id\":\"https:\/\/metaltale.com\/et\/toode\/moobli-kaepide-country-copper-120-mm\/#breadcrumb\",\"itemListElement\":[{\"@type\":\"ListItem\",\"position\":1,\"name\":\"Home\",\"item\":\"https:\/\/metaltale.com\/et\/kodu\/\"},{\"@type\":\"ListItem\",\"position\":2,\"name\":\"Kauplus\",\"item\":\"https:\/\/metaltale.com\/et\/shop\/\"},{\"@type\":\"ListItem\",\"position\":3,\"name\":\"M\u00f6\u00f6bli k\u00e4epide COUNTRY COPPER 120 mm\"}]},{\"@type\":\"WebSite\",\"@id\":\"https:\/\/metaltale.com\/et\/#website\",\"url\":\"https:\/\/metaltale.com\/et\/\",\"name\":\"Metaltale.com\",\"description\":\"\",\"potentialAction\":[{\"@type\":\"SearchAction\",\"target\":{\"@type\":\"EntryPoint\",\"urlTemplate\":\"https:\/\/metaltale.com\/et\/?s={search_term_string}\"},\"query-input\":{\"@type\":\"PropertyValueSpecification\",\"valueRequired\":true,\"valueName\":\"search_term_string\"}}],\"inLanguage\":\"et\"}]}<\/script>\n<!-- \/ Yoast SEO plugin. -->","yoast_head_json":{"title":"M\u00f6\u00f6bli k\u00e4epide COUNTRY COPPER 120 mm - MetalTale.com","robots":{"index":"index","follow":"follow","max-snippet":"max-snippet:-1","max-image-preview":"max-image-preview:large","max-video-preview":"max-video-preview:-1"},"canonical":"https:\/\/metaltale.com\/et\/toode\/moobli-kaepide-country-copper-120-mm\/","og_locale":"et_EE","og_type":"article","og_title":"M\u00f6\u00f6bli k\u00e4epide COUNTRY COPPER 120 mm - MetalTale.com","og_description":"M\u00f6\u00f6bli tarvikud &#8211; M\u00d6\u00d6BLI K\u00c4EPIDE VASK 120 MM Mudel: 01.082A.AC.120 EAN: 5905369920479 Materjal: malm \u00dcldine k\u00f5rgus (cm): 2 \u00dcldlaius (cm):","og_url":"https:\/\/metaltale.com\/et\/toode\/moobli-kaepide-country-copper-120-mm\/","og_site_name":"MetalTale.com","article_modified_time":"2024-08-06T05:05:34+00:00","twitter_card":"summary_large_image","twitter_misc":{"Est. reading time":"1 minut"},"schema":{"@context":"https:\/\/schema.org","@graph":[{"@type":"WebPage","@id":"https:\/\/metaltale.com\/et\/toode\/moobli-kaepide-country-copper-120-mm\/","url":"https:\/\/metaltale.com\/et\/toode\/moobli-kaepide-country-copper-120-mm\/","name":"M\u00f6\u00f6bli k\u00e4epide COUNTRY COPPER 120 mm - MetalTale.com","isPartOf":{"@id":"https:\/\/metaltale.com\/et\/#website"},"primaryImageOfPage":{"@id":"https:\/\/metaltale.com\/et\/toode\/moobli-kaepide-country-copper-120-mm\/#primaryimage"},"image":{"@id":"https:\/\/metaltale.com\/et\/toode\/moobli-kaepide-country-copper-120-mm\/#primaryimage"},"thumbnailUrl":"https:\/\/metaltale.com\/wp-content\/uploads\/2023\/12\/COUNTRY-COPPER-120-mm-baldx173-rankena.jpg","datePublished":"2024-02-13T13:25:05+00:00","dateModified":"2024-08-06T05:05:34+00:00","breadcrumb":{"@id":"https:\/\/metaltale.com\/et\/toode\/moobli-kaepide-country-copper-120-mm\/#breadcrumb"},"inLanguage":"et","potentialAction":[{"@type":"ReadAction","target":["https:\/\/metaltale.com\/et\/toode\/moobli-kaepide-country-copper-120-mm\/"]}]},{"@type":"ImageObject","inLanguage":"et","@id":"https:\/\/metaltale.com\/et\/toode\/moobli-kaepide-country-copper-120-mm\/#primaryimage","url":"https:\/\/metaltale.com\/wp-content\/uploads\/2023\/12\/COUNTRY-COPPER-120-mm-baldx173-rankena.jpg","contentUrl":"https:\/\/metaltale.com\/wp-content\/uploads\/2023\/12\/COUNTRY-COPPER-120-mm-baldx173-rankena.jpg","width":800,"height":800,"caption":"M\u00f6\u00f6bli k\u00e4epide COUNTRY COPPER 120 mm"},{"@type":"BreadcrumbList","@id":"https:\/\/metaltale.com\/et\/toode\/moobli-kaepide-country-copper-120-mm\/#breadcrumb","itemListElement":[{"@type":"ListItem","position":1,"name":"Home","item":"https:\/\/metaltale.com\/et\/kodu\/"},{"@type":"ListItem","position":2,"name":"Kauplus","item":"https:\/\/metaltale.com\/et\/shop\/"},{"@type":"ListItem","position":3,"name":"M\u00f6\u00f6bli k\u00e4epide COUNTRY COPPER 120 mm"}]},{"@type":"WebSite","@id":"https:\/\/metaltale.com\/et\/#website","url":"https:\/\/metaltale.com\/et\/","name":"Metaltale.com","description":"","potentialAction":[{"@type":"SearchAction","target":{"@type":"EntryPoint","urlTemplate":"https:\/\/metaltale.com\/et\/?s={search_term_string}"},"query-input":{"@type":"PropertyValueSpecification","valueRequired":true,"valueName":"search_term_string"}}],"inLanguage":"et"}]}},"_links":{"self":[{"href":"https:\/\/metaltale.com\/et\/wp-json\/wp\/v2\/product\/133308","targetHints":{"allow":["GET"]}}],"collection":[{"href":"https:\/\/metaltale.com\/et\/wp-json\/wp\/v2\/product"}],"about":[{"href":"https:\/\/metaltale.com\/et\/wp-json\/wp\/v2\/types\/product"}],"replies":[{"embeddable":true,"href":"https:\/\/metaltale.com\/et\/wp-json\/wp\/v2\/comments?post=133308"}],"version-history":[{"count":0,"href":"https:\/\/metaltale.com\/et\/wp-json\/wp\/v2\/product\/133308\/revisions"}],"wp:featuredmedia":[{"embeddable":true,"href":"https:\/\/metaltale.com\/et\/wp-json\/wp\/v2\/media\/117463"}],"wp:attachment":[{"href":"https:\/\/metaltale.com\/et\/wp-json\/wp\/v2\/media?parent=133308"}],"wp:term":[{"taxonomy":"product_brand","embeddable":true,"href":"https:\/\/metaltale.com\/et\/wp-json\/wp\/v2\/product_brand?post=133308"},{"taxonomy":"product_cat","embeddable":true,"href":"https:\/\/metaltale.com\/et\/wp-json\/wp\/v2\/product_cat?post=133308"},{"taxonomy":"product_tag","embeddable":true,"href":"https:\/\/metaltale.com\/et\/wp-json\/wp\/v2\/product_tag?post=133308"}],"curies":[{"name":"wp","href":"https:\/\/api.w.org\/{rel}","templated":true}]}}