{"id":133294,"date":"2024-02-13T15:29:45","date_gmt":"2024-02-13T13:29:45","guid":{"rendered":"https:\/\/metaltale.com\/produktas\/mooblinupp-darren\/"},"modified":"2024-02-13T15:29:45","modified_gmt":"2024-02-13T13:29:45","slug":"mooblinupp-darren","status":"publish","type":"product","link":"https:\/\/metaltale.com\/et\/toode\/mooblinupp-darren\/","title":{"rendered":"M\u00f6\u00f6blinupp DARREN"},"content":{"rendered":"<div class=\"prod_data\">\n<h2>M\u00f6\u00f6bli tarvikud &#8211; <span class=\"TextRun SCXW45086990 BCX0\" lang=\"LT-LT\" data-contrast=\"auto\"><br \/>\n  <span class=\"NormalTextRun SCXW45086990 BCX0\">M\u00d6\u00d6BLI NUPP DARREN.<\/span><br \/>\n<\/span><\/h2>\n<p><strong>Mudel:<\/strong> CH.8708-G<br \/>\n<strong>Materjal:<\/strong> malm<br \/>\n<strong>\u00dcldine k\u00f5rgus (cm):<\/strong> 2<br \/>\n<strong>\u00dcldine laius (cm):<\/strong> 2<br \/>\n<strong>Koguprojektsioon (cm):<\/strong> 3,3<br \/>\n<strong>Paigalduskruvid:<\/strong> kruvi<br \/>\n<strong>V\u00e4rv:<\/strong> teras<br \/>\n<strong>Viimistlus:<\/strong> lakitud<\/p>\n<p>Toode on valmistatud k\u00f5rgeima kvaliteediga malmist, mis tagab vastupidavuse ja tugevuse. K\u00e4epide on ebakorrap\u00e4rase kujuga, mis annab sellele originaalse ja ainulaadse v\u00e4limuse. Toode tarnitakse koos kruviga, mis v\u00f5imaldab lihtsat ja kiiret paigaldamist.<\/p>\n<p>Rustikalised m\u00f6\u00f6blinupud sobivad suurep\u00e4raselt erinevat t\u00fc\u00fcpi m\u00f6\u00f6blile, n\u00e4iteks sahtlitele, \u00f6\u00f6kappidele, laudadele ja riidekappidele. Neid saab kasutada ka vana m\u00f6\u00f6bli renoveerimiseks, andes sellele uue ilme ja maal\u00e4hedase v\u00f5lu.<\/p>\n<p>Valurauast m\u00f6\u00f6blinupp on ainulaadne dekoratiivne element, mille ebakorrap\u00e4rane kuju meenutab looduslikult lihvitud kivi. See ebatavaline kuju annab sellele ainulaadse v\u00f5lu ja muudab iga m\u00f6\u00f6blieseme, mille k\u00fclge see on kinnitatud, ainulaadseks. Selle nupu toores esteetika lisab teie interj\u00f6\u00f6rile maal\u00e4hedase ja loomuliku puudutuse.<\/p>\n<\/div>\n","protected":false},"excerpt":{"rendered":"<p>M\u00f6\u00f6bli tarvikud &#8211; M\u00d6\u00d6BLI NUPP DARREN. Mudel: CH.8708-G Materjal: malm \u00dcldine k\u00f5rgus (cm): 2 \u00dcldine laius (cm): 2 Koguprojektsioon (cm):<\/p>\n","protected":false},"featured_media":110164,"comment_status":"open","ping_status":"closed","template":"","meta":{"_acf_changed":false,"pmpro_default_level":""},"product_brand":[],"product_cat":[23880,23836,23873],"product_tag":[],"class_list":{"0":"post-133294","1":"product","2":"type-product","3":"status-publish","4":"has-post-thumbnail","6":"product_cat-baldu-rankeneles-et","7":"product_cat-moobli-tarvikud","8":"product_cat-rankeneles-et","9":"pmpro-has-access","11":"first","12":"instock","13":"shipping-taxable","14":"purchasable","15":"product-type-simple"},"acf":[],"yoast_head":"<!-- This site is optimized with the Yoast SEO plugin v24.9 - https:\/\/yoast.com\/wordpress\/plugins\/seo\/ -->\n<title>M\u00f6\u00f6blinupp DARREN - MetalTale.com<\/title>\n<meta name=\"robots\" content=\"index, follow, max-snippet:-1, max-image-preview:large, max-video-preview:-1\" \/>\n<link rel=\"canonical\" href=\"https:\/\/metaltale.com\/et\/toode\/mooblinupp-darren\/\" \/>\n<meta property=\"og:locale\" content=\"et_EE\" \/>\n<meta property=\"og:type\" content=\"article\" \/>\n<meta property=\"og:title\" content=\"M\u00f6\u00f6blinupp DARREN - MetalTale.com\" \/>\n<meta property=\"og:description\" content=\"M\u00f6\u00f6bli tarvikud &#8211; M\u00d6\u00d6BLI NUPP DARREN. Mudel: CH.8708-G Materjal: malm \u00dcldine k\u00f5rgus (cm): 2 \u00dcldine laius (cm): 2 Koguprojektsioon (cm):\" \/>\n<meta property=\"og:url\" content=\"https:\/\/metaltale.com\/et\/toode\/mooblinupp-darren\/\" \/>\n<meta property=\"og:site_name\" content=\"MetalTale.com\" \/>\n<meta property=\"og:image\" content=\"https:\/\/metaltale.com\/wp-content\/uploads\/2023\/11\/Rankenx117lx117s-5.jpg\" \/>\n\t<meta property=\"og:image:width\" content=\"800\" \/>\n\t<meta property=\"og:image:height\" content=\"800\" \/>\n\t<meta property=\"og:image:type\" content=\"image\/jpeg\" \/>\n<meta name=\"twitter:card\" content=\"summary_large_image\" \/>\n<meta name=\"twitter:label1\" content=\"Est. reading time\" \/>\n\t<meta name=\"twitter:data1\" content=\"1 minut\" \/>\n<script type=\"application\/ld+json\" class=\"yoast-schema-graph\">{\"@context\":\"https:\/\/schema.org\",\"@graph\":[{\"@type\":\"WebPage\",\"@id\":\"https:\/\/metaltale.com\/et\/toode\/mooblinupp-darren\/\",\"url\":\"https:\/\/metaltale.com\/et\/toode\/mooblinupp-darren\/\",\"name\":\"M\u00f6\u00f6blinupp DARREN - MetalTale.com\",\"isPartOf\":{\"@id\":\"https:\/\/metaltale.com\/et\/#website\"},\"primaryImageOfPage\":{\"@id\":\"https:\/\/metaltale.com\/et\/toode\/mooblinupp-darren\/#primaryimage\"},\"image\":{\"@id\":\"https:\/\/metaltale.com\/et\/toode\/mooblinupp-darren\/#primaryimage\"},\"thumbnailUrl\":\"https:\/\/metaltale.com\/wp-content\/uploads\/2023\/11\/Rankenx117lx117s-5.jpg\",\"datePublished\":\"2024-02-13T13:29:45+00:00\",\"breadcrumb\":{\"@id\":\"https:\/\/metaltale.com\/et\/toode\/mooblinupp-darren\/#breadcrumb\"},\"inLanguage\":\"et\",\"potentialAction\":[{\"@type\":\"ReadAction\",\"target\":[\"https:\/\/metaltale.com\/et\/toode\/mooblinupp-darren\/\"]}]},{\"@type\":\"ImageObject\",\"inLanguage\":\"et\",\"@id\":\"https:\/\/metaltale.com\/et\/toode\/mooblinupp-darren\/#primaryimage\",\"url\":\"https:\/\/metaltale.com\/wp-content\/uploads\/2023\/11\/Rankenx117lx117s-5.jpg\",\"contentUrl\":\"https:\/\/metaltale.com\/wp-content\/uploads\/2023\/11\/Rankenx117lx117s-5.jpg\",\"width\":800,\"height\":800,\"caption\":\"M\u00f6\u00f6blinupp DARREN\"},{\"@type\":\"BreadcrumbList\",\"@id\":\"https:\/\/metaltale.com\/et\/toode\/mooblinupp-darren\/#breadcrumb\",\"itemListElement\":[{\"@type\":\"ListItem\",\"position\":1,\"name\":\"Home\",\"item\":\"https:\/\/metaltale.com\/et\/kodu\/\"},{\"@type\":\"ListItem\",\"position\":2,\"name\":\"Kauplus\",\"item\":\"https:\/\/metaltale.com\/et\/shop\/\"},{\"@type\":\"ListItem\",\"position\":3,\"name\":\"M\u00f6\u00f6blinupp DARREN\"}]},{\"@type\":\"WebSite\",\"@id\":\"https:\/\/metaltale.com\/et\/#website\",\"url\":\"https:\/\/metaltale.com\/et\/\",\"name\":\"Metaltale.com\",\"description\":\"\",\"potentialAction\":[{\"@type\":\"SearchAction\",\"target\":{\"@type\":\"EntryPoint\",\"urlTemplate\":\"https:\/\/metaltale.com\/et\/?s={search_term_string}\"},\"query-input\":{\"@type\":\"PropertyValueSpecification\",\"valueRequired\":true,\"valueName\":\"search_term_string\"}}],\"inLanguage\":\"et\"}]}<\/script>\n<!-- \/ Yoast SEO plugin. -->","yoast_head_json":{"title":"M\u00f6\u00f6blinupp DARREN - MetalTale.com","robots":{"index":"index","follow":"follow","max-snippet":"max-snippet:-1","max-image-preview":"max-image-preview:large","max-video-preview":"max-video-preview:-1"},"canonical":"https:\/\/metaltale.com\/et\/toode\/mooblinupp-darren\/","og_locale":"et_EE","og_type":"article","og_title":"M\u00f6\u00f6blinupp DARREN - MetalTale.com","og_description":"M\u00f6\u00f6bli tarvikud &#8211; M\u00d6\u00d6BLI NUPP DARREN. Mudel: CH.8708-G Materjal: malm \u00dcldine k\u00f5rgus (cm): 2 \u00dcldine laius (cm): 2 Koguprojektsioon (cm):","og_url":"https:\/\/metaltale.com\/et\/toode\/mooblinupp-darren\/","og_site_name":"MetalTale.com","og_image":[{"width":800,"height":800,"url":"https:\/\/metaltale.com\/wp-content\/uploads\/2023\/11\/Rankenx117lx117s-5.jpg","type":"image\/jpeg"}],"twitter_card":"summary_large_image","twitter_misc":{"Est. reading time":"1 minut"},"schema":{"@context":"https:\/\/schema.org","@graph":[{"@type":"WebPage","@id":"https:\/\/metaltale.com\/et\/toode\/mooblinupp-darren\/","url":"https:\/\/metaltale.com\/et\/toode\/mooblinupp-darren\/","name":"M\u00f6\u00f6blinupp DARREN - MetalTale.com","isPartOf":{"@id":"https:\/\/metaltale.com\/et\/#website"},"primaryImageOfPage":{"@id":"https:\/\/metaltale.com\/et\/toode\/mooblinupp-darren\/#primaryimage"},"image":{"@id":"https:\/\/metaltale.com\/et\/toode\/mooblinupp-darren\/#primaryimage"},"thumbnailUrl":"https:\/\/metaltale.com\/wp-content\/uploads\/2023\/11\/Rankenx117lx117s-5.jpg","datePublished":"2024-02-13T13:29:45+00:00","breadcrumb":{"@id":"https:\/\/metaltale.com\/et\/toode\/mooblinupp-darren\/#breadcrumb"},"inLanguage":"et","potentialAction":[{"@type":"ReadAction","target":["https:\/\/metaltale.com\/et\/toode\/mooblinupp-darren\/"]}]},{"@type":"ImageObject","inLanguage":"et","@id":"https:\/\/metaltale.com\/et\/toode\/mooblinupp-darren\/#primaryimage","url":"https:\/\/metaltale.com\/wp-content\/uploads\/2023\/11\/Rankenx117lx117s-5.jpg","contentUrl":"https:\/\/metaltale.com\/wp-content\/uploads\/2023\/11\/Rankenx117lx117s-5.jpg","width":800,"height":800,"caption":"M\u00f6\u00f6blinupp DARREN"},{"@type":"BreadcrumbList","@id":"https:\/\/metaltale.com\/et\/toode\/mooblinupp-darren\/#breadcrumb","itemListElement":[{"@type":"ListItem","position":1,"name":"Home","item":"https:\/\/metaltale.com\/et\/kodu\/"},{"@type":"ListItem","position":2,"name":"Kauplus","item":"https:\/\/metaltale.com\/et\/shop\/"},{"@type":"ListItem","position":3,"name":"M\u00f6\u00f6blinupp DARREN"}]},{"@type":"WebSite","@id":"https:\/\/metaltale.com\/et\/#website","url":"https:\/\/metaltale.com\/et\/","name":"Metaltale.com","description":"","potentialAction":[{"@type":"SearchAction","target":{"@type":"EntryPoint","urlTemplate":"https:\/\/metaltale.com\/et\/?s={search_term_string}"},"query-input":{"@type":"PropertyValueSpecification","valueRequired":true,"valueName":"search_term_string"}}],"inLanguage":"et"}]}},"_links":{"self":[{"href":"https:\/\/metaltale.com\/et\/wp-json\/wp\/v2\/product\/133294","targetHints":{"allow":["GET"]}}],"collection":[{"href":"https:\/\/metaltale.com\/et\/wp-json\/wp\/v2\/product"}],"about":[{"href":"https:\/\/metaltale.com\/et\/wp-json\/wp\/v2\/types\/product"}],"replies":[{"embeddable":true,"href":"https:\/\/metaltale.com\/et\/wp-json\/wp\/v2\/comments?post=133294"}],"version-history":[{"count":0,"href":"https:\/\/metaltale.com\/et\/wp-json\/wp\/v2\/product\/133294\/revisions"}],"wp:featuredmedia":[{"embeddable":true,"href":"https:\/\/metaltale.com\/et\/wp-json\/wp\/v2\/media\/110164"}],"wp:attachment":[{"href":"https:\/\/metaltale.com\/et\/wp-json\/wp\/v2\/media?parent=133294"}],"wp:term":[{"taxonomy":"product_brand","embeddable":true,"href":"https:\/\/metaltale.com\/et\/wp-json\/wp\/v2\/product_brand?post=133294"},{"taxonomy":"product_cat","embeddable":true,"href":"https:\/\/metaltale.com\/et\/wp-json\/wp\/v2\/product_cat?post=133294"},{"taxonomy":"product_tag","embeddable":true,"href":"https:\/\/metaltale.com\/et\/wp-json\/wp\/v2\/product_tag?post=133294"}],"curies":[{"name":"wp","href":"https:\/\/api.w.org\/{rel}","templated":true}]}}