{"id":133282,"date":"2024-02-13T15:29:45","date_gmt":"2024-02-13T13:29:45","guid":{"rendered":"https:\/\/metaltale.com\/produktas\/mooblinupp-stokotka\/"},"modified":"2024-02-13T15:29:45","modified_gmt":"2024-02-13T13:29:45","slug":"mooblinupp-stokotka","status":"publish","type":"product","link":"https:\/\/metaltale.com\/et\/toode\/mooblinupp-stokotka\/","title":{"rendered":"M\u00f6\u00f6blinupp STOKOTKA"},"content":{"rendered":"<div class=\"prod_data\">\n<p><strong>Mudel<\/strong> CH.8707-D<br \/>\nMaterjal Ketus<br \/>\n<strong>\u00dcldl\u00e4bim\u00f5\u00f5t (cm<\/strong> ) 3,6<br \/>\n<strong>Koguprojektsioon (cm)<\/strong> 3,5<br \/>\n<strong>Paigalduskruvid<\/strong> Kruvi<br \/>\n<strong>V\u00e4rv<\/strong> teras<br \/>\n<strong>Viimistlus<\/strong> Lakitud<\/p>\n<p>valmistatud k\u00f5rgeima kvaliteediga malmist, mis tagab vastupidavuse ja tugevuse.<\/p>\n<p>Kaunistatud pind r\u00f5hutab toote maal\u00e4hedast iseloomu.<\/p>\n<p>klassikaline kuju muudab selle v\u00e4ga funktsionaalseks<\/p>\n<p>tootes on kruvi lihtsaks ja kiireks kokkupanekuks<\/p>\n<hr>\n<p>Isegi k\u00f5ige v\u00e4iksemad detailid ja \u00f5iged rustikaalsed aksessuaarid v\u00f5ivad kogu ansambli visuaalset m\u00f5ju m\u00e4rkimisv\u00e4\u00e4rselt suurendada. M\u00f6\u00f6blinupud on element, millega saab kiiresti ja t\u00f5husalt anda m\u00f6\u00f6blile uue iseloomu.<\/p>\n<p>Massiivsest malmist valmistatud k\u00e4epide ei ole mitte ainult vastupidav ja kauakestev, vaid peegeldab ka maal\u00e4hedast iseloomu. Selle loomulik v\u00e4limus ja viimistlus annavad teie m\u00f6\u00f6blile autentse v\u00f5lu. Nupu pinnale on graveeritud pilkup\u00fc\u00fcdev lillemotiiv, mis lisab teie m\u00f6\u00f6blile maal\u00e4hedase ilme. Seda m\u00f6\u00f6blinuppu on kiire ja lihtne kokku panna, nii et saate oma m\u00f6\u00f6bli v\u00e4limust h\u00f5lpsasti ja ilma suurema vaevata muuta.<\/p>\n<\/div>\n","protected":false},"excerpt":{"rendered":"<p>Mudel CH.8707-D Materjal Ketus \u00dcldl\u00e4bim\u00f5\u00f5t (cm ) 3,6 Koguprojektsioon (cm) 3,5 Paigalduskruvid Kruvi V\u00e4rv teras Viimistlus Lakitud valmistatud k\u00f5rgeima kvaliteediga<\/p>\n","protected":false},"featured_media":110118,"comment_status":"open","ping_status":"closed","template":"","meta":{"_acf_changed":false,"pmpro_default_level":""},"product_brand":[],"product_cat":[23880,23836,23873],"product_tag":[],"class_list":{"0":"post-133282","1":"product","2":"type-product","3":"status-publish","4":"has-post-thumbnail","6":"product_cat-baldu-rankeneles-et","7":"product_cat-moobli-tarvikud","8":"product_cat-rankeneles-et","9":"pmpro-has-access","11":"first","12":"instock","13":"shipping-taxable","14":"purchasable","15":"product-type-simple"},"acf":[],"yoast_head":"<!-- This site is optimized with the Yoast SEO plugin v24.9 - https:\/\/yoast.com\/wordpress\/plugins\/seo\/ -->\n<title>M\u00f6\u00f6blinupp STOKOTKA - MetalTale.com<\/title>\n<meta name=\"robots\" content=\"index, follow, max-snippet:-1, max-image-preview:large, max-video-preview:-1\" \/>\n<link rel=\"canonical\" href=\"https:\/\/metaltale.com\/et\/toode\/mooblinupp-stokotka\/\" \/>\n<meta property=\"og:locale\" content=\"et_EE\" \/>\n<meta property=\"og:type\" content=\"article\" \/>\n<meta property=\"og:title\" content=\"M\u00f6\u00f6blinupp STOKOTKA - MetalTale.com\" \/>\n<meta property=\"og:description\" content=\"Mudel CH.8707-D Materjal Ketus \u00dcldl\u00e4bim\u00f5\u00f5t (cm ) 3,6 Koguprojektsioon (cm) 3,5 Paigalduskruvid Kruvi V\u00e4rv teras Viimistlus Lakitud valmistatud k\u00f5rgeima kvaliteediga\" \/>\n<meta property=\"og:url\" content=\"https:\/\/metaltale.com\/et\/toode\/mooblinupp-stokotka\/\" \/>\n<meta property=\"og:site_name\" content=\"MetalTale.com\" \/>\n<meta property=\"og:image\" content=\"https:\/\/metaltale.com\/wp-content\/uploads\/2023\/11\/Rankenx117lx117s-1.jpg\" \/>\n\t<meta property=\"og:image:width\" content=\"800\" \/>\n\t<meta property=\"og:image:height\" content=\"800\" \/>\n\t<meta property=\"og:image:type\" content=\"image\/jpeg\" \/>\n<meta name=\"twitter:card\" content=\"summary_large_image\" \/>\n<meta name=\"twitter:label1\" content=\"Est. reading time\" \/>\n\t<meta name=\"twitter:data1\" content=\"1 minut\" \/>\n<script type=\"application\/ld+json\" class=\"yoast-schema-graph\">{\"@context\":\"https:\/\/schema.org\",\"@graph\":[{\"@type\":\"WebPage\",\"@id\":\"https:\/\/metaltale.com\/et\/toode\/mooblinupp-stokotka\/\",\"url\":\"https:\/\/metaltale.com\/et\/toode\/mooblinupp-stokotka\/\",\"name\":\"M\u00f6\u00f6blinupp STOKOTKA - MetalTale.com\",\"isPartOf\":{\"@id\":\"https:\/\/metaltale.com\/et\/#website\"},\"primaryImageOfPage\":{\"@id\":\"https:\/\/metaltale.com\/et\/toode\/mooblinupp-stokotka\/#primaryimage\"},\"image\":{\"@id\":\"https:\/\/metaltale.com\/et\/toode\/mooblinupp-stokotka\/#primaryimage\"},\"thumbnailUrl\":\"https:\/\/metaltale.com\/wp-content\/uploads\/2023\/11\/Rankenx117lx117s-1.jpg\",\"datePublished\":\"2024-02-13T13:29:45+00:00\",\"breadcrumb\":{\"@id\":\"https:\/\/metaltale.com\/et\/toode\/mooblinupp-stokotka\/#breadcrumb\"},\"inLanguage\":\"et\",\"potentialAction\":[{\"@type\":\"ReadAction\",\"target\":[\"https:\/\/metaltale.com\/et\/toode\/mooblinupp-stokotka\/\"]}]},{\"@type\":\"ImageObject\",\"inLanguage\":\"et\",\"@id\":\"https:\/\/metaltale.com\/et\/toode\/mooblinupp-stokotka\/#primaryimage\",\"url\":\"https:\/\/metaltale.com\/wp-content\/uploads\/2023\/11\/Rankenx117lx117s-1.jpg\",\"contentUrl\":\"https:\/\/metaltale.com\/wp-content\/uploads\/2023\/11\/Rankenx117lx117s-1.jpg\",\"width\":800,\"height\":800,\"caption\":\"M\u00f6\u00f6blinupp STOKOTKA\"},{\"@type\":\"BreadcrumbList\",\"@id\":\"https:\/\/metaltale.com\/et\/toode\/mooblinupp-stokotka\/#breadcrumb\",\"itemListElement\":[{\"@type\":\"ListItem\",\"position\":1,\"name\":\"Home\",\"item\":\"https:\/\/metaltale.com\/et\/kodu\/\"},{\"@type\":\"ListItem\",\"position\":2,\"name\":\"Kauplus\",\"item\":\"https:\/\/metaltale.com\/et\/shop\/\"},{\"@type\":\"ListItem\",\"position\":3,\"name\":\"M\u00f6\u00f6blinupp STOKOTKA\"}]},{\"@type\":\"WebSite\",\"@id\":\"https:\/\/metaltale.com\/et\/#website\",\"url\":\"https:\/\/metaltale.com\/et\/\",\"name\":\"Metaltale.com\",\"description\":\"\",\"potentialAction\":[{\"@type\":\"SearchAction\",\"target\":{\"@type\":\"EntryPoint\",\"urlTemplate\":\"https:\/\/metaltale.com\/et\/?s={search_term_string}\"},\"query-input\":{\"@type\":\"PropertyValueSpecification\",\"valueRequired\":true,\"valueName\":\"search_term_string\"}}],\"inLanguage\":\"et\"}]}<\/script>\n<!-- \/ Yoast SEO plugin. -->","yoast_head_json":{"title":"M\u00f6\u00f6blinupp STOKOTKA - MetalTale.com","robots":{"index":"index","follow":"follow","max-snippet":"max-snippet:-1","max-image-preview":"max-image-preview:large","max-video-preview":"max-video-preview:-1"},"canonical":"https:\/\/metaltale.com\/et\/toode\/mooblinupp-stokotka\/","og_locale":"et_EE","og_type":"article","og_title":"M\u00f6\u00f6blinupp STOKOTKA - MetalTale.com","og_description":"Mudel CH.8707-D Materjal Ketus \u00dcldl\u00e4bim\u00f5\u00f5t (cm ) 3,6 Koguprojektsioon (cm) 3,5 Paigalduskruvid Kruvi V\u00e4rv teras Viimistlus Lakitud valmistatud k\u00f5rgeima kvaliteediga","og_url":"https:\/\/metaltale.com\/et\/toode\/mooblinupp-stokotka\/","og_site_name":"MetalTale.com","og_image":[{"width":800,"height":800,"url":"https:\/\/metaltale.com\/wp-content\/uploads\/2023\/11\/Rankenx117lx117s-1.jpg","type":"image\/jpeg"}],"twitter_card":"summary_large_image","twitter_misc":{"Est. reading time":"1 minut"},"schema":{"@context":"https:\/\/schema.org","@graph":[{"@type":"WebPage","@id":"https:\/\/metaltale.com\/et\/toode\/mooblinupp-stokotka\/","url":"https:\/\/metaltale.com\/et\/toode\/mooblinupp-stokotka\/","name":"M\u00f6\u00f6blinupp STOKOTKA - MetalTale.com","isPartOf":{"@id":"https:\/\/metaltale.com\/et\/#website"},"primaryImageOfPage":{"@id":"https:\/\/metaltale.com\/et\/toode\/mooblinupp-stokotka\/#primaryimage"},"image":{"@id":"https:\/\/metaltale.com\/et\/toode\/mooblinupp-stokotka\/#primaryimage"},"thumbnailUrl":"https:\/\/metaltale.com\/wp-content\/uploads\/2023\/11\/Rankenx117lx117s-1.jpg","datePublished":"2024-02-13T13:29:45+00:00","breadcrumb":{"@id":"https:\/\/metaltale.com\/et\/toode\/mooblinupp-stokotka\/#breadcrumb"},"inLanguage":"et","potentialAction":[{"@type":"ReadAction","target":["https:\/\/metaltale.com\/et\/toode\/mooblinupp-stokotka\/"]}]},{"@type":"ImageObject","inLanguage":"et","@id":"https:\/\/metaltale.com\/et\/toode\/mooblinupp-stokotka\/#primaryimage","url":"https:\/\/metaltale.com\/wp-content\/uploads\/2023\/11\/Rankenx117lx117s-1.jpg","contentUrl":"https:\/\/metaltale.com\/wp-content\/uploads\/2023\/11\/Rankenx117lx117s-1.jpg","width":800,"height":800,"caption":"M\u00f6\u00f6blinupp STOKOTKA"},{"@type":"BreadcrumbList","@id":"https:\/\/metaltale.com\/et\/toode\/mooblinupp-stokotka\/#breadcrumb","itemListElement":[{"@type":"ListItem","position":1,"name":"Home","item":"https:\/\/metaltale.com\/et\/kodu\/"},{"@type":"ListItem","position":2,"name":"Kauplus","item":"https:\/\/metaltale.com\/et\/shop\/"},{"@type":"ListItem","position":3,"name":"M\u00f6\u00f6blinupp STOKOTKA"}]},{"@type":"WebSite","@id":"https:\/\/metaltale.com\/et\/#website","url":"https:\/\/metaltale.com\/et\/","name":"Metaltale.com","description":"","potentialAction":[{"@type":"SearchAction","target":{"@type":"EntryPoint","urlTemplate":"https:\/\/metaltale.com\/et\/?s={search_term_string}"},"query-input":{"@type":"PropertyValueSpecification","valueRequired":true,"valueName":"search_term_string"}}],"inLanguage":"et"}]}},"_links":{"self":[{"href":"https:\/\/metaltale.com\/et\/wp-json\/wp\/v2\/product\/133282","targetHints":{"allow":["GET"]}}],"collection":[{"href":"https:\/\/metaltale.com\/et\/wp-json\/wp\/v2\/product"}],"about":[{"href":"https:\/\/metaltale.com\/et\/wp-json\/wp\/v2\/types\/product"}],"replies":[{"embeddable":true,"href":"https:\/\/metaltale.com\/et\/wp-json\/wp\/v2\/comments?post=133282"}],"version-history":[{"count":0,"href":"https:\/\/metaltale.com\/et\/wp-json\/wp\/v2\/product\/133282\/revisions"}],"wp:featuredmedia":[{"embeddable":true,"href":"https:\/\/metaltale.com\/et\/wp-json\/wp\/v2\/media\/110118"}],"wp:attachment":[{"href":"https:\/\/metaltale.com\/et\/wp-json\/wp\/v2\/media?parent=133282"}],"wp:term":[{"taxonomy":"product_brand","embeddable":true,"href":"https:\/\/metaltale.com\/et\/wp-json\/wp\/v2\/product_brand?post=133282"},{"taxonomy":"product_cat","embeddable":true,"href":"https:\/\/metaltale.com\/et\/wp-json\/wp\/v2\/product_cat?post=133282"},{"taxonomy":"product_tag","embeddable":true,"href":"https:\/\/metaltale.com\/et\/wp-json\/wp\/v2\/product_tag?post=133282"}],"curies":[{"name":"wp","href":"https:\/\/api.w.org\/{rel}","templated":true}]}}