{"id":133260,"date":"2024-02-13T15:29:45","date_gmt":"2024-02-13T13:29:45","guid":{"rendered":"https:\/\/metaltale.com\/produktas\/usa-metallist-numbrimark-texase-jaoks\/"},"modified":"2024-02-13T15:29:45","modified_gmt":"2024-02-13T13:29:45","slug":"usa-metallist-numbrimark-texase-jaoks","status":"publish","type":"product","link":"https:\/\/metaltale.com\/et\/toode\/usa-metallist-numbrimark-texase-jaoks\/","title":{"rendered":"USA metallist numbrim\u00e4rk Texase jaoks"},"content":{"rendered":"<div class=\"prod_data\"><strong>Mudel<\/strong> FJ.C01.101  <br \/><strong>EAN.<\/strong>  5905369925757  <br \/><strong>Motiiv<\/strong> paneelid  <br \/><strong>K\u00f5rgus (cm)<\/strong> 15  <br \/><strong>Laius (cm)<\/strong> 30  <br \/><strong>Materjal<\/strong> teras  <br \/><strong>Kujundid Ristk\u00fclikukujuline<\/strong>  <br \/><strong>Orienteerimine<\/strong> Horisontaalne  <\/p>\n<p>Ristk\u00fclikukujuline dekoratiivplaat, mis on valmistatud metallist. Toode on kaetud v\u00e4ga kulumiskindla v\u00e4rviga ja kaitstud h\u00f5\u00f5rdumisvastase lakiga. Tootel on numbrim\u00e4rk otse Ameerika linnadest. Kollase tausta kasutamine muudab tahvli silmatorkavaks ja silmatorkavaks. Laud on kinnitatud \u00f5rnade aukudega.<\/p>\n<p>Toode kannab Texase numbrim\u00e4rki.<\/p>\n<p>Laud sobib ideaalselt baaridesse, restoranidesse v\u00f5i meeste ruumidesse.<br \/>Metallplaat on originaalne kingiidee.<\/p>\n<\/div>\n","protected":false},"excerpt":{"rendered":"<p>Mudel FJ.C01.101 EAN. 5905369925757 Motiiv paneelid K\u00f5rgus (cm) 15 Laius (cm) 30 Materjal teras Kujundid Ristk\u00fclikukujuline Orienteerimine Horisontaalne Ristk\u00fclikukujuline dekoratiivplaat,<\/p>\n","protected":false},"featured_media":108949,"comment_status":"open","ping_status":"closed","template":"","meta":{"_acf_changed":false,"pmpro_default_level":""},"product_brand":[],"product_cat":[23895],"product_tag":[],"class_list":{"0":"post-133260","1":"product","2":"type-product","3":"status-publish","4":"has-post-thumbnail","6":"product_cat-kaunistused","7":"pmpro-has-access","9":"first","10":"instock","11":"shipping-taxable","12":"purchasable","13":"product-type-simple"},"acf":[],"yoast_head":"<!-- This site is optimized with the Yoast SEO plugin v24.9 - https:\/\/yoast.com\/wordpress\/plugins\/seo\/ -->\n<title>USA metallist numbrim\u00e4rk Texase jaoks - MetalTale.com<\/title>\n<meta name=\"robots\" content=\"index, follow, max-snippet:-1, max-image-preview:large, max-video-preview:-1\" \/>\n<link rel=\"canonical\" href=\"https:\/\/metaltale.com\/et\/toode\/usa-metallist-numbrimark-texase-jaoks\/\" \/>\n<meta property=\"og:locale\" content=\"et_EE\" \/>\n<meta property=\"og:type\" content=\"article\" \/>\n<meta property=\"og:title\" content=\"USA metallist numbrim\u00e4rk Texase jaoks - MetalTale.com\" \/>\n<meta property=\"og:description\" content=\"Mudel FJ.C01.101 EAN. 5905369925757 Motiiv paneelid K\u00f5rgus (cm) 15 Laius (cm) 30 Materjal teras Kujundid Ristk\u00fclikukujuline Orienteerimine Horisontaalne Ristk\u00fclikukujuline dekoratiivplaat,\" \/>\n<meta property=\"og:url\" content=\"https:\/\/metaltale.com\/et\/toode\/usa-metallist-numbrimark-texase-jaoks\/\" \/>\n<meta property=\"og:site_name\" content=\"MetalTale.com\" \/>\n<meta name=\"twitter:card\" content=\"summary_large_image\" \/>\n<script type=\"application\/ld+json\" class=\"yoast-schema-graph\">{\"@context\":\"https:\/\/schema.org\",\"@graph\":[{\"@type\":\"WebPage\",\"@id\":\"https:\/\/metaltale.com\/et\/toode\/usa-metallist-numbrimark-texase-jaoks\/\",\"url\":\"https:\/\/metaltale.com\/et\/toode\/usa-metallist-numbrimark-texase-jaoks\/\",\"name\":\"USA metallist numbrim\u00e4rk Texase jaoks - MetalTale.com\",\"isPartOf\":{\"@id\":\"https:\/\/metaltale.com\/et\/#website\"},\"primaryImageOfPage\":{\"@id\":\"https:\/\/metaltale.com\/et\/toode\/usa-metallist-numbrimark-texase-jaoks\/#primaryimage\"},\"image\":{\"@id\":\"https:\/\/metaltale.com\/et\/toode\/usa-metallist-numbrimark-texase-jaoks\/#primaryimage\"},\"thumbnailUrl\":\"https:\/\/metaltale.com\/wp-content\/uploads\/2023\/11\/Dekoracija-7.jpg\",\"datePublished\":\"2024-02-13T13:29:45+00:00\",\"breadcrumb\":{\"@id\":\"https:\/\/metaltale.com\/et\/toode\/usa-metallist-numbrimark-texase-jaoks\/#breadcrumb\"},\"inLanguage\":\"et\",\"potentialAction\":[{\"@type\":\"ReadAction\",\"target\":[\"https:\/\/metaltale.com\/et\/toode\/usa-metallist-numbrimark-texase-jaoks\/\"]}]},{\"@type\":\"ImageObject\",\"inLanguage\":\"et\",\"@id\":\"https:\/\/metaltale.com\/et\/toode\/usa-metallist-numbrimark-texase-jaoks\/#primaryimage\",\"url\":\"https:\/\/metaltale.com\/wp-content\/uploads\/2023\/11\/Dekoracija-7.jpg\",\"contentUrl\":\"https:\/\/metaltale.com\/wp-content\/uploads\/2023\/11\/Dekoracija-7.jpg\",\"width\":800,\"height\":800},{\"@type\":\"BreadcrumbList\",\"@id\":\"https:\/\/metaltale.com\/et\/toode\/usa-metallist-numbrimark-texase-jaoks\/#breadcrumb\",\"itemListElement\":[{\"@type\":\"ListItem\",\"position\":1,\"name\":\"Home\",\"item\":\"https:\/\/metaltale.com\/et\/kodu\/\"},{\"@type\":\"ListItem\",\"position\":2,\"name\":\"Kauplus\",\"item\":\"https:\/\/metaltale.com\/et\/shop\/\"},{\"@type\":\"ListItem\",\"position\":3,\"name\":\"USA metallist numbrim\u00e4rk Texase jaoks\"}]},{\"@type\":\"WebSite\",\"@id\":\"https:\/\/metaltale.com\/et\/#website\",\"url\":\"https:\/\/metaltale.com\/et\/\",\"name\":\"Metaltale.com\",\"description\":\"\",\"potentialAction\":[{\"@type\":\"SearchAction\",\"target\":{\"@type\":\"EntryPoint\",\"urlTemplate\":\"https:\/\/metaltale.com\/et\/?s={search_term_string}\"},\"query-input\":{\"@type\":\"PropertyValueSpecification\",\"valueRequired\":true,\"valueName\":\"search_term_string\"}}],\"inLanguage\":\"et\"}]}<\/script>\n<!-- \/ Yoast SEO plugin. -->","yoast_head_json":{"title":"USA metallist numbrim\u00e4rk Texase jaoks - MetalTale.com","robots":{"index":"index","follow":"follow","max-snippet":"max-snippet:-1","max-image-preview":"max-image-preview:large","max-video-preview":"max-video-preview:-1"},"canonical":"https:\/\/metaltale.com\/et\/toode\/usa-metallist-numbrimark-texase-jaoks\/","og_locale":"et_EE","og_type":"article","og_title":"USA metallist numbrim\u00e4rk Texase jaoks - MetalTale.com","og_description":"Mudel FJ.C01.101 EAN. 5905369925757 Motiiv paneelid K\u00f5rgus (cm) 15 Laius (cm) 30 Materjal teras Kujundid Ristk\u00fclikukujuline Orienteerimine Horisontaalne Ristk\u00fclikukujuline dekoratiivplaat,","og_url":"https:\/\/metaltale.com\/et\/toode\/usa-metallist-numbrimark-texase-jaoks\/","og_site_name":"MetalTale.com","twitter_card":"summary_large_image","schema":{"@context":"https:\/\/schema.org","@graph":[{"@type":"WebPage","@id":"https:\/\/metaltale.com\/et\/toode\/usa-metallist-numbrimark-texase-jaoks\/","url":"https:\/\/metaltale.com\/et\/toode\/usa-metallist-numbrimark-texase-jaoks\/","name":"USA metallist numbrim\u00e4rk Texase jaoks - MetalTale.com","isPartOf":{"@id":"https:\/\/metaltale.com\/et\/#website"},"primaryImageOfPage":{"@id":"https:\/\/metaltale.com\/et\/toode\/usa-metallist-numbrimark-texase-jaoks\/#primaryimage"},"image":{"@id":"https:\/\/metaltale.com\/et\/toode\/usa-metallist-numbrimark-texase-jaoks\/#primaryimage"},"thumbnailUrl":"https:\/\/metaltale.com\/wp-content\/uploads\/2023\/11\/Dekoracija-7.jpg","datePublished":"2024-02-13T13:29:45+00:00","breadcrumb":{"@id":"https:\/\/metaltale.com\/et\/toode\/usa-metallist-numbrimark-texase-jaoks\/#breadcrumb"},"inLanguage":"et","potentialAction":[{"@type":"ReadAction","target":["https:\/\/metaltale.com\/et\/toode\/usa-metallist-numbrimark-texase-jaoks\/"]}]},{"@type":"ImageObject","inLanguage":"et","@id":"https:\/\/metaltale.com\/et\/toode\/usa-metallist-numbrimark-texase-jaoks\/#primaryimage","url":"https:\/\/metaltale.com\/wp-content\/uploads\/2023\/11\/Dekoracija-7.jpg","contentUrl":"https:\/\/metaltale.com\/wp-content\/uploads\/2023\/11\/Dekoracija-7.jpg","width":800,"height":800},{"@type":"BreadcrumbList","@id":"https:\/\/metaltale.com\/et\/toode\/usa-metallist-numbrimark-texase-jaoks\/#breadcrumb","itemListElement":[{"@type":"ListItem","position":1,"name":"Home","item":"https:\/\/metaltale.com\/et\/kodu\/"},{"@type":"ListItem","position":2,"name":"Kauplus","item":"https:\/\/metaltale.com\/et\/shop\/"},{"@type":"ListItem","position":3,"name":"USA metallist numbrim\u00e4rk Texase jaoks"}]},{"@type":"WebSite","@id":"https:\/\/metaltale.com\/et\/#website","url":"https:\/\/metaltale.com\/et\/","name":"Metaltale.com","description":"","potentialAction":[{"@type":"SearchAction","target":{"@type":"EntryPoint","urlTemplate":"https:\/\/metaltale.com\/et\/?s={search_term_string}"},"query-input":{"@type":"PropertyValueSpecification","valueRequired":true,"valueName":"search_term_string"}}],"inLanguage":"et"}]}},"_links":{"self":[{"href":"https:\/\/metaltale.com\/et\/wp-json\/wp\/v2\/product\/133260","targetHints":{"allow":["GET"]}}],"collection":[{"href":"https:\/\/metaltale.com\/et\/wp-json\/wp\/v2\/product"}],"about":[{"href":"https:\/\/metaltale.com\/et\/wp-json\/wp\/v2\/types\/product"}],"replies":[{"embeddable":true,"href":"https:\/\/metaltale.com\/et\/wp-json\/wp\/v2\/comments?post=133260"}],"version-history":[{"count":0,"href":"https:\/\/metaltale.com\/et\/wp-json\/wp\/v2\/product\/133260\/revisions"}],"wp:featuredmedia":[{"embeddable":true,"href":"https:\/\/metaltale.com\/et\/wp-json\/wp\/v2\/media\/108949"}],"wp:attachment":[{"href":"https:\/\/metaltale.com\/et\/wp-json\/wp\/v2\/media?parent=133260"}],"wp:term":[{"taxonomy":"product_brand","embeddable":true,"href":"https:\/\/metaltale.com\/et\/wp-json\/wp\/v2\/product_brand?post=133260"},{"taxonomy":"product_cat","embeddable":true,"href":"https:\/\/metaltale.com\/et\/wp-json\/wp\/v2\/product_cat?post=133260"},{"taxonomy":"product_tag","embeddable":true,"href":"https:\/\/metaltale.com\/et\/wp-json\/wp\/v2\/product_tag?post=133260"}],"curies":[{"name":"wp","href":"https:\/\/api.w.org\/{rel}","templated":true}]}}