{"id":133190,"date":"2024-02-13T15:27:41","date_gmt":"2024-02-13T13:27:41","guid":{"rendered":"https:\/\/metaltale.com\/produktas\/dekoratiivne-metallist-seinakate-tasuta-kasvatus\/"},"modified":"2024-02-13T15:27:41","modified_gmt":"2024-02-13T13:27:41","slug":"dekoratiivne-metallist-seinakate-tasuta-kasvatus","status":"publish","type":"product","link":"https:\/\/metaltale.com\/et\/toode\/dekoratiivne-metallist-seinakate-tasuta-kasvatus\/","title":{"rendered":"Dekoratiivne metallist seinakate TASUTA KASVATUS"},"content":{"rendered":"<div class=\"prod_data\"><strong>Mudel<\/strong> FJ.JHBC.1140  <br \/><strong>EAN.<\/strong>  5907772070246  <br \/><strong>Motiiv<\/strong> huumor, joogid  <br \/><strong>S\u00fcgavus (cm)<\/strong> 4  <br \/><strong>\u00dcldl\u00e4bim\u00f5\u00f5t (cm)<\/strong> 35  <br \/><strong>Materjal<\/strong> teras  <br \/><strong>Kuju<\/strong> \u00dcmmargune  <br \/><strong>Orienteerumine<\/strong> Universaalne  <\/p>\n<p>Metallist seinakork, mida saab t\u00e4nu toote tagak\u00fcljel olevale k\u00e4epidemele \u00fcles riputada. See on valmistatud tippkvaliteediga tr\u00fckiprotsessi abil ja kaitstud lakiga, mis kaitseb seda kulumise eest. Kaanel on m\u00e4rgata tahtlikke vananemise m\u00e4rke &#8211; korrosiooni ja kulumise j\u00e4lgi, mis annavad seinakaunistusele ainulaadse retrostiili. See originaalne kaunistus r\u00f5\u00f5mustab k\u00f5iki originaalsete kaunistuste f\u00e4nne.<\/p>\n<p>Tootel on l\u00f5bus s\u00f5nastus FREE BEER koos s\u00f5naga TOMORROW.<\/p>\n<p>M\u00fcts on suurep\u00e4rane kaunistus baarides, restoranides ja kohvikutes. Metallist kork on originaalne kingiidee.<\/p>\n<\/div>\n","protected":false},"excerpt":{"rendered":"<p>Mudel FJ.JHBC.1140 EAN. 5907772070246 Motiiv huumor, joogid S\u00fcgavus (cm) 4 \u00dcldl\u00e4bim\u00f5\u00f5t (cm) 35 Materjal teras Kuju \u00dcmmargune Orienteerumine Universaalne Metallist<\/p>\n","protected":false},"featured_media":108392,"comment_status":"open","ping_status":"closed","template":"","meta":{"_acf_changed":false,"pmpro_default_level":""},"product_brand":[],"product_cat":[24168],"product_tag":[],"class_list":{"0":"post-133190","1":"product","2":"type-product","3":"status-publish","4":"has-post-thumbnail","6":"product_cat-dekoratiivsed-pudelikorgid","7":"pmpro-has-access","9":"first","10":"instock","11":"shipping-taxable","12":"purchasable","13":"product-type-simple"},"acf":[],"yoast_head":"<!-- This site is optimized with the Yoast SEO plugin v24.9 - https:\/\/yoast.com\/wordpress\/plugins\/seo\/ -->\n<title>Dekoratiivne metallist seinakate TASUTA KASVATUS - MetalTale.com<\/title>\n<meta name=\"robots\" content=\"index, follow, max-snippet:-1, max-image-preview:large, max-video-preview:-1\" \/>\n<link rel=\"canonical\" href=\"https:\/\/metaltale.com\/et\/toode\/dekoratiivne-metallist-seinakate-tasuta-kasvatus\/\" \/>\n<meta property=\"og:locale\" content=\"et_EE\" \/>\n<meta property=\"og:type\" content=\"article\" \/>\n<meta property=\"og:title\" content=\"Dekoratiivne metallist seinakate TASUTA KASVATUS - MetalTale.com\" \/>\n<meta property=\"og:description\" content=\"Mudel FJ.JHBC.1140 EAN. 5907772070246 Motiiv huumor, joogid S\u00fcgavus (cm) 4 \u00dcldl\u00e4bim\u00f5\u00f5t (cm) 35 Materjal teras Kuju \u00dcmmargune Orienteerumine Universaalne Metallist\" \/>\n<meta property=\"og:url\" content=\"https:\/\/metaltale.com\/et\/toode\/dekoratiivne-metallist-seinakate-tasuta-kasvatus\/\" \/>\n<meta property=\"og:site_name\" content=\"MetalTale.com\" \/>\n<meta name=\"twitter:card\" content=\"summary_large_image\" \/>\n<meta name=\"twitter:label1\" content=\"Est. reading time\" \/>\n\t<meta name=\"twitter:data1\" content=\"1 minut\" \/>\n<script type=\"application\/ld+json\" class=\"yoast-schema-graph\">{\"@context\":\"https:\/\/schema.org\",\"@graph\":[{\"@type\":\"WebPage\",\"@id\":\"https:\/\/metaltale.com\/et\/toode\/dekoratiivne-metallist-seinakate-tasuta-kasvatus\/\",\"url\":\"https:\/\/metaltale.com\/et\/toode\/dekoratiivne-metallist-seinakate-tasuta-kasvatus\/\",\"name\":\"Dekoratiivne metallist seinakate TASUTA KASVATUS - MetalTale.com\",\"isPartOf\":{\"@id\":\"https:\/\/metaltale.com\/et\/#website\"},\"primaryImageOfPage\":{\"@id\":\"https:\/\/metaltale.com\/et\/toode\/dekoratiivne-metallist-seinakate-tasuta-kasvatus\/#primaryimage\"},\"image\":{\"@id\":\"https:\/\/metaltale.com\/et\/toode\/dekoratiivne-metallist-seinakate-tasuta-kasvatus\/#primaryimage\"},\"thumbnailUrl\":\"https:\/\/metaltale.com\/wp-content\/uploads\/2023\/11\/Dekoratyviniai-butelix173-kamx161tukai-8.jpg\",\"datePublished\":\"2024-02-13T13:27:41+00:00\",\"breadcrumb\":{\"@id\":\"https:\/\/metaltale.com\/et\/toode\/dekoratiivne-metallist-seinakate-tasuta-kasvatus\/#breadcrumb\"},\"inLanguage\":\"et\",\"potentialAction\":[{\"@type\":\"ReadAction\",\"target\":[\"https:\/\/metaltale.com\/et\/toode\/dekoratiivne-metallist-seinakate-tasuta-kasvatus\/\"]}]},{\"@type\":\"ImageObject\",\"inLanguage\":\"et\",\"@id\":\"https:\/\/metaltale.com\/et\/toode\/dekoratiivne-metallist-seinakate-tasuta-kasvatus\/#primaryimage\",\"url\":\"https:\/\/metaltale.com\/wp-content\/uploads\/2023\/11\/Dekoratyviniai-butelix173-kamx161tukai-8.jpg\",\"contentUrl\":\"https:\/\/metaltale.com\/wp-content\/uploads\/2023\/11\/Dekoratyviniai-butelix173-kamx161tukai-8.jpg\",\"width\":800,\"height\":800},{\"@type\":\"BreadcrumbList\",\"@id\":\"https:\/\/metaltale.com\/et\/toode\/dekoratiivne-metallist-seinakate-tasuta-kasvatus\/#breadcrumb\",\"itemListElement\":[{\"@type\":\"ListItem\",\"position\":1,\"name\":\"Home\",\"item\":\"https:\/\/metaltale.com\/et\/kodu\/\"},{\"@type\":\"ListItem\",\"position\":2,\"name\":\"Kauplus\",\"item\":\"https:\/\/metaltale.com\/et\/shop\/\"},{\"@type\":\"ListItem\",\"position\":3,\"name\":\"Dekoratiivne metallist seinakate TASUTA KASVATUS\"}]},{\"@type\":\"WebSite\",\"@id\":\"https:\/\/metaltale.com\/et\/#website\",\"url\":\"https:\/\/metaltale.com\/et\/\",\"name\":\"Metaltale.com\",\"description\":\"\",\"potentialAction\":[{\"@type\":\"SearchAction\",\"target\":{\"@type\":\"EntryPoint\",\"urlTemplate\":\"https:\/\/metaltale.com\/et\/?s={search_term_string}\"},\"query-input\":{\"@type\":\"PropertyValueSpecification\",\"valueRequired\":true,\"valueName\":\"search_term_string\"}}],\"inLanguage\":\"et\"}]}<\/script>\n<!-- \/ Yoast SEO plugin. -->","yoast_head_json":{"title":"Dekoratiivne metallist seinakate TASUTA KASVATUS - MetalTale.com","robots":{"index":"index","follow":"follow","max-snippet":"max-snippet:-1","max-image-preview":"max-image-preview:large","max-video-preview":"max-video-preview:-1"},"canonical":"https:\/\/metaltale.com\/et\/toode\/dekoratiivne-metallist-seinakate-tasuta-kasvatus\/","og_locale":"et_EE","og_type":"article","og_title":"Dekoratiivne metallist seinakate TASUTA KASVATUS - MetalTale.com","og_description":"Mudel FJ.JHBC.1140 EAN. 5907772070246 Motiiv huumor, joogid S\u00fcgavus (cm) 4 \u00dcldl\u00e4bim\u00f5\u00f5t (cm) 35 Materjal teras Kuju \u00dcmmargune Orienteerumine Universaalne Metallist","og_url":"https:\/\/metaltale.com\/et\/toode\/dekoratiivne-metallist-seinakate-tasuta-kasvatus\/","og_site_name":"MetalTale.com","twitter_card":"summary_large_image","twitter_misc":{"Est. reading time":"1 minut"},"schema":{"@context":"https:\/\/schema.org","@graph":[{"@type":"WebPage","@id":"https:\/\/metaltale.com\/et\/toode\/dekoratiivne-metallist-seinakate-tasuta-kasvatus\/","url":"https:\/\/metaltale.com\/et\/toode\/dekoratiivne-metallist-seinakate-tasuta-kasvatus\/","name":"Dekoratiivne metallist seinakate TASUTA KASVATUS - MetalTale.com","isPartOf":{"@id":"https:\/\/metaltale.com\/et\/#website"},"primaryImageOfPage":{"@id":"https:\/\/metaltale.com\/et\/toode\/dekoratiivne-metallist-seinakate-tasuta-kasvatus\/#primaryimage"},"image":{"@id":"https:\/\/metaltale.com\/et\/toode\/dekoratiivne-metallist-seinakate-tasuta-kasvatus\/#primaryimage"},"thumbnailUrl":"https:\/\/metaltale.com\/wp-content\/uploads\/2023\/11\/Dekoratyviniai-butelix173-kamx161tukai-8.jpg","datePublished":"2024-02-13T13:27:41+00:00","breadcrumb":{"@id":"https:\/\/metaltale.com\/et\/toode\/dekoratiivne-metallist-seinakate-tasuta-kasvatus\/#breadcrumb"},"inLanguage":"et","potentialAction":[{"@type":"ReadAction","target":["https:\/\/metaltale.com\/et\/toode\/dekoratiivne-metallist-seinakate-tasuta-kasvatus\/"]}]},{"@type":"ImageObject","inLanguage":"et","@id":"https:\/\/metaltale.com\/et\/toode\/dekoratiivne-metallist-seinakate-tasuta-kasvatus\/#primaryimage","url":"https:\/\/metaltale.com\/wp-content\/uploads\/2023\/11\/Dekoratyviniai-butelix173-kamx161tukai-8.jpg","contentUrl":"https:\/\/metaltale.com\/wp-content\/uploads\/2023\/11\/Dekoratyviniai-butelix173-kamx161tukai-8.jpg","width":800,"height":800},{"@type":"BreadcrumbList","@id":"https:\/\/metaltale.com\/et\/toode\/dekoratiivne-metallist-seinakate-tasuta-kasvatus\/#breadcrumb","itemListElement":[{"@type":"ListItem","position":1,"name":"Home","item":"https:\/\/metaltale.com\/et\/kodu\/"},{"@type":"ListItem","position":2,"name":"Kauplus","item":"https:\/\/metaltale.com\/et\/shop\/"},{"@type":"ListItem","position":3,"name":"Dekoratiivne metallist seinakate TASUTA KASVATUS"}]},{"@type":"WebSite","@id":"https:\/\/metaltale.com\/et\/#website","url":"https:\/\/metaltale.com\/et\/","name":"Metaltale.com","description":"","potentialAction":[{"@type":"SearchAction","target":{"@type":"EntryPoint","urlTemplate":"https:\/\/metaltale.com\/et\/?s={search_term_string}"},"query-input":{"@type":"PropertyValueSpecification","valueRequired":true,"valueName":"search_term_string"}}],"inLanguage":"et"}]}},"_links":{"self":[{"href":"https:\/\/metaltale.com\/et\/wp-json\/wp\/v2\/product\/133190","targetHints":{"allow":["GET"]}}],"collection":[{"href":"https:\/\/metaltale.com\/et\/wp-json\/wp\/v2\/product"}],"about":[{"href":"https:\/\/metaltale.com\/et\/wp-json\/wp\/v2\/types\/product"}],"replies":[{"embeddable":true,"href":"https:\/\/metaltale.com\/et\/wp-json\/wp\/v2\/comments?post=133190"}],"version-history":[{"count":0,"href":"https:\/\/metaltale.com\/et\/wp-json\/wp\/v2\/product\/133190\/revisions"}],"wp:featuredmedia":[{"embeddable":true,"href":"https:\/\/metaltale.com\/et\/wp-json\/wp\/v2\/media\/108392"}],"wp:attachment":[{"href":"https:\/\/metaltale.com\/et\/wp-json\/wp\/v2\/media?parent=133190"}],"wp:term":[{"taxonomy":"product_brand","embeddable":true,"href":"https:\/\/metaltale.com\/et\/wp-json\/wp\/v2\/product_brand?post=133190"},{"taxonomy":"product_cat","embeddable":true,"href":"https:\/\/metaltale.com\/et\/wp-json\/wp\/v2\/product_cat?post=133190"},{"taxonomy":"product_tag","embeddable":true,"href":"https:\/\/metaltale.com\/et\/wp-json\/wp\/v2\/product_tag?post=133190"}],"curies":[{"name":"wp","href":"https:\/\/api.w.org\/{rel}","templated":true}]}}