{"id":133175,"date":"2024-02-13T15:27:41","date_gmt":"2024-02-13T13:27:41","guid":{"rendered":"https:\/\/metaltale.com\/produktas\/nurgaklambrid-escuadra-komplekt\/"},"modified":"2024-02-13T15:27:41","modified_gmt":"2024-02-13T13:27:41","slug":"nurgaklambrid-escuadra-komplekt","status":"publish","type":"product","link":"https:\/\/metaltale.com\/et\/toode\/nurgaklambrid-escuadra-komplekt\/","title":{"rendered":"Nurgaklambrid ESCUADRA &#8211; komplekt"},"content":{"rendered":"<div class=\"prod_data\">\n<p><strong>Mudel<\/strong> AG.1544-45<br \/>\n<strong>EAN.<\/strong>  5905369904820<br \/>\n<strong>Materjal<\/strong> teras<br \/>\n<strong>Paksus (cm<\/strong> ) 0,4<br \/>\n<strong>\u00dcldine k\u00f5rgus (cm)<\/strong> 30<br \/>\n<strong>\u00dcldine laius (cm)<\/strong> 24<br \/>\nV\u00e4rv Must<br \/>\n<strong>Pinna t\u00fc\u00fcp<\/strong> Silea<\/p>\n<p>Siin esitatud Escuadra nurk on kujundatud nii, et see t\u00e4iendaks t\u00e4ispuidust uste puhul kasutatud keskaegsete hingede stiili.<\/p>\n<p>Selle \u00f5rnad, igas detailis rafineeritud kaunistused koos vastupidava terasega, millest see on valmistatud, annavad meile l\u00f5pptulemuse. Selle nurgeline disain muudab selle ideaalseks aktsendiks ukseraamile.<\/p>\n<p>Nurgas on ideaalne viimistlus uste v\u00f5i aknaluukide jaoks.<\/p>\n<p>Komplekti kuuluvad: vasak nurk, parem nurk ja puidukruvid.<\/p>\n<\/div>\n","protected":false},"excerpt":{"rendered":"<p>Mudel AG.1544-45 EAN. 5905369904820 Materjal teras Paksus (cm ) 0,4 \u00dcldine k\u00f5rgus (cm) 30 \u00dcldine laius (cm) 24 V\u00e4rv Must<\/p>\n","protected":false},"featured_media":108280,"comment_status":"open","ping_status":"closed","template":"","meta":{"_acf_changed":false,"pmpro_default_level":""},"product_brand":[],"product_cat":[23836,23891],"product_tag":[],"class_list":{"0":"post-133175","1":"product","2":"type-product","3":"status-publish","4":"has-post-thumbnail","6":"product_cat-moobli-tarvikud","7":"product_cat-statybines-ir-baldu-jungtys-et","8":"pmpro-has-access","10":"first","11":"instock","12":"shipping-taxable","13":"purchasable","14":"product-type-simple"},"acf":[],"yoast_head":"<!-- This site is optimized with the Yoast SEO plugin v24.9 - https:\/\/yoast.com\/wordpress\/plugins\/seo\/ -->\n<title>Nurgaklambrid ESCUADRA - komplekt - MetalTale.com<\/title>\n<meta name=\"robots\" content=\"index, follow, max-snippet:-1, max-image-preview:large, max-video-preview:-1\" \/>\n<link rel=\"canonical\" href=\"https:\/\/metaltale.com\/et\/toode\/nurgaklambrid-escuadra-komplekt\/\" \/>\n<meta property=\"og:locale\" content=\"et_EE\" \/>\n<meta property=\"og:type\" content=\"article\" \/>\n<meta property=\"og:title\" content=\"Nurgaklambrid ESCUADRA - komplekt - MetalTale.com\" \/>\n<meta property=\"og:description\" content=\"Mudel AG.1544-45 EAN. 5905369904820 Materjal teras Paksus (cm ) 0,4 \u00dcldine k\u00f5rgus (cm) 30 \u00dcldine laius (cm) 24 V\u00e4rv Must\" \/>\n<meta property=\"og:url\" content=\"https:\/\/metaltale.com\/et\/toode\/nurgaklambrid-escuadra-komplekt\/\" \/>\n<meta property=\"og:site_name\" content=\"MetalTale.com\" \/>\n<meta property=\"og:image\" content=\"https:\/\/metaltale.com\/wp-content\/uploads\/2023\/11\/Statybinx117s-ir-baldx173-jungtys-1.jpg\" \/>\n\t<meta property=\"og:image:width\" content=\"800\" \/>\n\t<meta property=\"og:image:height\" content=\"800\" \/>\n\t<meta property=\"og:image:type\" content=\"image\/jpeg\" \/>\n<meta name=\"twitter:card\" content=\"summary_large_image\" \/>\n<script type=\"application\/ld+json\" class=\"yoast-schema-graph\">{\"@context\":\"https:\/\/schema.org\",\"@graph\":[{\"@type\":\"WebPage\",\"@id\":\"https:\/\/metaltale.com\/et\/toode\/nurgaklambrid-escuadra-komplekt\/\",\"url\":\"https:\/\/metaltale.com\/et\/toode\/nurgaklambrid-escuadra-komplekt\/\",\"name\":\"Nurgaklambrid ESCUADRA - komplekt - MetalTale.com\",\"isPartOf\":{\"@id\":\"https:\/\/metaltale.com\/et\/#website\"},\"primaryImageOfPage\":{\"@id\":\"https:\/\/metaltale.com\/et\/toode\/nurgaklambrid-escuadra-komplekt\/#primaryimage\"},\"image\":{\"@id\":\"https:\/\/metaltale.com\/et\/toode\/nurgaklambrid-escuadra-komplekt\/#primaryimage\"},\"thumbnailUrl\":\"https:\/\/metaltale.com\/wp-content\/uploads\/2023\/11\/Statybinx117s-ir-baldx173-jungtys-1.jpg\",\"datePublished\":\"2024-02-13T13:27:41+00:00\",\"breadcrumb\":{\"@id\":\"https:\/\/metaltale.com\/et\/toode\/nurgaklambrid-escuadra-komplekt\/#breadcrumb\"},\"inLanguage\":\"et\",\"potentialAction\":[{\"@type\":\"ReadAction\",\"target\":[\"https:\/\/metaltale.com\/et\/toode\/nurgaklambrid-escuadra-komplekt\/\"]}]},{\"@type\":\"ImageObject\",\"inLanguage\":\"et\",\"@id\":\"https:\/\/metaltale.com\/et\/toode\/nurgaklambrid-escuadra-komplekt\/#primaryimage\",\"url\":\"https:\/\/metaltale.com\/wp-content\/uploads\/2023\/11\/Statybinx117s-ir-baldx173-jungtys-1.jpg\",\"contentUrl\":\"https:\/\/metaltale.com\/wp-content\/uploads\/2023\/11\/Statybinx117s-ir-baldx173-jungtys-1.jpg\",\"width\":800,\"height\":800,\"caption\":\"Nurgaklambrid ESCUADRA - komplekt\"},{\"@type\":\"BreadcrumbList\",\"@id\":\"https:\/\/metaltale.com\/et\/toode\/nurgaklambrid-escuadra-komplekt\/#breadcrumb\",\"itemListElement\":[{\"@type\":\"ListItem\",\"position\":1,\"name\":\"Home\",\"item\":\"https:\/\/metaltale.com\/et\/kodu\/\"},{\"@type\":\"ListItem\",\"position\":2,\"name\":\"Kauplus\",\"item\":\"https:\/\/metaltale.com\/et\/shop\/\"},{\"@type\":\"ListItem\",\"position\":3,\"name\":\"Nurgaklambrid ESCUADRA &#8211; komplekt\"}]},{\"@type\":\"WebSite\",\"@id\":\"https:\/\/metaltale.com\/et\/#website\",\"url\":\"https:\/\/metaltale.com\/et\/\",\"name\":\"Metaltale.com\",\"description\":\"\",\"potentialAction\":[{\"@type\":\"SearchAction\",\"target\":{\"@type\":\"EntryPoint\",\"urlTemplate\":\"https:\/\/metaltale.com\/et\/?s={search_term_string}\"},\"query-input\":{\"@type\":\"PropertyValueSpecification\",\"valueRequired\":true,\"valueName\":\"search_term_string\"}}],\"inLanguage\":\"et\"}]}<\/script>\n<!-- \/ Yoast SEO plugin. -->","yoast_head_json":{"title":"Nurgaklambrid ESCUADRA - komplekt - MetalTale.com","robots":{"index":"index","follow":"follow","max-snippet":"max-snippet:-1","max-image-preview":"max-image-preview:large","max-video-preview":"max-video-preview:-1"},"canonical":"https:\/\/metaltale.com\/et\/toode\/nurgaklambrid-escuadra-komplekt\/","og_locale":"et_EE","og_type":"article","og_title":"Nurgaklambrid ESCUADRA - komplekt - MetalTale.com","og_description":"Mudel AG.1544-45 EAN. 5905369904820 Materjal teras Paksus (cm ) 0,4 \u00dcldine k\u00f5rgus (cm) 30 \u00dcldine laius (cm) 24 V\u00e4rv Must","og_url":"https:\/\/metaltale.com\/et\/toode\/nurgaklambrid-escuadra-komplekt\/","og_site_name":"MetalTale.com","og_image":[{"width":800,"height":800,"url":"https:\/\/metaltale.com\/wp-content\/uploads\/2023\/11\/Statybinx117s-ir-baldx173-jungtys-1.jpg","type":"image\/jpeg"}],"twitter_card":"summary_large_image","schema":{"@context":"https:\/\/schema.org","@graph":[{"@type":"WebPage","@id":"https:\/\/metaltale.com\/et\/toode\/nurgaklambrid-escuadra-komplekt\/","url":"https:\/\/metaltale.com\/et\/toode\/nurgaklambrid-escuadra-komplekt\/","name":"Nurgaklambrid ESCUADRA - komplekt - MetalTale.com","isPartOf":{"@id":"https:\/\/metaltale.com\/et\/#website"},"primaryImageOfPage":{"@id":"https:\/\/metaltale.com\/et\/toode\/nurgaklambrid-escuadra-komplekt\/#primaryimage"},"image":{"@id":"https:\/\/metaltale.com\/et\/toode\/nurgaklambrid-escuadra-komplekt\/#primaryimage"},"thumbnailUrl":"https:\/\/metaltale.com\/wp-content\/uploads\/2023\/11\/Statybinx117s-ir-baldx173-jungtys-1.jpg","datePublished":"2024-02-13T13:27:41+00:00","breadcrumb":{"@id":"https:\/\/metaltale.com\/et\/toode\/nurgaklambrid-escuadra-komplekt\/#breadcrumb"},"inLanguage":"et","potentialAction":[{"@type":"ReadAction","target":["https:\/\/metaltale.com\/et\/toode\/nurgaklambrid-escuadra-komplekt\/"]}]},{"@type":"ImageObject","inLanguage":"et","@id":"https:\/\/metaltale.com\/et\/toode\/nurgaklambrid-escuadra-komplekt\/#primaryimage","url":"https:\/\/metaltale.com\/wp-content\/uploads\/2023\/11\/Statybinx117s-ir-baldx173-jungtys-1.jpg","contentUrl":"https:\/\/metaltale.com\/wp-content\/uploads\/2023\/11\/Statybinx117s-ir-baldx173-jungtys-1.jpg","width":800,"height":800,"caption":"Nurgaklambrid ESCUADRA - komplekt"},{"@type":"BreadcrumbList","@id":"https:\/\/metaltale.com\/et\/toode\/nurgaklambrid-escuadra-komplekt\/#breadcrumb","itemListElement":[{"@type":"ListItem","position":1,"name":"Home","item":"https:\/\/metaltale.com\/et\/kodu\/"},{"@type":"ListItem","position":2,"name":"Kauplus","item":"https:\/\/metaltale.com\/et\/shop\/"},{"@type":"ListItem","position":3,"name":"Nurgaklambrid ESCUADRA &#8211; komplekt"}]},{"@type":"WebSite","@id":"https:\/\/metaltale.com\/et\/#website","url":"https:\/\/metaltale.com\/et\/","name":"Metaltale.com","description":"","potentialAction":[{"@type":"SearchAction","target":{"@type":"EntryPoint","urlTemplate":"https:\/\/metaltale.com\/et\/?s={search_term_string}"},"query-input":{"@type":"PropertyValueSpecification","valueRequired":true,"valueName":"search_term_string"}}],"inLanguage":"et"}]}},"_links":{"self":[{"href":"https:\/\/metaltale.com\/et\/wp-json\/wp\/v2\/product\/133175","targetHints":{"allow":["GET"]}}],"collection":[{"href":"https:\/\/metaltale.com\/et\/wp-json\/wp\/v2\/product"}],"about":[{"href":"https:\/\/metaltale.com\/et\/wp-json\/wp\/v2\/types\/product"}],"replies":[{"embeddable":true,"href":"https:\/\/metaltale.com\/et\/wp-json\/wp\/v2\/comments?post=133175"}],"version-history":[{"count":0,"href":"https:\/\/metaltale.com\/et\/wp-json\/wp\/v2\/product\/133175\/revisions"}],"wp:featuredmedia":[{"embeddable":true,"href":"https:\/\/metaltale.com\/et\/wp-json\/wp\/v2\/media\/108280"}],"wp:attachment":[{"href":"https:\/\/metaltale.com\/et\/wp-json\/wp\/v2\/media?parent=133175"}],"wp:term":[{"taxonomy":"product_brand","embeddable":true,"href":"https:\/\/metaltale.com\/et\/wp-json\/wp\/v2\/product_brand?post=133175"},{"taxonomy":"product_cat","embeddable":true,"href":"https:\/\/metaltale.com\/et\/wp-json\/wp\/v2\/product_cat?post=133175"},{"taxonomy":"product_tag","embeddable":true,"href":"https:\/\/metaltale.com\/et\/wp-json\/wp\/v2\/product_tag?post=133175"}],"curies":[{"name":"wp","href":"https:\/\/api.w.org\/{rel}","templated":true}]}}