{"id":133172,"date":"2024-02-13T15:27:41","date_gmt":"2024-02-13T13:27:41","guid":{"rendered":"https:\/\/metaltale.com\/produktas\/puidust-tammepuust-lukanduks-chevron-pruun-oli\/"},"modified":"2024-02-13T15:27:41","modified_gmt":"2024-02-13T13:27:41","slug":"puidust-tammepuust-lukanduks-chevron-pruun-oli","status":"publish","type":"product","link":"https:\/\/metaltale.com\/et\/toode\/puidust-tammepuust-lukanduks-chevron-pruun-oli\/","title":{"rendered":"Puidust tammepuust l\u00fckanduks CHEVRON, pruun \u00f5li"},"content":{"rendered":"<div class=\"prod_data\">\n<p><strong>Mudel<\/strong> SZN<br \/>\nMaterjal Tammepuit<br \/>\n<strong>Paksus (cm)<\/strong> 4<br \/>\n<strong>\u00dcldine k\u00f5rgus (cm)<\/strong> 210<br \/>\n<strong>\u00dcldlaius (cm)<\/strong> 100<br \/>\n<strong>Viimistlus<\/strong> \u00d5litatud<br \/>\n<strong>Pinna t\u00fc\u00fcp<\/strong> Silea<br \/>\n<strong>LISATEAVE<\/strong> Pakkumine kehtib ainult \u00fche ukselaua kohta ja ei sisalda libisevuss\u00fcsteemi ega muid lisaseadmeid.<\/p>\n<hr>\n<p>&#8211; t\u00e4ispuidust tammepuust uksed<br \/>\n&#8211; 4 cm paksune plankraam ja risttoed t\u00e4isnurga all, mis tagavad tugeva ja stabiilse konstruktsiooni.<br \/>\n&#8211; mustrilised t\u00e4isplaadid on raami sisse s\u00fcvistatud ja p\u00f5ikitugedega varustatud<br \/>\n&#8211; raam on visuaalselt jagatud kaheks osaks, millest \u00fcks on stiilse kalaseljamustriga ja teine klassikaliste vertikaalsete plankudega.<br \/>\n&#8211; k\u00f5ik ukse detailid on k\u00e4sitsi viimistletud<br \/>\n&#8211; uksel v\u00f5ivad olla puidu loomulikust struktuurist tingitud v\u00e4ikesed praod ja oksad, mis ei ulatu kogu uksepinna paksuseni.<br \/>\n&#8211; universaalne disain v\u00f5imaldab mis tahes montaa\u017ei (\u00fcles- ja allapoole)<br \/>\n&#8211; ukse konstruktsioon v\u00f5imaldab kasutada peaaegu k\u00f5iki liugukses\u00fcsteeme<br \/>\n&#8211; mudel ilma madalama profiilita<\/p>\n<hr>\n<p>Chevron tammepuust l\u00fckanduks on peene rustikaalse iseloomuga mudel. Tugev puitkarkass tagab ukselehe vastupidavuse ja on \u00fchtlasi dekoratiivseks elemendiks. Chevroni elegantset kalaseljamustrit tasakaalustavad ukse teisel poolel olevad sirged lauad, mis annavad sellele peene maal\u00e4hedase iseloomu. Ukse ajatu ilu ei ole selle mudeli ainus eelis &#8211; eeliseks on ka v\u00f5imalus riputada uks juhiku k\u00fclge. Chevron \u00fclal v\u00f5i all? Paigaldamise suund s\u00f5ltub individuaalsetest eelistustest. Mustrite intrigeeriv kombinatsioon on intrigeeriv ja harmooniline, mis on saavutatud s\u00fcmmeetria s\u00e4ilitamise juures. Tamme uste pind toob kaunilt esile puidu struktuuri ja loomuliku arhitektuuri, muutes iga detaili ainulaadseks ja eriliseks. Tooraine hoolikas valik ja t\u00e4helepanu \u00fcksikasjadele v\u00f5imaldavad Chevroni tammepuidust uste k\u00f5rgeimat kvaliteeti pakkuda.<\/p>\n<\/div>\n","protected":false},"excerpt":{"rendered":"<p>Mudel SZN Materjal Tammepuit Paksus (cm) 4 \u00dcldine k\u00f5rgus (cm) 210 \u00dcldlaius (cm) 100 Viimistlus \u00d5litatud Pinna t\u00fc\u00fcp Silea LISATEAVE<\/p>\n","protected":false},"featured_media":107875,"comment_status":"open","ping_status":"closed","template":"","meta":{"_acf_changed":false,"pmpro_default_level":""},"product_brand":[],"product_cat":[24145,24140,24155],"product_tag":[],"class_list":{"0":"post-133172","1":"product","2":"type-product","3":"status-publish","4":"has-post-thumbnail","6":"product_cat-liuguksed-et","7":"product_cat-liuguksesusteemid","8":"product_cat-tammepuust-lukanduksed","9":"pmpro-has-access","11":"first","12":"instock","13":"shipping-taxable","14":"purchasable","15":"product-type-simple"},"acf":[],"yoast_head":"<!-- This site is optimized with the Yoast SEO plugin v24.9 - https:\/\/yoast.com\/wordpress\/plugins\/seo\/ -->\n<title>Puidust tammepuust l\u00fckanduks CHEVRON, pruun \u00f5li - MetalTale.com<\/title>\n<meta name=\"robots\" content=\"index, follow, max-snippet:-1, max-image-preview:large, max-video-preview:-1\" \/>\n<link rel=\"canonical\" href=\"https:\/\/metaltale.com\/et\/toode\/puidust-tammepuust-lukanduks-chevron-pruun-oli\/\" \/>\n<meta property=\"og:locale\" content=\"et_EE\" \/>\n<meta property=\"og:type\" content=\"article\" \/>\n<meta property=\"og:title\" content=\"Puidust tammepuust l\u00fckanduks CHEVRON, pruun \u00f5li - MetalTale.com\" \/>\n<meta property=\"og:description\" content=\"Mudel SZN Materjal Tammepuit Paksus (cm) 4 \u00dcldine k\u00f5rgus (cm) 210 \u00dcldlaius (cm) 100 Viimistlus \u00d5litatud Pinna t\u00fc\u00fcp Silea LISATEAVE\" \/>\n<meta property=\"og:url\" content=\"https:\/\/metaltale.com\/et\/toode\/puidust-tammepuust-lukanduks-chevron-pruun-oli\/\" \/>\n<meta property=\"og:site_name\" content=\"MetalTale.com\" \/>\n<meta property=\"og:image\" content=\"https:\/\/metaltale.com\/wp-content\/uploads\/2023\/11\/Stumdomos-durys.jpg\" \/>\n\t<meta property=\"og:image:width\" content=\"800\" \/>\n\t<meta property=\"og:image:height\" content=\"800\" \/>\n\t<meta property=\"og:image:type\" content=\"image\/jpeg\" \/>\n<meta name=\"twitter:card\" content=\"summary_large_image\" \/>\n<meta name=\"twitter:label1\" content=\"Est. reading time\" \/>\n\t<meta name=\"twitter:data1\" content=\"1 minut\" \/>\n<script type=\"application\/ld+json\" class=\"yoast-schema-graph\">{\"@context\":\"https:\/\/schema.org\",\"@graph\":[{\"@type\":\"WebPage\",\"@id\":\"https:\/\/metaltale.com\/et\/toode\/puidust-tammepuust-lukanduks-chevron-pruun-oli\/\",\"url\":\"https:\/\/metaltale.com\/et\/toode\/puidust-tammepuust-lukanduks-chevron-pruun-oli\/\",\"name\":\"Puidust tammepuust l\u00fckanduks CHEVRON, pruun \u00f5li - MetalTale.com\",\"isPartOf\":{\"@id\":\"https:\/\/metaltale.com\/et\/#website\"},\"primaryImageOfPage\":{\"@id\":\"https:\/\/metaltale.com\/et\/toode\/puidust-tammepuust-lukanduks-chevron-pruun-oli\/#primaryimage\"},\"image\":{\"@id\":\"https:\/\/metaltale.com\/et\/toode\/puidust-tammepuust-lukanduks-chevron-pruun-oli\/#primaryimage\"},\"thumbnailUrl\":\"https:\/\/metaltale.com\/wp-content\/uploads\/2023\/11\/Stumdomos-durys.jpg\",\"datePublished\":\"2024-02-13T13:27:41+00:00\",\"breadcrumb\":{\"@id\":\"https:\/\/metaltale.com\/et\/toode\/puidust-tammepuust-lukanduks-chevron-pruun-oli\/#breadcrumb\"},\"inLanguage\":\"et\",\"potentialAction\":[{\"@type\":\"ReadAction\",\"target\":[\"https:\/\/metaltale.com\/et\/toode\/puidust-tammepuust-lukanduks-chevron-pruun-oli\/\"]}]},{\"@type\":\"ImageObject\",\"inLanguage\":\"et\",\"@id\":\"https:\/\/metaltale.com\/et\/toode\/puidust-tammepuust-lukanduks-chevron-pruun-oli\/#primaryimage\",\"url\":\"https:\/\/metaltale.com\/wp-content\/uploads\/2023\/11\/Stumdomos-durys.jpg\",\"contentUrl\":\"https:\/\/metaltale.com\/wp-content\/uploads\/2023\/11\/Stumdomos-durys.jpg\",\"width\":800,\"height\":800,\"caption\":\"Puidust tammepuust l\u00fckanduks CHEVRON, pruun \u00f5li\"},{\"@type\":\"BreadcrumbList\",\"@id\":\"https:\/\/metaltale.com\/et\/toode\/puidust-tammepuust-lukanduks-chevron-pruun-oli\/#breadcrumb\",\"itemListElement\":[{\"@type\":\"ListItem\",\"position\":1,\"name\":\"Home\",\"item\":\"https:\/\/metaltale.com\/et\/kodu\/\"},{\"@type\":\"ListItem\",\"position\":2,\"name\":\"Kauplus\",\"item\":\"https:\/\/metaltale.com\/et\/shop\/\"},{\"@type\":\"ListItem\",\"position\":3,\"name\":\"Puidust tammepuust l\u00fckanduks CHEVRON, pruun \u00f5li\"}]},{\"@type\":\"WebSite\",\"@id\":\"https:\/\/metaltale.com\/et\/#website\",\"url\":\"https:\/\/metaltale.com\/et\/\",\"name\":\"Metaltale.com\",\"description\":\"\",\"potentialAction\":[{\"@type\":\"SearchAction\",\"target\":{\"@type\":\"EntryPoint\",\"urlTemplate\":\"https:\/\/metaltale.com\/et\/?s={search_term_string}\"},\"query-input\":{\"@type\":\"PropertyValueSpecification\",\"valueRequired\":true,\"valueName\":\"search_term_string\"}}],\"inLanguage\":\"et\"}]}<\/script>\n<!-- \/ Yoast SEO plugin. -->","yoast_head_json":{"title":"Puidust tammepuust l\u00fckanduks CHEVRON, pruun \u00f5li - MetalTale.com","robots":{"index":"index","follow":"follow","max-snippet":"max-snippet:-1","max-image-preview":"max-image-preview:large","max-video-preview":"max-video-preview:-1"},"canonical":"https:\/\/metaltale.com\/et\/toode\/puidust-tammepuust-lukanduks-chevron-pruun-oli\/","og_locale":"et_EE","og_type":"article","og_title":"Puidust tammepuust l\u00fckanduks CHEVRON, pruun \u00f5li - MetalTale.com","og_description":"Mudel SZN Materjal Tammepuit Paksus (cm) 4 \u00dcldine k\u00f5rgus (cm) 210 \u00dcldlaius (cm) 100 Viimistlus \u00d5litatud Pinna t\u00fc\u00fcp Silea LISATEAVE","og_url":"https:\/\/metaltale.com\/et\/toode\/puidust-tammepuust-lukanduks-chevron-pruun-oli\/","og_site_name":"MetalTale.com","og_image":[{"width":800,"height":800,"url":"https:\/\/metaltale.com\/wp-content\/uploads\/2023\/11\/Stumdomos-durys.jpg","type":"image\/jpeg"}],"twitter_card":"summary_large_image","twitter_misc":{"Est. reading time":"1 minut"},"schema":{"@context":"https:\/\/schema.org","@graph":[{"@type":"WebPage","@id":"https:\/\/metaltale.com\/et\/toode\/puidust-tammepuust-lukanduks-chevron-pruun-oli\/","url":"https:\/\/metaltale.com\/et\/toode\/puidust-tammepuust-lukanduks-chevron-pruun-oli\/","name":"Puidust tammepuust l\u00fckanduks CHEVRON, pruun \u00f5li - MetalTale.com","isPartOf":{"@id":"https:\/\/metaltale.com\/et\/#website"},"primaryImageOfPage":{"@id":"https:\/\/metaltale.com\/et\/toode\/puidust-tammepuust-lukanduks-chevron-pruun-oli\/#primaryimage"},"image":{"@id":"https:\/\/metaltale.com\/et\/toode\/puidust-tammepuust-lukanduks-chevron-pruun-oli\/#primaryimage"},"thumbnailUrl":"https:\/\/metaltale.com\/wp-content\/uploads\/2023\/11\/Stumdomos-durys.jpg","datePublished":"2024-02-13T13:27:41+00:00","breadcrumb":{"@id":"https:\/\/metaltale.com\/et\/toode\/puidust-tammepuust-lukanduks-chevron-pruun-oli\/#breadcrumb"},"inLanguage":"et","potentialAction":[{"@type":"ReadAction","target":["https:\/\/metaltale.com\/et\/toode\/puidust-tammepuust-lukanduks-chevron-pruun-oli\/"]}]},{"@type":"ImageObject","inLanguage":"et","@id":"https:\/\/metaltale.com\/et\/toode\/puidust-tammepuust-lukanduks-chevron-pruun-oli\/#primaryimage","url":"https:\/\/metaltale.com\/wp-content\/uploads\/2023\/11\/Stumdomos-durys.jpg","contentUrl":"https:\/\/metaltale.com\/wp-content\/uploads\/2023\/11\/Stumdomos-durys.jpg","width":800,"height":800,"caption":"Puidust tammepuust l\u00fckanduks CHEVRON, pruun \u00f5li"},{"@type":"BreadcrumbList","@id":"https:\/\/metaltale.com\/et\/toode\/puidust-tammepuust-lukanduks-chevron-pruun-oli\/#breadcrumb","itemListElement":[{"@type":"ListItem","position":1,"name":"Home","item":"https:\/\/metaltale.com\/et\/kodu\/"},{"@type":"ListItem","position":2,"name":"Kauplus","item":"https:\/\/metaltale.com\/et\/shop\/"},{"@type":"ListItem","position":3,"name":"Puidust tammepuust l\u00fckanduks CHEVRON, pruun \u00f5li"}]},{"@type":"WebSite","@id":"https:\/\/metaltale.com\/et\/#website","url":"https:\/\/metaltale.com\/et\/","name":"Metaltale.com","description":"","potentialAction":[{"@type":"SearchAction","target":{"@type":"EntryPoint","urlTemplate":"https:\/\/metaltale.com\/et\/?s={search_term_string}"},"query-input":{"@type":"PropertyValueSpecification","valueRequired":true,"valueName":"search_term_string"}}],"inLanguage":"et"}]}},"_links":{"self":[{"href":"https:\/\/metaltale.com\/et\/wp-json\/wp\/v2\/product\/133172","targetHints":{"allow":["GET"]}}],"collection":[{"href":"https:\/\/metaltale.com\/et\/wp-json\/wp\/v2\/product"}],"about":[{"href":"https:\/\/metaltale.com\/et\/wp-json\/wp\/v2\/types\/product"}],"replies":[{"embeddable":true,"href":"https:\/\/metaltale.com\/et\/wp-json\/wp\/v2\/comments?post=133172"}],"version-history":[{"count":0,"href":"https:\/\/metaltale.com\/et\/wp-json\/wp\/v2\/product\/133172\/revisions"}],"wp:featuredmedia":[{"embeddable":true,"href":"https:\/\/metaltale.com\/et\/wp-json\/wp\/v2\/media\/107875"}],"wp:attachment":[{"href":"https:\/\/metaltale.com\/et\/wp-json\/wp\/v2\/media?parent=133172"}],"wp:term":[{"taxonomy":"product_brand","embeddable":true,"href":"https:\/\/metaltale.com\/et\/wp-json\/wp\/v2\/product_brand?post=133172"},{"taxonomy":"product_cat","embeddable":true,"href":"https:\/\/metaltale.com\/et\/wp-json\/wp\/v2\/product_cat?post=133172"},{"taxonomy":"product_tag","embeddable":true,"href":"https:\/\/metaltale.com\/et\/wp-json\/wp\/v2\/product_tag?post=133172"}],"curies":[{"name":"wp","href":"https:\/\/api.w.org\/{rel}","templated":true}]}}