{"id":133159,"date":"2024-02-13T15:27:04","date_gmt":"2024-02-13T13:27:04","guid":{"rendered":"https:\/\/metaltale.com\/produktas\/dusisegisti-akron-must\/"},"modified":"2024-02-13T15:27:04","modified_gmt":"2024-02-13T13:27:04","slug":"dusisegisti-akron-must","status":"publish","type":"product","link":"https:\/\/metaltale.com\/et\/toode\/dusisegisti-akron-must\/","title":{"rendered":"Du\u0161isegisti AKRON, must"},"content":{"rendered":"<div class=\"prod_data\">\n<p><strong>Mudel<\/strong> QZ.HS-005.WS-CZ<br \/>\nKaasaegne <strong>kollektsioon<\/strong><br \/>\n<strong>K\u00f5rgus (cm)<\/strong> 130<br \/>\n<strong>Koguprojektsioon (cm)<\/strong> 49<br \/>\n<strong>Du\u0161ikausi m\u00f5\u00f5tmed (cm<\/strong> ) 20&#215;20<br \/>\n<strong>Materjal<\/strong> Roostevaba teras<br \/>\nV\u00e4rv Must<br \/>\nViimistlus Matte<br \/>\n<strong>Vooliku pikkus (cm<\/strong> ) 150<br \/>\n<strong>Du\u0161ipea pikkus (cm)<\/strong> 24<br \/>\n<strong>P\u00f6\u00f6rlev v\u00e4ljalaskeava<\/strong> Jah<\/p>\n<p>roostevabast terasest du\u0161isegisti<\/p>\n<p>Du\u0161ikomplekt: vannit\u00e4itja, k\u00e4sidu\u0161\u0161, vihmadu\u0161\u0161<\/p>\n<p>keraamiline pea &#8211; element, mis tagab vee n\u00f5uetekohase jaotamise<\/p>\n<p>&#8220;Anti-Calc&#8221; &#8211; s\u00fcsteem, mis hoiab \u00e4ra katlakivi tekkimise<\/p>\n<hr>\n<p>Seda elegantset du\u0161isegistit iseloomustab selle kandiline kuju, mis annab sellele kaasaegse ja minimalistliku iseloomu. See on ideaalne lahendus neile, kes hindavad silmapaistvat disaini ja funktsionaalsust \u00fches. Komplekti kuuluvad nelinurkne du\u0161iotsik, vanniotsik ja k\u00e4sidu\u0161\u0161. Kraan on viimistletud mustaks, mis sobib ideaalselt moodsasse, retro- v\u00f5i t\u00f6\u00f6stusdisaini. See du\u0161isegisti ei paku mitte ainult mugavust vannitamisel, vaid on ka esteetiline aktsent teie vannitoas.<\/p>\n<\/div>\n","protected":false},"excerpt":{"rendered":"<p>Mudel QZ.HS-005.WS-CZ Kaasaegne kollektsioon K\u00f5rgus (cm) 130 Koguprojektsioon (cm) 49 Du\u0161ikausi m\u00f5\u00f5tmed (cm ) 20&#215;20 Materjal Roostevaba teras V\u00e4rv Must<\/p>\n","protected":false},"featured_media":117918,"comment_status":"open","ping_status":"closed","template":"","meta":{"_acf_changed":false,"pmpro_default_level":""},"product_brand":[],"product_cat":[24194,24154],"product_tag":[],"class_list":{"0":"post-133159","1":"product","2":"type-product","3":"status-publish","4":"has-post-thumbnail","6":"product_cat-dusisegistid","7":"product_cat-vannitoa-kraanid","8":"pmpro-has-access","10":"first","11":"instock","12":"shipping-taxable","13":"purchasable","14":"product-type-simple"},"acf":[],"yoast_head":"<!-- This site is optimized with the Yoast SEO plugin v24.9 - https:\/\/yoast.com\/wordpress\/plugins\/seo\/ -->\n<title>Du\u0161isegisti AKRON, must - MetalTale.com<\/title>\n<meta name=\"robots\" content=\"index, follow, max-snippet:-1, max-image-preview:large, max-video-preview:-1\" \/>\n<link rel=\"canonical\" href=\"https:\/\/metaltale.com\/et\/toode\/dusisegisti-akron-must\/\" \/>\n<meta property=\"og:locale\" content=\"et_EE\" \/>\n<meta property=\"og:type\" content=\"article\" \/>\n<meta property=\"og:title\" content=\"Du\u0161isegisti AKRON, must - MetalTale.com\" \/>\n<meta property=\"og:description\" content=\"Mudel QZ.HS-005.WS-CZ Kaasaegne kollektsioon K\u00f5rgus (cm) 130 Koguprojektsioon (cm) 49 Du\u0161ikausi m\u00f5\u00f5tmed (cm ) 20&#215;20 Materjal Roostevaba teras V\u00e4rv Must\" \/>\n<meta property=\"og:url\" content=\"https:\/\/metaltale.com\/et\/toode\/dusisegisti-akron-must\/\" \/>\n<meta property=\"og:site_name\" content=\"MetalTale.com\" \/>\n<meta name=\"twitter:card\" content=\"summary_large_image\" \/>\n<meta name=\"twitter:label1\" content=\"Est. reading time\" \/>\n\t<meta name=\"twitter:data1\" content=\"1 minut\" \/>\n<script type=\"application\/ld+json\" class=\"yoast-schema-graph\">{\"@context\":\"https:\/\/schema.org\",\"@graph\":[{\"@type\":\"WebPage\",\"@id\":\"https:\/\/metaltale.com\/et\/toode\/dusisegisti-akron-must\/\",\"url\":\"https:\/\/metaltale.com\/et\/toode\/dusisegisti-akron-must\/\",\"name\":\"Du\u0161isegisti AKRON, must - MetalTale.com\",\"isPartOf\":{\"@id\":\"https:\/\/metaltale.com\/et\/#website\"},\"primaryImageOfPage\":{\"@id\":\"https:\/\/metaltale.com\/et\/toode\/dusisegisti-akron-must\/#primaryimage\"},\"image\":{\"@id\":\"https:\/\/metaltale.com\/et\/toode\/dusisegisti-akron-must\/#primaryimage\"},\"thumbnailUrl\":\"https:\/\/metaltale.com\/wp-content\/uploads\/2023\/12\/Dux161o-maix161ytuvas-juodas-AKRON.jpg\",\"datePublished\":\"2024-02-13T13:27:04+00:00\",\"breadcrumb\":{\"@id\":\"https:\/\/metaltale.com\/et\/toode\/dusisegisti-akron-must\/#breadcrumb\"},\"inLanguage\":\"et\",\"potentialAction\":[{\"@type\":\"ReadAction\",\"target\":[\"https:\/\/metaltale.com\/et\/toode\/dusisegisti-akron-must\/\"]}]},{\"@type\":\"ImageObject\",\"inLanguage\":\"et\",\"@id\":\"https:\/\/metaltale.com\/et\/toode\/dusisegisti-akron-must\/#primaryimage\",\"url\":\"https:\/\/metaltale.com\/wp-content\/uploads\/2023\/12\/Dux161o-maix161ytuvas-juodas-AKRON.jpg\",\"contentUrl\":\"https:\/\/metaltale.com\/wp-content\/uploads\/2023\/12\/Dux161o-maix161ytuvas-juodas-AKRON.jpg\",\"width\":800,\"height\":800,\"caption\":\"Du\u0161isegisti AKRON, must\"},{\"@type\":\"BreadcrumbList\",\"@id\":\"https:\/\/metaltale.com\/et\/toode\/dusisegisti-akron-must\/#breadcrumb\",\"itemListElement\":[{\"@type\":\"ListItem\",\"position\":1,\"name\":\"Home\",\"item\":\"https:\/\/metaltale.com\/et\/kodu\/\"},{\"@type\":\"ListItem\",\"position\":2,\"name\":\"Kauplus\",\"item\":\"https:\/\/metaltale.com\/et\/shop\/\"},{\"@type\":\"ListItem\",\"position\":3,\"name\":\"Du\u0161isegisti AKRON, must\"}]},{\"@type\":\"WebSite\",\"@id\":\"https:\/\/metaltale.com\/et\/#website\",\"url\":\"https:\/\/metaltale.com\/et\/\",\"name\":\"Metaltale.com\",\"description\":\"\",\"potentialAction\":[{\"@type\":\"SearchAction\",\"target\":{\"@type\":\"EntryPoint\",\"urlTemplate\":\"https:\/\/metaltale.com\/et\/?s={search_term_string}\"},\"query-input\":{\"@type\":\"PropertyValueSpecification\",\"valueRequired\":true,\"valueName\":\"search_term_string\"}}],\"inLanguage\":\"et\"}]}<\/script>\n<!-- \/ Yoast SEO plugin. -->","yoast_head_json":{"title":"Du\u0161isegisti AKRON, must - MetalTale.com","robots":{"index":"index","follow":"follow","max-snippet":"max-snippet:-1","max-image-preview":"max-image-preview:large","max-video-preview":"max-video-preview:-1"},"canonical":"https:\/\/metaltale.com\/et\/toode\/dusisegisti-akron-must\/","og_locale":"et_EE","og_type":"article","og_title":"Du\u0161isegisti AKRON, must - MetalTale.com","og_description":"Mudel QZ.HS-005.WS-CZ Kaasaegne kollektsioon K\u00f5rgus (cm) 130 Koguprojektsioon (cm) 49 Du\u0161ikausi m\u00f5\u00f5tmed (cm ) 20&#215;20 Materjal Roostevaba teras V\u00e4rv Must","og_url":"https:\/\/metaltale.com\/et\/toode\/dusisegisti-akron-must\/","og_site_name":"MetalTale.com","twitter_card":"summary_large_image","twitter_misc":{"Est. reading time":"1 minut"},"schema":{"@context":"https:\/\/schema.org","@graph":[{"@type":"WebPage","@id":"https:\/\/metaltale.com\/et\/toode\/dusisegisti-akron-must\/","url":"https:\/\/metaltale.com\/et\/toode\/dusisegisti-akron-must\/","name":"Du\u0161isegisti AKRON, must - MetalTale.com","isPartOf":{"@id":"https:\/\/metaltale.com\/et\/#website"},"primaryImageOfPage":{"@id":"https:\/\/metaltale.com\/et\/toode\/dusisegisti-akron-must\/#primaryimage"},"image":{"@id":"https:\/\/metaltale.com\/et\/toode\/dusisegisti-akron-must\/#primaryimage"},"thumbnailUrl":"https:\/\/metaltale.com\/wp-content\/uploads\/2023\/12\/Dux161o-maix161ytuvas-juodas-AKRON.jpg","datePublished":"2024-02-13T13:27:04+00:00","breadcrumb":{"@id":"https:\/\/metaltale.com\/et\/toode\/dusisegisti-akron-must\/#breadcrumb"},"inLanguage":"et","potentialAction":[{"@type":"ReadAction","target":["https:\/\/metaltale.com\/et\/toode\/dusisegisti-akron-must\/"]}]},{"@type":"ImageObject","inLanguage":"et","@id":"https:\/\/metaltale.com\/et\/toode\/dusisegisti-akron-must\/#primaryimage","url":"https:\/\/metaltale.com\/wp-content\/uploads\/2023\/12\/Dux161o-maix161ytuvas-juodas-AKRON.jpg","contentUrl":"https:\/\/metaltale.com\/wp-content\/uploads\/2023\/12\/Dux161o-maix161ytuvas-juodas-AKRON.jpg","width":800,"height":800,"caption":"Du\u0161isegisti AKRON, must"},{"@type":"BreadcrumbList","@id":"https:\/\/metaltale.com\/et\/toode\/dusisegisti-akron-must\/#breadcrumb","itemListElement":[{"@type":"ListItem","position":1,"name":"Home","item":"https:\/\/metaltale.com\/et\/kodu\/"},{"@type":"ListItem","position":2,"name":"Kauplus","item":"https:\/\/metaltale.com\/et\/shop\/"},{"@type":"ListItem","position":3,"name":"Du\u0161isegisti AKRON, must"}]},{"@type":"WebSite","@id":"https:\/\/metaltale.com\/et\/#website","url":"https:\/\/metaltale.com\/et\/","name":"Metaltale.com","description":"","potentialAction":[{"@type":"SearchAction","target":{"@type":"EntryPoint","urlTemplate":"https:\/\/metaltale.com\/et\/?s={search_term_string}"},"query-input":{"@type":"PropertyValueSpecification","valueRequired":true,"valueName":"search_term_string"}}],"inLanguage":"et"}]}},"_links":{"self":[{"href":"https:\/\/metaltale.com\/et\/wp-json\/wp\/v2\/product\/133159","targetHints":{"allow":["GET"]}}],"collection":[{"href":"https:\/\/metaltale.com\/et\/wp-json\/wp\/v2\/product"}],"about":[{"href":"https:\/\/metaltale.com\/et\/wp-json\/wp\/v2\/types\/product"}],"replies":[{"embeddable":true,"href":"https:\/\/metaltale.com\/et\/wp-json\/wp\/v2\/comments?post=133159"}],"version-history":[{"count":0,"href":"https:\/\/metaltale.com\/et\/wp-json\/wp\/v2\/product\/133159\/revisions"}],"wp:featuredmedia":[{"embeddable":true,"href":"https:\/\/metaltale.com\/et\/wp-json\/wp\/v2\/media\/117918"}],"wp:attachment":[{"href":"https:\/\/metaltale.com\/et\/wp-json\/wp\/v2\/media?parent=133159"}],"wp:term":[{"taxonomy":"product_brand","embeddable":true,"href":"https:\/\/metaltale.com\/et\/wp-json\/wp\/v2\/product_brand?post=133159"},{"taxonomy":"product_cat","embeddable":true,"href":"https:\/\/metaltale.com\/et\/wp-json\/wp\/v2\/product_cat?post=133159"},{"taxonomy":"product_tag","embeddable":true,"href":"https:\/\/metaltale.com\/et\/wp-json\/wp\/v2\/product_tag?post=133159"}],"curies":[{"name":"wp","href":"https:\/\/api.w.org\/{rel}","templated":true}]}}