{"id":133153,"date":"2024-02-13T15:27:04","date_gmt":"2024-02-13T13:27:04","guid":{"rendered":"https:\/\/metaltale.com\/produktas\/statsionaarne-kraanikaussi-oksford-must\/"},"modified":"2024-02-13T15:27:04","modified_gmt":"2024-02-13T13:27:04","slug":"statsionaarne-kraanikaussi-oksford-must","status":"publish","type":"product","link":"https:\/\/metaltale.com\/et\/toode\/statsionaarne-kraanikaussi-oksford-must\/","title":{"rendered":"Statsionaarne kraanikaussi OKSFORD, must"},"content":{"rendered":"<div class=\"prod_data\">\n<p><strong>Mudel<\/strong> WX.B513.SHO.BLA<br \/>\nLihtsalt Retro <strong>kollektsioon<\/strong><br \/>\n<strong>EAN.<\/strong>  5905369900877<br \/>\n<strong>Segisti t\u00fc\u00fcp<\/strong> Vabalt seisev<br \/>\n<strong>V\u00e4ljalaskeava pikkus (cm<\/strong> ) 16,5<br \/>\n<strong>Materjal<\/strong> Messing<br \/>\n<strong>Paigaldusava l\u00e4bim\u00f5\u00f5t<\/strong> 3,2<br \/>\n<strong>K\u00f5rgus (cm)<\/strong> 23<br \/>\n<strong>K\u00f5rgus t\u00f5stetud k\u00e4epidemega<\/strong> 25<br \/>\n<strong>Perlator (\u00f5hutaja)<\/strong> Jah<br \/>\n<strong>P\u00f6\u00f6rlev v\u00e4ljalaskeava<\/strong> Jah<br \/>\nV\u00e4rv Must<br \/>\n<strong>Viimistlus<\/strong> Pehme, satiinne efekt<br \/>\n<strong>Lisateave<\/strong> Voolik M8x3\/8&#8243; kraani pikkuseks 50cm<\/p>\n<p>&#8211; messingist seisev segisti<br \/>\n&#8211; P\u00f6\u00f6rlev nina<br \/>\n&#8211; keraamiline pea &#8211; element, mis tagab vee n\u00f5uetekohase jaotumise<br \/>\n&#8211; \u00d5hutaja &#8211; vee tarbimise v\u00e4hendamiseks<br \/>\n&#8211; K\u00f5ik paigaldamiseks vajalikud elemendid (voolikud, lauakruvi, kruvitihendid) on kaasas.<\/p>\n<hr>\n<p>Retrostiilis madal valamusegisti on ideaalne lahendus v\u00e4ikestesse tualettruumidesse ja vannitubadesse. Mugava profiiliga kraanikaussi ja -korpuse iseloom on peene, veidi naiseliku iseloomuga. Kuigi see on v\u00e4ike, v\u00f5ib see r\u00f5hutada kogu ruumi stiili. Must segistuskraan n\u00e4eb rustikaalsetes vannitubades kaunis v\u00e4lja. Messingist kraanikauss on kvaliteetne toode, mis kestab aastaid.<\/p>\n<hr>\n<div class=\"orbitvu-viewer\" style=\"width: 100%;height: 100%\">\n<div id=\"ovContent-jhwKPW9pC3kggAM9VNjsEV\"><\/div>\n<\/div>\n<\/div>\n","protected":false},"excerpt":{"rendered":"<p>Mudel WX.B513.SHO.BLA Lihtsalt Retro kollektsioon EAN. 5905369900877 Segisti t\u00fc\u00fcp Vabalt seisev V\u00e4ljalaskeava pikkus (cm ) 16,5 Materjal Messing Paigaldusava l\u00e4bim\u00f5\u00f5t<\/p>\n","protected":false},"featured_media":105085,"comment_status":"open","ping_status":"closed","template":"","meta":{"_acf_changed":false,"pmpro_default_level":""},"product_brand":[],"product_cat":[24175,24154],"product_tag":[],"class_list":{"0":"post-133153","1":"product","2":"type-product","3":"status-publish","4":"has-post-thumbnail","6":"product_cat-valamu-segistid","7":"product_cat-vannitoa-kraanid","8":"pmpro-has-access","10":"first","11":"instock","12":"shipping-taxable","13":"purchasable","14":"product-type-simple"},"acf":[],"yoast_head":"<!-- This site is optimized with the Yoast SEO plugin v24.9 - https:\/\/yoast.com\/wordpress\/plugins\/seo\/ -->\n<title>Statsionaarne kraanikaussi OKSFORD, must - MetalTale.com<\/title>\n<meta name=\"robots\" content=\"index, follow, max-snippet:-1, max-image-preview:large, max-video-preview:-1\" \/>\n<link rel=\"canonical\" href=\"https:\/\/metaltale.com\/et\/toode\/statsionaarne-kraanikaussi-oksford-must\/\" \/>\n<meta property=\"og:locale\" content=\"et_EE\" \/>\n<meta property=\"og:type\" content=\"article\" \/>\n<meta property=\"og:title\" content=\"Statsionaarne kraanikaussi OKSFORD, must - MetalTale.com\" \/>\n<meta property=\"og:description\" content=\"Mudel WX.B513.SHO.BLA Lihtsalt Retro kollektsioon EAN. 5905369900877 Segisti t\u00fc\u00fcp Vabalt seisev V\u00e4ljalaskeava pikkus (cm ) 16,5 Materjal Messing Paigaldusava l\u00e4bim\u00f5\u00f5t\" \/>\n<meta property=\"og:url\" content=\"https:\/\/metaltale.com\/et\/toode\/statsionaarne-kraanikaussi-oksford-must\/\" \/>\n<meta property=\"og:site_name\" content=\"MetalTale.com\" \/>\n<meta property=\"og:image\" content=\"https:\/\/metaltale.com\/wp-content\/uploads\/2023\/11\/OKSFORD-1-maix161ytuvas-vertikaliam-montavimui.jpg\" \/>\n\t<meta property=\"og:image:width\" content=\"800\" \/>\n\t<meta property=\"og:image:height\" content=\"800\" \/>\n\t<meta property=\"og:image:type\" content=\"image\/jpeg\" \/>\n<meta name=\"twitter:card\" content=\"summary_large_image\" \/>\n<meta name=\"twitter:label1\" content=\"Est. reading time\" \/>\n\t<meta name=\"twitter:data1\" content=\"1 minut\" \/>\n<script type=\"application\/ld+json\" class=\"yoast-schema-graph\">{\"@context\":\"https:\/\/schema.org\",\"@graph\":[{\"@type\":\"WebPage\",\"@id\":\"https:\/\/metaltale.com\/et\/toode\/statsionaarne-kraanikaussi-oksford-must\/\",\"url\":\"https:\/\/metaltale.com\/et\/toode\/statsionaarne-kraanikaussi-oksford-must\/\",\"name\":\"Statsionaarne kraanikaussi OKSFORD, must - MetalTale.com\",\"isPartOf\":{\"@id\":\"https:\/\/metaltale.com\/et\/#website\"},\"primaryImageOfPage\":{\"@id\":\"https:\/\/metaltale.com\/et\/toode\/statsionaarne-kraanikaussi-oksford-must\/#primaryimage\"},\"image\":{\"@id\":\"https:\/\/metaltale.com\/et\/toode\/statsionaarne-kraanikaussi-oksford-must\/#primaryimage\"},\"thumbnailUrl\":\"https:\/\/metaltale.com\/wp-content\/uploads\/2023\/11\/OKSFORD-1-maix161ytuvas-vertikaliam-montavimui.jpg\",\"datePublished\":\"2024-02-13T13:27:04+00:00\",\"breadcrumb\":{\"@id\":\"https:\/\/metaltale.com\/et\/toode\/statsionaarne-kraanikaussi-oksford-must\/#breadcrumb\"},\"inLanguage\":\"et\",\"potentialAction\":[{\"@type\":\"ReadAction\",\"target\":[\"https:\/\/metaltale.com\/et\/toode\/statsionaarne-kraanikaussi-oksford-must\/\"]}]},{\"@type\":\"ImageObject\",\"inLanguage\":\"et\",\"@id\":\"https:\/\/metaltale.com\/et\/toode\/statsionaarne-kraanikaussi-oksford-must\/#primaryimage\",\"url\":\"https:\/\/metaltale.com\/wp-content\/uploads\/2023\/11\/OKSFORD-1-maix161ytuvas-vertikaliam-montavimui.jpg\",\"contentUrl\":\"https:\/\/metaltale.com\/wp-content\/uploads\/2023\/11\/OKSFORD-1-maix161ytuvas-vertikaliam-montavimui.jpg\",\"width\":800,\"height\":800,\"caption\":\"Statsionaarne kraanikaussi OKSFORD, must\"},{\"@type\":\"BreadcrumbList\",\"@id\":\"https:\/\/metaltale.com\/et\/toode\/statsionaarne-kraanikaussi-oksford-must\/#breadcrumb\",\"itemListElement\":[{\"@type\":\"ListItem\",\"position\":1,\"name\":\"Home\",\"item\":\"https:\/\/metaltale.com\/et\/kodu\/\"},{\"@type\":\"ListItem\",\"position\":2,\"name\":\"Kauplus\",\"item\":\"https:\/\/metaltale.com\/et\/shop\/\"},{\"@type\":\"ListItem\",\"position\":3,\"name\":\"Statsionaarne kraanikaussi OKSFORD, must\"}]},{\"@type\":\"WebSite\",\"@id\":\"https:\/\/metaltale.com\/et\/#website\",\"url\":\"https:\/\/metaltale.com\/et\/\",\"name\":\"Metaltale.com\",\"description\":\"\",\"potentialAction\":[{\"@type\":\"SearchAction\",\"target\":{\"@type\":\"EntryPoint\",\"urlTemplate\":\"https:\/\/metaltale.com\/et\/?s={search_term_string}\"},\"query-input\":{\"@type\":\"PropertyValueSpecification\",\"valueRequired\":true,\"valueName\":\"search_term_string\"}}],\"inLanguage\":\"et\"}]}<\/script>\n<!-- \/ Yoast SEO plugin. -->","yoast_head_json":{"title":"Statsionaarne kraanikaussi OKSFORD, must - MetalTale.com","robots":{"index":"index","follow":"follow","max-snippet":"max-snippet:-1","max-image-preview":"max-image-preview:large","max-video-preview":"max-video-preview:-1"},"canonical":"https:\/\/metaltale.com\/et\/toode\/statsionaarne-kraanikaussi-oksford-must\/","og_locale":"et_EE","og_type":"article","og_title":"Statsionaarne kraanikaussi OKSFORD, must - MetalTale.com","og_description":"Mudel WX.B513.SHO.BLA Lihtsalt Retro kollektsioon EAN. 5905369900877 Segisti t\u00fc\u00fcp Vabalt seisev V\u00e4ljalaskeava pikkus (cm ) 16,5 Materjal Messing Paigaldusava l\u00e4bim\u00f5\u00f5t","og_url":"https:\/\/metaltale.com\/et\/toode\/statsionaarne-kraanikaussi-oksford-must\/","og_site_name":"MetalTale.com","og_image":[{"width":800,"height":800,"url":"https:\/\/metaltale.com\/wp-content\/uploads\/2023\/11\/OKSFORD-1-maix161ytuvas-vertikaliam-montavimui.jpg","type":"image\/jpeg"}],"twitter_card":"summary_large_image","twitter_misc":{"Est. reading time":"1 minut"},"schema":{"@context":"https:\/\/schema.org","@graph":[{"@type":"WebPage","@id":"https:\/\/metaltale.com\/et\/toode\/statsionaarne-kraanikaussi-oksford-must\/","url":"https:\/\/metaltale.com\/et\/toode\/statsionaarne-kraanikaussi-oksford-must\/","name":"Statsionaarne kraanikaussi OKSFORD, must - MetalTale.com","isPartOf":{"@id":"https:\/\/metaltale.com\/et\/#website"},"primaryImageOfPage":{"@id":"https:\/\/metaltale.com\/et\/toode\/statsionaarne-kraanikaussi-oksford-must\/#primaryimage"},"image":{"@id":"https:\/\/metaltale.com\/et\/toode\/statsionaarne-kraanikaussi-oksford-must\/#primaryimage"},"thumbnailUrl":"https:\/\/metaltale.com\/wp-content\/uploads\/2023\/11\/OKSFORD-1-maix161ytuvas-vertikaliam-montavimui.jpg","datePublished":"2024-02-13T13:27:04+00:00","breadcrumb":{"@id":"https:\/\/metaltale.com\/et\/toode\/statsionaarne-kraanikaussi-oksford-must\/#breadcrumb"},"inLanguage":"et","potentialAction":[{"@type":"ReadAction","target":["https:\/\/metaltale.com\/et\/toode\/statsionaarne-kraanikaussi-oksford-must\/"]}]},{"@type":"ImageObject","inLanguage":"et","@id":"https:\/\/metaltale.com\/et\/toode\/statsionaarne-kraanikaussi-oksford-must\/#primaryimage","url":"https:\/\/metaltale.com\/wp-content\/uploads\/2023\/11\/OKSFORD-1-maix161ytuvas-vertikaliam-montavimui.jpg","contentUrl":"https:\/\/metaltale.com\/wp-content\/uploads\/2023\/11\/OKSFORD-1-maix161ytuvas-vertikaliam-montavimui.jpg","width":800,"height":800,"caption":"Statsionaarne kraanikaussi OKSFORD, must"},{"@type":"BreadcrumbList","@id":"https:\/\/metaltale.com\/et\/toode\/statsionaarne-kraanikaussi-oksford-must\/#breadcrumb","itemListElement":[{"@type":"ListItem","position":1,"name":"Home","item":"https:\/\/metaltale.com\/et\/kodu\/"},{"@type":"ListItem","position":2,"name":"Kauplus","item":"https:\/\/metaltale.com\/et\/shop\/"},{"@type":"ListItem","position":3,"name":"Statsionaarne kraanikaussi OKSFORD, must"}]},{"@type":"WebSite","@id":"https:\/\/metaltale.com\/et\/#website","url":"https:\/\/metaltale.com\/et\/","name":"Metaltale.com","description":"","potentialAction":[{"@type":"SearchAction","target":{"@type":"EntryPoint","urlTemplate":"https:\/\/metaltale.com\/et\/?s={search_term_string}"},"query-input":{"@type":"PropertyValueSpecification","valueRequired":true,"valueName":"search_term_string"}}],"inLanguage":"et"}]}},"_links":{"self":[{"href":"https:\/\/metaltale.com\/et\/wp-json\/wp\/v2\/product\/133153","targetHints":{"allow":["GET"]}}],"collection":[{"href":"https:\/\/metaltale.com\/et\/wp-json\/wp\/v2\/product"}],"about":[{"href":"https:\/\/metaltale.com\/et\/wp-json\/wp\/v2\/types\/product"}],"replies":[{"embeddable":true,"href":"https:\/\/metaltale.com\/et\/wp-json\/wp\/v2\/comments?post=133153"}],"version-history":[{"count":0,"href":"https:\/\/metaltale.com\/et\/wp-json\/wp\/v2\/product\/133153\/revisions"}],"wp:featuredmedia":[{"embeddable":true,"href":"https:\/\/metaltale.com\/et\/wp-json\/wp\/v2\/media\/105085"}],"wp:attachment":[{"href":"https:\/\/metaltale.com\/et\/wp-json\/wp\/v2\/media?parent=133153"}],"wp:term":[{"taxonomy":"product_brand","embeddable":true,"href":"https:\/\/metaltale.com\/et\/wp-json\/wp\/v2\/product_brand?post=133153"},{"taxonomy":"product_cat","embeddable":true,"href":"https:\/\/metaltale.com\/et\/wp-json\/wp\/v2\/product_cat?post=133153"},{"taxonomy":"product_tag","embeddable":true,"href":"https:\/\/metaltale.com\/et\/wp-json\/wp\/v2\/product_tag?post=133153"}],"curies":[{"name":"wp","href":"https:\/\/api.w.org\/{rel}","templated":true}]}}