{"id":133150,"date":"2024-02-13T15:27:04","date_gmt":"2024-02-13T13:27:04","guid":{"rendered":"https:\/\/metaltale.com\/produktas\/seinale-paigaldatav-vannitoasegisti-must-akron\/"},"modified":"2024-02-13T15:27:04","modified_gmt":"2024-02-13T13:27:04","slug":"seinale-paigaldatav-vannitoasegisti-must-akron","status":"publish","type":"product","link":"https:\/\/metaltale.com\/et\/toode\/seinale-paigaldatav-vannitoasegisti-must-akron\/","title":{"rendered":"Seinale paigaldatav vannitoasegisti, must AKRON"},"content":{"rendered":"<div class=\"prod_data\"><strong>Mudel<\/strong> QZ.YG-011-CZ  <br \/>Kaasaegne <strong>kollektsioon<\/strong>  <br \/><strong>K\u00f5rgus (cm)<\/strong> 15  <br \/><strong>Laius (cm)<\/strong> 20  <br \/>Koguprojektsioon (cm) 19 <br \/><strong>Materjal<\/strong> Roostevaba teras  <br \/><strong>V\u00e4rv<\/strong> Must  <br \/><strong>Viimistlus<\/strong> Matte  <br \/>Vooliku pikkus (cm ) 150 <br \/>Du\u0161ipea pikkus (cm) 20 <br \/>P\u00f6\u00f6rlev v\u00e4ljalaskeava Jah <br \/><strong>Lisainformatsioon<\/strong> \u00dchendus S 1\/2&#8243; x 3\/4&#8243;  <br \/>Kraani t\u00fc\u00fcp Seinale paigaldatav <\/p>\n<p>roostevabast terasest vannitoa kraan<\/p>\n<p>Komplekt: vannisegisti, du\u0161ik\u00e4epide<\/p>\n<p>keraamiline pea &#8211; element, mis tagab vee n\u00f5uetekohase jaotamise<\/p>\n<p>vt. muud mudelid Modern kollektsioonis<\/p>\n<hr>\n<p>Kraan on disainitud minimalismi ja lihtsust silmas pidades. Profiilne joatoru annab kasutajale t\u00e4ieliku kontrolli veevoolu \u00fcle ja tagab mugava suplemise. Seinale paigaldatav vannisegisti j\u00e4tab vanni servale ruumi, mis muudab selle nii praktiliseks kui ka esteetiliseks. Komplekti kuulub du\u0161ikang koos seinale kinnitatava k\u00e4epidemega, nii et k\u00e4epideme saab kinnitada kahe nurga all. Vastupidav konstruktsioon ja kvaliteetsed materjalid tagavad vastupidavuse ja usaldusv\u00e4\u00e4rsuse. See ei ole mitte ainult praktiline seade, vaid ka stiilne dekoratiivne element, mis r\u00f5hutab vannitoa kaasaegset iseloomu.<\/p>\n<\/div>\n","protected":false},"excerpt":{"rendered":"<p>Mudel QZ.YG-011-CZ Kaasaegne kollektsioon K\u00f5rgus (cm) 15 Laius (cm) 20 Koguprojektsioon (cm) 19 Materjal Roostevaba teras V\u00e4rv Must Viimistlus Matte<\/p>\n","protected":false},"featured_media":98934,"comment_status":"open","ping_status":"closed","template":"","meta":{"_acf_changed":false,"pmpro_default_level":""},"product_brand":[],"product_cat":[24166],"product_tag":[],"class_list":{"0":"post-133150","1":"product","2":"type-product","3":"status-publish","4":"has-post-thumbnail","6":"product_cat-vannitoa-kraanid-et","7":"pmpro-has-access","9":"first","10":"instock","11":"shipping-taxable","12":"purchasable","13":"product-type-simple"},"acf":[],"yoast_head":"<!-- This site is optimized with the Yoast SEO plugin v24.9 - https:\/\/yoast.com\/wordpress\/plugins\/seo\/ -->\n<title>Seinale paigaldatav vannitoasegisti, must AKRON - MetalTale.com<\/title>\n<meta name=\"robots\" content=\"index, follow, max-snippet:-1, max-image-preview:large, max-video-preview:-1\" \/>\n<link rel=\"canonical\" href=\"https:\/\/metaltale.com\/et\/toode\/seinale-paigaldatav-vannitoasegisti-must-akron\/\" \/>\n<meta property=\"og:locale\" content=\"et_EE\" \/>\n<meta property=\"og:type\" content=\"article\" \/>\n<meta property=\"og:title\" content=\"Seinale paigaldatav vannitoasegisti, must AKRON - MetalTale.com\" \/>\n<meta property=\"og:description\" content=\"Mudel QZ.YG-011-CZ Kaasaegne kollektsioon K\u00f5rgus (cm) 15 Laius (cm) 20 Koguprojektsioon (cm) 19 Materjal Roostevaba teras V\u00e4rv Must Viimistlus Matte\" \/>\n<meta property=\"og:url\" content=\"https:\/\/metaltale.com\/et\/toode\/seinale-paigaldatav-vannitoasegisti-must-akron\/\" \/>\n<meta property=\"og:site_name\" content=\"MetalTale.com\" \/>\n<meta name=\"twitter:card\" content=\"summary_large_image\" \/>\n<meta name=\"twitter:label1\" content=\"Est. reading time\" \/>\n\t<meta name=\"twitter:data1\" content=\"1 minut\" \/>\n<script type=\"application\/ld+json\" class=\"yoast-schema-graph\">{\"@context\":\"https:\/\/schema.org\",\"@graph\":[{\"@type\":\"WebPage\",\"@id\":\"https:\/\/metaltale.com\/et\/toode\/seinale-paigaldatav-vannitoasegisti-must-akron\/\",\"url\":\"https:\/\/metaltale.com\/et\/toode\/seinale-paigaldatav-vannitoasegisti-must-akron\/\",\"name\":\"Seinale paigaldatav vannitoasegisti, must AKRON - MetalTale.com\",\"isPartOf\":{\"@id\":\"https:\/\/metaltale.com\/et\/#website\"},\"primaryImageOfPage\":{\"@id\":\"https:\/\/metaltale.com\/et\/toode\/seinale-paigaldatav-vannitoasegisti-must-akron\/#primaryimage\"},\"image\":{\"@id\":\"https:\/\/metaltale.com\/et\/toode\/seinale-paigaldatav-vannitoasegisti-must-akron\/#primaryimage\"},\"thumbnailUrl\":\"https:\/\/metaltale.com\/wp-content\/uploads\/2023\/11\/Vonios-maix161ytuvai-7.jpg\",\"datePublished\":\"2024-02-13T13:27:04+00:00\",\"breadcrumb\":{\"@id\":\"https:\/\/metaltale.com\/et\/toode\/seinale-paigaldatav-vannitoasegisti-must-akron\/#breadcrumb\"},\"inLanguage\":\"et\",\"potentialAction\":[{\"@type\":\"ReadAction\",\"target\":[\"https:\/\/metaltale.com\/et\/toode\/seinale-paigaldatav-vannitoasegisti-must-akron\/\"]}]},{\"@type\":\"ImageObject\",\"inLanguage\":\"et\",\"@id\":\"https:\/\/metaltale.com\/et\/toode\/seinale-paigaldatav-vannitoasegisti-must-akron\/#primaryimage\",\"url\":\"https:\/\/metaltale.com\/wp-content\/uploads\/2023\/11\/Vonios-maix161ytuvai-7.jpg\",\"contentUrl\":\"https:\/\/metaltale.com\/wp-content\/uploads\/2023\/11\/Vonios-maix161ytuvai-7.jpg\",\"width\":800,\"height\":800},{\"@type\":\"BreadcrumbList\",\"@id\":\"https:\/\/metaltale.com\/et\/toode\/seinale-paigaldatav-vannitoasegisti-must-akron\/#breadcrumb\",\"itemListElement\":[{\"@type\":\"ListItem\",\"position\":1,\"name\":\"Home\",\"item\":\"https:\/\/metaltale.com\/et\/kodu\/\"},{\"@type\":\"ListItem\",\"position\":2,\"name\":\"Kauplus\",\"item\":\"https:\/\/metaltale.com\/et\/shop\/\"},{\"@type\":\"ListItem\",\"position\":3,\"name\":\"Seinale paigaldatav vannitoasegisti, must AKRON\"}]},{\"@type\":\"WebSite\",\"@id\":\"https:\/\/metaltale.com\/et\/#website\",\"url\":\"https:\/\/metaltale.com\/et\/\",\"name\":\"Metaltale.com\",\"description\":\"\",\"potentialAction\":[{\"@type\":\"SearchAction\",\"target\":{\"@type\":\"EntryPoint\",\"urlTemplate\":\"https:\/\/metaltale.com\/et\/?s={search_term_string}\"},\"query-input\":{\"@type\":\"PropertyValueSpecification\",\"valueRequired\":true,\"valueName\":\"search_term_string\"}}],\"inLanguage\":\"et\"}]}<\/script>\n<!-- \/ Yoast SEO plugin. -->","yoast_head_json":{"title":"Seinale paigaldatav vannitoasegisti, must AKRON - MetalTale.com","robots":{"index":"index","follow":"follow","max-snippet":"max-snippet:-1","max-image-preview":"max-image-preview:large","max-video-preview":"max-video-preview:-1"},"canonical":"https:\/\/metaltale.com\/et\/toode\/seinale-paigaldatav-vannitoasegisti-must-akron\/","og_locale":"et_EE","og_type":"article","og_title":"Seinale paigaldatav vannitoasegisti, must AKRON - MetalTale.com","og_description":"Mudel QZ.YG-011-CZ Kaasaegne kollektsioon K\u00f5rgus (cm) 15 Laius (cm) 20 Koguprojektsioon (cm) 19 Materjal Roostevaba teras V\u00e4rv Must Viimistlus Matte","og_url":"https:\/\/metaltale.com\/et\/toode\/seinale-paigaldatav-vannitoasegisti-must-akron\/","og_site_name":"MetalTale.com","twitter_card":"summary_large_image","twitter_misc":{"Est. reading time":"1 minut"},"schema":{"@context":"https:\/\/schema.org","@graph":[{"@type":"WebPage","@id":"https:\/\/metaltale.com\/et\/toode\/seinale-paigaldatav-vannitoasegisti-must-akron\/","url":"https:\/\/metaltale.com\/et\/toode\/seinale-paigaldatav-vannitoasegisti-must-akron\/","name":"Seinale paigaldatav vannitoasegisti, must AKRON - MetalTale.com","isPartOf":{"@id":"https:\/\/metaltale.com\/et\/#website"},"primaryImageOfPage":{"@id":"https:\/\/metaltale.com\/et\/toode\/seinale-paigaldatav-vannitoasegisti-must-akron\/#primaryimage"},"image":{"@id":"https:\/\/metaltale.com\/et\/toode\/seinale-paigaldatav-vannitoasegisti-must-akron\/#primaryimage"},"thumbnailUrl":"https:\/\/metaltale.com\/wp-content\/uploads\/2023\/11\/Vonios-maix161ytuvai-7.jpg","datePublished":"2024-02-13T13:27:04+00:00","breadcrumb":{"@id":"https:\/\/metaltale.com\/et\/toode\/seinale-paigaldatav-vannitoasegisti-must-akron\/#breadcrumb"},"inLanguage":"et","potentialAction":[{"@type":"ReadAction","target":["https:\/\/metaltale.com\/et\/toode\/seinale-paigaldatav-vannitoasegisti-must-akron\/"]}]},{"@type":"ImageObject","inLanguage":"et","@id":"https:\/\/metaltale.com\/et\/toode\/seinale-paigaldatav-vannitoasegisti-must-akron\/#primaryimage","url":"https:\/\/metaltale.com\/wp-content\/uploads\/2023\/11\/Vonios-maix161ytuvai-7.jpg","contentUrl":"https:\/\/metaltale.com\/wp-content\/uploads\/2023\/11\/Vonios-maix161ytuvai-7.jpg","width":800,"height":800},{"@type":"BreadcrumbList","@id":"https:\/\/metaltale.com\/et\/toode\/seinale-paigaldatav-vannitoasegisti-must-akron\/#breadcrumb","itemListElement":[{"@type":"ListItem","position":1,"name":"Home","item":"https:\/\/metaltale.com\/et\/kodu\/"},{"@type":"ListItem","position":2,"name":"Kauplus","item":"https:\/\/metaltale.com\/et\/shop\/"},{"@type":"ListItem","position":3,"name":"Seinale paigaldatav vannitoasegisti, must AKRON"}]},{"@type":"WebSite","@id":"https:\/\/metaltale.com\/et\/#website","url":"https:\/\/metaltale.com\/et\/","name":"Metaltale.com","description":"","potentialAction":[{"@type":"SearchAction","target":{"@type":"EntryPoint","urlTemplate":"https:\/\/metaltale.com\/et\/?s={search_term_string}"},"query-input":{"@type":"PropertyValueSpecification","valueRequired":true,"valueName":"search_term_string"}}],"inLanguage":"et"}]}},"_links":{"self":[{"href":"https:\/\/metaltale.com\/et\/wp-json\/wp\/v2\/product\/133150","targetHints":{"allow":["GET"]}}],"collection":[{"href":"https:\/\/metaltale.com\/et\/wp-json\/wp\/v2\/product"}],"about":[{"href":"https:\/\/metaltale.com\/et\/wp-json\/wp\/v2\/types\/product"}],"replies":[{"embeddable":true,"href":"https:\/\/metaltale.com\/et\/wp-json\/wp\/v2\/comments?post=133150"}],"version-history":[{"count":0,"href":"https:\/\/metaltale.com\/et\/wp-json\/wp\/v2\/product\/133150\/revisions"}],"wp:featuredmedia":[{"embeddable":true,"href":"https:\/\/metaltale.com\/et\/wp-json\/wp\/v2\/media\/98934"}],"wp:attachment":[{"href":"https:\/\/metaltale.com\/et\/wp-json\/wp\/v2\/media?parent=133150"}],"wp:term":[{"taxonomy":"product_brand","embeddable":true,"href":"https:\/\/metaltale.com\/et\/wp-json\/wp\/v2\/product_brand?post=133150"},{"taxonomy":"product_cat","embeddable":true,"href":"https:\/\/metaltale.com\/et\/wp-json\/wp\/v2\/product_cat?post=133150"},{"taxonomy":"product_tag","embeddable":true,"href":"https:\/\/metaltale.com\/et\/wp-json\/wp\/v2\/product_tag?post=133150"}],"curies":[{"name":"wp","href":"https:\/\/api.w.org\/{rel}","templated":true}]}}