{"id":133120,"date":"2024-02-13T15:27:04","date_gmt":"2024-02-13T13:27:04","guid":{"rendered":"https:\/\/metaltale.com\/produktas\/statsionaarne-koogisegisti-copper-1-roosakas-kuldne\/"},"modified":"2024-02-13T15:27:04","modified_gmt":"2024-02-13T13:27:04","slug":"statsionaarne-koogisegisti-copper-1-roosakas-kuldne","status":"publish","type":"product","link":"https:\/\/metaltale.com\/et\/toode\/statsionaarne-koogisegisti-copper-1-roosakas-kuldne\/","title":{"rendered":"Statsionaarne k\u00f6\u00f6gisegisti COPPER 1, roosakas kuldne"},"content":{"rendered":"<div class=\"prod_data\">\n<p><strong>Mudel<\/strong> WX.DXT1<br \/>\nVase <strong>kollektsioon<\/strong><br \/>\n<strong>EAN.<\/strong>  5905369900136<br \/>\n<strong>V\u00e4ljalaskeava pikkus (cm<\/strong> ) 18<br \/>\n<strong>Materjal<\/strong> Messing<br \/>\n<strong>Paigaldusava l\u00e4bim\u00f5\u00f5t<\/strong> 3,2<br \/>\n<strong>\u00dcldine k\u00f5rgus (cm)<\/strong> 29<br \/>\n<strong>Perlator (\u00f5hutaja)<\/strong> Jah<br \/>\n<strong>P\u00f6\u00f6rlev v\u00e4ljalaskeava<\/strong> Jah<br \/>\n<strong>V\u00e4rv<\/strong> Roosa kuld<br \/>\n<strong>Viimistlus<\/strong> l\u00e4ikiv<br \/>\n<strong>Lisateave<\/strong> Voolik M8x3\/8&#8243; kraani pikkuseks 50cm<\/p>\n<p>&#8211; messingist seisev segisti<br \/>\n&#8211; P\u00f6\u00f6rlev nina<br \/>\n&#8211; keraamiline pea &#8211; element, mis tagab vee n\u00f5uetekohase jaotumise<br \/>\n&#8211; Aerator &#8211; \u00f5hutaja, mis v\u00e4hendab veekulu<br \/>\n&#8211; \u00fcks reguleerimisnupp veevoolu ja temperatuuri reguleerimiseks (k\u00fclmast sooja, noolega n\u00e4idatud suunas).<br \/>\n&#8211; k\u00f5ik paigaldamiseks vajalikud komponendid (voolikud, lauakruvi, kruvitihendid)<br \/>\n&#8211; lihtne hooldus &#8211; soe vesi ja PH neutraalne seep<\/p>\n<hr>\n<p dir=\"ltr\">Ainulaadne roosa h\u00f5bedane k\u00f5rge k\u00f6\u00f6gisegisti on pilkup\u00fc\u00fcdev igas interj\u00f6\u00f6ris. Satiinne, antiikviimistlus ja n\u00e4htavad pintslij\u00e4ljed pinnal r\u00f5hutavad retrostiili, mis kajastub ka segisti vormis. Profiilne joatoru ja mugav veejuhtimisnupp tagavad suure kasutusmugavuse. Messingist kraanid on \u00e4\u00e4rmiselt vastupidavad ja vastupidavad kahjustustele, mis koos keraamilise peaga viitab keskmisest k\u00f5rgemale kvaliteedile. Vabalt seisva valamusegisti antiikne iseloom sobib suurep\u00e4raselt vintage- ja rustikaalsesse interj\u00f6\u00f6ri ning sobivate tarvikutega ka loft-stiili.<\/p>\n<hr>\n<\/div>\n","protected":false},"excerpt":{"rendered":"<p>Mudel WX.DXT1 Vase kollektsioon EAN. 5905369900136 V\u00e4ljalaskeava pikkus (cm ) 18 Materjal Messing Paigaldusava l\u00e4bim\u00f5\u00f5t 3,2 \u00dcldine k\u00f5rgus (cm) 29<\/p>\n","protected":false},"featured_media":97146,"comment_status":"open","ping_status":"closed","template":"","meta":{"_acf_changed":false,"pmpro_default_level":""},"product_brand":[],"product_cat":[24178,24179],"product_tag":[],"class_list":{"0":"post-133120","1":"product","2":"type-product","3":"status-publish","4":"has-post-thumbnail","6":"product_cat-koogisegistid","7":"product_cat-vabalt-seisvad-koogisegistid","8":"pmpro-has-access","10":"first","11":"instock","12":"shipping-taxable","13":"purchasable","14":"product-type-simple"},"acf":[],"yoast_head":"<!-- This site is optimized with the Yoast SEO plugin v24.9 - https:\/\/yoast.com\/wordpress\/plugins\/seo\/ -->\n<title>Statsionaarne k\u00f6\u00f6gisegisti COPPER 1, roosakas kuldne - MetalTale.com<\/title>\n<meta name=\"robots\" content=\"index, follow, max-snippet:-1, max-image-preview:large, max-video-preview:-1\" \/>\n<link rel=\"canonical\" href=\"https:\/\/metaltale.com\/et\/toode\/statsionaarne-koogisegisti-copper-1-roosakas-kuldne\/\" \/>\n<meta property=\"og:locale\" content=\"et_EE\" \/>\n<meta property=\"og:type\" content=\"article\" \/>\n<meta property=\"og:title\" content=\"Statsionaarne k\u00f6\u00f6gisegisti COPPER 1, roosakas kuldne - MetalTale.com\" \/>\n<meta property=\"og:description\" content=\"Mudel WX.DXT1 Vase kollektsioon EAN. 5905369900136 V\u00e4ljalaskeava pikkus (cm ) 18 Materjal Messing Paigaldusava l\u00e4bim\u00f5\u00f5t 3,2 \u00dcldine k\u00f5rgus (cm) 29\" \/>\n<meta property=\"og:url\" content=\"https:\/\/metaltale.com\/et\/toode\/statsionaarne-koogisegisti-copper-1-roosakas-kuldne\/\" \/>\n<meta property=\"og:site_name\" content=\"MetalTale.com\" \/>\n<meta property=\"og:image\" content=\"https:\/\/metaltale.com\/wp-content\/uploads\/2023\/11\/Laisvai-pastatomi-virtuviniai-maix161ytuvai-1.jpg\" \/>\n\t<meta property=\"og:image:width\" content=\"800\" \/>\n\t<meta property=\"og:image:height\" content=\"800\" \/>\n\t<meta property=\"og:image:type\" content=\"image\/jpeg\" \/>\n<meta name=\"twitter:card\" content=\"summary_large_image\" \/>\n<meta name=\"twitter:label1\" content=\"Est. reading time\" \/>\n\t<meta name=\"twitter:data1\" content=\"1 minut\" \/>\n<script type=\"application\/ld+json\" class=\"yoast-schema-graph\">{\"@context\":\"https:\/\/schema.org\",\"@graph\":[{\"@type\":\"WebPage\",\"@id\":\"https:\/\/metaltale.com\/et\/toode\/statsionaarne-koogisegisti-copper-1-roosakas-kuldne\/\",\"url\":\"https:\/\/metaltale.com\/et\/toode\/statsionaarne-koogisegisti-copper-1-roosakas-kuldne\/\",\"name\":\"Statsionaarne k\u00f6\u00f6gisegisti COPPER 1, roosakas kuldne - MetalTale.com\",\"isPartOf\":{\"@id\":\"https:\/\/metaltale.com\/et\/#website\"},\"primaryImageOfPage\":{\"@id\":\"https:\/\/metaltale.com\/et\/toode\/statsionaarne-koogisegisti-copper-1-roosakas-kuldne\/#primaryimage\"},\"image\":{\"@id\":\"https:\/\/metaltale.com\/et\/toode\/statsionaarne-koogisegisti-copper-1-roosakas-kuldne\/#primaryimage\"},\"thumbnailUrl\":\"https:\/\/metaltale.com\/wp-content\/uploads\/2023\/11\/Laisvai-pastatomi-virtuviniai-maix161ytuvai-1.jpg\",\"datePublished\":\"2024-02-13T13:27:04+00:00\",\"breadcrumb\":{\"@id\":\"https:\/\/metaltale.com\/et\/toode\/statsionaarne-koogisegisti-copper-1-roosakas-kuldne\/#breadcrumb\"},\"inLanguage\":\"et\",\"potentialAction\":[{\"@type\":\"ReadAction\",\"target\":[\"https:\/\/metaltale.com\/et\/toode\/statsionaarne-koogisegisti-copper-1-roosakas-kuldne\/\"]}]},{\"@type\":\"ImageObject\",\"inLanguage\":\"et\",\"@id\":\"https:\/\/metaltale.com\/et\/toode\/statsionaarne-koogisegisti-copper-1-roosakas-kuldne\/#primaryimage\",\"url\":\"https:\/\/metaltale.com\/wp-content\/uploads\/2023\/11\/Laisvai-pastatomi-virtuviniai-maix161ytuvai-1.jpg\",\"contentUrl\":\"https:\/\/metaltale.com\/wp-content\/uploads\/2023\/11\/Laisvai-pastatomi-virtuviniai-maix161ytuvai-1.jpg\",\"width\":800,\"height\":800,\"caption\":\"Statsionaarne k\u00f6\u00f6gisegisti COPPER 1, roosakas kuldne\"},{\"@type\":\"BreadcrumbList\",\"@id\":\"https:\/\/metaltale.com\/et\/toode\/statsionaarne-koogisegisti-copper-1-roosakas-kuldne\/#breadcrumb\",\"itemListElement\":[{\"@type\":\"ListItem\",\"position\":1,\"name\":\"Home\",\"item\":\"https:\/\/metaltale.com\/et\/kodu\/\"},{\"@type\":\"ListItem\",\"position\":2,\"name\":\"Kauplus\",\"item\":\"https:\/\/metaltale.com\/et\/shop\/\"},{\"@type\":\"ListItem\",\"position\":3,\"name\":\"Statsionaarne k\u00f6\u00f6gisegisti COPPER 1, roosakas kuldne\"}]},{\"@type\":\"WebSite\",\"@id\":\"https:\/\/metaltale.com\/et\/#website\",\"url\":\"https:\/\/metaltale.com\/et\/\",\"name\":\"Metaltale.com\",\"description\":\"\",\"potentialAction\":[{\"@type\":\"SearchAction\",\"target\":{\"@type\":\"EntryPoint\",\"urlTemplate\":\"https:\/\/metaltale.com\/et\/?s={search_term_string}\"},\"query-input\":{\"@type\":\"PropertyValueSpecification\",\"valueRequired\":true,\"valueName\":\"search_term_string\"}}],\"inLanguage\":\"et\"}]}<\/script>\n<!-- \/ Yoast SEO plugin. -->","yoast_head_json":{"title":"Statsionaarne k\u00f6\u00f6gisegisti COPPER 1, roosakas kuldne - MetalTale.com","robots":{"index":"index","follow":"follow","max-snippet":"max-snippet:-1","max-image-preview":"max-image-preview:large","max-video-preview":"max-video-preview:-1"},"canonical":"https:\/\/metaltale.com\/et\/toode\/statsionaarne-koogisegisti-copper-1-roosakas-kuldne\/","og_locale":"et_EE","og_type":"article","og_title":"Statsionaarne k\u00f6\u00f6gisegisti COPPER 1, roosakas kuldne - MetalTale.com","og_description":"Mudel WX.DXT1 Vase kollektsioon EAN. 5905369900136 V\u00e4ljalaskeava pikkus (cm ) 18 Materjal Messing Paigaldusava l\u00e4bim\u00f5\u00f5t 3,2 \u00dcldine k\u00f5rgus (cm) 29","og_url":"https:\/\/metaltale.com\/et\/toode\/statsionaarne-koogisegisti-copper-1-roosakas-kuldne\/","og_site_name":"MetalTale.com","og_image":[{"width":800,"height":800,"url":"https:\/\/metaltale.com\/wp-content\/uploads\/2023\/11\/Laisvai-pastatomi-virtuviniai-maix161ytuvai-1.jpg","type":"image\/jpeg"}],"twitter_card":"summary_large_image","twitter_misc":{"Est. reading time":"1 minut"},"schema":{"@context":"https:\/\/schema.org","@graph":[{"@type":"WebPage","@id":"https:\/\/metaltale.com\/et\/toode\/statsionaarne-koogisegisti-copper-1-roosakas-kuldne\/","url":"https:\/\/metaltale.com\/et\/toode\/statsionaarne-koogisegisti-copper-1-roosakas-kuldne\/","name":"Statsionaarne k\u00f6\u00f6gisegisti COPPER 1, roosakas kuldne - MetalTale.com","isPartOf":{"@id":"https:\/\/metaltale.com\/et\/#website"},"primaryImageOfPage":{"@id":"https:\/\/metaltale.com\/et\/toode\/statsionaarne-koogisegisti-copper-1-roosakas-kuldne\/#primaryimage"},"image":{"@id":"https:\/\/metaltale.com\/et\/toode\/statsionaarne-koogisegisti-copper-1-roosakas-kuldne\/#primaryimage"},"thumbnailUrl":"https:\/\/metaltale.com\/wp-content\/uploads\/2023\/11\/Laisvai-pastatomi-virtuviniai-maix161ytuvai-1.jpg","datePublished":"2024-02-13T13:27:04+00:00","breadcrumb":{"@id":"https:\/\/metaltale.com\/et\/toode\/statsionaarne-koogisegisti-copper-1-roosakas-kuldne\/#breadcrumb"},"inLanguage":"et","potentialAction":[{"@type":"ReadAction","target":["https:\/\/metaltale.com\/et\/toode\/statsionaarne-koogisegisti-copper-1-roosakas-kuldne\/"]}]},{"@type":"ImageObject","inLanguage":"et","@id":"https:\/\/metaltale.com\/et\/toode\/statsionaarne-koogisegisti-copper-1-roosakas-kuldne\/#primaryimage","url":"https:\/\/metaltale.com\/wp-content\/uploads\/2023\/11\/Laisvai-pastatomi-virtuviniai-maix161ytuvai-1.jpg","contentUrl":"https:\/\/metaltale.com\/wp-content\/uploads\/2023\/11\/Laisvai-pastatomi-virtuviniai-maix161ytuvai-1.jpg","width":800,"height":800,"caption":"Statsionaarne k\u00f6\u00f6gisegisti COPPER 1, roosakas kuldne"},{"@type":"BreadcrumbList","@id":"https:\/\/metaltale.com\/et\/toode\/statsionaarne-koogisegisti-copper-1-roosakas-kuldne\/#breadcrumb","itemListElement":[{"@type":"ListItem","position":1,"name":"Home","item":"https:\/\/metaltale.com\/et\/kodu\/"},{"@type":"ListItem","position":2,"name":"Kauplus","item":"https:\/\/metaltale.com\/et\/shop\/"},{"@type":"ListItem","position":3,"name":"Statsionaarne k\u00f6\u00f6gisegisti COPPER 1, roosakas kuldne"}]},{"@type":"WebSite","@id":"https:\/\/metaltale.com\/et\/#website","url":"https:\/\/metaltale.com\/et\/","name":"Metaltale.com","description":"","potentialAction":[{"@type":"SearchAction","target":{"@type":"EntryPoint","urlTemplate":"https:\/\/metaltale.com\/et\/?s={search_term_string}"},"query-input":{"@type":"PropertyValueSpecification","valueRequired":true,"valueName":"search_term_string"}}],"inLanguage":"et"}]}},"_links":{"self":[{"href":"https:\/\/metaltale.com\/et\/wp-json\/wp\/v2\/product\/133120","targetHints":{"allow":["GET"]}}],"collection":[{"href":"https:\/\/metaltale.com\/et\/wp-json\/wp\/v2\/product"}],"about":[{"href":"https:\/\/metaltale.com\/et\/wp-json\/wp\/v2\/types\/product"}],"replies":[{"embeddable":true,"href":"https:\/\/metaltale.com\/et\/wp-json\/wp\/v2\/comments?post=133120"}],"version-history":[{"count":0,"href":"https:\/\/metaltale.com\/et\/wp-json\/wp\/v2\/product\/133120\/revisions"}],"wp:featuredmedia":[{"embeddable":true,"href":"https:\/\/metaltale.com\/et\/wp-json\/wp\/v2\/media\/97146"}],"wp:attachment":[{"href":"https:\/\/metaltale.com\/et\/wp-json\/wp\/v2\/media?parent=133120"}],"wp:term":[{"taxonomy":"product_brand","embeddable":true,"href":"https:\/\/metaltale.com\/et\/wp-json\/wp\/v2\/product_brand?post=133120"},{"taxonomy":"product_cat","embeddable":true,"href":"https:\/\/metaltale.com\/et\/wp-json\/wp\/v2\/product_cat?post=133120"},{"taxonomy":"product_tag","embeddable":true,"href":"https:\/\/metaltale.com\/et\/wp-json\/wp\/v2\/product_tag?post=133120"}],"curies":[{"name":"wp","href":"https:\/\/api.w.org\/{rel}","templated":true}]}}